{"id":16330,"date":"2021-03-17T01:34:29","date_gmt":"2021-03-17T01:34:29","guid":{"rendered":"https:\/\/sgh.alanya.work\/?page_id=16330"},"modified":"2021-03-17T01:34:31","modified_gmt":"2021-03-17T01:34:31","slug":"bolgemizden-ev-satin-almak-icin-firsatlar","status":"publish","type":"page","link":"https:\/\/www.scangrouphomes.com\/tr\/bolgemizden-ev-satin-almak-icin-firsatlar\/","title":{"rendered":"B\u00f6lgemizden ev sat\u0131n almak i\u00e7in nedenler"},"content":{"rendered":"<p>[vc_row][vc_column][vc_column_text]<\/p>\n<p>Turizmin ba\u015fkenti Antalya ve yak\u0131n b\u00f6lgeler, turizmde yakalad\u0131\u011f\u0131 ba\u015far\u0131y\u0131 gayrimenkul sekt\u00f6r\u00fcne de yans\u0131t\u0131yor. Kentte emlak fiyatlar\u0131 ge\u00e7ti\u011fimiz y\u0131la oranla y\u00fczde 20&#8217;ler seviyesinde artarken piyasada durgunluk ya\u015fanmaya ba\u015flam\u0131\u015ft\u0131r. \u00d6n\u00fcm\u00fczdeki d\u00f6nemde fiyat art\u0131\u015f\u0131n\u0131n devam etmesi beklenen bu b\u00f6lgelere, insanlar yo\u011fun ilgi beslemektedir.<\/p>\n<p>Akdeniz B\u00f6lgesi&#8217;nin en h\u0131zl\u0131 b\u00fcy\u00fcyen kentlerinin ba\u015f\u0131nda yer alan Antalya, turizminin ba\u015fkenti olarak da adland\u0131r\u0131l\u0131yor. Bir milyonu a\u015fan n\u00fcfusu ile T\u00fcrkiye&#8217;nin \u00e7e\u015fitli kentlerinden ciddi bir g\u00f6\u00e7 almaya ba\u015flam\u0131\u015ft\u0131r. Kentin n\u00fcfusu 1 milyonu a\u015farken son 5 y\u0131lda kentteki arazi fiyatlar\u0131 da ciddi oranda art\u0131\u015f g\u00f6stermi\u015ftir. \u00d6rne\u011fin bundan 5 y\u0131l \u00f6ncesinde bin m2&#8217;lik bir arsa 150-180 bin TL aras\u0131nda fiyatlardan sat\u0131l\u0131rken \u015fu anda 1.5 milyon TL&#8217;lere sat\u0131lmaktad\u0131r.<\/p>\n<p>B\u00f6lgemizden ev sat\u0131n almak i\u00e7in nedenler<\/p>\n<ul>\n<li>Ekonomik, demografik ve sosyal \u00f6zellikleri itibari ile T\u00fcrkiye&#8217;nin en geli\u015fmi\u015f il\u00e7eleri burada bulunmakta<\/li>\n<li>Akdeniz&#8217;in d\u00fcnyaca \u00fcnl\u00fc Lara ve Konyaalt\u0131 plajlar\u0131n\u0131n Antalya B\u00fcy\u00fck\u015fehir Belediyesini i\u00e7erisinde bulunmas\u0131<\/li>\n<li>Tarih \u00f6ncesine dayanan do\u011fal ma\u011faralar\u0131, Antik\u00e7a\u011f, Bizans, Sel\u00e7uklu ve Osmanl\u0131 Devri kent kal\u0131nt\u0131lar\u0131 ve sanat eserlerinin bulunmas\u0131<\/li>\n<li>Y\u0131l\u0131n 12 ay\u0131n\u0131n turizm faaliyetlerine a\u00e7\u0131k olmas\u0131<\/li>\n<li>Antalya Havaliman\u0131n\u0131n, yurti\u00e7i ve yurtd\u0131\u015f\u0131 u\u00e7aklar\u0131n ini\u015fkalk\u0131\u015f\u0131na uygun bir piste ve konfora sahip olmas\u0131<\/li>\n<li>Antalya&#8217;da B\u00fcy\u00fck Liman&#8217;\u0131n bulunmas\u0131<\/li>\n<li>\u00dcst \u00f6l\u00e7ekten uygulama \u00f6l\u00e7e\u011fine kadar imar planlar\u0131n\u0131n bulunmas\u0131<\/li>\n<li>Uluslararas\u0131 tan\u0131n\u0131rl\u0131\u011f\u0131 olan turizm b\u00f6lgesi olmas\u0131<\/li>\n<li>Do\u011fal, tarihi ve k\u00fclt\u00fcrel zenginlikler<\/li>\n<li>B\u00f6lge genelinde Da\u011f Turizmi, Av Turizmi, Kongre Turizmi, Yat Turizmi, Golf Turizmi, Gen\u00e7lik ve \u00d6\u011frenci Turizmi, \u0130nan\u00e7 Turizmi, Rafting ve Futbol Turizmi potansiyelinin olmas\u0131<\/li>\n<li>Yakla\u015f\u0131k 400.000 yatak kapasitesi ile T\u00fcrkiye&#8217;nin turizm ba\u015fkenti Antalya \u015fehrini i\u00e7inde bar\u0131nd\u0131rmas\u0131<\/li>\n<li>Yat liman\u0131, uluslararas\u0131 deniz ve hava limanlar\u0131n\u0131n varl\u0131\u011f\u0131<\/li>\n<li>Turizm \u00e7e\u015fitlili\u011fi<\/li>\n<li>Kozmopolit-sosyok\u00fclt\u00fcrel renklilik<\/li>\n<li>Alt\u0131n Portakal Film Festivali&#8217;nin her y\u0131l Antalya ilinde d\u00fczenleniyor olmas\u0131<\/li>\n<\/ul>\n<p>&nbsp;<\/p>\n<p>[\/vc_column_text][\/vc_column][\/vc_row][vc_row][vc_column][vc_separator color=&#8221;orange&#8221; style=&#8221;shadow&#8221; border_width=&#8221;3&#8243;][\/vc_column][\/vc_row][vc_row][vc_column]\n<div class=\"wpcf7 no-js\" id=\"wpcf7-f14712-o1\" lang=\"en-US\" dir=\"ltr\">\n<div class=\"screen-reader-response\"><p role=\"status\" aria-live=\"polite\" aria-atomic=\"true\"><\/p> <ul><\/ul><\/div>\n<form action=\"\/tr\/wp-json\/wp\/v2\/pages\/16330#wpcf7-f14712-o1\" method=\"post\" class=\"wpcf7-form init\" aria-label=\"Contact form\" novalidate=\"novalidate\" data-status=\"init\">\n<div style=\"display: none;\">\n<input type=\"hidden\" name=\"_wpcf7\" value=\"14712\" \/>\n<input type=\"hidden\" name=\"_wpcf7_version\" value=\"5.8\" \/>\n<input type=\"hidden\" name=\"_wpcf7_locale\" value=\"en_US\" \/>\n<input type=\"hidden\" name=\"_wpcf7_unit_tag\" value=\"wpcf7-f14712-o1\" \/>\n<input type=\"hidden\" name=\"_wpcf7_container_post\" value=\"0\" \/>\n<input type=\"hidden\" name=\"_wpcf7_posted_data_hash\" value=\"\" \/>\n<input type=\"hidden\" name=\"_wpcf7_recaptcha_response\" value=\"\" \/>\n<\/div>\n<div class=\"form-group\">\n\t<p><label class=\"required\" for=\"yourName\">Your Name<\/label><br \/>\n<span class=\"wpcf7-form-control-wrap\" data-name=\"your-name\"><input size=\"40\" class=\"wpcf7-form-control wpcf7-text wpcf7-validates-as-required form-control\" aria-required=\"true\" aria-invalid=\"false\" value=\"\" type=\"text\" name=\"your-name\" \/><\/span>\n\t<\/p>\n<\/div>\n<div class=\"form-group\">\n\t<p><label class=\"required\" for=\"yourEmail\">Your Email<\/label><br \/>\n<span class=\"wpcf7-form-control-wrap\" data-name=\"your-email\"><input size=\"40\" class=\"wpcf7-form-control wpcf7-email wpcf7-validates-as-required wpcf7-text wpcf7-validates-as-email form-control\" aria-required=\"true\" aria-invalid=\"false\" value=\"\" type=\"email\" name=\"your-email\" \/><\/span>\n\t<\/p>\n<\/div>\n<div class=\"form-group\">\n\t<p><label class=\"required\" for=\"yourPhone\">Your Phone <\/label><br \/>\n<span class=\"wpcf7-form-control-wrap\" data-name=\"tel-179\"><input size=\"40\" class=\"wpcf7-form-control wpcf7-tel wpcf7-validates-as-required wpcf7-text wpcf7-validates-as-tel form-control\" aria-required=\"true\" aria-invalid=\"false\" value=\"\" type=\"tel\" name=\"tel-179\" \/><\/span>\n\t<\/p>\n<\/div>\n<div class=\"form-group\">\n\t<p><label class=\"required\" for=\"yourSubject\">Subject <\/label><br \/>\n<span class=\"wpcf7-form-control-wrap\" data-name=\"your-subject\"><input size=\"40\" class=\"wpcf7-form-control wpcf7-text wpcf7-validates-as-required form-control\" aria-required=\"true\" aria-invalid=\"false\" value=\"\" type=\"text\" name=\"your-subject\" \/><\/span>\n\t<\/p>\n<\/div>\n\n<div class=\"form-group\">\n\t<p><label class=\"required\" for=\"yourMessage\">Your Message <\/label><br \/>\n<span class=\"wpcf7-form-control-wrap\" data-name=\"your-message\"><textarea cols=\"40\" rows=\"10\" class=\"wpcf7-form-control wpcf7-textarea wpcf7-validates-as-required form-control\" aria-required=\"true\" aria-invalid=\"false\" name=\"your-message\"><\/textarea><\/span>\n\t<\/p>\n<\/div>\n\n<div class=\"form-group\">\n\t<p><input class=\"wpcf7-form-control wpcf7-submit has-spinner btn btn-primary btn-lg\" type=\"submit\" value=\"Send\" \/>\n\t<\/p>\n<\/div><p style=\"display: none !important;\"><label>&#916;<textarea name=\"_wpcf7_ak_hp_textarea\" cols=\"45\" rows=\"8\" maxlength=\"100\"><\/textarea><\/label><input type=\"hidden\" id=\"ak_js_1\" name=\"_wpcf7_ak_js\" value=\"41\"\/><script>document.getElementById( \"ak_js_1\" ).setAttribute( \"value\", ( new Date() ).getTime() );<\/script><\/p><div class=\"wpcf7-response-output\" aria-hidden=\"true\"><\/div>\n<\/form>\n<\/div>\n[\/vc_column][\/vc_row][vc_row][vc_column][vc_separator color=&#8221;orange&#8221; style=&#8221;shadow&#8221; border_width=&#8221;3&#8243;]\n        <!--start agents module-->\n        \n            \n        <script type=\"text\/javascript\">\n            jQuery(document).ready(function($){\n                if($(\"#agents-carousel-yRIgJ\").length > 0){\n                    var owlAgents = $('#agents-carousel-yRIgJ');\n                    owlAgents.owlCarousel({\n                        rtl: false,\n                        loop: true,\n                        dots: false,\n                        slideBy: 1,\n                        autoplay: true,\n                        autoplaySpeed: 700,\n                        nav: false,\n                        responsive:{\n                            0: {\n                                items: 1\n                            },\n                            320: {\n                                items: 1\n                            },\n                            480: {\n                                items: 1\n                            },\n                            768: {\n                                items: 2\n                            },\n                            1000: {\n                                items: 3\n                            },\n                            1280: {\n                                items: 4\n                            }\n                        }\n                    });\n\n                    $('.btn-prev-agents').on('click',function() {\n                        owlAgents.trigger('prev.owl.carousel',[700])\n                    });\n                    $('.btn-next-agents').on('click',function() {\n                        owlAgents.trigger('next.owl.carousel',[700])\n                    });\n\n                }\n            });\n        <\/script>\n\n        <div id=\"agents-carousel-module\" class=\"houzez-module agents-carousel-module\">\n            <div class=\"row\">\n                <div class=\"col-sm-12\">\n                    <div class=\"module-title-nav clearfix\">\n\n                        \n                        <div class=\"module-nav\">\n                            <button\n                                class=\"btn btn-carousel btn-sm btn-prev-agents\">Prev<\/button>\n                            <button\n                                class=\"btn btn-carousel btn-sm btn-next-agents\">Next<\/button>\n                        <\/div>\n                    <\/div>\n                <\/div>\n                <div class=\"col-sm-12\">\n                    <div id=\"agents-carousel-yRIgJ\" class=\"agents-carousel slide-animated owl-carousel owl-theme\">\n\n                                                    <div class=\"item\">\n                                <div class=\"agents-block\">\n                                    <figure class=\"auther-thumb\">\n                                        <a href=\"https:\/\/www.scangrouphomes.com\/tr\/agent\/mahmut-kaya\/\"\n                                           class=\"view\">\n                                        <img src=\"https:\/\/i0.wp.com\/www.scangrouphomes.com\/wp-content\/uploads\/2016\/02\/mahmut-kaya-640.jpg?resize=350%2C350&#038;ssl=1\" class=\"img-circle\" width=\"150\"\n                                             height=\"150\" alt=\"Mahmut Kaya\">\n                                        <\/a>\n                                    <\/figure>\n\n                                        <div class=\"web-logo text-center\">\n                                                                                <\/div>\n\n                                    <div class=\"block-body\">\n                                        <p class=\"auther-info\">\n                                            <span class=\"blue\">Mahmut Kaya<\/span>\n                                            <span>Founder &amp; Ceo                                                                                            , Scangrouphomes<\/span>\n                                                                                    <\/p>\n\n                                        <p class=\"description\"><\/p>\n                                        <a href=\"https:\/\/www.scangrouphomes.com\/tr\/agent\/mahmut-kaya\/\"\n                                           class=\"view\">View Profile<\/a>\n                                    <\/div>\n                                <\/div>\n                            <\/div>\n                                                    <div class=\"item\">\n                                <div class=\"agents-block\">\n                                    <figure class=\"auther-thumb\">\n                                        <a href=\"https:\/\/www.scangrouphomes.com\/tr\/agent\/tugba-kaya\/\"\n                                           class=\"view\">\n                                        <img src=\"https:\/\/i0.wp.com\/www.scangrouphomes.com\/wp-content\/uploads\/2021\/04\/tugba-kaya-640.jpg?resize=350%2C350&#038;ssl=1\" class=\"img-circle\" width=\"150\"\n                                             height=\"150\" alt=\"Tu\u011fba Kaya\">\n                                        <\/a>\n                                    <\/figure>\n\n                                        <div class=\"web-logo text-center\">\n                                                                                <\/div>\n\n                                    <div class=\"block-body\">\n                                        <p class=\"auther-info\">\n                                            <span class=\"blue\">Tu\u011fba Kaya<\/span>\n                                            <span>Office Manager                                                                                            , Scangrouphomes<\/span>\n                                                                                    <\/p>\n\n                                        <p class=\"description\"><\/p>\n                                        <a href=\"https:\/\/www.scangrouphomes.com\/tr\/agent\/tugba-kaya\/\"\n                                           class=\"view\">View Profile<\/a>\n                                    <\/div>\n                                <\/div>\n                            <\/div>\n                                                \n                    <\/div>\n                <\/div>\n            <\/div>\n        <\/div>\n\n            <!--end post agents module-->\n\n\n        [\/vc_column][\/vc_row][vc_row full_width=&#8221;stretch_row_content_no_spaces&#8221;][vc_column][vc_gmaps link=&#8221;#E-8_JTNDaWZyYW1lJTIwc3JjJTNEJTIyaHR0cHMlM0ElMkYlMkZ3d3cuZ29vZ2xlLmNvbSUyRm1hcHMlMkZlbWJlZCUzRnBiJTNEJTIxMW0xNCUyMTFtOCUyMTFtMyUyMTFkMTI4MjEuOTUxMjM2MjY4MTE2JTIxMmQzMi4wMjkwNTAyJTIxM2QzNi41NDIzNDk0JTIxM20yJTIxMWkxMDI0JTIxMmk3NjglMjE0ZjEzLjElMjEzbTMlMjExbTIlMjExczB4MCUyNTNBMHgzZTNhYzc1YzVlZDE2NGUwJTIxMnNTY2FuZ3JvdXAlMjUyMEhvbWVzJTIxNWUwJTIxM20yJTIxMXN0ciUyMTJzdHIlMjE0djE1NzY2NjAzNjczMzQlMjE1bTIlMjExc3RyJTIxMnN0ciUyMiUyMHdpZHRoJTNEJTIyNjAwJTIyJTIwaGVpZ2h0JTNEJTIyNDUwJTIyJTIwZnJhbWVib3JkZXIlM0QlMjIwJTIyJTIwc3R5bGUlM0QlMjJib3JkZXIlM0EwJTNCJTIyJTIwYWxsb3dmdWxsc2NyZWVuJTNEJTIyJTIyJTNFJTNDJTJGaWZyYW1lJTNF&#8221;][\/vc_column][\/vc_row]<\/p>\n","protected":false},"excerpt":{"rendered":"<p>[vc_row][vc_column][vc_column_text] Turizmin ba\u015fkenti Antalya ve yak\u0131n b\u00f6lgeler, turizmde yakalad\u0131\u011f\u0131 ba\u015far\u0131y\u0131 gayrimenkul sekt\u00f6r\u00fcne de yans\u0131t\u0131yor. Kentte emlak fiyatlar\u0131 ge\u00e7ti\u011fimiz y\u0131la oranla y\u00fczde 20&#8217;ler seviyesinde artarken piyasada durgunluk ya\u015fanmaya ba\u015flam\u0131\u015ft\u0131r. \u00d6n\u00fcm\u00fczdeki d\u00f6nemde fiyat art\u0131\u015f\u0131n\u0131n devam etmesi beklenen bu b\u00f6lgelere, insanlar yo\u011fun ilgi beslemektedir. Akdeniz B\u00f6lgesi&#8217;nin en h\u0131zl\u0131 b\u00fcy\u00fcyen kentlerinin ba\u015f\u0131nda yer alan Antalya, turizminin ba\u015fkenti olarak da [&hellip;]<\/p>\n","protected":false},"author":1,"featured_media":0,"parent":0,"menu_order":0,"comment_status":"closed","ping_status":"closed","template":"template\/template-page.php","meta":[],"yoast_head":"<!-- This site is optimized with the Yoast SEO plugin v21.0 - https:\/\/yoast.com\/wordpress\/plugins\/seo\/ -->\n<title>B\u00f6lgemizden ev sat\u0131n almak i\u00e7in nedenler - ScanGroup Homes<\/title>\n<meta name=\"robots\" content=\"index, follow, max-snippet:-1, max-image-preview:large, max-video-preview:-1\" \/>\n<link rel=\"canonical\" href=\"https:\/\/www.scangrouphomes.com\/tr\/bolgemizden-ev-satin-almak-icin-firsatlar\/\" \/>\n<meta property=\"og:locale\" content=\"tr_TR\" \/>\n<meta property=\"og:type\" content=\"article\" \/>\n<meta property=\"og:title\" content=\"B\u00f6lgemizden ev sat\u0131n almak i\u00e7in nedenler - ScanGroup Homes\" \/>\n<meta property=\"og:description\" content=\"[vc_row][vc_column][vc_column_text] Turizmin ba\u015fkenti Antalya ve yak\u0131n b\u00f6lgeler, turizmde yakalad\u0131\u011f\u0131 ba\u015far\u0131y\u0131 gayrimenkul sekt\u00f6r\u00fcne de yans\u0131t\u0131yor. Kentte emlak fiyatlar\u0131 ge\u00e7ti\u011fimiz y\u0131la oranla y\u00fczde 20&#8217;ler seviyesinde artarken piyasada durgunluk ya\u015fanmaya ba\u015flam\u0131\u015ft\u0131r. \u00d6n\u00fcm\u00fczdeki d\u00f6nemde fiyat art\u0131\u015f\u0131n\u0131n devam etmesi beklenen bu b\u00f6lgelere, insanlar yo\u011fun ilgi beslemektedir. Akdeniz B\u00f6lgesi&#8217;nin en h\u0131zl\u0131 b\u00fcy\u00fcyen kentlerinin ba\u015f\u0131nda yer alan Antalya, turizminin ba\u015fkenti olarak da [&hellip;]\" \/>\n<meta property=\"og:url\" content=\"https:\/\/www.scangrouphomes.com\/tr\/bolgemizden-ev-satin-almak-icin-firsatlar\/\" \/>\n<meta property=\"og:site_name\" content=\"ScanGroup Homes\" \/>\n<meta property=\"article:modified_time\" content=\"2021-03-17T01:34:31+00:00\" \/>\n<meta name=\"twitter:card\" content=\"summary_large_image\" \/>\n<meta name=\"twitter:label1\" content=\"Tahmini okuma s\u00fcresi\" \/>\n\t<meta name=\"twitter:data1\" content=\"3 dakika\" \/>\n<script type=\"application\/ld+json\" class=\"yoast-schema-graph\">{\"@context\":\"https:\/\/schema.org\",\"@graph\":[{\"@type\":\"WebPage\",\"@id\":\"https:\/\/www.scangrouphomes.com\/tr\/bolgemizden-ev-satin-almak-icin-firsatlar\/\",\"url\":\"https:\/\/www.scangrouphomes.com\/tr\/bolgemizden-ev-satin-almak-icin-firsatlar\/\",\"name\":\"B\u00f6lgemizden ev sat\u0131n almak i\u00e7in nedenler - ScanGroup Homes\",\"isPartOf\":{\"@id\":\"https:\/\/www.scangrouphomes.com\/tr\/#website\"},\"datePublished\":\"2021-03-17T01:34:29+00:00\",\"dateModified\":\"2021-03-17T01:34:31+00:00\",\"breadcrumb\":{\"@id\":\"https:\/\/www.scangrouphomes.com\/tr\/bolgemizden-ev-satin-almak-icin-firsatlar\/#breadcrumb\"},\"inLanguage\":\"tr\",\"potentialAction\":[{\"@type\":\"ReadAction\",\"target\":[\"https:\/\/www.scangrouphomes.com\/tr\/bolgemizden-ev-satin-almak-icin-firsatlar\/\"]}]},{\"@type\":\"BreadcrumbList\",\"@id\":\"https:\/\/www.scangrouphomes.com\/tr\/bolgemizden-ev-satin-almak-icin-firsatlar\/#breadcrumb\",\"itemListElement\":[{\"@type\":\"ListItem\",\"position\":1,\"name\":\"Home\",\"item\":\"https:\/\/www.scangrouphomes.com\/tr\/\"},{\"@type\":\"ListItem\",\"position\":2,\"name\":\"B\u00f6lgemizden ev sat\u0131n almak i\u00e7in nedenler\"}]},{\"@type\":\"WebSite\",\"@id\":\"https:\/\/www.scangrouphomes.com\/tr\/#website\",\"url\":\"https:\/\/www.scangrouphomes.com\/tr\/\",\"name\":\"ScanGroup Homes\",\"description\":\"Property in Alanya Turkey real estate apartments villas buying property Antalya\",\"potentialAction\":[{\"@type\":\"SearchAction\",\"target\":{\"@type\":\"EntryPoint\",\"urlTemplate\":\"https:\/\/www.scangrouphomes.com\/tr\/?s={search_term_string}\"},\"query-input\":\"required name=search_term_string\"}],\"inLanguage\":\"tr\"}]}<\/script>\n<!-- \/ Yoast SEO plugin. -->","yoast_head_json":{"title":"B\u00f6lgemizden ev sat\u0131n almak i\u00e7in nedenler - ScanGroup Homes","robots":{"index":"index","follow":"follow","max-snippet":"max-snippet:-1","max-image-preview":"max-image-preview:large","max-video-preview":"max-video-preview:-1"},"canonical":"https:\/\/www.scangrouphomes.com\/tr\/bolgemizden-ev-satin-almak-icin-firsatlar\/","og_locale":"tr_TR","og_type":"article","og_title":"B\u00f6lgemizden ev sat\u0131n almak i\u00e7in nedenler - ScanGroup Homes","og_description":"[vc_row][vc_column][vc_column_text] Turizmin ba\u015fkenti Antalya ve yak\u0131n b\u00f6lgeler, turizmde yakalad\u0131\u011f\u0131 ba\u015far\u0131y\u0131 gayrimenkul sekt\u00f6r\u00fcne de yans\u0131t\u0131yor. Kentte emlak fiyatlar\u0131 ge\u00e7ti\u011fimiz y\u0131la oranla y\u00fczde 20&#8217;ler seviyesinde artarken piyasada durgunluk ya\u015fanmaya ba\u015flam\u0131\u015ft\u0131r. \u00d6n\u00fcm\u00fczdeki d\u00f6nemde fiyat art\u0131\u015f\u0131n\u0131n devam etmesi beklenen bu b\u00f6lgelere, insanlar yo\u011fun ilgi beslemektedir. Akdeniz B\u00f6lgesi&#8217;nin en h\u0131zl\u0131 b\u00fcy\u00fcyen kentlerinin ba\u015f\u0131nda yer alan Antalya, turizminin ba\u015fkenti olarak da [&hellip;]","og_url":"https:\/\/www.scangrouphomes.com\/tr\/bolgemizden-ev-satin-almak-icin-firsatlar\/","og_site_name":"ScanGroup Homes","article_modified_time":"2021-03-17T01:34:31+00:00","twitter_card":"summary_large_image","twitter_misc":{"Tahmini okuma s\u00fcresi":"3 dakika"},"schema":{"@context":"https:\/\/schema.org","@graph":[{"@type":"WebPage","@id":"https:\/\/www.scangrouphomes.com\/tr\/bolgemizden-ev-satin-almak-icin-firsatlar\/","url":"https:\/\/www.scangrouphomes.com\/tr\/bolgemizden-ev-satin-almak-icin-firsatlar\/","name":"B\u00f6lgemizden ev sat\u0131n almak i\u00e7in nedenler - ScanGroup Homes","isPartOf":{"@id":"https:\/\/www.scangrouphomes.com\/tr\/#website"},"datePublished":"2021-03-17T01:34:29+00:00","dateModified":"2021-03-17T01:34:31+00:00","breadcrumb":{"@id":"https:\/\/www.scangrouphomes.com\/tr\/bolgemizden-ev-satin-almak-icin-firsatlar\/#breadcrumb"},"inLanguage":"tr","potentialAction":[{"@type":"ReadAction","target":["https:\/\/www.scangrouphomes.com\/tr\/bolgemizden-ev-satin-almak-icin-firsatlar\/"]}]},{"@type":"BreadcrumbList","@id":"https:\/\/www.scangrouphomes.com\/tr\/bolgemizden-ev-satin-almak-icin-firsatlar\/#breadcrumb","itemListElement":[{"@type":"ListItem","position":1,"name":"Home","item":"https:\/\/www.scangrouphomes.com\/tr\/"},{"@type":"ListItem","position":2,"name":"B\u00f6lgemizden ev sat\u0131n almak i\u00e7in nedenler"}]},{"@type":"WebSite","@id":"https:\/\/www.scangrouphomes.com\/tr\/#website","url":"https:\/\/www.scangrouphomes.com\/tr\/","name":"ScanGroup Homes","description":"Property in Alanya Turkey real estate apartments villas buying property Antalya","potentialAction":[{"@type":"SearchAction","target":{"@type":"EntryPoint","urlTemplate":"https:\/\/www.scangrouphomes.com\/tr\/?s={search_term_string}"},"query-input":"required name=search_term_string"}],"inLanguage":"tr"}]}},"_links":{"self":[{"href":"https:\/\/www.scangrouphomes.com\/tr\/wp-json\/wp\/v2\/pages\/16330"}],"collection":[{"href":"https:\/\/www.scangrouphomes.com\/tr\/wp-json\/wp\/v2\/pages"}],"about":[{"href":"https:\/\/www.scangrouphomes.com\/tr\/wp-json\/wp\/v2\/types\/page"}],"author":[{"embeddable":true,"href":"https:\/\/www.scangrouphomes.com\/tr\/wp-json\/wp\/v2\/users\/1"}],"replies":[{"embeddable":true,"href":"https:\/\/www.scangrouphomes.com\/tr\/wp-json\/wp\/v2\/comments?post=16330"}],"version-history":[{"count":4,"href":"https:\/\/www.scangrouphomes.com\/tr\/wp-json\/wp\/v2\/pages\/16330\/revisions"}],"predecessor-version":[{"id":28047,"href":"https:\/\/www.scangrouphomes.com\/tr\/wp-json\/wp\/v2\/pages\/16330\/revisions\/28047"}],"wp:attachment":[{"href":"https:\/\/www.scangrouphomes.com\/tr\/wp-json\/wp\/v2\/media?parent=16330"}],"curies":[{"name":"wp","href":"https:\/\/api.w.org\/{rel}","templated":true}]}}