{"id":16302,"date":"2021-03-17T01:32:40","date_gmt":"2021-03-17T01:32:40","guid":{"rendered":"https:\/\/sgh.alanya.work\/?page_id=16302"},"modified":"2021-03-17T01:32:41","modified_gmt":"2021-03-17T01:32:41","slug":"satinalma-giderleri","status":"publish","type":"page","link":"https:\/\/www.scangrouphomes.com\/tr\/satinalma-giderleri\/","title":{"rendered":"Sat\u0131nalma Giderleri"},"content":{"rendered":"<p>[vc_row][vc_column][vc_column_text]<\/p>\n<p>Ev sat\u0131n al\u0131rken \u00e7\u0131kacak olan masraflar\u0131n olduk\u00e7a \u00e7e\u015fitli oldu\u011fundan bahsedilebilir. Ev al\u0131rken \u00f6denen masraflar\u015funlard\u0131r:<\/p>\n<p><strong>Evin Bedeli<\/strong><br \/>\nEv al\u0131m\u0131nda \u00e7\u0131kan masraflardan en ba\u015fta geleni ev i\u00e7in verece\u011finiz parad\u0131r. Bankalar kredilerle ev al\u0131mlar\u0131n\u0131 bir\u00e7ok insan i\u00e7in kolayla\u015ft\u0131rsalar da bu genellikle %100 oranda olmamaktad\u0131r. \u00c7o\u011funlukla mortgage kredileri %75 \u2018e kadar evin bedelini kar\u015f\u0131larlar. Kredi d\u0131\u015f\u0131ndaki evin bedeli al\u0131c\u0131dan pe\u015fin olarak talep edilmektedir.<\/p>\n<p><strong>Emlak\u00e7\u0131 Komisyonu<\/strong><\/p>\n<p>Bir emlak\u00e7\u0131dan ev sat\u0131n al\u0131yorsan\u0131z i\u015flemlerin sonunda ona da belirli bir komisyon \u00fccreti \u00f6dersiniz. \u00c7o\u011funlukla bu masraf evin sat\u0131\u015f bedelinin %3\u2019\u00fcne denk gelmektedir.<\/p>\n<p><strong>Tapu Har\u00e7 Masraf\u0131<\/strong><br \/>\nGayrimenkul sat\u0131n al\u0131nd\u0131\u011f\u0131nda tapu harc\u0131 denilen bir masraf\u0131n \u00f6denmesi gerekmektedir. Bu da evin sat\u0131\u015f bedelinin %4\u2019d\u00fcr ve al\u0131c\u0131-sat\u0131c\u0131 aras\u0131nda payla\u015ft\u0131r\u0131l\u0131r. Al\u0131c\u0131n\u0131n pay\u0131na d\u00fc\u015fen tapu har\u00e7 masraf\u0131 evin bedelinin %2\u2019sidir. Baz\u0131 durumlarda sat\u0131c\u0131 ile anla\u015fmal\u0131 olarak t\u00fcm bedeli al\u0131c\u0131 \u00f6der.<\/p>\n<p><strong>D\u00f6ner Sermaye Masraf\u0131<\/strong><br \/>\nDevlet, gayrimenkul sat\u0131\u015flar\u0131ndan d\u00f6ner sermaye masraf\u0131 almaktad\u0131r. Bu \u00fccret 162 TL\u2019dir.<\/p>\n<p><strong>Emlak Vergisi<\/strong><br \/>\nEmlak vergisi, sahip olunan gayrimenkuller i\u00e7in \u00f6denmesi gereken vergi t\u00fcr\u00fcd\u00fcr. Ev sat\u0131n ald\u0131\u011f\u0131n\u0131zda, sat\u0131n alma tarihinizden bir y\u0131l sonra konutunuz i\u00e7in emlak vergisi \u00f6deme zorunlulu\u011funuz ba\u015flayacakt\u0131r.<\/p>\n<p><strong>\u00c7evre Temizlik Vergisi<\/strong><br \/>\nEv al\u0131rken masraflar 2019 ile ilgili bir di\u011fer bilinmesi gereken vergi t\u00fcr\u00fc de \u00e7evre temizlik vergisidir. Sat\u0131n al\u0131nan evin metrekaresine ve i\u00e7inde ya\u015fayacak olan ki\u015fi say\u0131s\u0131na g\u00f6re bu verginin miktar\u0131 hesaplanmaktad\u0131r.<\/p>\n<p><strong>Abonelik Masraflar\u0131<\/strong><br \/>\nEv al\u0131rken ne kadar masraf\u0131m olur? diye merak edenler i\u00e7in s\u00f6ylenebilecek bir ba\u015fka masraf t\u00fcr\u00fc de aboneliklerle ilgilidir. Su, elektrik, kombi, do\u011falgaz i\u00e7in abone olmak gerekmektedir. Do\u011falgaz aboneli\u011fi i\u00e7lerinden en pahal\u0131 olan\u0131d\u0131r ve taksitlendirilebilmektedir. Belirtilen aboneliklerin masraflar\u0131 da ev al\u0131rken kar\u015f\u0131lanmaktad\u0131r.<\/p>\n<p><strong>Deprem Sigortas\u0131<\/strong><br \/>\nKonut sat\u0131n al\u0131rken ki\u015filerin zorunlu olarak yapt\u0131rmalar\u0131 gereken sadece tek bir sigorta bulunmaktad\u0131r; DASK yani deprem sigortas\u0131! Sigorta primleri al\u0131nan konutlar\u0131n metrekare b\u00fcy\u00fckl\u00fc\u011f\u00fcne ve t\u00fcr\u00fcne g\u00f6re farkl\u0131la\u015fmaktad\u0131r. Masraflar aras\u0131nda bu sigorta i\u00e7in \u00f6denecek olan primler de yer almaktad\u0131r.<\/p>\n<p>Ev al\u0131rken \u00e7\u0131kan masraflar g\u00f6r\u00fcld\u00fc\u011f\u00fc gibi olduk\u00e7a farkl\u0131 t\u00fcrdedir. Ev sat\u0131n al\u0131n\u0131rken \u00f6denmesi para miktar\u0131 yaln\u0131zca evin bedeli de\u011fildir. Konut almay\u0131 planlayanlar bu masraflar\u0131n her birini g\u00f6z \u00f6n\u00fcne almal\u0131d\u0131rlar; aksi takdirde beklenenden \u00e7ok daha fazla s\u00fcrpriz masraf ile kar\u015f\u0131la\u015f\u0131ld\u0131\u011f\u0131nda b\u00fct\u00e7e konusunda s\u0131k\u0131nt\u0131 ya\u015fanabilmektedir.<\/p>\n<p>[\/vc_column_text][\/vc_column][\/vc_row][vc_row][vc_column][vc_separator color=&#8221;orange&#8221; style=&#8221;shadow&#8221; border_width=&#8221;3&#8243;][\/vc_column][\/vc_row][vc_row][vc_column]\n<div class=\"wpcf7 no-js\" id=\"wpcf7-f14712-o1\" lang=\"en-US\" dir=\"ltr\">\n<div class=\"screen-reader-response\"><p role=\"status\" aria-live=\"polite\" aria-atomic=\"true\"><\/p> <ul><\/ul><\/div>\n<form action=\"\/tr\/wp-json\/wp\/v2\/pages\/16302#wpcf7-f14712-o1\" method=\"post\" class=\"wpcf7-form init\" aria-label=\"Contact form\" novalidate=\"novalidate\" data-status=\"init\">\n<div style=\"display: none;\">\n<input type=\"hidden\" name=\"_wpcf7\" value=\"14712\" \/>\n<input type=\"hidden\" name=\"_wpcf7_version\" value=\"5.8\" \/>\n<input type=\"hidden\" name=\"_wpcf7_locale\" value=\"en_US\" \/>\n<input type=\"hidden\" name=\"_wpcf7_unit_tag\" value=\"wpcf7-f14712-o1\" \/>\n<input type=\"hidden\" name=\"_wpcf7_container_post\" value=\"0\" \/>\n<input type=\"hidden\" name=\"_wpcf7_posted_data_hash\" value=\"\" \/>\n<input type=\"hidden\" name=\"_wpcf7_recaptcha_response\" value=\"\" \/>\n<\/div>\n<div class=\"form-group\">\n\t<p><label class=\"required\" for=\"yourName\">Your Name<\/label><br \/>\n<span class=\"wpcf7-form-control-wrap\" data-name=\"your-name\"><input size=\"40\" class=\"wpcf7-form-control wpcf7-text wpcf7-validates-as-required form-control\" aria-required=\"true\" aria-invalid=\"false\" value=\"\" type=\"text\" name=\"your-name\" \/><\/span>\n\t<\/p>\n<\/div>\n<div class=\"form-group\">\n\t<p><label class=\"required\" for=\"yourEmail\">Your Email<\/label><br \/>\n<span class=\"wpcf7-form-control-wrap\" data-name=\"your-email\"><input size=\"40\" class=\"wpcf7-form-control wpcf7-email wpcf7-validates-as-required wpcf7-text wpcf7-validates-as-email form-control\" aria-required=\"true\" aria-invalid=\"false\" value=\"\" type=\"email\" name=\"your-email\" \/><\/span>\n\t<\/p>\n<\/div>\n<div class=\"form-group\">\n\t<p><label class=\"required\" for=\"yourPhone\">Your Phone <\/label><br \/>\n<span class=\"wpcf7-form-control-wrap\" data-name=\"tel-179\"><input size=\"40\" class=\"wpcf7-form-control wpcf7-tel wpcf7-validates-as-required wpcf7-text wpcf7-validates-as-tel form-control\" aria-required=\"true\" aria-invalid=\"false\" value=\"\" type=\"tel\" name=\"tel-179\" \/><\/span>\n\t<\/p>\n<\/div>\n<div class=\"form-group\">\n\t<p><label class=\"required\" for=\"yourSubject\">Subject <\/label><br \/>\n<span class=\"wpcf7-form-control-wrap\" data-name=\"your-subject\"><input size=\"40\" class=\"wpcf7-form-control wpcf7-text wpcf7-validates-as-required form-control\" aria-required=\"true\" aria-invalid=\"false\" value=\"\" type=\"text\" name=\"your-subject\" \/><\/span>\n\t<\/p>\n<\/div>\n\n<div class=\"form-group\">\n\t<p><label class=\"required\" for=\"yourMessage\">Your Message <\/label><br \/>\n<span class=\"wpcf7-form-control-wrap\" data-name=\"your-message\"><textarea cols=\"40\" rows=\"10\" class=\"wpcf7-form-control wpcf7-textarea wpcf7-validates-as-required form-control\" aria-required=\"true\" aria-invalid=\"false\" name=\"your-message\"><\/textarea><\/span>\n\t<\/p>\n<\/div>\n\n<div class=\"form-group\">\n\t<p><input class=\"wpcf7-form-control wpcf7-submit has-spinner btn btn-primary btn-lg\" type=\"submit\" value=\"Send\" \/>\n\t<\/p>\n<\/div><p style=\"display: none !important;\"><label>&#916;<textarea name=\"_wpcf7_ak_hp_textarea\" cols=\"45\" rows=\"8\" maxlength=\"100\"><\/textarea><\/label><input type=\"hidden\" id=\"ak_js_1\" name=\"_wpcf7_ak_js\" value=\"26\"\/><script>document.getElementById( \"ak_js_1\" ).setAttribute( \"value\", ( new Date() ).getTime() );<\/script><\/p><div class=\"wpcf7-response-output\" aria-hidden=\"true\"><\/div>\n<\/form>\n<\/div>\n[\/vc_column][\/vc_row][vc_row][vc_column][vc_separator color=&#8221;orange&#8221; style=&#8221;shadow&#8221; border_width=&#8221;3&#8243;]\n        <!--start agents module-->\n        \n            \n        <script type=\"text\/javascript\">\n            jQuery(document).ready(function($){\n                if($(\"#agents-carousel-Noztb\").length > 0){\n                    var owlAgents = $('#agents-carousel-Noztb');\n                    owlAgents.owlCarousel({\n                        rtl: false,\n                        loop: true,\n                        dots: false,\n                        slideBy: 1,\n                        autoplay: true,\n                        autoplaySpeed: 700,\n                        nav: false,\n                        responsive:{\n                            0: {\n                                items: 1\n                            },\n                            320: {\n                                items: 1\n                            },\n                            480: {\n                                items: 1\n                            },\n                            768: {\n                                items: 2\n                            },\n                            1000: {\n                                items: 3\n                            },\n                            1280: {\n                                items: 4\n                            }\n                        }\n                    });\n\n                    $('.btn-prev-agents').on('click',function() {\n                        owlAgents.trigger('prev.owl.carousel',[700])\n                    });\n                    $('.btn-next-agents').on('click',function() {\n                        owlAgents.trigger('next.owl.carousel',[700])\n                    });\n\n                }\n            });\n        <\/script>\n\n        <div id=\"agents-carousel-module\" class=\"houzez-module agents-carousel-module\">\n            <div class=\"row\">\n                <div class=\"col-sm-12\">\n                    <div class=\"module-title-nav clearfix\">\n\n                        \n                        <div class=\"module-nav\">\n                            <button\n                                class=\"btn btn-carousel btn-sm btn-prev-agents\">Prev<\/button>\n                            <button\n                                class=\"btn btn-carousel btn-sm btn-next-agents\">Next<\/button>\n                        <\/div>\n                    <\/div>\n                <\/div>\n                <div class=\"col-sm-12\">\n                    <div id=\"agents-carousel-Noztb\" class=\"agents-carousel slide-animated owl-carousel owl-theme\">\n\n                                                    <div class=\"item\">\n                                <div class=\"agents-block\">\n                                    <figure class=\"auther-thumb\">\n                                        <a href=\"https:\/\/www.scangrouphomes.com\/tr\/agent\/mahmut-kaya\/\"\n                                           class=\"view\">\n                                        <img src=\"https:\/\/i0.wp.com\/www.scangrouphomes.com\/wp-content\/uploads\/2016\/02\/mahmut-kaya-640.jpg?resize=350%2C350&#038;ssl=1\" class=\"img-circle\" width=\"150\"\n                                             height=\"150\" alt=\"Mahmut Kaya\">\n                                        <\/a>\n                                    <\/figure>\n\n                                        <div class=\"web-logo text-center\">\n                                                                                <\/div>\n\n                                    <div class=\"block-body\">\n                                        <p class=\"auther-info\">\n                                            <span class=\"blue\">Mahmut Kaya<\/span>\n                                            <span>Founder &amp; Ceo                                                                                            , Scangrouphomes<\/span>\n                                                                                    <\/p>\n\n                                        <p class=\"description\"><\/p>\n                                        <a href=\"https:\/\/www.scangrouphomes.com\/tr\/agent\/mahmut-kaya\/\"\n                                           class=\"view\">View Profile<\/a>\n                                    <\/div>\n                                <\/div>\n                            <\/div>\n                                                    <div class=\"item\">\n                                <div class=\"agents-block\">\n                                    <figure class=\"auther-thumb\">\n                                        <a href=\"https:\/\/www.scangrouphomes.com\/tr\/agent\/tugba-kaya\/\"\n                                           class=\"view\">\n                                        <img src=\"https:\/\/i0.wp.com\/www.scangrouphomes.com\/wp-content\/uploads\/2021\/04\/tugba-kaya-640.jpg?resize=350%2C350&#038;ssl=1\" class=\"img-circle\" width=\"150\"\n                                             height=\"150\" alt=\"Tu\u011fba Kaya\">\n                                        <\/a>\n                                    <\/figure>\n\n                                        <div class=\"web-logo text-center\">\n                                                                                <\/div>\n\n                                    <div class=\"block-body\">\n                                        <p class=\"auther-info\">\n                                            <span class=\"blue\">Tu\u011fba Kaya<\/span>\n                                            <span>Office Manager                                                                                            , Scangrouphomes<\/span>\n                                                                                    <\/p>\n\n                                        <p class=\"description\"><\/p>\n                                        <a href=\"https:\/\/www.scangrouphomes.com\/tr\/agent\/tugba-kaya\/\"\n                                           class=\"view\">View Profile<\/a>\n                                    <\/div>\n                                <\/div>\n                            <\/div>\n                                                \n                    <\/div>\n                <\/div>\n            <\/div>\n        <\/div>\n\n            <!--end post agents module-->\n\n\n        [\/vc_column][\/vc_row][vc_row full_width=&#8221;stretch_row_content_no_spaces&#8221;][vc_column][vc_gmaps link=&#8221;#E-8_JTNDaWZyYW1lJTIwc3JjJTNEJTIyaHR0cHMlM0ElMkYlMkZ3d3cuZ29vZ2xlLmNvbSUyRm1hcHMlMkZlbWJlZCUzRnBiJTNEJTIxMW0xNCUyMTFtOCUyMTFtMyUyMTFkMTI4MjEuOTUxMjM2MjY4MTE2JTIxMmQzMi4wMjkwNTAyJTIxM2QzNi41NDIzNDk0JTIxM20yJTIxMWkxMDI0JTIxMmk3NjglMjE0ZjEzLjElMjEzbTMlMjExbTIlMjExczB4MCUyNTNBMHgzZTNhYzc1YzVlZDE2NGUwJTIxMnNTY2FuZ3JvdXAlMjUyMEhvbWVzJTIxNWUwJTIxM20yJTIxMXN0ciUyMTJzdHIlMjE0djE1NzY2NjAzNjczMzQlMjE1bTIlMjExc3RyJTIxMnN0ciUyMiUyMHdpZHRoJTNEJTIyNjAwJTIyJTIwaGVpZ2h0JTNEJTIyNDUwJTIyJTIwZnJhbWVib3JkZXIlM0QlMjIwJTIyJTIwc3R5bGUlM0QlMjJib3JkZXIlM0EwJTNCJTIyJTIwYWxsb3dmdWxsc2NyZWVuJTNEJTIyJTIyJTNFJTNDJTJGaWZyYW1lJTNF&#8221;][\/vc_column][\/vc_row]<\/p>\n","protected":false},"excerpt":{"rendered":"<p>[vc_row][vc_column][vc_column_text] Ev sat\u0131n al\u0131rken \u00e7\u0131kacak olan masraflar\u0131n olduk\u00e7a \u00e7e\u015fitli oldu\u011fundan bahsedilebilir. Ev al\u0131rken \u00f6denen masraflar\u015funlard\u0131r: Evin Bedeli Ev al\u0131m\u0131nda \u00e7\u0131kan masraflardan en ba\u015fta geleni ev i\u00e7in verece\u011finiz parad\u0131r. Bankalar kredilerle ev al\u0131mlar\u0131n\u0131 bir\u00e7ok insan i\u00e7in kolayla\u015ft\u0131rsalar da bu genellikle %100 oranda olmamaktad\u0131r. \u00c7o\u011funlukla mortgage kredileri %75 \u2018e kadar evin bedelini kar\u015f\u0131larlar. Kredi d\u0131\u015f\u0131ndaki evin bedeli [&hellip;]<\/p>\n","protected":false},"author":1,"featured_media":0,"parent":0,"menu_order":0,"comment_status":"closed","ping_status":"closed","template":"template\/template-page.php","meta":[],"yoast_head":"<!-- This site is optimized with the Yoast SEO plugin v21.0 - https:\/\/yoast.com\/wordpress\/plugins\/seo\/ -->\n<title>Sat\u0131nalma Giderleri - ScanGroup Homes<\/title>\n<meta name=\"robots\" content=\"index, follow, max-snippet:-1, max-image-preview:large, max-video-preview:-1\" \/>\n<link rel=\"canonical\" href=\"https:\/\/www.scangrouphomes.com\/tr\/satinalma-giderleri\/\" \/>\n<meta property=\"og:locale\" content=\"tr_TR\" \/>\n<meta property=\"og:type\" content=\"article\" \/>\n<meta property=\"og:title\" content=\"Sat\u0131nalma Giderleri - ScanGroup Homes\" \/>\n<meta property=\"og:description\" content=\"[vc_row][vc_column][vc_column_text] Ev sat\u0131n al\u0131rken \u00e7\u0131kacak olan masraflar\u0131n olduk\u00e7a \u00e7e\u015fitli oldu\u011fundan bahsedilebilir. Ev al\u0131rken \u00f6denen masraflar\u015funlard\u0131r: Evin Bedeli Ev al\u0131m\u0131nda \u00e7\u0131kan masraflardan en ba\u015fta geleni ev i\u00e7in verece\u011finiz parad\u0131r. Bankalar kredilerle ev al\u0131mlar\u0131n\u0131 bir\u00e7ok insan i\u00e7in kolayla\u015ft\u0131rsalar da bu genellikle %100 oranda olmamaktad\u0131r. \u00c7o\u011funlukla mortgage kredileri %75 \u2018e kadar evin bedelini kar\u015f\u0131larlar. Kredi d\u0131\u015f\u0131ndaki evin bedeli [&hellip;]\" \/>\n<meta property=\"og:url\" content=\"https:\/\/www.scangrouphomes.com\/tr\/satinalma-giderleri\/\" \/>\n<meta property=\"og:site_name\" content=\"ScanGroup Homes\" \/>\n<meta property=\"article:modified_time\" content=\"2021-03-17T01:32:41+00:00\" \/>\n<meta name=\"twitter:card\" content=\"summary_large_image\" \/>\n<meta name=\"twitter:label1\" content=\"Tahmini okuma s\u00fcresi\" \/>\n\t<meta name=\"twitter:data1\" content=\"3 dakika\" \/>\n<script type=\"application\/ld+json\" class=\"yoast-schema-graph\">{\"@context\":\"https:\/\/schema.org\",\"@graph\":[{\"@type\":\"WebPage\",\"@id\":\"https:\/\/www.scangrouphomes.com\/tr\/satinalma-giderleri\/\",\"url\":\"https:\/\/www.scangrouphomes.com\/tr\/satinalma-giderleri\/\",\"name\":\"Sat\u0131nalma Giderleri - ScanGroup Homes\",\"isPartOf\":{\"@id\":\"https:\/\/www.scangrouphomes.com\/tr\/#website\"},\"datePublished\":\"2021-03-17T01:32:40+00:00\",\"dateModified\":\"2021-03-17T01:32:41+00:00\",\"breadcrumb\":{\"@id\":\"https:\/\/www.scangrouphomes.com\/tr\/satinalma-giderleri\/#breadcrumb\"},\"inLanguage\":\"tr\",\"potentialAction\":[{\"@type\":\"ReadAction\",\"target\":[\"https:\/\/www.scangrouphomes.com\/tr\/satinalma-giderleri\/\"]}]},{\"@type\":\"BreadcrumbList\",\"@id\":\"https:\/\/www.scangrouphomes.com\/tr\/satinalma-giderleri\/#breadcrumb\",\"itemListElement\":[{\"@type\":\"ListItem\",\"position\":1,\"name\":\"Home\",\"item\":\"https:\/\/www.scangrouphomes.com\/tr\/\"},{\"@type\":\"ListItem\",\"position\":2,\"name\":\"Sat\u0131nalma Giderleri\"}]},{\"@type\":\"WebSite\",\"@id\":\"https:\/\/www.scangrouphomes.com\/tr\/#website\",\"url\":\"https:\/\/www.scangrouphomes.com\/tr\/\",\"name\":\"ScanGroup Homes\",\"description\":\"Property in Alanya Turkey real estate apartments villas buying property Antalya\",\"potentialAction\":[{\"@type\":\"SearchAction\",\"target\":{\"@type\":\"EntryPoint\",\"urlTemplate\":\"https:\/\/www.scangrouphomes.com\/tr\/?s={search_term_string}\"},\"query-input\":\"required name=search_term_string\"}],\"inLanguage\":\"tr\"}]}<\/script>\n<!-- \/ Yoast SEO plugin. -->","yoast_head_json":{"title":"Sat\u0131nalma Giderleri - ScanGroup Homes","robots":{"index":"index","follow":"follow","max-snippet":"max-snippet:-1","max-image-preview":"max-image-preview:large","max-video-preview":"max-video-preview:-1"},"canonical":"https:\/\/www.scangrouphomes.com\/tr\/satinalma-giderleri\/","og_locale":"tr_TR","og_type":"article","og_title":"Sat\u0131nalma Giderleri - ScanGroup Homes","og_description":"[vc_row][vc_column][vc_column_text] Ev sat\u0131n al\u0131rken \u00e7\u0131kacak olan masraflar\u0131n olduk\u00e7a \u00e7e\u015fitli oldu\u011fundan bahsedilebilir. Ev al\u0131rken \u00f6denen masraflar\u015funlard\u0131r: Evin Bedeli Ev al\u0131m\u0131nda \u00e7\u0131kan masraflardan en ba\u015fta geleni ev i\u00e7in verece\u011finiz parad\u0131r. Bankalar kredilerle ev al\u0131mlar\u0131n\u0131 bir\u00e7ok insan i\u00e7in kolayla\u015ft\u0131rsalar da bu genellikle %100 oranda olmamaktad\u0131r. \u00c7o\u011funlukla mortgage kredileri %75 \u2018e kadar evin bedelini kar\u015f\u0131larlar. Kredi d\u0131\u015f\u0131ndaki evin bedeli [&hellip;]","og_url":"https:\/\/www.scangrouphomes.com\/tr\/satinalma-giderleri\/","og_site_name":"ScanGroup Homes","article_modified_time":"2021-03-17T01:32:41+00:00","twitter_card":"summary_large_image","twitter_misc":{"Tahmini okuma s\u00fcresi":"3 dakika"},"schema":{"@context":"https:\/\/schema.org","@graph":[{"@type":"WebPage","@id":"https:\/\/www.scangrouphomes.com\/tr\/satinalma-giderleri\/","url":"https:\/\/www.scangrouphomes.com\/tr\/satinalma-giderleri\/","name":"Sat\u0131nalma Giderleri - ScanGroup Homes","isPartOf":{"@id":"https:\/\/www.scangrouphomes.com\/tr\/#website"},"datePublished":"2021-03-17T01:32:40+00:00","dateModified":"2021-03-17T01:32:41+00:00","breadcrumb":{"@id":"https:\/\/www.scangrouphomes.com\/tr\/satinalma-giderleri\/#breadcrumb"},"inLanguage":"tr","potentialAction":[{"@type":"ReadAction","target":["https:\/\/www.scangrouphomes.com\/tr\/satinalma-giderleri\/"]}]},{"@type":"BreadcrumbList","@id":"https:\/\/www.scangrouphomes.com\/tr\/satinalma-giderleri\/#breadcrumb","itemListElement":[{"@type":"ListItem","position":1,"name":"Home","item":"https:\/\/www.scangrouphomes.com\/tr\/"},{"@type":"ListItem","position":2,"name":"Sat\u0131nalma Giderleri"}]},{"@type":"WebSite","@id":"https:\/\/www.scangrouphomes.com\/tr\/#website","url":"https:\/\/www.scangrouphomes.com\/tr\/","name":"ScanGroup Homes","description":"Property in Alanya Turkey real estate apartments villas buying property Antalya","potentialAction":[{"@type":"SearchAction","target":{"@type":"EntryPoint","urlTemplate":"https:\/\/www.scangrouphomes.com\/tr\/?s={search_term_string}"},"query-input":"required name=search_term_string"}],"inLanguage":"tr"}]}},"_links":{"self":[{"href":"https:\/\/www.scangrouphomes.com\/tr\/wp-json\/wp\/v2\/pages\/16302"}],"collection":[{"href":"https:\/\/www.scangrouphomes.com\/tr\/wp-json\/wp\/v2\/pages"}],"about":[{"href":"https:\/\/www.scangrouphomes.com\/tr\/wp-json\/wp\/v2\/types\/page"}],"author":[{"embeddable":true,"href":"https:\/\/www.scangrouphomes.com\/tr\/wp-json\/wp\/v2\/users\/1"}],"replies":[{"embeddable":true,"href":"https:\/\/www.scangrouphomes.com\/tr\/wp-json\/wp\/v2\/comments?post=16302"}],"version-history":[{"count":3,"href":"https:\/\/www.scangrouphomes.com\/tr\/wp-json\/wp\/v2\/pages\/16302\/revisions"}],"predecessor-version":[{"id":16322,"href":"https:\/\/www.scangrouphomes.com\/tr\/wp-json\/wp\/v2\/pages\/16302\/revisions\/16322"}],"wp:attachment":[{"href":"https:\/\/www.scangrouphomes.com\/tr\/wp-json\/wp\/v2\/media?parent=16302"}],"curies":[{"name":"wp","href":"https:\/\/api.w.org\/{rel}","templated":true}]}}