{"id":16272,"date":"2021-03-17T01:40:15","date_gmt":"2021-03-17T01:40:15","guid":{"rendered":"https:\/\/sgh.alanya.work\/?page_id=16272"},"modified":"2021-03-17T01:40:16","modified_gmt":"2021-03-17T01:40:16","slug":"turk-vatandasligi","status":"publish","type":"page","link":"https:\/\/www.scangrouphomes.com\/tr\/turk-vatandasligi\/","title":{"rendered":"T\u00fcrk Vatanda\u015fl\u0131\u011f\u0131"},"content":{"rendered":"<p>[vc_row][vc_column][vc_column_text]<\/p>\n<p>T\u00fcrkiye&#8217;de yabanc\u0131lara konut sat\u0131\u015f\u0131nda vatanda\u015fl\u0131k hakk\u0131 veriliyor olmas\u0131, konut ve gayrimenkul sat\u0131\u015f\u0131n\u0131 artmas\u0131na neden oluyor. Sekt\u00f6rdeki bir\u00e7ok firma bilmese de 250 bin dolar kar\u015f\u0131l\u0131\u011f\u0131nda konut veya gayrimenkul sat\u0131n alan yabanc\u0131lar T\u00fcrk vatanda\u015f\u0131 olabiliyor. Ayr\u0131ca yabanc\u0131lara gayrimenkul sat\u0131\u015f\u0131 yapan firmalar\u0131n ihracat\u00e7\u0131 say\u0131lmas\u0131 da talep ediliyor.<\/p>\n<p><strong>250 B\u0130N DOLAR KONUT KAR\u015eILI\u011eINDA T\u00dcRK VATANDA\u015eLI\u011eI NASIL ALINIR?<\/strong><\/p>\n<p>Ge\u00e7en y\u0131l eyl\u00fcl ay\u0131nda Resmi Gazete&#8217;de yay\u0131mlanan kararla, yabanc\u0131 yat\u0131r\u0131mc\u0131lar\u0131n en az 250 bin dolar de\u011ferinde m\u00fclk edinerek T\u00fcrk vatanda\u015fl\u0131\u011f\u0131 almas\u0131n\u0131n m\u00fcmk\u00fcn hale geldi\u011fine i\u015faret edildi. Hal b\u00f6yle olunca yabanc\u0131lara konut sat\u0131\u015f\u0131nda ciddi art\u0131\u015f ya\u015fanmaya ba\u015fland\u0131. Bu d\u00fczenleme, en az 500 bin dolar yat\u0131r\u0131m yapan veya bankaya yat\u0131ran \u015fah\u0131slar veya en az 50 T\u00fcrk vatanda\u015f\u0131na i\u015f sa\u011flayan yabanc\u0131lar i\u00e7in de ge\u00e7erli. Ayr\u0131ca yeni y\u00f6netmeli\u011fe g\u00f6re yabanc\u0131lar KDV \u00f6demeden gayrimenkul sat\u0131n alabilecek. Ancak bu gayrimenkulleri en az 1 y\u0131l boyunca satamayacak.<\/p>\n<p><strong>EMLAK SAT\u015eLARI<\/strong><\/p>\n<p>2019&#8217;un \u015fubat ay\u0131nda T\u00fcrkiye&#8217;de yabanc\u0131lara yap\u0131lan konut sat\u0131\u015flar\u0131n\u0131n bir \u00f6nceki y\u0131l\u0131n ayn\u0131 ay\u0131na g\u00f6re y\u00fczde 92,1 artarak 3 bin 321 oldu. Yabanc\u0131lara konut sat\u0131\u015flar\u0131nda, \u015eubat 2019&#8217;da ilk s\u0131ray\u0131 1440 konut sat\u0131\u015f\u0131 ile \u0130stanbul ald\u0131. \u0130stanbul&#8217;u s\u0131ras\u0131yla 672 konut sat\u0131\u015f\u0131 ile Antalya, 196 konut sat\u0131\u015f\u0131 ile Ankara, 192 konut sat\u0131\u015f\u0131 ile Bursa ve 138 konut sat\u0131\u015f\u0131 ile Yalova izledi. T\u00dc\u0130K verilerine g\u00f6re 2018 y\u0131l\u0131nda \u00fclke uyruklar\u0131na g\u00f6re, T\u00fcrkiye&#8217;de yabanc\u0131lara yap\u0131lan konut sat\u0131\u015flar\u0131nda en \u00e7ok konut alan ilk 10 \u00fclke s\u0131ras\u0131yla Irak, \u0130ran, Suudi Arabistan, Rusya, Kuveyt, Afganistan, Almanya, \u00dcrd\u00fcn, Azerbaycan ve \u0130ngiltere.<\/p>\n<p><strong>GAYR\u0130MENKUL\u00dc ALANIN E\u015e\u0130 VE \u00c7OCUKLARI DA VATANDA\u015e OLAB\u0130L\u0130R M\u0130?<\/strong><\/p>\n<p>Gayrimenkulu alan ki\u015finin, e\u015fi ve 18 ya\u015f alt\u0131ndaki t\u00fcm \u00e7ocuklar\u0131n\u0131n da vatanda\u015fl\u0131k hakk\u0131 alabiliyor.<\/p>\n<p><strong>\u0130LK SIRALARDA ANTALYA VE \u0130STANBUL<\/strong><\/p>\n<p>Yat\u0131r\u0131m potansiyeli a\u00e7\u0131s\u0131ndan ilk s\u0131ralarda Antalya, \u0130stanbul, \u0130zmir, Bursa ve Ankara illeri bulunuyor. Ula\u015f\u0131m olanaklar\u0131, do\u011fal ve tarihi de\u011ferleriyle Antalya ve \u0130stanbul yabanc\u0131 yat\u0131r\u0131mc\u0131lar\u0131n g\u00f6zdesi halinde.<\/p>\n<p><strong><br \/>\nVATANDA\u015eLIK \u0130\u00c7\u0130N 3 YIL \u015eARTI NED\u0130R?<\/strong><\/p>\n<p>Toplam\u0131 250 bin dolar birden fazla gayrimenkul de al\u0131nabilir ancak hepsi i\u00e7in tek ba\u015fvuru olmal\u0131d\u0131r. Vatanda\u015fl\u0131k edinilen m\u00fclk\u00fcn sat\u0131\u015f\u0131n\u0131n tapu sicil kay\u0131tlar\u0131na \u015ferh edilmesi gerekiyor. M\u00fclk 3 y\u0131l sat\u0131lamaz. Ancak Suriye, K\u00fcba, \u0130srail, K\u0131br\u0131s Rum Kesimi vatanda\u015flar\u0131 hari\u00e7 tutuluyor.<\/p>\n<p>[\/vc_column_text][\/vc_column][\/vc_row][vc_row][vc_column][vc_separator color=&#8221;orange&#8221; style=&#8221;shadow&#8221; border_width=&#8221;3&#8243;][\/vc_column][\/vc_row][vc_row][vc_column]\n<div class=\"wpcf7 no-js\" id=\"wpcf7-f14712-o1\" lang=\"en-US\" dir=\"ltr\">\n<div class=\"screen-reader-response\"><p role=\"status\" aria-live=\"polite\" aria-atomic=\"true\"><\/p> <ul><\/ul><\/div>\n<form action=\"\/tr\/wp-json\/wp\/v2\/pages\/16272#wpcf7-f14712-o1\" method=\"post\" class=\"wpcf7-form init\" aria-label=\"Contact form\" novalidate=\"novalidate\" data-status=\"init\">\n<div style=\"display: none;\">\n<input type=\"hidden\" name=\"_wpcf7\" value=\"14712\" \/>\n<input type=\"hidden\" name=\"_wpcf7_version\" value=\"5.8\" \/>\n<input type=\"hidden\" name=\"_wpcf7_locale\" value=\"en_US\" \/>\n<input type=\"hidden\" name=\"_wpcf7_unit_tag\" value=\"wpcf7-f14712-o1\" \/>\n<input type=\"hidden\" name=\"_wpcf7_container_post\" value=\"0\" \/>\n<input type=\"hidden\" name=\"_wpcf7_posted_data_hash\" value=\"\" \/>\n<input type=\"hidden\" name=\"_wpcf7_recaptcha_response\" value=\"\" \/>\n<\/div>\n<div class=\"form-group\">\n\t<p><label class=\"required\" for=\"yourName\">Your Name<\/label><br \/>\n<span class=\"wpcf7-form-control-wrap\" data-name=\"your-name\"><input size=\"40\" class=\"wpcf7-form-control wpcf7-text wpcf7-validates-as-required form-control\" aria-required=\"true\" aria-invalid=\"false\" value=\"\" type=\"text\" name=\"your-name\" \/><\/span>\n\t<\/p>\n<\/div>\n<div class=\"form-group\">\n\t<p><label class=\"required\" for=\"yourEmail\">Your Email<\/label><br \/>\n<span class=\"wpcf7-form-control-wrap\" data-name=\"your-email\"><input size=\"40\" class=\"wpcf7-form-control wpcf7-email wpcf7-validates-as-required wpcf7-text wpcf7-validates-as-email form-control\" aria-required=\"true\" aria-invalid=\"false\" value=\"\" type=\"email\" name=\"your-email\" \/><\/span>\n\t<\/p>\n<\/div>\n<div class=\"form-group\">\n\t<p><label class=\"required\" for=\"yourPhone\">Your Phone <\/label><br \/>\n<span class=\"wpcf7-form-control-wrap\" data-name=\"tel-179\"><input size=\"40\" class=\"wpcf7-form-control wpcf7-tel wpcf7-validates-as-required wpcf7-text wpcf7-validates-as-tel form-control\" aria-required=\"true\" aria-invalid=\"false\" value=\"\" type=\"tel\" name=\"tel-179\" \/><\/span>\n\t<\/p>\n<\/div>\n<div class=\"form-group\">\n\t<p><label class=\"required\" for=\"yourSubject\">Subject <\/label><br \/>\n<span class=\"wpcf7-form-control-wrap\" data-name=\"your-subject\"><input size=\"40\" class=\"wpcf7-form-control wpcf7-text wpcf7-validates-as-required form-control\" aria-required=\"true\" aria-invalid=\"false\" value=\"\" type=\"text\" name=\"your-subject\" \/><\/span>\n\t<\/p>\n<\/div>\n\n<div class=\"form-group\">\n\t<p><label class=\"required\" for=\"yourMessage\">Your Message <\/label><br \/>\n<span class=\"wpcf7-form-control-wrap\" data-name=\"your-message\"><textarea cols=\"40\" rows=\"10\" class=\"wpcf7-form-control wpcf7-textarea wpcf7-validates-as-required form-control\" aria-required=\"true\" aria-invalid=\"false\" name=\"your-message\"><\/textarea><\/span>\n\t<\/p>\n<\/div>\n\n<div class=\"form-group\">\n\t<p><input class=\"wpcf7-form-control wpcf7-submit has-spinner btn btn-primary btn-lg\" type=\"submit\" value=\"Send\" \/>\n\t<\/p>\n<\/div><p style=\"display: none !important;\"><label>&#916;<textarea name=\"_wpcf7_ak_hp_textarea\" cols=\"45\" rows=\"8\" maxlength=\"100\"><\/textarea><\/label><input type=\"hidden\" id=\"ak_js_1\" name=\"_wpcf7_ak_js\" value=\"141\"\/><script>document.getElementById( \"ak_js_1\" ).setAttribute( \"value\", ( new Date() ).getTime() );<\/script><\/p><div class=\"wpcf7-response-output\" aria-hidden=\"true\"><\/div>\n<\/form>\n<\/div>\n[\/vc_column][\/vc_row][vc_row][vc_column][vc_separator color=&#8221;orange&#8221; style=&#8221;shadow&#8221; border_width=&#8221;3&#8243;]\n        <!--start agents module-->\n        \n            \n        <script type=\"text\/javascript\">\n            jQuery(document).ready(function($){\n                if($(\"#agents-carousel-94W5m\").length > 0){\n                    var owlAgents = $('#agents-carousel-94W5m');\n                    owlAgents.owlCarousel({\n                        rtl: false,\n                        loop: true,\n                        dots: false,\n                        slideBy: 1,\n                        autoplay: true,\n                        autoplaySpeed: 700,\n                        nav: false,\n                        responsive:{\n                            0: {\n                                items: 1\n                            },\n                            320: {\n                                items: 1\n                            },\n                            480: {\n                                items: 1\n                            },\n                            768: {\n                                items: 2\n                            },\n                            1000: {\n                                items: 3\n                            },\n                            1280: {\n                                items: 4\n                            }\n                        }\n                    });\n\n                    $('.btn-prev-agents').on('click',function() {\n                        owlAgents.trigger('prev.owl.carousel',[700])\n                    });\n                    $('.btn-next-agents').on('click',function() {\n                        owlAgents.trigger('next.owl.carousel',[700])\n                    });\n\n                }\n            });\n        <\/script>\n\n        <div id=\"agents-carousel-module\" class=\"houzez-module agents-carousel-module\">\n            <div class=\"row\">\n                <div class=\"col-sm-12\">\n                    <div class=\"module-title-nav clearfix\">\n\n                        \n                        <div class=\"module-nav\">\n                            <button\n                                class=\"btn btn-carousel btn-sm btn-prev-agents\">Prev<\/button>\n                            <button\n                                class=\"btn btn-carousel btn-sm btn-next-agents\">Next<\/button>\n                        <\/div>\n                    <\/div>\n                <\/div>\n                <div class=\"col-sm-12\">\n                    <div id=\"agents-carousel-94W5m\" class=\"agents-carousel slide-animated owl-carousel owl-theme\">\n\n                                                    <div class=\"item\">\n                                <div class=\"agents-block\">\n                                    <figure class=\"auther-thumb\">\n                                        <a href=\"https:\/\/www.scangrouphomes.com\/tr\/agent\/mahmut-kaya\/\"\n                                           class=\"view\">\n                                        <img src=\"https:\/\/i0.wp.com\/www.scangrouphomes.com\/wp-content\/uploads\/2016\/02\/mahmut-kaya-640.jpg?resize=350%2C350&#038;ssl=1\" class=\"img-circle\" width=\"150\"\n                                             height=\"150\" alt=\"Mahmut Kaya\">\n                                        <\/a>\n                                    <\/figure>\n\n                                        <div class=\"web-logo text-center\">\n                                                                                <\/div>\n\n                                    <div class=\"block-body\">\n                                        <p class=\"auther-info\">\n                                            <span class=\"blue\">Mahmut Kaya<\/span>\n                                            <span>Founder &amp; Ceo                                                                                            , Scangrouphomes<\/span>\n                                                                                    <\/p>\n\n                                        <p class=\"description\"><\/p>\n                                        <a href=\"https:\/\/www.scangrouphomes.com\/tr\/agent\/mahmut-kaya\/\"\n                                           class=\"view\">View Profile<\/a>\n                                    <\/div>\n                                <\/div>\n                            <\/div>\n                                                    <div class=\"item\">\n                                <div class=\"agents-block\">\n                                    <figure class=\"auther-thumb\">\n                                        <a href=\"https:\/\/www.scangrouphomes.com\/tr\/agent\/tugba-kaya\/\"\n                                           class=\"view\">\n                                        <img src=\"https:\/\/i0.wp.com\/www.scangrouphomes.com\/wp-content\/uploads\/2021\/04\/tugba-kaya-640.jpg?resize=350%2C350&#038;ssl=1\" class=\"img-circle\" width=\"150\"\n                                             height=\"150\" alt=\"Tu\u011fba Kaya\">\n                                        <\/a>\n                                    <\/figure>\n\n                                        <div class=\"web-logo text-center\">\n                                                                                <\/div>\n\n                                    <div class=\"block-body\">\n                                        <p class=\"auther-info\">\n                                            <span class=\"blue\">Tu\u011fba Kaya<\/span>\n                                            <span>Office Manager                                                                                            , Scangrouphomes<\/span>\n                                                                                    <\/p>\n\n                                        <p class=\"description\"><\/p>\n                                        <a href=\"https:\/\/www.scangrouphomes.com\/tr\/agent\/tugba-kaya\/\"\n                                           class=\"view\">View Profile<\/a>\n                                    <\/div>\n                                <\/div>\n                            <\/div>\n                                                \n                    <\/div>\n                <\/div>\n            <\/div>\n        <\/div>\n\n            <!--end post agents module-->\n\n\n        [\/vc_column][\/vc_row][vc_row full_width=&#8221;stretch_row_content_no_spaces&#8221;][vc_column][vc_gmaps link=&#8221;#E-8_JTNDaWZyYW1lJTIwc3JjJTNEJTIyaHR0cHMlM0ElMkYlMkZ3d3cuZ29vZ2xlLmNvbSUyRm1hcHMlMkZlbWJlZCUzRnBiJTNEJTIxMW0xNCUyMTFtOCUyMTFtMyUyMTFkMTI4MjEuOTUxMjM2MjY4MTE2JTIxMmQzMi4wMjkwNTAyJTIxM2QzNi41NDIzNDk0JTIxM20yJTIxMWkxMDI0JTIxMmk3NjglMjE0ZjEzLjElMjEzbTMlMjExbTIlMjExczB4MCUyNTNBMHgzZTNhYzc1YzVlZDE2NGUwJTIxMnNTY2FuZ3JvdXAlMjUyMEhvbWVzJTIxNWUwJTIxM20yJTIxMXN0ciUyMTJzdHIlMjE0djE1NzY2NjAzNjczMzQlMjE1bTIlMjExc3RyJTIxMnN0ciUyMiUyMHdpZHRoJTNEJTIyNjAwJTIyJTIwaGVpZ2h0JTNEJTIyNDUwJTIyJTIwZnJhbWVib3JkZXIlM0QlMjIwJTIyJTIwc3R5bGUlM0QlMjJib3JkZXIlM0EwJTNCJTIyJTIwYWxsb3dmdWxsc2NyZWVuJTNEJTIyJTIyJTNFJTNDJTJGaWZyYW1lJTNF&#8221;][\/vc_column][\/vc_row]<\/p>\n","protected":false},"excerpt":{"rendered":"<p>[vc_row][vc_column][vc_column_text] T\u00fcrkiye&#8217;de yabanc\u0131lara konut sat\u0131\u015f\u0131nda vatanda\u015fl\u0131k hakk\u0131 veriliyor olmas\u0131, konut ve gayrimenkul sat\u0131\u015f\u0131n\u0131 artmas\u0131na neden oluyor. Sekt\u00f6rdeki bir\u00e7ok firma bilmese de 250 bin dolar kar\u015f\u0131l\u0131\u011f\u0131nda konut veya gayrimenkul sat\u0131n alan yabanc\u0131lar T\u00fcrk vatanda\u015f\u0131 olabiliyor. Ayr\u0131ca yabanc\u0131lara gayrimenkul sat\u0131\u015f\u0131 yapan firmalar\u0131n ihracat\u00e7\u0131 say\u0131lmas\u0131 da talep ediliyor. 250 B\u0130N DOLAR KONUT KAR\u015eILI\u011eINDA T\u00dcRK VATANDA\u015eLI\u011eI NASIL ALINIR? Ge\u00e7en [&hellip;]<\/p>\n","protected":false},"author":1,"featured_media":0,"parent":0,"menu_order":0,"comment_status":"closed","ping_status":"closed","template":"template\/template-page.php","meta":[],"yoast_head":"<!-- This site is optimized with the Yoast SEO plugin v21.0 - https:\/\/yoast.com\/wordpress\/plugins\/seo\/ -->\n<title>T\u00fcrk Vatanda\u015fl\u0131\u011f\u0131 - ScanGroup Homes<\/title>\n<meta name=\"robots\" content=\"index, follow, max-snippet:-1, max-image-preview:large, max-video-preview:-1\" \/>\n<link rel=\"canonical\" href=\"https:\/\/www.scangrouphomes.com\/tr\/turk-vatandasligi\/\" \/>\n<meta property=\"og:locale\" content=\"tr_TR\" \/>\n<meta property=\"og:type\" content=\"article\" \/>\n<meta property=\"og:title\" content=\"T\u00fcrk Vatanda\u015fl\u0131\u011f\u0131 - ScanGroup Homes\" \/>\n<meta property=\"og:description\" content=\"[vc_row][vc_column][vc_column_text] T\u00fcrkiye&#8217;de yabanc\u0131lara konut sat\u0131\u015f\u0131nda vatanda\u015fl\u0131k hakk\u0131 veriliyor olmas\u0131, konut ve gayrimenkul sat\u0131\u015f\u0131n\u0131 artmas\u0131na neden oluyor. Sekt\u00f6rdeki bir\u00e7ok firma bilmese de 250 bin dolar kar\u015f\u0131l\u0131\u011f\u0131nda konut veya gayrimenkul sat\u0131n alan yabanc\u0131lar T\u00fcrk vatanda\u015f\u0131 olabiliyor. Ayr\u0131ca yabanc\u0131lara gayrimenkul sat\u0131\u015f\u0131 yapan firmalar\u0131n ihracat\u00e7\u0131 say\u0131lmas\u0131 da talep ediliyor. 250 B\u0130N DOLAR KONUT KAR\u015eILI\u011eINDA T\u00dcRK VATANDA\u015eLI\u011eI NASIL ALINIR? Ge\u00e7en [&hellip;]\" \/>\n<meta property=\"og:url\" content=\"https:\/\/www.scangrouphomes.com\/tr\/turk-vatandasligi\/\" \/>\n<meta property=\"og:site_name\" content=\"ScanGroup Homes\" \/>\n<meta property=\"article:modified_time\" content=\"2021-03-17T01:40:16+00:00\" \/>\n<meta name=\"twitter:card\" content=\"summary_large_image\" \/>\n<meta name=\"twitter:label1\" content=\"Tahmini okuma s\u00fcresi\" \/>\n\t<meta name=\"twitter:data1\" content=\"3 dakika\" \/>\n<script type=\"application\/ld+json\" class=\"yoast-schema-graph\">{\"@context\":\"https:\/\/schema.org\",\"@graph\":[{\"@type\":\"WebPage\",\"@id\":\"https:\/\/www.scangrouphomes.com\/tr\/turk-vatandasligi\/\",\"url\":\"https:\/\/www.scangrouphomes.com\/tr\/turk-vatandasligi\/\",\"name\":\"T\u00fcrk Vatanda\u015fl\u0131\u011f\u0131 - ScanGroup Homes\",\"isPartOf\":{\"@id\":\"https:\/\/www.scangrouphomes.com\/tr\/#website\"},\"datePublished\":\"2021-03-17T01:40:15+00:00\",\"dateModified\":\"2021-03-17T01:40:16+00:00\",\"breadcrumb\":{\"@id\":\"https:\/\/www.scangrouphomes.com\/tr\/turk-vatandasligi\/#breadcrumb\"},\"inLanguage\":\"tr\",\"potentialAction\":[{\"@type\":\"ReadAction\",\"target\":[\"https:\/\/www.scangrouphomes.com\/tr\/turk-vatandasligi\/\"]}]},{\"@type\":\"BreadcrumbList\",\"@id\":\"https:\/\/www.scangrouphomes.com\/tr\/turk-vatandasligi\/#breadcrumb\",\"itemListElement\":[{\"@type\":\"ListItem\",\"position\":1,\"name\":\"Home\",\"item\":\"https:\/\/www.scangrouphomes.com\/tr\/\"},{\"@type\":\"ListItem\",\"position\":2,\"name\":\"T\u00fcrk Vatanda\u015fl\u0131\u011f\u0131\"}]},{\"@type\":\"WebSite\",\"@id\":\"https:\/\/www.scangrouphomes.com\/tr\/#website\",\"url\":\"https:\/\/www.scangrouphomes.com\/tr\/\",\"name\":\"ScanGroup Homes\",\"description\":\"Property in Alanya Turkey real estate apartments villas buying property Antalya\",\"potentialAction\":[{\"@type\":\"SearchAction\",\"target\":{\"@type\":\"EntryPoint\",\"urlTemplate\":\"https:\/\/www.scangrouphomes.com\/tr\/?s={search_term_string}\"},\"query-input\":\"required name=search_term_string\"}],\"inLanguage\":\"tr\"}]}<\/script>\n<!-- \/ Yoast SEO plugin. -->","yoast_head_json":{"title":"T\u00fcrk Vatanda\u015fl\u0131\u011f\u0131 - ScanGroup Homes","robots":{"index":"index","follow":"follow","max-snippet":"max-snippet:-1","max-image-preview":"max-image-preview:large","max-video-preview":"max-video-preview:-1"},"canonical":"https:\/\/www.scangrouphomes.com\/tr\/turk-vatandasligi\/","og_locale":"tr_TR","og_type":"article","og_title":"T\u00fcrk Vatanda\u015fl\u0131\u011f\u0131 - ScanGroup Homes","og_description":"[vc_row][vc_column][vc_column_text] T\u00fcrkiye&#8217;de yabanc\u0131lara konut sat\u0131\u015f\u0131nda vatanda\u015fl\u0131k hakk\u0131 veriliyor olmas\u0131, konut ve gayrimenkul sat\u0131\u015f\u0131n\u0131 artmas\u0131na neden oluyor. Sekt\u00f6rdeki bir\u00e7ok firma bilmese de 250 bin dolar kar\u015f\u0131l\u0131\u011f\u0131nda konut veya gayrimenkul sat\u0131n alan yabanc\u0131lar T\u00fcrk vatanda\u015f\u0131 olabiliyor. Ayr\u0131ca yabanc\u0131lara gayrimenkul sat\u0131\u015f\u0131 yapan firmalar\u0131n ihracat\u00e7\u0131 say\u0131lmas\u0131 da talep ediliyor. 250 B\u0130N DOLAR KONUT KAR\u015eILI\u011eINDA T\u00dcRK VATANDA\u015eLI\u011eI NASIL ALINIR? Ge\u00e7en [&hellip;]","og_url":"https:\/\/www.scangrouphomes.com\/tr\/turk-vatandasligi\/","og_site_name":"ScanGroup Homes","article_modified_time":"2021-03-17T01:40:16+00:00","twitter_card":"summary_large_image","twitter_misc":{"Tahmini okuma s\u00fcresi":"3 dakika"},"schema":{"@context":"https:\/\/schema.org","@graph":[{"@type":"WebPage","@id":"https:\/\/www.scangrouphomes.com\/tr\/turk-vatandasligi\/","url":"https:\/\/www.scangrouphomes.com\/tr\/turk-vatandasligi\/","name":"T\u00fcrk Vatanda\u015fl\u0131\u011f\u0131 - ScanGroup Homes","isPartOf":{"@id":"https:\/\/www.scangrouphomes.com\/tr\/#website"},"datePublished":"2021-03-17T01:40:15+00:00","dateModified":"2021-03-17T01:40:16+00:00","breadcrumb":{"@id":"https:\/\/www.scangrouphomes.com\/tr\/turk-vatandasligi\/#breadcrumb"},"inLanguage":"tr","potentialAction":[{"@type":"ReadAction","target":["https:\/\/www.scangrouphomes.com\/tr\/turk-vatandasligi\/"]}]},{"@type":"BreadcrumbList","@id":"https:\/\/www.scangrouphomes.com\/tr\/turk-vatandasligi\/#breadcrumb","itemListElement":[{"@type":"ListItem","position":1,"name":"Home","item":"https:\/\/www.scangrouphomes.com\/tr\/"},{"@type":"ListItem","position":2,"name":"T\u00fcrk Vatanda\u015fl\u0131\u011f\u0131"}]},{"@type":"WebSite","@id":"https:\/\/www.scangrouphomes.com\/tr\/#website","url":"https:\/\/www.scangrouphomes.com\/tr\/","name":"ScanGroup Homes","description":"Property in Alanya Turkey real estate apartments villas buying property Antalya","potentialAction":[{"@type":"SearchAction","target":{"@type":"EntryPoint","urlTemplate":"https:\/\/www.scangrouphomes.com\/tr\/?s={search_term_string}"},"query-input":"required name=search_term_string"}],"inLanguage":"tr"}]}},"_links":{"self":[{"href":"https:\/\/www.scangrouphomes.com\/tr\/wp-json\/wp\/v2\/pages\/16272"}],"collection":[{"href":"https:\/\/www.scangrouphomes.com\/tr\/wp-json\/wp\/v2\/pages"}],"about":[{"href":"https:\/\/www.scangrouphomes.com\/tr\/wp-json\/wp\/v2\/types\/page"}],"author":[{"embeddable":true,"href":"https:\/\/www.scangrouphomes.com\/tr\/wp-json\/wp\/v2\/users\/1"}],"replies":[{"embeddable":true,"href":"https:\/\/www.scangrouphomes.com\/tr\/wp-json\/wp\/v2\/comments?post=16272"}],"version-history":[{"count":3,"href":"https:\/\/www.scangrouphomes.com\/tr\/wp-json\/wp\/v2\/pages\/16272\/revisions"}],"predecessor-version":[{"id":16296,"href":"https:\/\/www.scangrouphomes.com\/tr\/wp-json\/wp\/v2\/pages\/16272\/revisions\/16296"}],"wp:attachment":[{"href":"https:\/\/www.scangrouphomes.com\/tr\/wp-json\/wp\/v2\/media?parent=16272"}],"curies":[{"name":"wp","href":"https:\/\/api.w.org\/{rel}","templated":true}]}}