{"id":16250,"date":"2021-03-17T01:36:09","date_gmt":"2021-03-17T01:36:09","guid":{"rendered":"https:\/\/sgh.alanya.work\/?page_id=16250"},"modified":"2021-03-17T01:36:10","modified_gmt":"2021-03-17T01:36:10","slug":"tapu-nedir","status":"publish","type":"page","link":"https:\/\/www.scangrouphomes.com\/tr\/tapu-nedir\/","title":{"rendered":"Tapu Nedir ?"},"content":{"rendered":"<p>[vc_row][vc_column][vc_column_text]<\/p>\n<p><strong>Tapu Nedir?<\/strong><\/p>\n<p>Tapu; m\u00fclkiyet hakk\u0131n\u0131n size ait oldu\u011funu g\u00f6steren yasal bir belgedir. Mal sahibinin tam ismi, foto\u011fraf\u0131 ve varl\u0131klar hakk\u0131ndaki detayl\u0131 bilgileri bu belgede g\u00f6sterilir.<\/p>\n<p><strong>Tapu Almak \u0130\u00e7in Yap\u0131lmas\u0131 Gerekenler:<\/strong><\/p>\n<p>Bu resmi belge, m\u00fclk\u00fcn\u00fcz\u00fcn bulundu\u011fu yerdeki Tapu Dairesine verilir ve tescil edilir. Tapu burada ar\u015fivlenir ve bir damga ile m\u00fch\u00fcrlenmelidir. Tapu ba\u015fvurunuz i\u00e7in ba\u015fvuruda bulunarak, \u015fahsen (veya vekaletinizle birlikte vekaleten) tapu sicil memurlu\u011funa m\u00fclk sat\u0131c\u0131s\u0131 ile gelip bu belgeleri imzalad\u0131ktan sonra, m\u00fclk\u00fcn sat\u0131n alma s\u00fcreci tamamlan\u0131r ve sizde bir m\u00fclk sahibi olursunuz ve m\u00fclk\u00fcn\u00fcz\u00fcn t\u00fcm haklar\u0131na sahip olursunuz.<\/p>\n<p><strong>Tapu G\u00fcn\u00fcnden \u00d6nce:<\/strong><\/p>\n<p>1. Tapu harc\u0131 ve emlak vergisi \u00f6demesini kim yapaca\u011f\u0131 netle\u015ftirilmeli,<\/p>\n<p>Emlak\u00e7\u0131 \u00f6demesi, tapu, dosya ile sigorta masraflar\u0131 hesaba kat\u0131lmal\u0131,<br \/>\nUygun konut kredisi ara\u015ft\u0131r\u0131lmal\u0131, net kredi tutar\u0131 ve vade tercihi yap\u0131lmal\u0131 \u2013 (konut kredisi kullanacaklar i\u00e7in),<br \/>\nTapu fotokopisi d\u00e2hil, istenilen t\u00fcm evrak ile bankaya ba\u015fvurulmal\u0131 \u2013 (konut kredisi kullanacaklar i\u00e7in),<br \/>\n\u00d6demenin nas\u0131l yap\u0131laca\u011f\u0131 netle\u015ftirilmeli, banka hesaplar\u0131n\u0131n \u00fcst transfer limiti kontrol edilmeli,<br \/>\nZorunlu Deprem Sigortas\u0131 (ZDS) genel tabir ile DASK, yapt\u0131r\u0131lmal\u0131 veya ge\u00e7erlili\u011fi kontrol edilmeli,<br \/>\nKonutun ba\u011fl\u0131 bulundu\u011fu belediyeden rayi\u00e7 bedel al\u0131nmal\u0131 ve \u00f6denmemi\u015fse emlak vergisi \u00f6demesi yap\u0131lmal\u0131,<br \/>\nBankadan ipotek evraklar\u0131 ile ipotek yetkilisinin bilgileri al\u0131nmal\u0131 \u2013 (konut kredisi kullanacaklar i\u00e7in),<br \/>\nTapu sahibi veya vekili gerekli evraklar ile birlikte tapu m\u00fcd\u00fcrl\u00fc\u011f\u00fcne ba\u015fvuruda bulunmal\u0131,<br \/>\nSMS olarak gelen randevu bilgilerine g\u00f6re har\u00e7 \u00f6demesi yap\u0131lmal\u0131,<br \/>\nBankan\u0131n ipotek yetkilisine randevu g\u00fcn\u00fc ve saati bildirilmeli \u2013 (konut kredisi kullanacaklar i\u00e7in),<br \/>\nTapu G\u00fcn\u00fcnde:<\/p>\n<p>Randevu saatinde tapuda t\u00fcm al\u0131c\u0131lar ve sat\u0131c\u0131lar (veya vekilleri), kimlik belgeleri ile haz\u0131r olmal\u0131,<br \/>\nOkuma yazma bilmeyen al\u0131c\u0131lar ve sat\u0131c\u0131lar i\u00e7in akrabal\u0131k ba\u011f\u0131 bulunmayan iki \u015fahit getirilmeli,<br \/>\n\u00d6denen har\u00e7 dekontlar\u0131 i\u015flemi yapan memura verilmeli,<br \/>\nAkit odas\u0131nda sat\u0131\u015f evraklar\u0131, t\u00fcm al\u0131c\u0131lar ve sat\u0131c\u0131lar taraf\u0131ndan imzalanmal\u0131,<br \/>\nKredi kullan\u0131ld\u0131 ise bankada kredi a\u00e7\u0131l\u0131\u015f evraklar\u0131 imzalanmal\u0131 \u2013 (konut kredisi kullanacaklar i\u00e7in),<\/p>\n<p><strong>Tapu G\u00fcn\u00fcnden Sonra:<\/strong><\/p>\n<p>Fatura ta\u015f\u0131ma i\u015flemleri i\u00e7in ilgili kurumlara gidilmeli,<br \/>\nN\u00fcfus M\u00fcd\u00fcrl\u00fc\u011f\u00fcne gidilerek ikametg\u00e2h ta\u015f\u0131ma i\u015flemleri yap\u0131lmal\u0131,<br \/>\n\u0130lgili belediyeye emlak vergisi bildiriminde bulunulmal\u0131.<\/p>\n<p>&nbsp;<\/p>\n<p>[\/vc_column_text][\/vc_column][\/vc_row][vc_row][vc_column][vc_separator color=&#8221;orange&#8221; style=&#8221;shadow&#8221; border_width=&#8221;3&#8243;][\/vc_column][\/vc_row][vc_row][vc_column]\n<div class=\"wpcf7 no-js\" id=\"wpcf7-f14712-o1\" lang=\"en-US\" dir=\"ltr\">\n<div class=\"screen-reader-response\"><p role=\"status\" aria-live=\"polite\" aria-atomic=\"true\"><\/p> <ul><\/ul><\/div>\n<form action=\"\/tr\/wp-json\/wp\/v2\/pages\/16250#wpcf7-f14712-o1\" method=\"post\" class=\"wpcf7-form init\" aria-label=\"Contact form\" novalidate=\"novalidate\" data-status=\"init\">\n<div style=\"display: none;\">\n<input type=\"hidden\" name=\"_wpcf7\" value=\"14712\" \/>\n<input type=\"hidden\" name=\"_wpcf7_version\" value=\"5.8\" \/>\n<input type=\"hidden\" name=\"_wpcf7_locale\" value=\"en_US\" \/>\n<input type=\"hidden\" name=\"_wpcf7_unit_tag\" value=\"wpcf7-f14712-o1\" \/>\n<input type=\"hidden\" name=\"_wpcf7_container_post\" value=\"0\" \/>\n<input type=\"hidden\" name=\"_wpcf7_posted_data_hash\" value=\"\" \/>\n<input type=\"hidden\" name=\"_wpcf7_recaptcha_response\" value=\"\" \/>\n<\/div>\n<div class=\"form-group\">\n\t<p><label class=\"required\" for=\"yourName\">Your Name<\/label><br \/>\n<span class=\"wpcf7-form-control-wrap\" data-name=\"your-name\"><input size=\"40\" class=\"wpcf7-form-control wpcf7-text wpcf7-validates-as-required form-control\" aria-required=\"true\" aria-invalid=\"false\" value=\"\" type=\"text\" name=\"your-name\" \/><\/span>\n\t<\/p>\n<\/div>\n<div class=\"form-group\">\n\t<p><label class=\"required\" for=\"yourEmail\">Your Email<\/label><br \/>\n<span class=\"wpcf7-form-control-wrap\" data-name=\"your-email\"><input size=\"40\" class=\"wpcf7-form-control wpcf7-email wpcf7-validates-as-required wpcf7-text wpcf7-validates-as-email form-control\" aria-required=\"true\" aria-invalid=\"false\" value=\"\" type=\"email\" name=\"your-email\" \/><\/span>\n\t<\/p>\n<\/div>\n<div class=\"form-group\">\n\t<p><label class=\"required\" for=\"yourPhone\">Your Phone <\/label><br \/>\n<span class=\"wpcf7-form-control-wrap\" data-name=\"tel-179\"><input size=\"40\" class=\"wpcf7-form-control wpcf7-tel wpcf7-validates-as-required wpcf7-text wpcf7-validates-as-tel form-control\" aria-required=\"true\" aria-invalid=\"false\" value=\"\" type=\"tel\" name=\"tel-179\" \/><\/span>\n\t<\/p>\n<\/div>\n<div class=\"form-group\">\n\t<p><label class=\"required\" for=\"yourSubject\">Subject <\/label><br \/>\n<span class=\"wpcf7-form-control-wrap\" data-name=\"your-subject\"><input size=\"40\" class=\"wpcf7-form-control wpcf7-text wpcf7-validates-as-required form-control\" aria-required=\"true\" aria-invalid=\"false\" value=\"\" type=\"text\" name=\"your-subject\" \/><\/span>\n\t<\/p>\n<\/div>\n\n<div class=\"form-group\">\n\t<p><label class=\"required\" for=\"yourMessage\">Your Message <\/label><br \/>\n<span class=\"wpcf7-form-control-wrap\" data-name=\"your-message\"><textarea cols=\"40\" rows=\"10\" class=\"wpcf7-form-control wpcf7-textarea wpcf7-validates-as-required form-control\" aria-required=\"true\" aria-invalid=\"false\" name=\"your-message\"><\/textarea><\/span>\n\t<\/p>\n<\/div>\n\n<div class=\"form-group\">\n\t<p><input class=\"wpcf7-form-control wpcf7-submit has-spinner btn btn-primary btn-lg\" type=\"submit\" value=\"Send\" \/>\n\t<\/p>\n<\/div><p style=\"display: none !important;\"><label>&#916;<textarea name=\"_wpcf7_ak_hp_textarea\" cols=\"45\" rows=\"8\" maxlength=\"100\"><\/textarea><\/label><input type=\"hidden\" id=\"ak_js_1\" name=\"_wpcf7_ak_js\" value=\"182\"\/><script>document.getElementById( \"ak_js_1\" ).setAttribute( \"value\", ( new Date() ).getTime() );<\/script><\/p><div class=\"wpcf7-response-output\" aria-hidden=\"true\"><\/div>\n<\/form>\n<\/div>\n[\/vc_column][\/vc_row][vc_row][vc_column][vc_separator color=&#8221;orange&#8221; style=&#8221;shadow&#8221; border_width=&#8221;3&#8243;]\n        <!--start agents module-->\n        \n            \n        <script type=\"text\/javascript\">\n            jQuery(document).ready(function($){\n                if($(\"#agents-carousel-fflfw\").length > 0){\n                    var owlAgents = $('#agents-carousel-fflfw');\n                    owlAgents.owlCarousel({\n                        rtl: false,\n                        loop: true,\n                        dots: false,\n                        slideBy: 1,\n                        autoplay: true,\n                        autoplaySpeed: 700,\n                        nav: false,\n                        responsive:{\n                            0: {\n                                items: 1\n                            },\n                            320: {\n                                items: 1\n                            },\n                            480: {\n                                items: 1\n                            },\n                            768: {\n                                items: 2\n                            },\n                            1000: {\n                                items: 3\n                            },\n                            1280: {\n                                items: 4\n                            }\n                        }\n                    });\n\n                    $('.btn-prev-agents').on('click',function() {\n                        owlAgents.trigger('prev.owl.carousel',[700])\n                    });\n                    $('.btn-next-agents').on('click',function() {\n                        owlAgents.trigger('next.owl.carousel',[700])\n                    });\n\n                }\n            });\n        <\/script>\n\n        <div id=\"agents-carousel-module\" class=\"houzez-module agents-carousel-module\">\n            <div class=\"row\">\n                <div class=\"col-sm-12\">\n                    <div class=\"module-title-nav clearfix\">\n\n                        \n                        <div class=\"module-nav\">\n                            <button\n                                class=\"btn btn-carousel btn-sm btn-prev-agents\">Prev<\/button>\n                            <button\n                                class=\"btn btn-carousel btn-sm btn-next-agents\">Next<\/button>\n                        <\/div>\n                    <\/div>\n                <\/div>\n                <div class=\"col-sm-12\">\n                    <div id=\"agents-carousel-fflfw\" class=\"agents-carousel slide-animated owl-carousel owl-theme\">\n\n                                                    <div class=\"item\">\n                                <div class=\"agents-block\">\n                                    <figure class=\"auther-thumb\">\n                                        <a href=\"https:\/\/www.scangrouphomes.com\/tr\/agent\/mahmut-kaya\/\"\n                                           class=\"view\">\n                                        <img src=\"https:\/\/i0.wp.com\/www.scangrouphomes.com\/wp-content\/uploads\/2016\/02\/mahmut-kaya-640.jpg?resize=350%2C350&#038;ssl=1\" class=\"img-circle\" width=\"150\"\n                                             height=\"150\" alt=\"Mahmut Kaya\">\n                                        <\/a>\n                                    <\/figure>\n\n                                        <div class=\"web-logo text-center\">\n                                                                                <\/div>\n\n                                    <div class=\"block-body\">\n                                        <p class=\"auther-info\">\n                                            <span class=\"blue\">Mahmut Kaya<\/span>\n                                            <span>Founder &amp; Ceo                                                                                            , Scangrouphomes<\/span>\n                                                                                    <\/p>\n\n                                        <p class=\"description\"><\/p>\n                                        <a href=\"https:\/\/www.scangrouphomes.com\/tr\/agent\/mahmut-kaya\/\"\n                                           class=\"view\">View Profile<\/a>\n                                    <\/div>\n                                <\/div>\n                            <\/div>\n                                                    <div class=\"item\">\n                                <div class=\"agents-block\">\n                                    <figure class=\"auther-thumb\">\n                                        <a href=\"https:\/\/www.scangrouphomes.com\/tr\/agent\/tugba-kaya\/\"\n                                           class=\"view\">\n                                        <img src=\"https:\/\/i0.wp.com\/www.scangrouphomes.com\/wp-content\/uploads\/2021\/04\/tugba-kaya-640.jpg?resize=350%2C350&#038;ssl=1\" class=\"img-circle\" width=\"150\"\n                                             height=\"150\" alt=\"Tu\u011fba Kaya\">\n                                        <\/a>\n                                    <\/figure>\n\n                                        <div class=\"web-logo text-center\">\n                                                                                <\/div>\n\n                                    <div class=\"block-body\">\n                                        <p class=\"auther-info\">\n                                            <span class=\"blue\">Tu\u011fba Kaya<\/span>\n                                            <span>Office Manager                                                                                            , Scangrouphomes<\/span>\n                                                                                    <\/p>\n\n                                        <p class=\"description\"><\/p>\n                                        <a href=\"https:\/\/www.scangrouphomes.com\/tr\/agent\/tugba-kaya\/\"\n                                           class=\"view\">View Profile<\/a>\n                                    <\/div>\n                                <\/div>\n                            <\/div>\n                                                \n                    <\/div>\n                <\/div>\n            <\/div>\n        <\/div>\n\n            <!--end post agents module-->\n\n\n        [\/vc_column][\/vc_row][vc_row full_width=&#8221;stretch_row_content_no_spaces&#8221;][vc_column][vc_gmaps link=&#8221;#E-8_JTNDaWZyYW1lJTIwc3JjJTNEJTIyaHR0cHMlM0ElMkYlMkZ3d3cuZ29vZ2xlLmNvbSUyRm1hcHMlMkZlbWJlZCUzRnBiJTNEJTIxMW0xNCUyMTFtOCUyMTFtMyUyMTFkMTI4MjEuOTUxMjM2MjY4MTE2JTIxMmQzMi4wMjkwNTAyJTIxM2QzNi41NDIzNDk0JTIxM20yJTIxMWkxMDI0JTIxMmk3NjglMjE0ZjEzLjElMjEzbTMlMjExbTIlMjExczB4MCUyNTNBMHgzZTNhYzc1YzVlZDE2NGUwJTIxMnNTY2FuZ3JvdXAlMjUyMEhvbWVzJTIxNWUwJTIxM20yJTIxMXN0ciUyMTJzdHIlMjE0djE1NzY2NjAzNjczMzQlMjE1bTIlMjExc3RyJTIxMnN0ciUyMiUyMHdpZHRoJTNEJTIyNjAwJTIyJTIwaGVpZ2h0JTNEJTIyNDUwJTIyJTIwZnJhbWVib3JkZXIlM0QlMjIwJTIyJTIwc3R5bGUlM0QlMjJib3JkZXIlM0EwJTNCJTIyJTIwYWxsb3dmdWxsc2NyZWVuJTNEJTIyJTIyJTNFJTNDJTJGaWZyYW1lJTNF&#8221;][\/vc_column][\/vc_row]<\/p>\n","protected":false},"excerpt":{"rendered":"<p>[vc_row][vc_column][vc_column_text] Tapu Nedir? Tapu; m\u00fclkiyet hakk\u0131n\u0131n size ait oldu\u011funu g\u00f6steren yasal bir belgedir. Mal sahibinin tam ismi, foto\u011fraf\u0131 ve varl\u0131klar hakk\u0131ndaki detayl\u0131 bilgileri bu belgede g\u00f6sterilir. Tapu Almak \u0130\u00e7in Yap\u0131lmas\u0131 Gerekenler: Bu resmi belge, m\u00fclk\u00fcn\u00fcz\u00fcn bulundu\u011fu yerdeki Tapu Dairesine verilir ve tescil edilir. Tapu burada ar\u015fivlenir ve bir damga ile m\u00fch\u00fcrlenmelidir. Tapu ba\u015fvurunuz i\u00e7in ba\u015fvuruda [&hellip;]<\/p>\n","protected":false},"author":1,"featured_media":0,"parent":0,"menu_order":0,"comment_status":"closed","ping_status":"closed","template":"template\/template-page.php","meta":[],"yoast_head":"<!-- This site is optimized with the Yoast SEO plugin v21.0 - https:\/\/yoast.com\/wordpress\/plugins\/seo\/ -->\n<title>Tapu Nedir ? - ScanGroup Homes<\/title>\n<meta name=\"robots\" content=\"index, follow, max-snippet:-1, max-image-preview:large, max-video-preview:-1\" \/>\n<link rel=\"canonical\" href=\"https:\/\/www.scangrouphomes.com\/tr\/tapu-nedir\/\" \/>\n<meta property=\"og:locale\" content=\"tr_TR\" \/>\n<meta property=\"og:type\" content=\"article\" \/>\n<meta property=\"og:title\" content=\"Tapu Nedir ? - ScanGroup Homes\" \/>\n<meta property=\"og:description\" content=\"[vc_row][vc_column][vc_column_text] Tapu Nedir? Tapu; m\u00fclkiyet hakk\u0131n\u0131n size ait oldu\u011funu g\u00f6steren yasal bir belgedir. Mal sahibinin tam ismi, foto\u011fraf\u0131 ve varl\u0131klar hakk\u0131ndaki detayl\u0131 bilgileri bu belgede g\u00f6sterilir. Tapu Almak \u0130\u00e7in Yap\u0131lmas\u0131 Gerekenler: Bu resmi belge, m\u00fclk\u00fcn\u00fcz\u00fcn bulundu\u011fu yerdeki Tapu Dairesine verilir ve tescil edilir. Tapu burada ar\u015fivlenir ve bir damga ile m\u00fch\u00fcrlenmelidir. Tapu ba\u015fvurunuz i\u00e7in ba\u015fvuruda [&hellip;]\" \/>\n<meta property=\"og:url\" content=\"https:\/\/www.scangrouphomes.com\/tr\/tapu-nedir\/\" \/>\n<meta property=\"og:site_name\" content=\"ScanGroup Homes\" \/>\n<meta property=\"article:modified_time\" content=\"2021-03-17T01:36:10+00:00\" \/>\n<meta name=\"twitter:card\" content=\"summary_large_image\" \/>\n<meta name=\"twitter:label1\" content=\"Tahmini okuma s\u00fcresi\" \/>\n\t<meta name=\"twitter:data1\" content=\"3 dakika\" \/>\n<script type=\"application\/ld+json\" class=\"yoast-schema-graph\">{\"@context\":\"https:\/\/schema.org\",\"@graph\":[{\"@type\":\"WebPage\",\"@id\":\"https:\/\/www.scangrouphomes.com\/tr\/tapu-nedir\/\",\"url\":\"https:\/\/www.scangrouphomes.com\/tr\/tapu-nedir\/\",\"name\":\"Tapu Nedir ? - ScanGroup Homes\",\"isPartOf\":{\"@id\":\"https:\/\/www.scangrouphomes.com\/tr\/#website\"},\"datePublished\":\"2021-03-17T01:36:09+00:00\",\"dateModified\":\"2021-03-17T01:36:10+00:00\",\"breadcrumb\":{\"@id\":\"https:\/\/www.scangrouphomes.com\/tr\/tapu-nedir\/#breadcrumb\"},\"inLanguage\":\"tr\",\"potentialAction\":[{\"@type\":\"ReadAction\",\"target\":[\"https:\/\/www.scangrouphomes.com\/tr\/tapu-nedir\/\"]}]},{\"@type\":\"BreadcrumbList\",\"@id\":\"https:\/\/www.scangrouphomes.com\/tr\/tapu-nedir\/#breadcrumb\",\"itemListElement\":[{\"@type\":\"ListItem\",\"position\":1,\"name\":\"Home\",\"item\":\"https:\/\/www.scangrouphomes.com\/tr\/\"},{\"@type\":\"ListItem\",\"position\":2,\"name\":\"Tapu Nedir ?\"}]},{\"@type\":\"WebSite\",\"@id\":\"https:\/\/www.scangrouphomes.com\/tr\/#website\",\"url\":\"https:\/\/www.scangrouphomes.com\/tr\/\",\"name\":\"ScanGroup Homes\",\"description\":\"Property in Alanya Turkey real estate apartments villas buying property Antalya\",\"potentialAction\":[{\"@type\":\"SearchAction\",\"target\":{\"@type\":\"EntryPoint\",\"urlTemplate\":\"https:\/\/www.scangrouphomes.com\/tr\/?s={search_term_string}\"},\"query-input\":\"required name=search_term_string\"}],\"inLanguage\":\"tr\"}]}<\/script>\n<!-- \/ Yoast SEO plugin. -->","yoast_head_json":{"title":"Tapu Nedir ? - ScanGroup Homes","robots":{"index":"index","follow":"follow","max-snippet":"max-snippet:-1","max-image-preview":"max-image-preview:large","max-video-preview":"max-video-preview:-1"},"canonical":"https:\/\/www.scangrouphomes.com\/tr\/tapu-nedir\/","og_locale":"tr_TR","og_type":"article","og_title":"Tapu Nedir ? - ScanGroup Homes","og_description":"[vc_row][vc_column][vc_column_text] Tapu Nedir? Tapu; m\u00fclkiyet hakk\u0131n\u0131n size ait oldu\u011funu g\u00f6steren yasal bir belgedir. Mal sahibinin tam ismi, foto\u011fraf\u0131 ve varl\u0131klar hakk\u0131ndaki detayl\u0131 bilgileri bu belgede g\u00f6sterilir. Tapu Almak \u0130\u00e7in Yap\u0131lmas\u0131 Gerekenler: Bu resmi belge, m\u00fclk\u00fcn\u00fcz\u00fcn bulundu\u011fu yerdeki Tapu Dairesine verilir ve tescil edilir. Tapu burada ar\u015fivlenir ve bir damga ile m\u00fch\u00fcrlenmelidir. Tapu ba\u015fvurunuz i\u00e7in ba\u015fvuruda [&hellip;]","og_url":"https:\/\/www.scangrouphomes.com\/tr\/tapu-nedir\/","og_site_name":"ScanGroup Homes","article_modified_time":"2021-03-17T01:36:10+00:00","twitter_card":"summary_large_image","twitter_misc":{"Tahmini okuma s\u00fcresi":"3 dakika"},"schema":{"@context":"https:\/\/schema.org","@graph":[{"@type":"WebPage","@id":"https:\/\/www.scangrouphomes.com\/tr\/tapu-nedir\/","url":"https:\/\/www.scangrouphomes.com\/tr\/tapu-nedir\/","name":"Tapu Nedir ? - ScanGroup Homes","isPartOf":{"@id":"https:\/\/www.scangrouphomes.com\/tr\/#website"},"datePublished":"2021-03-17T01:36:09+00:00","dateModified":"2021-03-17T01:36:10+00:00","breadcrumb":{"@id":"https:\/\/www.scangrouphomes.com\/tr\/tapu-nedir\/#breadcrumb"},"inLanguage":"tr","potentialAction":[{"@type":"ReadAction","target":["https:\/\/www.scangrouphomes.com\/tr\/tapu-nedir\/"]}]},{"@type":"BreadcrumbList","@id":"https:\/\/www.scangrouphomes.com\/tr\/tapu-nedir\/#breadcrumb","itemListElement":[{"@type":"ListItem","position":1,"name":"Home","item":"https:\/\/www.scangrouphomes.com\/tr\/"},{"@type":"ListItem","position":2,"name":"Tapu Nedir ?"}]},{"@type":"WebSite","@id":"https:\/\/www.scangrouphomes.com\/tr\/#website","url":"https:\/\/www.scangrouphomes.com\/tr\/","name":"ScanGroup Homes","description":"Property in Alanya Turkey real estate apartments villas buying property Antalya","potentialAction":[{"@type":"SearchAction","target":{"@type":"EntryPoint","urlTemplate":"https:\/\/www.scangrouphomes.com\/tr\/?s={search_term_string}"},"query-input":"required name=search_term_string"}],"inLanguage":"tr"}]}},"_links":{"self":[{"href":"https:\/\/www.scangrouphomes.com\/tr\/wp-json\/wp\/v2\/pages\/16250"}],"collection":[{"href":"https:\/\/www.scangrouphomes.com\/tr\/wp-json\/wp\/v2\/pages"}],"about":[{"href":"https:\/\/www.scangrouphomes.com\/tr\/wp-json\/wp\/v2\/types\/page"}],"author":[{"embeddable":true,"href":"https:\/\/www.scangrouphomes.com\/tr\/wp-json\/wp\/v2\/users\/1"}],"replies":[{"embeddable":true,"href":"https:\/\/www.scangrouphomes.com\/tr\/wp-json\/wp\/v2\/comments?post=16250"}],"version-history":[{"count":3,"href":"https:\/\/www.scangrouphomes.com\/tr\/wp-json\/wp\/v2\/pages\/16250\/revisions"}],"predecessor-version":[{"id":16264,"href":"https:\/\/www.scangrouphomes.com\/tr\/wp-json\/wp\/v2\/pages\/16250\/revisions\/16264"}],"wp:attachment":[{"href":"https:\/\/www.scangrouphomes.com\/tr\/wp-json\/wp\/v2\/media?parent=16250"}],"curies":[{"name":"wp","href":"https:\/\/api.w.org\/{rel}","templated":true}]}}