{"id":16174,"date":"2021-03-17T01:39:09","date_gmt":"2021-03-17T01:39:09","guid":{"rendered":"https:\/\/sgh.alanya.work\/?page_id=16174"},"modified":"2021-03-17T01:39:10","modified_gmt":"2021-03-17T01:39:10","slug":"finans-ve-ekonomi","status":"publish","type":"page","link":"https:\/\/www.scangrouphomes.com\/tr\/finans-ve-ekonomi\/","title":{"rendered":"Finans ve Ekonomi"},"content":{"rendered":"<p>[vc_row][vc_column][vc_column_text]<\/p>\n<p>T\u00fcrkiye ekonomisi g\u00fc\u00e7l\u00fcd\u00fcr. Avrupa&#8217;da ve d\u00fcnyada en h\u0131zl\u0131 b\u00fcy\u00fcyen ekonomilerden biri olarak tan\u0131mlanmaktad\u0131r. Ekonomik b\u00fcy\u00fcme son y\u0131llarda biraz yava\u015flad\u0131, ancak T\u00fcrkiye&#8217;deki emlak piyasas\u0131 hala Avrupa&#8217;n\u0131n en iyilerinden biridir.<\/p>\n<p>Yurt d\u0131\u015f\u0131nda bir m\u00fclk sat\u0131n al\u0131rken, \u00fclke ekonomisi, emlak piyasas\u0131, m\u00fclk fiyatlar\u0131 ve daha sonra \u00f6deme, ipotek veya taksit plan\u0131 olanaklar\u0131 hakk\u0131nda t\u00fcm bilgileri bilmeniz gerekir.<\/p>\n<p>T\u00fcrkiye&#8217;deki Scan Group Homes Emlak Ofisi, hedeflenen \u00e7e\u015fitli in\u015faat \u015firketleriyle i\u015fbirli\u011fi yap\u0131yor ve Garanti Bankas\u0131 ile i\u015fbirli\u011fi i\u00e7inde benzersiz bir \u00f6deme f\u0131rsat\u0131 sunuyor.<\/p>\n<p>10 y\u0131la kadar ipotek \u00f6demeleri i\u00e7in sabit bir faiz oran\u0131 elde edersiniz.<\/p>\n<p>T\u00fcrkiye&#8217;nin \u00f6nde gelen bankalar\u0131ndan birinin d\u00fc\u015f\u00fck bir faiz oran\u0131na sahip olma \u015fans\u0131na sahip olmak i\u00e7in l\u00fctfen yard\u0131m i\u00e7in Scan Group Homes Emlak&#8217;ta bizimle ileti\u015fime ge\u00e7in.<\/p>\n<p><strong>\u0130POTEK:<\/strong><br \/>\n* Garanti Bankas\u0131 ipote\u011fi, USD veya EUR gibi yabanc\u0131 para birimlerinde yeni in\u015fa edilen m\u00fclklerin sat\u0131n al\u0131nmas\u0131 i\u00e7in uzat\u0131ld\u0131 ve ipotek 10 y\u0131la kadar olabilir.<br \/>\n* Garanti, ipotekle ba\u011flant\u0131l\u0131 olarak gerekti\u011fi \u015fekilde m\u00fclk\u00fcn\u00fcz olacakt\u0131r ve bu, kredinin \u00f6denmesinde bir sorun olmas\u0131 durumunda \u00fclkenizdeki kendi eviniz i\u00e7in hi\u00e7bir \u015feyin risk alt\u0131nda olmad\u0131\u011f\u0131 anlam\u0131na gelir.<br \/>\n* 10 y\u0131ll\u0131k kredi ba\u015fvurusunda sabit oran.<\/p>\n<p>Kredi ba\u015fvurusu yapmak ve daha fazla bilgi almak isterseniz, ofisimizi ziyaret edebilir veya +90 242 514 42 32 numaral\u0131 telefondan bizi arayabilirsiniz.<br \/>\nBaz\u0131 se\u00e7kin m\u00fclklerimiz ayr\u0131ca 10 y\u0131ll\u0131k ipotek \u00f6demeleri ve m\u00fclk de\u011ferinin % 50&#8217;sine kadar % 5&#8217;lik sabit bir oran sunmaktad\u0131r.<br \/>\nDaha fazla bilgi i\u00e7in l\u00fctfen bizimle irtibata ge\u00e7iniz.<br \/>\n* Scan Group Homes finansal dan\u0131\u015fman de\u011fildir ve herhangi bir yat\u0131r\u0131m yap\u0131lmadan \u00f6nce t\u00fcm m\u00fc\u015fterilerin kendi adlar\u0131na finansal dan\u0131\u015fmanl\u0131k almas\u0131n\u0131 \u00f6nerir. T\u00fcrkiye&#8217;de emlak piyasas\u0131n\u0131n fiyatlar\u0131 y\u00fckselebilir veya d\u00fc\u015febilir ve ge\u00e7mi\u015f de\u011ferlerle ba\u011flant\u0131l\u0131 de\u011fildir.<\/p>\n<p>&nbsp;<\/p>\n<p>[\/vc_column_text][\/vc_column][\/vc_row][vc_row][vc_column][vc_separator color=&#8221;orange&#8221; style=&#8221;shadow&#8221; border_width=&#8221;3&#8243;][\/vc_column][\/vc_row][vc_row][vc_column]\n<div class=\"wpcf7 no-js\" id=\"wpcf7-f14712-o1\" lang=\"en-US\" dir=\"ltr\">\n<div class=\"screen-reader-response\"><p role=\"status\" aria-live=\"polite\" aria-atomic=\"true\"><\/p> <ul><\/ul><\/div>\n<form action=\"\/tr\/wp-json\/wp\/v2\/pages\/16174#wpcf7-f14712-o1\" method=\"post\" class=\"wpcf7-form init\" aria-label=\"Contact form\" novalidate=\"novalidate\" data-status=\"init\">\n<div style=\"display: none;\">\n<input type=\"hidden\" name=\"_wpcf7\" value=\"14712\" \/>\n<input type=\"hidden\" name=\"_wpcf7_version\" value=\"5.8\" \/>\n<input type=\"hidden\" name=\"_wpcf7_locale\" value=\"en_US\" \/>\n<input type=\"hidden\" name=\"_wpcf7_unit_tag\" value=\"wpcf7-f14712-o1\" \/>\n<input type=\"hidden\" name=\"_wpcf7_container_post\" value=\"0\" \/>\n<input type=\"hidden\" name=\"_wpcf7_posted_data_hash\" value=\"\" \/>\n<input type=\"hidden\" name=\"_wpcf7_recaptcha_response\" value=\"\" \/>\n<\/div>\n<div class=\"form-group\">\n\t<p><label class=\"required\" for=\"yourName\">Your Name<\/label><br \/>\n<span class=\"wpcf7-form-control-wrap\" data-name=\"your-name\"><input size=\"40\" class=\"wpcf7-form-control wpcf7-text wpcf7-validates-as-required form-control\" aria-required=\"true\" aria-invalid=\"false\" value=\"\" type=\"text\" name=\"your-name\" \/><\/span>\n\t<\/p>\n<\/div>\n<div class=\"form-group\">\n\t<p><label class=\"required\" for=\"yourEmail\">Your Email<\/label><br \/>\n<span class=\"wpcf7-form-control-wrap\" data-name=\"your-email\"><input size=\"40\" class=\"wpcf7-form-control wpcf7-email wpcf7-validates-as-required wpcf7-text wpcf7-validates-as-email form-control\" aria-required=\"true\" aria-invalid=\"false\" value=\"\" type=\"email\" name=\"your-email\" \/><\/span>\n\t<\/p>\n<\/div>\n<div class=\"form-group\">\n\t<p><label class=\"required\" for=\"yourPhone\">Your Phone <\/label><br \/>\n<span class=\"wpcf7-form-control-wrap\" data-name=\"tel-179\"><input size=\"40\" class=\"wpcf7-form-control wpcf7-tel wpcf7-validates-as-required wpcf7-text wpcf7-validates-as-tel form-control\" aria-required=\"true\" aria-invalid=\"false\" value=\"\" type=\"tel\" name=\"tel-179\" \/><\/span>\n\t<\/p>\n<\/div>\n<div class=\"form-group\">\n\t<p><label class=\"required\" for=\"yourSubject\">Subject <\/label><br \/>\n<span class=\"wpcf7-form-control-wrap\" data-name=\"your-subject\"><input size=\"40\" class=\"wpcf7-form-control wpcf7-text wpcf7-validates-as-required form-control\" aria-required=\"true\" aria-invalid=\"false\" value=\"\" type=\"text\" name=\"your-subject\" \/><\/span>\n\t<\/p>\n<\/div>\n\n<div class=\"form-group\">\n\t<p><label class=\"required\" for=\"yourMessage\">Your Message <\/label><br \/>\n<span class=\"wpcf7-form-control-wrap\" data-name=\"your-message\"><textarea cols=\"40\" rows=\"10\" class=\"wpcf7-form-control wpcf7-textarea wpcf7-validates-as-required form-control\" aria-required=\"true\" aria-invalid=\"false\" name=\"your-message\"><\/textarea><\/span>\n\t<\/p>\n<\/div>\n\n<div class=\"form-group\">\n\t<p><input class=\"wpcf7-form-control wpcf7-submit has-spinner btn btn-primary btn-lg\" type=\"submit\" value=\"Send\" \/>\n\t<\/p>\n<\/div><p style=\"display: none !important;\"><label>&#916;<textarea name=\"_wpcf7_ak_hp_textarea\" cols=\"45\" rows=\"8\" maxlength=\"100\"><\/textarea><\/label><input type=\"hidden\" id=\"ak_js_1\" name=\"_wpcf7_ak_js\" value=\"88\"\/><script>document.getElementById( \"ak_js_1\" ).setAttribute( \"value\", ( new Date() ).getTime() );<\/script><\/p><div class=\"wpcf7-response-output\" aria-hidden=\"true\"><\/div>\n<\/form>\n<\/div>\n[\/vc_column][\/vc_row][vc_row][vc_column][vc_separator color=&#8221;orange&#8221; style=&#8221;shadow&#8221; border_width=&#8221;3&#8243;]\n        <!--start agents module-->\n        \n            \n        <script type=\"text\/javascript\">\n            jQuery(document).ready(function($){\n                if($(\"#agents-carousel-wZQGj\").length > 0){\n                    var owlAgents = $('#agents-carousel-wZQGj');\n                    owlAgents.owlCarousel({\n                        rtl: false,\n                        loop: true,\n                        dots: false,\n                        slideBy: 1,\n                        autoplay: true,\n                        autoplaySpeed: 700,\n                        nav: false,\n                        responsive:{\n                            0: {\n                                items: 1\n                            },\n                            320: {\n                                items: 1\n                            },\n                            480: {\n                                items: 1\n                            },\n                            768: {\n                                items: 2\n                            },\n                            1000: {\n                                items: 3\n                            },\n                            1280: {\n                                items: 4\n                            }\n                        }\n                    });\n\n                    $('.btn-prev-agents').on('click',function() {\n                        owlAgents.trigger('prev.owl.carousel',[700])\n                    });\n                    $('.btn-next-agents').on('click',function() {\n                        owlAgents.trigger('next.owl.carousel',[700])\n                    });\n\n                }\n            });\n        <\/script>\n\n        <div id=\"agents-carousel-module\" class=\"houzez-module agents-carousel-module\">\n            <div class=\"row\">\n                <div class=\"col-sm-12\">\n                    <div class=\"module-title-nav clearfix\">\n\n                        \n                        <div class=\"module-nav\">\n                            <button\n                                class=\"btn btn-carousel btn-sm btn-prev-agents\">Prev<\/button>\n                            <button\n                                class=\"btn btn-carousel btn-sm btn-next-agents\">Next<\/button>\n                        <\/div>\n                    <\/div>\n                <\/div>\n                <div class=\"col-sm-12\">\n                    <div id=\"agents-carousel-wZQGj\" class=\"agents-carousel slide-animated owl-carousel owl-theme\">\n\n                                                    <div class=\"item\">\n                                <div class=\"agents-block\">\n                                    <figure class=\"auther-thumb\">\n                                        <a href=\"https:\/\/www.scangrouphomes.com\/tr\/agent\/mahmut-kaya\/\"\n                                           class=\"view\">\n                                        <img src=\"https:\/\/i0.wp.com\/www.scangrouphomes.com\/wp-content\/uploads\/2016\/02\/mahmut-kaya-640.jpg?resize=350%2C350&#038;ssl=1\" class=\"img-circle\" width=\"150\"\n                                             height=\"150\" alt=\"Mahmut Kaya\">\n                                        <\/a>\n                                    <\/figure>\n\n                                        <div class=\"web-logo text-center\">\n                                                                                <\/div>\n\n                                    <div class=\"block-body\">\n                                        <p class=\"auther-info\">\n                                            <span class=\"blue\">Mahmut Kaya<\/span>\n                                            <span>Founder &amp; Ceo                                                                                            , Scangrouphomes<\/span>\n                                                                                    <\/p>\n\n                                        <p class=\"description\"><\/p>\n                                        <a href=\"https:\/\/www.scangrouphomes.com\/tr\/agent\/mahmut-kaya\/\"\n                                           class=\"view\">View Profile<\/a>\n                                    <\/div>\n                                <\/div>\n                            <\/div>\n                                                    <div class=\"item\">\n                                <div class=\"agents-block\">\n                                    <figure class=\"auther-thumb\">\n                                        <a href=\"https:\/\/www.scangrouphomes.com\/tr\/agent\/tugba-kaya\/\"\n                                           class=\"view\">\n                                        <img src=\"https:\/\/i0.wp.com\/www.scangrouphomes.com\/wp-content\/uploads\/2021\/04\/tugba-kaya-640.jpg?resize=350%2C350&#038;ssl=1\" class=\"img-circle\" width=\"150\"\n                                             height=\"150\" alt=\"Tu\u011fba Kaya\">\n                                        <\/a>\n                                    <\/figure>\n\n                                        <div class=\"web-logo text-center\">\n                                                                                <\/div>\n\n                                    <div class=\"block-body\">\n                                        <p class=\"auther-info\">\n                                            <span class=\"blue\">Tu\u011fba Kaya<\/span>\n                                            <span>Office Manager                                                                                            , Scangrouphomes<\/span>\n                                                                                    <\/p>\n\n                                        <p class=\"description\"><\/p>\n                                        <a href=\"https:\/\/www.scangrouphomes.com\/tr\/agent\/tugba-kaya\/\"\n                                           class=\"view\">View Profile<\/a>\n                                    <\/div>\n                                <\/div>\n                            <\/div>\n                                                \n                    <\/div>\n                <\/div>\n            <\/div>\n        <\/div>\n\n            <!--end post agents module-->\n\n\n        [\/vc_column][\/vc_row][vc_row full_width=&#8221;stretch_row_content_no_spaces&#8221;][vc_column][vc_gmaps link=&#8221;#E-8_JTNDaWZyYW1lJTIwc3JjJTNEJTIyaHR0cHMlM0ElMkYlMkZ3d3cuZ29vZ2xlLmNvbSUyRm1hcHMlMkZlbWJlZCUzRnBiJTNEJTIxMW0xNCUyMTFtOCUyMTFtMyUyMTFkMTI4MjEuOTUxMjM2MjY4MTE2JTIxMmQzMi4wMjkwNTAyJTIxM2QzNi41NDIzNDk0JTIxM20yJTIxMWkxMDI0JTIxMmk3NjglMjE0ZjEzLjElMjEzbTMlMjExbTIlMjExczB4MCUyNTNBMHgzZTNhYzc1YzVlZDE2NGUwJTIxMnNTY2FuZ3JvdXAlMjUyMEhvbWVzJTIxNWUwJTIxM20yJTIxMXN0ciUyMTJzdHIlMjE0djE1NzY2NjAzNjczMzQlMjE1bTIlMjExc3RyJTIxMnN0ciUyMiUyMHdpZHRoJTNEJTIyNjAwJTIyJTIwaGVpZ2h0JTNEJTIyNDUwJTIyJTIwZnJhbWVib3JkZXIlM0QlMjIwJTIyJTIwc3R5bGUlM0QlMjJib3JkZXIlM0EwJTNCJTIyJTIwYWxsb3dmdWxsc2NyZWVuJTNEJTIyJTIyJTNFJTNDJTJGaWZyYW1lJTNF&#8221;][\/vc_column][\/vc_row]<\/p>\n","protected":false},"excerpt":{"rendered":"<p>[vc_row][vc_column][vc_column_text] T\u00fcrkiye ekonomisi g\u00fc\u00e7l\u00fcd\u00fcr. Avrupa&#8217;da ve d\u00fcnyada en h\u0131zl\u0131 b\u00fcy\u00fcyen ekonomilerden biri olarak tan\u0131mlanmaktad\u0131r. Ekonomik b\u00fcy\u00fcme son y\u0131llarda biraz yava\u015flad\u0131, ancak T\u00fcrkiye&#8217;deki emlak piyasas\u0131 hala Avrupa&#8217;n\u0131n en iyilerinden biridir. Yurt d\u0131\u015f\u0131nda bir m\u00fclk sat\u0131n al\u0131rken, \u00fclke ekonomisi, emlak piyasas\u0131, m\u00fclk fiyatlar\u0131 ve daha sonra \u00f6deme, ipotek veya taksit plan\u0131 olanaklar\u0131 hakk\u0131nda t\u00fcm bilgileri bilmeniz gerekir. [&hellip;]<\/p>\n","protected":false},"author":1,"featured_media":0,"parent":0,"menu_order":0,"comment_status":"closed","ping_status":"closed","template":"template\/template-page.php","meta":[],"yoast_head":"<!-- This site is optimized with the Yoast SEO plugin v21.0 - https:\/\/yoast.com\/wordpress\/plugins\/seo\/ -->\n<title>Finans ve Ekonomi - ScanGroup Homes<\/title>\n<meta name=\"robots\" content=\"index, follow, max-snippet:-1, max-image-preview:large, max-video-preview:-1\" \/>\n<link rel=\"canonical\" href=\"https:\/\/www.scangrouphomes.com\/tr\/finans-ve-ekonomi\/\" \/>\n<meta property=\"og:locale\" content=\"tr_TR\" \/>\n<meta property=\"og:type\" content=\"article\" \/>\n<meta property=\"og:title\" content=\"Finans ve Ekonomi - ScanGroup Homes\" \/>\n<meta property=\"og:description\" content=\"[vc_row][vc_column][vc_column_text] T\u00fcrkiye ekonomisi g\u00fc\u00e7l\u00fcd\u00fcr. Avrupa&#8217;da ve d\u00fcnyada en h\u0131zl\u0131 b\u00fcy\u00fcyen ekonomilerden biri olarak tan\u0131mlanmaktad\u0131r. Ekonomik b\u00fcy\u00fcme son y\u0131llarda biraz yava\u015flad\u0131, ancak T\u00fcrkiye&#8217;deki emlak piyasas\u0131 hala Avrupa&#8217;n\u0131n en iyilerinden biridir. Yurt d\u0131\u015f\u0131nda bir m\u00fclk sat\u0131n al\u0131rken, \u00fclke ekonomisi, emlak piyasas\u0131, m\u00fclk fiyatlar\u0131 ve daha sonra \u00f6deme, ipotek veya taksit plan\u0131 olanaklar\u0131 hakk\u0131nda t\u00fcm bilgileri bilmeniz gerekir. [&hellip;]\" \/>\n<meta property=\"og:url\" content=\"https:\/\/www.scangrouphomes.com\/tr\/finans-ve-ekonomi\/\" \/>\n<meta property=\"og:site_name\" content=\"ScanGroup Homes\" \/>\n<meta property=\"article:modified_time\" content=\"2021-03-17T01:39:10+00:00\" \/>\n<meta name=\"twitter:card\" content=\"summary_large_image\" \/>\n<meta name=\"twitter:label1\" content=\"Tahmini okuma s\u00fcresi\" \/>\n\t<meta name=\"twitter:data1\" content=\"2 dakika\" \/>\n<script type=\"application\/ld+json\" class=\"yoast-schema-graph\">{\"@context\":\"https:\/\/schema.org\",\"@graph\":[{\"@type\":\"WebPage\",\"@id\":\"https:\/\/www.scangrouphomes.com\/tr\/finans-ve-ekonomi\/\",\"url\":\"https:\/\/www.scangrouphomes.com\/tr\/finans-ve-ekonomi\/\",\"name\":\"Finans ve Ekonomi - ScanGroup Homes\",\"isPartOf\":{\"@id\":\"https:\/\/www.scangrouphomes.com\/tr\/#website\"},\"datePublished\":\"2021-03-17T01:39:09+00:00\",\"dateModified\":\"2021-03-17T01:39:10+00:00\",\"breadcrumb\":{\"@id\":\"https:\/\/www.scangrouphomes.com\/tr\/finans-ve-ekonomi\/#breadcrumb\"},\"inLanguage\":\"tr\",\"potentialAction\":[{\"@type\":\"ReadAction\",\"target\":[\"https:\/\/www.scangrouphomes.com\/tr\/finans-ve-ekonomi\/\"]}]},{\"@type\":\"BreadcrumbList\",\"@id\":\"https:\/\/www.scangrouphomes.com\/tr\/finans-ve-ekonomi\/#breadcrumb\",\"itemListElement\":[{\"@type\":\"ListItem\",\"position\":1,\"name\":\"Home\",\"item\":\"https:\/\/www.scangrouphomes.com\/tr\/\"},{\"@type\":\"ListItem\",\"position\":2,\"name\":\"Finans ve Ekonomi\"}]},{\"@type\":\"WebSite\",\"@id\":\"https:\/\/www.scangrouphomes.com\/tr\/#website\",\"url\":\"https:\/\/www.scangrouphomes.com\/tr\/\",\"name\":\"ScanGroup Homes\",\"description\":\"Property in Alanya Turkey real estate apartments villas buying property Antalya\",\"potentialAction\":[{\"@type\":\"SearchAction\",\"target\":{\"@type\":\"EntryPoint\",\"urlTemplate\":\"https:\/\/www.scangrouphomes.com\/tr\/?s={search_term_string}\"},\"query-input\":\"required name=search_term_string\"}],\"inLanguage\":\"tr\"}]}<\/script>\n<!-- \/ Yoast SEO plugin. -->","yoast_head_json":{"title":"Finans ve Ekonomi - ScanGroup Homes","robots":{"index":"index","follow":"follow","max-snippet":"max-snippet:-1","max-image-preview":"max-image-preview:large","max-video-preview":"max-video-preview:-1"},"canonical":"https:\/\/www.scangrouphomes.com\/tr\/finans-ve-ekonomi\/","og_locale":"tr_TR","og_type":"article","og_title":"Finans ve Ekonomi - ScanGroup Homes","og_description":"[vc_row][vc_column][vc_column_text] T\u00fcrkiye ekonomisi g\u00fc\u00e7l\u00fcd\u00fcr. Avrupa&#8217;da ve d\u00fcnyada en h\u0131zl\u0131 b\u00fcy\u00fcyen ekonomilerden biri olarak tan\u0131mlanmaktad\u0131r. Ekonomik b\u00fcy\u00fcme son y\u0131llarda biraz yava\u015flad\u0131, ancak T\u00fcrkiye&#8217;deki emlak piyasas\u0131 hala Avrupa&#8217;n\u0131n en iyilerinden biridir. Yurt d\u0131\u015f\u0131nda bir m\u00fclk sat\u0131n al\u0131rken, \u00fclke ekonomisi, emlak piyasas\u0131, m\u00fclk fiyatlar\u0131 ve daha sonra \u00f6deme, ipotek veya taksit plan\u0131 olanaklar\u0131 hakk\u0131nda t\u00fcm bilgileri bilmeniz gerekir. [&hellip;]","og_url":"https:\/\/www.scangrouphomes.com\/tr\/finans-ve-ekonomi\/","og_site_name":"ScanGroup Homes","article_modified_time":"2021-03-17T01:39:10+00:00","twitter_card":"summary_large_image","twitter_misc":{"Tahmini okuma s\u00fcresi":"2 dakika"},"schema":{"@context":"https:\/\/schema.org","@graph":[{"@type":"WebPage","@id":"https:\/\/www.scangrouphomes.com\/tr\/finans-ve-ekonomi\/","url":"https:\/\/www.scangrouphomes.com\/tr\/finans-ve-ekonomi\/","name":"Finans ve Ekonomi - ScanGroup Homes","isPartOf":{"@id":"https:\/\/www.scangrouphomes.com\/tr\/#website"},"datePublished":"2021-03-17T01:39:09+00:00","dateModified":"2021-03-17T01:39:10+00:00","breadcrumb":{"@id":"https:\/\/www.scangrouphomes.com\/tr\/finans-ve-ekonomi\/#breadcrumb"},"inLanguage":"tr","potentialAction":[{"@type":"ReadAction","target":["https:\/\/www.scangrouphomes.com\/tr\/finans-ve-ekonomi\/"]}]},{"@type":"BreadcrumbList","@id":"https:\/\/www.scangrouphomes.com\/tr\/finans-ve-ekonomi\/#breadcrumb","itemListElement":[{"@type":"ListItem","position":1,"name":"Home","item":"https:\/\/www.scangrouphomes.com\/tr\/"},{"@type":"ListItem","position":2,"name":"Finans ve Ekonomi"}]},{"@type":"WebSite","@id":"https:\/\/www.scangrouphomes.com\/tr\/#website","url":"https:\/\/www.scangrouphomes.com\/tr\/","name":"ScanGroup Homes","description":"Property in Alanya Turkey real estate apartments villas buying property Antalya","potentialAction":[{"@type":"SearchAction","target":{"@type":"EntryPoint","urlTemplate":"https:\/\/www.scangrouphomes.com\/tr\/?s={search_term_string}"},"query-input":"required name=search_term_string"}],"inLanguage":"tr"}]}},"_links":{"self":[{"href":"https:\/\/www.scangrouphomes.com\/tr\/wp-json\/wp\/v2\/pages\/16174"}],"collection":[{"href":"https:\/\/www.scangrouphomes.com\/tr\/wp-json\/wp\/v2\/pages"}],"about":[{"href":"https:\/\/www.scangrouphomes.com\/tr\/wp-json\/wp\/v2\/types\/page"}],"author":[{"embeddable":true,"href":"https:\/\/www.scangrouphomes.com\/tr\/wp-json\/wp\/v2\/users\/1"}],"replies":[{"embeddable":true,"href":"https:\/\/www.scangrouphomes.com\/tr\/wp-json\/wp\/v2\/comments?post=16174"}],"version-history":[{"count":3,"href":"https:\/\/www.scangrouphomes.com\/tr\/wp-json\/wp\/v2\/pages\/16174\/revisions"}],"predecessor-version":[{"id":16192,"href":"https:\/\/www.scangrouphomes.com\/tr\/wp-json\/wp\/v2\/pages\/16174\/revisions\/16192"}],"wp:attachment":[{"href":"https:\/\/www.scangrouphomes.com\/tr\/wp-json\/wp\/v2\/media?parent=16174"}],"curies":[{"name":"wp","href":"https:\/\/api.w.org\/{rel}","templated":true}]}}