{"id":16149,"date":"2020-02-03T12:20:08","date_gmt":"2020-02-03T12:20:08","guid":{"rendered":"https:\/\/sgh.alanya.work\/?page_id=16149"},"modified":"2020-02-03T12:20:08","modified_gmt":"2020-02-03T12:20:08","slug":"gayrimenkul-nasil-alinir","status":"publish","type":"page","link":"https:\/\/www.scangrouphomes.com\/tr\/gayrimenkul-nasil-alinir\/","title":{"rendered":"Gayrimenkul Nas\u0131l Al\u0131n\u0131r?"},"content":{"rendered":"<p>[vc_row][vc_column][vc_column_text]<br \/>\n<strong>GAYR\u0130MENKUL SATIN ALMA \u0130\u015eLEMLER\u0130<\/strong><\/p>\n<p>Art\u0131k emlak al\u0131m sat\u0131m\u0131 olduk\u00e7a kolayla\u015ft\u0131. Yine de dikkatli olunup yetkili bir emlak ofisine dan\u0131\u015f\u0131lmas\u0131 tavsiye edilir. Tapu ve resmi i\u015flemlerinde mevzuata uygun \u015fekilde sizi y\u00f6nlendirebilecek profesyonel gayrimenkul dan\u0131\u015fman\u0131n\u0131za ba\u015fvurunuz.<\/p>\n<p>Medyaya yans\u0131yan olumsuz haberlere ra\u011fmen, emlak piyasas\u0131nda hala sorunsuz, h\u0131zl\u0131 ve temiz i\u015flem yap\u0131labilmesi, belgelere dayanarak, profesyonel hizmet sunan Scan Group Homes Emlak ile m\u00fcmk\u00fcnd\u00fcr.<\/p>\n<p>Scan Group Homes Gayrimenkul resmi olarak al\u0131c\u0131dan ve sat\u0131c\u0131dan s\u00f6zle\u015fme bedelinin %3\u2019\u00fcn\u00fc emlak komisyon bedeli olarak tahsil etme hakk\u0131na sahiptir.<\/p>\n<p>Gayrimenkul sat\u0131\u015flar\u0131nda, amac\u0131m\u0131z sadece sat\u0131\u015f yapmak de\u011fil, hem al\u0131c\u0131ya do\u011fru yat\u0131r\u0131m i\u00e7in y\u00f6nlendirmek, hem de gayrimenkul sahibine do\u011fru bedelini teslim etmektir.<\/p>\n<p>Her \u015feyden \u00f6nce \u00e7e\u015fitli projeleriyle sat\u0131l\u0131k emlak t\u00fcrleri hakk\u0131nda bir fikir edinmek i\u00e7in ara\u015ft\u0131r\u0131n, ne gibi avantajlar\u0131 ve dezavantajlar\u0131 var, bu projeler aras\u0131nda fiyat fark\u0131 nedir kar\u015f\u0131la\u015ft\u0131r\u0131n. Daha sonra konumu, en iyi \u00f6zelli\u011fi, t\u00fcr\u00fc ve fiyat\u0131 size uygun mu karar verin. \u0130n\u015faat \u015firketi bakmak i\u00e7in sayg\u0131n ve profesyonel bir gayrimenkul se\u00e7meniz son derece \u00f6nemlidir.<\/p>\n<p>Scan Group Homes Gayrimenkul olarak, size do\u011fru ve dikkatli bir bi\u00e7imde hizmet sunmak istiyoruz. bizimle ileti\u015fime ge\u00e7in. Scan Group Homes Gayrimenkul ile emlak sat\u0131n almak size bir\u00e7ok avantaj sa\u011flayacakt\u0131r. Tam olarak arad\u0131\u011f\u0131n\u0131z deneyim bizde, profesyonel hizmetlerimiz ile daire ya da ev sat\u0131n alma konusunda m\u00fc\u015fterilerimize kusursuz hizmet sunuyoruz.<\/p>\n<p><strong>B\u0130R M\u00dcLK SATIN ALMADAN \u00d6NCE YAPILMASI GEREKENLER<\/strong><\/p>\n<p>Bir m\u00fclk sat\u0131n almadan \u00f6nce mutlaka ara\u015ft\u0131rma yap\u0131n, gayrimenkul\u00fc ziyaret edin, mali durumun ne oldu\u011funu \u00f6\u011frenin.<\/p>\n<p>\u0130n\u015faat a\u015famas\u0131nda iken ev sat\u0131n almak i\u00e7in \u00f6deme se\u00e7enekleri farkl\u0131d\u0131r. \u00d6deme ve sat\u0131n alma fiyat\u0131 a\u00e7\u0131s\u0131ndan genel kurallar vard\u0131r.<\/p>\n<p>Genellikle, b\u00fcy\u00fck miktarda nakit, \u00f6deme i\u00e7in gerekli de\u011fildir. \u00c7o\u011fu durumda, sat\u0131n alman\u0131n g\u00fcvenli yolu banka havalesi ile \u00f6deme yapmakt\u0131r.<\/p>\n<p>E\u011fer kredi ile al\u0131m yapmak isterseniz, kredi veren ile g\u00f6r\u00fc\u015f\u00fcp size verece\u011fi kredi miktar\u0131n\u0131n yaz\u0131l\u0131 onay\u0131n\u0131 isteyin.<\/p>\n<p><strong>GAYR\u0130MENKUL SATIN ALINIRKEN GEREKL\u0130 KURALLAR<\/strong><\/p>\n<p>Al\u0131c\u0131lar\u0131n \u015fu durumlarda gayrimenkul sat\u0131n almalar\u0131na izin verilir:<\/p>\n<ul>\n<li>Gayrimenkul Askeri Yasak B\u00f6lge i\u00e7inde yer almamal\u0131d\u0131r.<\/li>\n<li>Arazinin tarihsel \u00f6nemi, orman b\u00f6lgesi ve birincil tar\u0131m alan\u0131 olmamas\u0131 gerekir.<\/li>\n<li>T\u00fcm al\u0131c\u0131 ve sat\u0131c\u0131lar\u0131n n\u00fcfus c\u00fczdan\u0131 veya vek\u00e2letlerinin asl\u0131n\u0131n olmas\u0131 gerekir.<\/li>\n<li>T\u00fcm al\u0131c\u0131 ve sat\u0131c\u0131lar\u0131n son 6 ay i\u00e7erisinde \u00e7ekilmi\u015f vesikal\u0131k foto\u011fraf\u0131 (sat\u0131c\u0131lar 1, al\u0131c\u0131lar 2 adet) gereklidir.<\/li>\n<li>\u0130lgili konutun tapu asl\u0131n\u0131n olmas\u0131 gerekir. (tapular \u00e7\u0131kmad\u0131 ise istenmez)<\/li>\n<\/ul>\n<p>Kredi kullan\u0131lacaksa banka ipotek evraklar\u0131 gereklidir.<br \/>\n[\/vc_column_text][\/vc_column][\/vc_row][vc_row][vc_column][vc_separator color=&#8221;orange&#8221; style=&#8221;shadow&#8221; border_width=&#8221;3&#8243;][\/vc_column][\/vc_row][vc_row][vc_column]\n<div class=\"wpcf7 no-js\" id=\"wpcf7-f14712-o1\" lang=\"en-US\" dir=\"ltr\">\n<div class=\"screen-reader-response\"><p role=\"status\" aria-live=\"polite\" aria-atomic=\"true\"><\/p> <ul><\/ul><\/div>\n<form action=\"\/tr\/wp-json\/wp\/v2\/pages\/16149#wpcf7-f14712-o1\" method=\"post\" class=\"wpcf7-form init\" aria-label=\"Contact form\" novalidate=\"novalidate\" data-status=\"init\">\n<div style=\"display: none;\">\n<input type=\"hidden\" name=\"_wpcf7\" value=\"14712\" \/>\n<input type=\"hidden\" name=\"_wpcf7_version\" value=\"5.8\" \/>\n<input type=\"hidden\" name=\"_wpcf7_locale\" value=\"en_US\" \/>\n<input type=\"hidden\" name=\"_wpcf7_unit_tag\" value=\"wpcf7-f14712-o1\" \/>\n<input type=\"hidden\" name=\"_wpcf7_container_post\" value=\"0\" \/>\n<input type=\"hidden\" name=\"_wpcf7_posted_data_hash\" value=\"\" \/>\n<input type=\"hidden\" name=\"_wpcf7_recaptcha_response\" value=\"\" \/>\n<\/div>\n<div class=\"form-group\">\n\t<p><label class=\"required\" for=\"yourName\">Your Name<\/label><br \/>\n<span class=\"wpcf7-form-control-wrap\" data-name=\"your-name\"><input size=\"40\" class=\"wpcf7-form-control wpcf7-text wpcf7-validates-as-required form-control\" aria-required=\"true\" aria-invalid=\"false\" value=\"\" type=\"text\" name=\"your-name\" \/><\/span>\n\t<\/p>\n<\/div>\n<div class=\"form-group\">\n\t<p><label class=\"required\" for=\"yourEmail\">Your Email<\/label><br \/>\n<span class=\"wpcf7-form-control-wrap\" data-name=\"your-email\"><input size=\"40\" class=\"wpcf7-form-control wpcf7-email wpcf7-validates-as-required wpcf7-text wpcf7-validates-as-email form-control\" aria-required=\"true\" aria-invalid=\"false\" value=\"\" type=\"email\" name=\"your-email\" \/><\/span>\n\t<\/p>\n<\/div>\n<div class=\"form-group\">\n\t<p><label class=\"required\" for=\"yourPhone\">Your Phone <\/label><br \/>\n<span class=\"wpcf7-form-control-wrap\" data-name=\"tel-179\"><input size=\"40\" class=\"wpcf7-form-control wpcf7-tel wpcf7-validates-as-required wpcf7-text wpcf7-validates-as-tel form-control\" aria-required=\"true\" aria-invalid=\"false\" value=\"\" type=\"tel\" name=\"tel-179\" \/><\/span>\n\t<\/p>\n<\/div>\n<div class=\"form-group\">\n\t<p><label class=\"required\" for=\"yourSubject\">Subject <\/label><br \/>\n<span class=\"wpcf7-form-control-wrap\" data-name=\"your-subject\"><input size=\"40\" class=\"wpcf7-form-control wpcf7-text wpcf7-validates-as-required form-control\" aria-required=\"true\" aria-invalid=\"false\" value=\"\" type=\"text\" name=\"your-subject\" \/><\/span>\n\t<\/p>\n<\/div>\n\n<div class=\"form-group\">\n\t<p><label class=\"required\" for=\"yourMessage\">Your Message <\/label><br \/>\n<span class=\"wpcf7-form-control-wrap\" data-name=\"your-message\"><textarea cols=\"40\" rows=\"10\" class=\"wpcf7-form-control wpcf7-textarea wpcf7-validates-as-required form-control\" aria-required=\"true\" aria-invalid=\"false\" name=\"your-message\"><\/textarea><\/span>\n\t<\/p>\n<\/div>\n\n<div class=\"form-group\">\n\t<p><input class=\"wpcf7-form-control wpcf7-submit has-spinner btn btn-primary btn-lg\" type=\"submit\" value=\"Send\" \/>\n\t<\/p>\n<\/div><p style=\"display: none !important;\"><label>&#916;<textarea name=\"_wpcf7_ak_hp_textarea\" cols=\"45\" rows=\"8\" maxlength=\"100\"><\/textarea><\/label><input type=\"hidden\" id=\"ak_js_1\" name=\"_wpcf7_ak_js\" value=\"83\"\/><script>document.getElementById( \"ak_js_1\" ).setAttribute( \"value\", ( new Date() ).getTime() );<\/script><\/p><div class=\"wpcf7-response-output\" aria-hidden=\"true\"><\/div>\n<\/form>\n<\/div>\n[\/vc_column][\/vc_row][vc_row][vc_column][vc_separator color=&#8221;orange&#8221; style=&#8221;shadow&#8221; border_width=&#8221;3&#8243;]\n        <!--start agents module-->\n        \n            \n        <script type=\"text\/javascript\">\n            jQuery(document).ready(function($){\n                if($(\"#agents-carousel-NUnAY\").length > 0){\n                    var owlAgents = $('#agents-carousel-NUnAY');\n                    owlAgents.owlCarousel({\n                        rtl: false,\n                        loop: true,\n                        dots: false,\n                        slideBy: 1,\n                        autoplay: true,\n                        autoplaySpeed: 700,\n                        nav: false,\n                        responsive:{\n                            0: {\n                                items: 1\n                            },\n                            320: {\n                                items: 1\n                            },\n                            480: {\n                                items: 1\n                            },\n                            768: {\n                                items: 2\n                            },\n                            1000: {\n                                items: 3\n                            },\n                            1280: {\n                                items: 4\n                            }\n                        }\n                    });\n\n                    $('.btn-prev-agents').on('click',function() {\n                        owlAgents.trigger('prev.owl.carousel',[700])\n                    });\n                    $('.btn-next-agents').on('click',function() {\n                        owlAgents.trigger('next.owl.carousel',[700])\n                    });\n\n                }\n            });\n        <\/script>\n\n        <div id=\"agents-carousel-module\" class=\"houzez-module agents-carousel-module\">\n            <div class=\"row\">\n                <div class=\"col-sm-12\">\n                    <div class=\"module-title-nav clearfix\">\n\n                        \n                        <div class=\"module-nav\">\n                            <button\n                                class=\"btn btn-carousel btn-sm btn-prev-agents\">Prev<\/button>\n                            <button\n                                class=\"btn btn-carousel btn-sm btn-next-agents\">Next<\/button>\n                        <\/div>\n                    <\/div>\n                <\/div>\n                <div class=\"col-sm-12\">\n                    <div id=\"agents-carousel-NUnAY\" class=\"agents-carousel slide-animated owl-carousel owl-theme\">\n\n                                                    <div class=\"item\">\n                                <div class=\"agents-block\">\n                                    <figure class=\"auther-thumb\">\n                                        <a href=\"https:\/\/www.scangrouphomes.com\/tr\/agent\/mahmut-kaya\/\"\n                                           class=\"view\">\n                                        <img src=\"https:\/\/i0.wp.com\/www.scangrouphomes.com\/wp-content\/uploads\/2016\/02\/mahmut-kaya-640.jpg?resize=350%2C350&#038;ssl=1\" class=\"img-circle\" width=\"150\"\n                                             height=\"150\" alt=\"Mahmut Kaya\">\n                                        <\/a>\n                                    <\/figure>\n\n                                        <div class=\"web-logo text-center\">\n                                                                                <\/div>\n\n                                    <div class=\"block-body\">\n                                        <p class=\"auther-info\">\n                                            <span class=\"blue\">Mahmut Kaya<\/span>\n                                            <span>Founder &amp; Ceo                                                                                            , Scangrouphomes<\/span>\n                                                                                    <\/p>\n\n                                        <p class=\"description\"><\/p>\n                                        <a href=\"https:\/\/www.scangrouphomes.com\/tr\/agent\/mahmut-kaya\/\"\n                                           class=\"view\">View Profile<\/a>\n                                    <\/div>\n                                <\/div>\n                            <\/div>\n                                                    <div class=\"item\">\n                                <div class=\"agents-block\">\n                                    <figure class=\"auther-thumb\">\n                                        <a href=\"https:\/\/www.scangrouphomes.com\/tr\/agent\/tugba-kaya\/\"\n                                           class=\"view\">\n                                        <img src=\"https:\/\/i0.wp.com\/www.scangrouphomes.com\/wp-content\/uploads\/2021\/04\/tugba-kaya-640.jpg?resize=350%2C350&#038;ssl=1\" class=\"img-circle\" width=\"150\"\n                                             height=\"150\" alt=\"Tu\u011fba Kaya\">\n                                        <\/a>\n                                    <\/figure>\n\n                                        <div class=\"web-logo text-center\">\n                                                                                <\/div>\n\n                                    <div class=\"block-body\">\n                                        <p class=\"auther-info\">\n                                            <span class=\"blue\">Tu\u011fba Kaya<\/span>\n                                            <span>Office Manager                                                                                            , Scangrouphomes<\/span>\n                                                                                    <\/p>\n\n                                        <p class=\"description\"><\/p>\n                                        <a href=\"https:\/\/www.scangrouphomes.com\/tr\/agent\/tugba-kaya\/\"\n                                           class=\"view\">View Profile<\/a>\n                                    <\/div>\n                                <\/div>\n                            <\/div>\n                                                \n                    <\/div>\n                <\/div>\n            <\/div>\n        <\/div>\n\n            <!--end post agents module-->\n\n\n        [\/vc_column][\/vc_row][vc_row full_width=&#8221;stretch_row_content_no_spaces&#8221;][vc_column][vc_gmaps link=&#8221;#E-8_JTNDaWZyYW1lJTIwc3JjJTNEJTIyaHR0cHMlM0ElMkYlMkZ3d3cuZ29vZ2xlLmNvbSUyRm1hcHMlMkZlbWJlZCUzRnBiJTNEJTIxMW0xNCUyMTFtOCUyMTFtMyUyMTFkMTI4MjEuOTUxMjM2MjY4MTE2JTIxMmQzMi4wMjkwNTAyJTIxM2QzNi41NDIzNDk0JTIxM20yJTIxMWkxMDI0JTIxMmk3NjglMjE0ZjEzLjElMjEzbTMlMjExbTIlMjExczB4MCUyNTNBMHgzZTNhYzc1YzVlZDE2NGUwJTIxMnNTY2FuZ3JvdXAlMjUyMEhvbWVzJTIxNWUwJTIxM20yJTIxMXN0ciUyMTJzdHIlMjE0djE1NzY2NjAzNjczMzQlMjE1bTIlMjExc3RyJTIxMnN0ciUyMiUyMHdpZHRoJTNEJTIyNjAwJTIyJTIwaGVpZ2h0JTNEJTIyNDUwJTIyJTIwZnJhbWVib3JkZXIlM0QlMjIwJTIyJTIwc3R5bGUlM0QlMjJib3JkZXIlM0EwJTNCJTIyJTIwYWxsb3dmdWxsc2NyZWVuJTNEJTIyJTIyJTNFJTNDJTJGaWZyYW1lJTNF&#8221;][\/vc_column][\/vc_row]<\/p>\n","protected":false},"excerpt":{"rendered":"<p>[vc_row][vc_column][vc_column_text] GAYR\u0130MENKUL SATIN ALMA \u0130\u015eLEMLER\u0130 Art\u0131k emlak al\u0131m sat\u0131m\u0131 olduk\u00e7a kolayla\u015ft\u0131. Yine de dikkatli olunup yetkili bir emlak ofisine dan\u0131\u015f\u0131lmas\u0131 tavsiye edilir. Tapu ve resmi i\u015flemlerinde mevzuata uygun \u015fekilde sizi y\u00f6nlendirebilecek profesyonel gayrimenkul dan\u0131\u015fman\u0131n\u0131za ba\u015fvurunuz. Medyaya yans\u0131yan olumsuz haberlere ra\u011fmen, emlak piyasas\u0131nda hala sorunsuz, h\u0131zl\u0131 ve temiz i\u015flem yap\u0131labilmesi, belgelere dayanarak, profesyonel hizmet sunan Scan [&hellip;]<\/p>\n","protected":false},"author":1,"featured_media":0,"parent":0,"menu_order":0,"comment_status":"closed","ping_status":"closed","template":"template\/template-page.php","meta":[],"yoast_head":"<!-- This site is optimized with the Yoast SEO plugin v21.0 - https:\/\/yoast.com\/wordpress\/plugins\/seo\/ -->\n<title>Gayrimenkul Nas\u0131l Al\u0131n\u0131r? - ScanGroup Homes<\/title>\n<meta name=\"robots\" content=\"index, follow, max-snippet:-1, max-image-preview:large, max-video-preview:-1\" \/>\n<link rel=\"canonical\" href=\"https:\/\/www.scangrouphomes.com\/tr\/gayrimenkul-nasil-alinir\/\" \/>\n<meta property=\"og:locale\" content=\"tr_TR\" \/>\n<meta property=\"og:type\" content=\"article\" \/>\n<meta property=\"og:title\" content=\"Gayrimenkul Nas\u0131l Al\u0131n\u0131r? - ScanGroup Homes\" \/>\n<meta property=\"og:description\" content=\"[vc_row][vc_column][vc_column_text] GAYR\u0130MENKUL SATIN ALMA \u0130\u015eLEMLER\u0130 Art\u0131k emlak al\u0131m sat\u0131m\u0131 olduk\u00e7a kolayla\u015ft\u0131. Yine de dikkatli olunup yetkili bir emlak ofisine dan\u0131\u015f\u0131lmas\u0131 tavsiye edilir. Tapu ve resmi i\u015flemlerinde mevzuata uygun \u015fekilde sizi y\u00f6nlendirebilecek profesyonel gayrimenkul dan\u0131\u015fman\u0131n\u0131za ba\u015fvurunuz. Medyaya yans\u0131yan olumsuz haberlere ra\u011fmen, emlak piyasas\u0131nda hala sorunsuz, h\u0131zl\u0131 ve temiz i\u015flem yap\u0131labilmesi, belgelere dayanarak, profesyonel hizmet sunan Scan [&hellip;]\" \/>\n<meta property=\"og:url\" content=\"https:\/\/www.scangrouphomes.com\/tr\/gayrimenkul-nasil-alinir\/\" \/>\n<meta property=\"og:site_name\" content=\"ScanGroup Homes\" \/>\n<meta name=\"twitter:card\" content=\"summary_large_image\" \/>\n<meta name=\"twitter:label1\" content=\"Tahmini okuma s\u00fcresi\" \/>\n\t<meta name=\"twitter:data1\" content=\"3 dakika\" \/>\n<script type=\"application\/ld+json\" class=\"yoast-schema-graph\">{\"@context\":\"https:\/\/schema.org\",\"@graph\":[{\"@type\":\"WebPage\",\"@id\":\"https:\/\/www.scangrouphomes.com\/tr\/gayrimenkul-nasil-alinir\/\",\"url\":\"https:\/\/www.scangrouphomes.com\/tr\/gayrimenkul-nasil-alinir\/\",\"name\":\"Gayrimenkul Nas\u0131l Al\u0131n\u0131r? - ScanGroup Homes\",\"isPartOf\":{\"@id\":\"https:\/\/www.scangrouphomes.com\/tr\/#website\"},\"datePublished\":\"2020-02-03T12:20:08+00:00\",\"dateModified\":\"2020-02-03T12:20:08+00:00\",\"breadcrumb\":{\"@id\":\"https:\/\/www.scangrouphomes.com\/tr\/gayrimenkul-nasil-alinir\/#breadcrumb\"},\"inLanguage\":\"tr\",\"potentialAction\":[{\"@type\":\"ReadAction\",\"target\":[\"https:\/\/www.scangrouphomes.com\/tr\/gayrimenkul-nasil-alinir\/\"]}]},{\"@type\":\"BreadcrumbList\",\"@id\":\"https:\/\/www.scangrouphomes.com\/tr\/gayrimenkul-nasil-alinir\/#breadcrumb\",\"itemListElement\":[{\"@type\":\"ListItem\",\"position\":1,\"name\":\"Home\",\"item\":\"https:\/\/www.scangrouphomes.com\/tr\/\"},{\"@type\":\"ListItem\",\"position\":2,\"name\":\"Gayrimenkul Nas\u0131l Al\u0131n\u0131r?\"}]},{\"@type\":\"WebSite\",\"@id\":\"https:\/\/www.scangrouphomes.com\/tr\/#website\",\"url\":\"https:\/\/www.scangrouphomes.com\/tr\/\",\"name\":\"ScanGroup Homes\",\"description\":\"Property in Alanya Turkey real estate apartments villas buying property Antalya\",\"potentialAction\":[{\"@type\":\"SearchAction\",\"target\":{\"@type\":\"EntryPoint\",\"urlTemplate\":\"https:\/\/www.scangrouphomes.com\/tr\/?s={search_term_string}\"},\"query-input\":\"required name=search_term_string\"}],\"inLanguage\":\"tr\"}]}<\/script>\n<!-- \/ Yoast SEO plugin. -->","yoast_head_json":{"title":"Gayrimenkul Nas\u0131l Al\u0131n\u0131r? - ScanGroup Homes","robots":{"index":"index","follow":"follow","max-snippet":"max-snippet:-1","max-image-preview":"max-image-preview:large","max-video-preview":"max-video-preview:-1"},"canonical":"https:\/\/www.scangrouphomes.com\/tr\/gayrimenkul-nasil-alinir\/","og_locale":"tr_TR","og_type":"article","og_title":"Gayrimenkul Nas\u0131l Al\u0131n\u0131r? - ScanGroup Homes","og_description":"[vc_row][vc_column][vc_column_text] GAYR\u0130MENKUL SATIN ALMA \u0130\u015eLEMLER\u0130 Art\u0131k emlak al\u0131m sat\u0131m\u0131 olduk\u00e7a kolayla\u015ft\u0131. Yine de dikkatli olunup yetkili bir emlak ofisine dan\u0131\u015f\u0131lmas\u0131 tavsiye edilir. Tapu ve resmi i\u015flemlerinde mevzuata uygun \u015fekilde sizi y\u00f6nlendirebilecek profesyonel gayrimenkul dan\u0131\u015fman\u0131n\u0131za ba\u015fvurunuz. Medyaya yans\u0131yan olumsuz haberlere ra\u011fmen, emlak piyasas\u0131nda hala sorunsuz, h\u0131zl\u0131 ve temiz i\u015flem yap\u0131labilmesi, belgelere dayanarak, profesyonel hizmet sunan Scan [&hellip;]","og_url":"https:\/\/www.scangrouphomes.com\/tr\/gayrimenkul-nasil-alinir\/","og_site_name":"ScanGroup Homes","twitter_card":"summary_large_image","twitter_misc":{"Tahmini okuma s\u00fcresi":"3 dakika"},"schema":{"@context":"https:\/\/schema.org","@graph":[{"@type":"WebPage","@id":"https:\/\/www.scangrouphomes.com\/tr\/gayrimenkul-nasil-alinir\/","url":"https:\/\/www.scangrouphomes.com\/tr\/gayrimenkul-nasil-alinir\/","name":"Gayrimenkul Nas\u0131l Al\u0131n\u0131r? - ScanGroup Homes","isPartOf":{"@id":"https:\/\/www.scangrouphomes.com\/tr\/#website"},"datePublished":"2020-02-03T12:20:08+00:00","dateModified":"2020-02-03T12:20:08+00:00","breadcrumb":{"@id":"https:\/\/www.scangrouphomes.com\/tr\/gayrimenkul-nasil-alinir\/#breadcrumb"},"inLanguage":"tr","potentialAction":[{"@type":"ReadAction","target":["https:\/\/www.scangrouphomes.com\/tr\/gayrimenkul-nasil-alinir\/"]}]},{"@type":"BreadcrumbList","@id":"https:\/\/www.scangrouphomes.com\/tr\/gayrimenkul-nasil-alinir\/#breadcrumb","itemListElement":[{"@type":"ListItem","position":1,"name":"Home","item":"https:\/\/www.scangrouphomes.com\/tr\/"},{"@type":"ListItem","position":2,"name":"Gayrimenkul Nas\u0131l Al\u0131n\u0131r?"}]},{"@type":"WebSite","@id":"https:\/\/www.scangrouphomes.com\/tr\/#website","url":"https:\/\/www.scangrouphomes.com\/tr\/","name":"ScanGroup Homes","description":"Property in Alanya Turkey real estate apartments villas buying property Antalya","potentialAction":[{"@type":"SearchAction","target":{"@type":"EntryPoint","urlTemplate":"https:\/\/www.scangrouphomes.com\/tr\/?s={search_term_string}"},"query-input":"required name=search_term_string"}],"inLanguage":"tr"}]}},"_links":{"self":[{"href":"https:\/\/www.scangrouphomes.com\/tr\/wp-json\/wp\/v2\/pages\/16149"}],"collection":[{"href":"https:\/\/www.scangrouphomes.com\/tr\/wp-json\/wp\/v2\/pages"}],"about":[{"href":"https:\/\/www.scangrouphomes.com\/tr\/wp-json\/wp\/v2\/types\/page"}],"author":[{"embeddable":true,"href":"https:\/\/www.scangrouphomes.com\/tr\/wp-json\/wp\/v2\/users\/1"}],"replies":[{"embeddable":true,"href":"https:\/\/www.scangrouphomes.com\/tr\/wp-json\/wp\/v2\/comments?post=16149"}],"version-history":[{"count":2,"href":"https:\/\/www.scangrouphomes.com\/tr\/wp-json\/wp\/v2\/pages\/16149\/revisions"}],"predecessor-version":[{"id":16168,"href":"https:\/\/www.scangrouphomes.com\/tr\/wp-json\/wp\/v2\/pages\/16149\/revisions\/16168"}],"wp:attachment":[{"href":"https:\/\/www.scangrouphomes.com\/tr\/wp-json\/wp\/v2\/media?parent=16149"}],"curies":[{"name":"wp","href":"https:\/\/api.w.org\/{rel}","templated":true}]}}