{"id":15384,"date":"2020-01-14T01:00:17","date_gmt":"2020-01-14T01:00:17","guid":{"rendered":"https:\/\/sgh.alanya.work\/inspection-trip\/"},"modified":"2020-02-03T10:42:22","modified_gmt":"2020-02-03T10:42:22","slug":"inceleme-gezisi","status":"publish","type":"page","link":"https:\/\/www.scangrouphomes.com\/tr\/inceleme-gezisi\/","title":{"rendered":"\u0130nceleme Gezisi"},"content":{"rendered":"<p>[vc_row][vc_column][vc_column_text]<\/p>\n<p><strong>\u0130NCELEME GEZ\u0130S\u0130<\/strong><br \/>\nTan\u0131t\u0131m Gezisi sizin i\u00e7in m\u00fckemmel bir f\u0131rsatt\u0131r. \u0130stedi\u011finiz evi yak\u0131ndan g\u00f6rmeniz i\u00e7in d\u00fczenmi\u015f bir gezidir ve finansal b\u00fct\u00e7enize uygun olarak tasarlanm\u0131\u015ft\u0131r. \u0130lgilendi\u011finiz m\u00fclkiyet, m\u00fclkiyet bro\u015f\u00fcr\u00fc, i\u00e7 ve d\u0131\u015f yap\u0131s\u0131, fiyat listesi ve proje konumu da dahil olmak \u00fczere hepsi hakk\u0131nda do\u011fru bilgilere ula\u015fman\u0131z\u0131 ama\u00e7 ediniyoruz.<\/p>\n<p><strong>REZERVASYON TAR\u0130HLER\u0130<\/strong><br \/>\nBurada kald\u0131\u011f\u0131n\u0131z s\u00fcre boyunca, Scan Group Homes Gayrimenkul temsilcisi, gayrimenkullerin gezisi boyunca tam ki\u015fisel ilgi, g\u00fcler y\u00fcz, g\u00fcvenilir hizmet ve detayl\u0131 bilgi vermeyi garanti eder. \u00d6nceden bize, tan\u0131t\u0131m gezisine kat\u0131laca\u011f\u0131n\u0131z ve planlad\u0131\u011f\u0131n\u0131z tarihleri bildirin tercih edilen tarihlerin program\u0131m\u0131za uygun olup olmad\u0131\u011f\u0131n\u0131 tespit etmek istiyoruz.<\/p>\n<p><strong>TRANSFER &#8211; OTEL KONAKLAMA &#8211; U\u00c7AK B\u0130LET\u0130<\/strong><br \/>\nScan Group Homes Gayrimenkul sizi Antalya\/Gazipa\u015fa havaalanlar\u0131ndan transfer arac\u0131\u011f\u0131yla al\u0131yor, konaklamak \u00fczere rahat ve keyifli ortama sahip otelimize g\u00f6t\u00fcr\u00fcyoruz. E\u011fer bizden bir m\u00fclk sat\u0131n al\u0131rsan\u0131z, sat\u0131n alma s\u00f6zle\u015fmesi imzaland\u0131ktan sonra, seyahat, transfer ve u\u00e7ak masraflar\u0131n\u0131z\u0131 kar\u015f\u0131l\u0131yoruz.<\/p>\n<p>Scan Group Homes Gayrimenkul \u00fczerinden bir tan\u0131t\u0131m gezisine kat\u0131l\u0131p, bir m\u00fclk sat\u0131n almaman\u0131z durumunda, u\u00e7u\u015f, transfer ve konaklama i\u00e7in t\u00fcm masraflar\u0131 siz kar\u015f\u0131lamak zorundas\u0131n\u0131z.<br \/>\nScan Group Homes Gayrimenkul tan\u0131t\u0131m gezisi; \u0130stedi\u011finiz evi yak\u0131ndan g\u00f6rmeniz i\u00e7in d\u00fczenmi\u015f bir gezidir ve finansal b\u00fct\u00e7enize uygun olarak tasarlanm\u0131\u015ft\u0131r.<br \/>\nTan\u0131t\u0131m Gezimize Ho\u015f Geldiniz!<\/p>\n<p>Buran\u0131n; renkli tarihini, harika k\u0131rsal k\u00fclt\u00fcr\u00fcn\u00fc, muazzam ince kumlu sahilini, muhte\u015fem manzaras\u0131n\u0131n yan\u0131 s\u0131ra Toros Da\u011flar\u0131n\u0131n muhte\u015fem esintisini, insanlar\u0131n\u0131n i\u00e7tenli\u011fini, zengin olanaklar\u0131n\u0131 k\u0131saca Akdeniz seveceksiniz ve buradaki m\u00fckemmel ya\u015fam tarz\u0131n\u0131n verdi\u011fi zevki tadacaks\u0131n\u0131z. O halde sizleri bekliyor olaca\u011f\u0131z!<\/p>\n<p>[\/vc_column_text][\/vc_column][\/vc_row][vc_row][vc_column][vc_separator color=&#8221;orange&#8221; style=&#8221;shadow&#8221; border_width=&#8221;3&#8243;][\/vc_column][\/vc_row][vc_row][vc_column]\n<div class=\"wpcf7 no-js\" id=\"wpcf7-f14712-o1\" lang=\"en-US\" dir=\"ltr\">\n<div class=\"screen-reader-response\"><p role=\"status\" aria-live=\"polite\" aria-atomic=\"true\"><\/p> <ul><\/ul><\/div>\n<form action=\"\/tr\/wp-json\/wp\/v2\/pages\/15384#wpcf7-f14712-o1\" method=\"post\" class=\"wpcf7-form init\" aria-label=\"Contact form\" novalidate=\"novalidate\" data-status=\"init\">\n<div style=\"display: none;\">\n<input type=\"hidden\" name=\"_wpcf7\" value=\"14712\" \/>\n<input type=\"hidden\" name=\"_wpcf7_version\" value=\"5.8\" \/>\n<input type=\"hidden\" name=\"_wpcf7_locale\" value=\"en_US\" \/>\n<input type=\"hidden\" name=\"_wpcf7_unit_tag\" value=\"wpcf7-f14712-o1\" \/>\n<input type=\"hidden\" name=\"_wpcf7_container_post\" value=\"0\" \/>\n<input type=\"hidden\" name=\"_wpcf7_posted_data_hash\" value=\"\" \/>\n<input type=\"hidden\" name=\"_wpcf7_recaptcha_response\" value=\"\" \/>\n<\/div>\n<div class=\"form-group\">\n\t<p><label class=\"required\" for=\"yourName\">Your Name<\/label><br \/>\n<span class=\"wpcf7-form-control-wrap\" data-name=\"your-name\"><input size=\"40\" class=\"wpcf7-form-control wpcf7-text wpcf7-validates-as-required form-control\" aria-required=\"true\" aria-invalid=\"false\" value=\"\" type=\"text\" name=\"your-name\" \/><\/span>\n\t<\/p>\n<\/div>\n<div class=\"form-group\">\n\t<p><label class=\"required\" for=\"yourEmail\">Your Email<\/label><br \/>\n<span class=\"wpcf7-form-control-wrap\" data-name=\"your-email\"><input size=\"40\" class=\"wpcf7-form-control wpcf7-email wpcf7-validates-as-required wpcf7-text wpcf7-validates-as-email form-control\" aria-required=\"true\" aria-invalid=\"false\" value=\"\" type=\"email\" name=\"your-email\" \/><\/span>\n\t<\/p>\n<\/div>\n<div class=\"form-group\">\n\t<p><label class=\"required\" for=\"yourPhone\">Your Phone <\/label><br \/>\n<span class=\"wpcf7-form-control-wrap\" data-name=\"tel-179\"><input size=\"40\" class=\"wpcf7-form-control wpcf7-tel wpcf7-validates-as-required wpcf7-text wpcf7-validates-as-tel form-control\" aria-required=\"true\" aria-invalid=\"false\" value=\"\" type=\"tel\" name=\"tel-179\" \/><\/span>\n\t<\/p>\n<\/div>\n<div class=\"form-group\">\n\t<p><label class=\"required\" for=\"yourSubject\">Subject <\/label><br \/>\n<span class=\"wpcf7-form-control-wrap\" data-name=\"your-subject\"><input size=\"40\" class=\"wpcf7-form-control wpcf7-text wpcf7-validates-as-required form-control\" aria-required=\"true\" aria-invalid=\"false\" value=\"\" type=\"text\" name=\"your-subject\" \/><\/span>\n\t<\/p>\n<\/div>\n\n<div class=\"form-group\">\n\t<p><label class=\"required\" for=\"yourMessage\">Your Message <\/label><br \/>\n<span class=\"wpcf7-form-control-wrap\" data-name=\"your-message\"><textarea cols=\"40\" rows=\"10\" class=\"wpcf7-form-control wpcf7-textarea wpcf7-validates-as-required form-control\" aria-required=\"true\" aria-invalid=\"false\" name=\"your-message\"><\/textarea><\/span>\n\t<\/p>\n<\/div>\n\n<div class=\"form-group\">\n\t<p><input class=\"wpcf7-form-control wpcf7-submit has-spinner btn btn-primary btn-lg\" type=\"submit\" value=\"Send\" \/>\n\t<\/p>\n<\/div><p style=\"display: none !important;\"><label>&#916;<textarea name=\"_wpcf7_ak_hp_textarea\" cols=\"45\" rows=\"8\" maxlength=\"100\"><\/textarea><\/label><input type=\"hidden\" id=\"ak_js_1\" name=\"_wpcf7_ak_js\" value=\"26\"\/><script>document.getElementById( \"ak_js_1\" ).setAttribute( \"value\", ( new Date() ).getTime() );<\/script><\/p><div class=\"wpcf7-response-output\" aria-hidden=\"true\"><\/div>\n<\/form>\n<\/div>\n[\/vc_column][\/vc_row]<\/p>\n","protected":false},"excerpt":{"rendered":"<p>[vc_row][vc_column][vc_column_text] \u0130NCELEME GEZ\u0130S\u0130 Tan\u0131t\u0131m Gezisi sizin i\u00e7in m\u00fckemmel bir f\u0131rsatt\u0131r. \u0130stedi\u011finiz evi yak\u0131ndan g\u00f6rmeniz i\u00e7in d\u00fczenmi\u015f bir gezidir ve finansal b\u00fct\u00e7enize uygun olarak tasarlanm\u0131\u015ft\u0131r. \u0130lgilendi\u011finiz m\u00fclkiyet, m\u00fclkiyet bro\u015f\u00fcr\u00fc, i\u00e7 ve d\u0131\u015f yap\u0131s\u0131, fiyat listesi ve proje konumu da dahil olmak \u00fczere hepsi hakk\u0131nda do\u011fru bilgilere ula\u015fman\u0131z\u0131 ama\u00e7 ediniyoruz. REZERVASYON TAR\u0130HLER\u0130 Burada kald\u0131\u011f\u0131n\u0131z s\u00fcre boyunca, Scan [&hellip;]<\/p>\n","protected":false},"author":1,"featured_media":0,"parent":0,"menu_order":0,"comment_status":"closed","ping_status":"closed","template":"template\/template-page.php","meta":[],"yoast_head":"<!-- This site is optimized with the Yoast SEO plugin v21.0 - https:\/\/yoast.com\/wordpress\/plugins\/seo\/ -->\n<title>\u0130nceleme Gezisi - ScanGroup Homes<\/title>\n<meta name=\"robots\" content=\"index, follow, max-snippet:-1, max-image-preview:large, max-video-preview:-1\" \/>\n<link rel=\"canonical\" href=\"https:\/\/www.scangrouphomes.com\/tr\/inceleme-gezisi\/\" \/>\n<meta property=\"og:locale\" content=\"tr_TR\" \/>\n<meta property=\"og:type\" content=\"article\" \/>\n<meta property=\"og:title\" content=\"\u0130nceleme Gezisi - ScanGroup Homes\" \/>\n<meta property=\"og:description\" content=\"[vc_row][vc_column][vc_column_text] \u0130NCELEME GEZ\u0130S\u0130 Tan\u0131t\u0131m Gezisi sizin i\u00e7in m\u00fckemmel bir f\u0131rsatt\u0131r. \u0130stedi\u011finiz evi yak\u0131ndan g\u00f6rmeniz i\u00e7in d\u00fczenmi\u015f bir gezidir ve finansal b\u00fct\u00e7enize uygun olarak tasarlanm\u0131\u015ft\u0131r. \u0130lgilendi\u011finiz m\u00fclkiyet, m\u00fclkiyet bro\u015f\u00fcr\u00fc, i\u00e7 ve d\u0131\u015f yap\u0131s\u0131, fiyat listesi ve proje konumu da dahil olmak \u00fczere hepsi hakk\u0131nda do\u011fru bilgilere ula\u015fman\u0131z\u0131 ama\u00e7 ediniyoruz. REZERVASYON TAR\u0130HLER\u0130 Burada kald\u0131\u011f\u0131n\u0131z s\u00fcre boyunca, Scan [&hellip;]\" \/>\n<meta property=\"og:url\" content=\"https:\/\/www.scangrouphomes.com\/tr\/inceleme-gezisi\/\" \/>\n<meta property=\"og:site_name\" content=\"ScanGroup Homes\" \/>\n<meta property=\"article:modified_time\" content=\"2020-02-03T10:42:22+00:00\" \/>\n<meta name=\"twitter:card\" content=\"summary_large_image\" \/>\n<meta name=\"twitter:label1\" content=\"Tahmini okuma s\u00fcresi\" \/>\n\t<meta name=\"twitter:data1\" content=\"2 dakika\" \/>\n<script type=\"application\/ld+json\" class=\"yoast-schema-graph\">{\"@context\":\"https:\/\/schema.org\",\"@graph\":[{\"@type\":\"WebPage\",\"@id\":\"https:\/\/www.scangrouphomes.com\/tr\/inceleme-gezisi\/\",\"url\":\"https:\/\/www.scangrouphomes.com\/tr\/inceleme-gezisi\/\",\"name\":\"\u0130nceleme Gezisi - ScanGroup Homes\",\"isPartOf\":{\"@id\":\"https:\/\/www.scangrouphomes.com\/tr\/#website\"},\"datePublished\":\"2020-01-14T01:00:17+00:00\",\"dateModified\":\"2020-02-03T10:42:22+00:00\",\"breadcrumb\":{\"@id\":\"https:\/\/www.scangrouphomes.com\/tr\/inceleme-gezisi\/#breadcrumb\"},\"inLanguage\":\"tr\",\"potentialAction\":[{\"@type\":\"ReadAction\",\"target\":[\"https:\/\/www.scangrouphomes.com\/tr\/inceleme-gezisi\/\"]}]},{\"@type\":\"BreadcrumbList\",\"@id\":\"https:\/\/www.scangrouphomes.com\/tr\/inceleme-gezisi\/#breadcrumb\",\"itemListElement\":[{\"@type\":\"ListItem\",\"position\":1,\"name\":\"Home\",\"item\":\"https:\/\/www.scangrouphomes.com\/tr\/\"},{\"@type\":\"ListItem\",\"position\":2,\"name\":\"\u0130nceleme Gezisi\"}]},{\"@type\":\"WebSite\",\"@id\":\"https:\/\/www.scangrouphomes.com\/tr\/#website\",\"url\":\"https:\/\/www.scangrouphomes.com\/tr\/\",\"name\":\"ScanGroup Homes\",\"description\":\"Property in Alanya Turkey real estate apartments villas buying property Antalya\",\"potentialAction\":[{\"@type\":\"SearchAction\",\"target\":{\"@type\":\"EntryPoint\",\"urlTemplate\":\"https:\/\/www.scangrouphomes.com\/tr\/?s={search_term_string}\"},\"query-input\":\"required name=search_term_string\"}],\"inLanguage\":\"tr\"}]}<\/script>\n<!-- \/ Yoast SEO plugin. -->","yoast_head_json":{"title":"\u0130nceleme Gezisi - ScanGroup Homes","robots":{"index":"index","follow":"follow","max-snippet":"max-snippet:-1","max-image-preview":"max-image-preview:large","max-video-preview":"max-video-preview:-1"},"canonical":"https:\/\/www.scangrouphomes.com\/tr\/inceleme-gezisi\/","og_locale":"tr_TR","og_type":"article","og_title":"\u0130nceleme Gezisi - ScanGroup Homes","og_description":"[vc_row][vc_column][vc_column_text] \u0130NCELEME GEZ\u0130S\u0130 Tan\u0131t\u0131m Gezisi sizin i\u00e7in m\u00fckemmel bir f\u0131rsatt\u0131r. \u0130stedi\u011finiz evi yak\u0131ndan g\u00f6rmeniz i\u00e7in d\u00fczenmi\u015f bir gezidir ve finansal b\u00fct\u00e7enize uygun olarak tasarlanm\u0131\u015ft\u0131r. \u0130lgilendi\u011finiz m\u00fclkiyet, m\u00fclkiyet bro\u015f\u00fcr\u00fc, i\u00e7 ve d\u0131\u015f yap\u0131s\u0131, fiyat listesi ve proje konumu da dahil olmak \u00fczere hepsi hakk\u0131nda do\u011fru bilgilere ula\u015fman\u0131z\u0131 ama\u00e7 ediniyoruz. REZERVASYON TAR\u0130HLER\u0130 Burada kald\u0131\u011f\u0131n\u0131z s\u00fcre boyunca, Scan [&hellip;]","og_url":"https:\/\/www.scangrouphomes.com\/tr\/inceleme-gezisi\/","og_site_name":"ScanGroup Homes","article_modified_time":"2020-02-03T10:42:22+00:00","twitter_card":"summary_large_image","twitter_misc":{"Tahmini okuma s\u00fcresi":"2 dakika"},"schema":{"@context":"https:\/\/schema.org","@graph":[{"@type":"WebPage","@id":"https:\/\/www.scangrouphomes.com\/tr\/inceleme-gezisi\/","url":"https:\/\/www.scangrouphomes.com\/tr\/inceleme-gezisi\/","name":"\u0130nceleme Gezisi - ScanGroup Homes","isPartOf":{"@id":"https:\/\/www.scangrouphomes.com\/tr\/#website"},"datePublished":"2020-01-14T01:00:17+00:00","dateModified":"2020-02-03T10:42:22+00:00","breadcrumb":{"@id":"https:\/\/www.scangrouphomes.com\/tr\/inceleme-gezisi\/#breadcrumb"},"inLanguage":"tr","potentialAction":[{"@type":"ReadAction","target":["https:\/\/www.scangrouphomes.com\/tr\/inceleme-gezisi\/"]}]},{"@type":"BreadcrumbList","@id":"https:\/\/www.scangrouphomes.com\/tr\/inceleme-gezisi\/#breadcrumb","itemListElement":[{"@type":"ListItem","position":1,"name":"Home","item":"https:\/\/www.scangrouphomes.com\/tr\/"},{"@type":"ListItem","position":2,"name":"\u0130nceleme Gezisi"}]},{"@type":"WebSite","@id":"https:\/\/www.scangrouphomes.com\/tr\/#website","url":"https:\/\/www.scangrouphomes.com\/tr\/","name":"ScanGroup Homes","description":"Property in Alanya Turkey real estate apartments villas buying property Antalya","potentialAction":[{"@type":"SearchAction","target":{"@type":"EntryPoint","urlTemplate":"https:\/\/www.scangrouphomes.com\/tr\/?s={search_term_string}"},"query-input":"required name=search_term_string"}],"inLanguage":"tr"}]}},"_links":{"self":[{"href":"https:\/\/www.scangrouphomes.com\/tr\/wp-json\/wp\/v2\/pages\/15384"}],"collection":[{"href":"https:\/\/www.scangrouphomes.com\/tr\/wp-json\/wp\/v2\/pages"}],"about":[{"href":"https:\/\/www.scangrouphomes.com\/tr\/wp-json\/wp\/v2\/types\/page"}],"author":[{"embeddable":true,"href":"https:\/\/www.scangrouphomes.com\/tr\/wp-json\/wp\/v2\/users\/1"}],"replies":[{"embeddable":true,"href":"https:\/\/www.scangrouphomes.com\/tr\/wp-json\/wp\/v2\/comments?post=15384"}],"version-history":[{"count":3,"href":"https:\/\/www.scangrouphomes.com\/tr\/wp-json\/wp\/v2\/pages\/15384\/revisions"}],"predecessor-version":[{"id":16117,"href":"https:\/\/www.scangrouphomes.com\/tr\/wp-json\/wp\/v2\/pages\/15384\/revisions\/16117"}],"wp:attachment":[{"href":"https:\/\/www.scangrouphomes.com\/tr\/wp-json\/wp\/v2\/media?parent=15384"}],"curies":[{"name":"wp","href":"https:\/\/api.w.org\/{rel}","templated":true}]}}