{"id":15354,"date":"2016-03-09T22:42:13","date_gmt":"2016-03-09T22:42:13","guid":{"rendered":"https:\/\/sgh.alanya.work\/faq\/"},"modified":"2020-02-03T11:31:51","modified_gmt":"2020-02-03T11:31:51","slug":"faq","status":"publish","type":"page","link":"https:\/\/www.scangrouphomes.com\/tr\/faq\/","title":{"rendered":"S\u0131k\u00e7a Sorulan Sorular"},"content":{"rendered":"<p>[vc_row][vc_column][vc_column_text]M\u00fclk Sat\u0131n Alman\u0131zda Size Yard\u0131mc\u0131 Olacak S\u0131k\u00e7a Sorulan Soru ve Cevaplar\u0131n Listesi:[\/vc_column_text][\/vc_column][\/vc_row][vc_row][vc_column][vc_toggle title=&#8221;M\u00fclk sat\u0131n al\u0131rken herhangi bir k\u0131s\u0131tlama var m\u0131?&#8221; el_id=&#8221;1457563269545-df1d9b94-9d5e&#8221;]M\u00fclkiyet; askeri b\u00f6lge de, tarihi \u00f6nemi olan bir yerde, orman b\u00f6lgelerinde veya birincil tar\u0131m arazilerinde yer alamaz.[\/vc_toggle][vc_toggle title=&#8221;Birden fazla m\u00fclke yat\u0131r\u0131m yapabilir miyim?&#8221; el_id=&#8221;1457563354555-9215d732-d143&#8243;]Evet, sat\u0131n alabilece\u011finiz emlak say\u0131s\u0131nda herhangi bir k\u0131s\u0131tlama yoktur.[\/vc_toggle][vc_toggle title=&#8221;Bir m\u00fclk\u00fcn fiyat\u0131n\u0131 kim belirler?&#8221; el_id=&#8221;1457563413051-53682728-2bbe&#8221;]Yeni in\u015fa edilen m\u00fclklerin fiyatlar\u0131 geli\u015ftirici taraf\u0131ndan belirlenmektedir. Do\u011frudan veya \u00fc\u00e7\u00fcnc\u00fc taraf arac\u0131l\u0131\u011f\u0131yla m\u00fclk\u00fcn\u00fcz\u00fc sat\u0131n ald\u0131\u011f\u0131n\u0131z ki\u015fiyle ayn\u0131 fiyat\u0131 \u00f6demeniz gerekir.[\/vc_toggle][vc_toggle title=&#8221;Gayrimenkul\u00fc kim sat\u0131yor?&#8221; el_id=&#8221;1457563429532-be0186c3-420b&#8221;]Emlak\u00e7\u0131 haricinde bir garson ya da taksici de m\u00fclk satabilir lakin bir m\u00fclk sat\u0131n alman\u0131n en iyi yolu, lisansl\u0131 emlak\u00e7\u0131y\u0131 se\u00e7mekle ba\u015flar.[\/vc_toggle][vc_toggle title=&#8221;Neden bir emlak\u00e7\u0131yla m\u00fclk sat\u0131n almal\u0131y\u0131m?&#8221; el_id=&#8221;1457563467201-44238ad6-6ab7&#8243;]Emlak\u00e7\u0131lar, m\u00fclk\u00fcn\u00fcz\u00fc sat\u0131n alman\u0131za yard\u0131mc\u0131 olan profesyonel ki\u015filerdir. Scan Group Homes Emlak, T\u00fcrkiye&#8217;de bir m\u00fclk sat\u0131n almak i\u00e7in gereken t\u00fcm bilgileri sa\u011flayan lisansl\u0131 tecr\u00fcbeli bir \u015firkettir. Sat\u0131\u015f i\u00e7in geni\u015f bir \u00f6zellik yelpazesiyle, size uygun m\u00fclk\u00fc se\u00e7menize yard\u0131mc\u0131 olacak ve sat\u0131n alma s\u00fcrecinin t\u00fcm a\u015famalar\u0131nda size rehberlik edecektir.[\/vc_toggle][vc_toggle title=&#8221;Gayrimenkul almak istedi\u011fimiz yerler t\u00fcm y\u0131l boyunca kolay eri\u015fime sahip mi?&#8221; el_id=&#8221;1457564512471-709eb61d-bf0d&#8221;]Faaliyet g\u00f6sterdi\u011fimiz yere en yak\u0131n havaalanlar\u0131 t\u00fcm y\u0131l boyunca hizmet veren Antalya Uluslararas\u0131 Havaliman\u0131 ve Gazipa\u015fa-Alanya Havaalan\u0131&#8217;d\u0131r. T\u00fcm y\u0131l boyunca Antalya&#8217;dan ve Gazipa\u015fa&#8217;dan b\u00fcy\u00fck di\u011fer havalimanlar\u0131na giden \u00e7ok say\u0131da u\u00e7u\u015f bulunmaktad\u0131r.[\/vc_toggle][vc_toggle title=&#8221;\u00c7al\u0131\u015ft\u0131\u011f\u0131n\u0131z herhangi bir banka var m\u0131?&#8221; el_id=&#8221;1457564531199-b634f01b-8551&#8243;]Faaliyet g\u00f6sterdi\u011fimiz bir\u00e7ok banka vard\u0131r. (\u0130\u015f Bankas\u0131, Garanti, Akbank, Finans)[\/vc_toggle][vc_toggle title=&#8221;Sat\u0131n alma s\u00fcreci nas\u0131l oluyor?&#8221; el_id=&#8221;1457564562142-2e162633-cbce&#8221;]\u00d6ncelikle bir m\u00fclk se\u00e7meniz, sat\u0131c\u0131yla bir anla\u015fma imzalaman\u0131z, t\u00fcm masraflar\u0131 \u00f6demeniz ve tapuyu alman\u0131z gerekiyor.[\/vc_toggle][vc_toggle title=&#8221;M\u00fclk sat\u0131n al\u0131rken \u00f6demek zorunda oldu\u011fumuz maliyetler nelerdir?&#8221; el_id=&#8221;1457564629711-31b7e0e4-e20e&#8221;]M\u00fclk sat\u0131n al\u0131rken ortaya \u00e7\u0131kan \u00e7e\u015fitli maliyetler vard\u0131r. Scan Group Homes Gayrimenkul, ne \u00f6demek zorunda oldu\u011funuz hakk\u0131nda sizi ayr\u0131nt\u0131l\u0131 olarak bilgilendirir.[\/vc_toggle][vc_toggle title=&#8221;M\u00fclk sat\u0131n almak i\u00e7in ekstra maliyetler nelerdir?&#8221; el_id=&#8221;1457564632631-80211bdf-2e44&#8243;]T\u00fcm di\u011fer ve masraflar \u00f6denecek masraflar k\u0131sm\u0131nda belirtilmi\u015ftir bunlar d\u0131\u015f\u0131nda tekliflerimizde kesinlikle hi\u00e7bir gizli maliyet yoktur. G\u00f6rd\u00fc\u011f\u00fcn\u00fcz fiyatlar son fiyatt\u0131r.[\/vc_toggle][vc_toggle title=&#8221;Tapu nedir?&#8221; el_id=&#8221;1457564659743-c02f10f0-44cd&#8221;]Tapu, m\u00fclkiyet hakk\u0131n\u0131n sahibi oldu\u011funuzu g\u00f6steren yasal belgedir. T\u00fcm m\u00fclklerin Tapu ve Sicil Dairesi&#8217;nden tapusu olmal\u0131d\u0131r.[\/vc_toggle][vc_toggle title=&#8221;Tapu i\u00e7in ne kadar beklemek zorunday\u0131m?&#8221; el_id=&#8221;1457564614680-0f2cb9e8-eaaf&#8221;]M\u00fclk sat\u0131n ald\u0131\u011f\u0131n\u0131z g\u00fcnden ba\u015flayarak tapunuzu alman\u0131z i\u00e7in 3 g\u00fcn beklemeniz gerekir.[\/vc_toggle][vc_toggle title=&#8221;M\u00fclk\u00fcm\u00fc sigorta ettirebilir miyim?&#8221;]Evet, m\u00fclk\u00fcn\u00fcz\u00fc sat\u0131n ald\u0131ktan sonra, bunu garantiye alabilirsiniz. Scan Group Homes Emlak uygun sigorta \u015firketi bulman\u0131za yard\u0131mc\u0131 olacakt\u0131r.[\/vc_toggle][\/vc_column][\/vc_row][vc_row][vc_column][vc_toggle title=&#8221;\u00d6demek zorunda oldu\u011fum yerel vergiler nelerdir?&#8221; el_id=&#8221;1457629903915-f4fbdb9a-385a&#8221;]Y\u0131lda iki kez \u00f6denecek birka\u00e7 belediye vergisi vard\u0131r ancak bu tutar olduk\u00e7a d\u00fc\u015f\u00fckt\u00fcr.[\/vc_toggle][vc_toggle title=&#8221;M\u00fclk\u00fcm\u00fcn i\u00e7 donat\u0131m\u0131 yada kiralanmas\u0131 i\u00e7in yard\u0131m alabilir miyim?&#8221; el_id=&#8221;1457629903405-ea10c05d-bbf1&#8243;]Scan Group Homes, m\u00fclk\u00fcn\u00fcz\u00fcn kiralanmas\u0131 konusunda size yard\u0131mc\u0131 olur. Son derece deneyimli tasar\u0131mc\u0131lar ekibi ile i\u015fbirli\u011fi yapmaktay\u0131z ve size komple mobilya veya ki\u015fiselle\u015ftirilmi\u015f i\u00e7 tasar\u0131m hizmetlerimizi sunuyoruz.[\/vc_toggle][vc_toggle title=&#8221;Miras i\u015flemi nas\u0131l oluyor?&#8221; el_id=&#8221;1457629903806-1bdd8e50-4baa&#8221;]Aksi belirtilmedik\u00e7e, tapu sahibine bir \u015fey olmas\u0131 durumunda, m\u00fclk otomatik olarak e\u015f veya \u00e7ocuklar taraf\u0131ndan devral\u0131n\u0131r. Tapuda herhangi bir de\u011fi\u015fiklik yapmak i\u00e7in yasal yard\u0131m alman\u0131z gerekir.[\/vc_toggle][vc_toggle title=&#8221;M\u00fclk\u00fcm\u00fc satarsam sermaye kazanc\u0131 vergisi \u00f6demek zorunda m\u0131y\u0131m?&#8221; el_id=&#8221;1457629903703-423a10ad-bc2a&#8221;]Yasalara g\u00f6re, m\u00fclk\u00fcn\u00fcz\u00fc 5 y\u0131l sonra sat\u0131yorsan\u0131z, sermaye kazan\u00e7 vergisi \u00f6demek zorunda de\u011filsiniz.[\/vc_toggle][vc_toggle title=&#8221;M\u00fclkiyet kiralanabilir mi?&#8221; el_id=&#8221;1457629903502-a0ca9a93-e098&#8243;]Bu elbette m\u00fcmk\u00fcnd\u00fcr. E\u011fer m\u00fclk\u00fcn\u00fczde kal\u0131c\u0131 olarak ya\u015fam\u0131yorsan\u0131z, o zaman ki yoklu\u011funuz s\u0131ras\u0131nda kiralamak bile iyi bir gelir kayna\u011f\u0131d\u0131r. Kiralamaya karar vermeniz durumunda, kira vergisi \u00f6demek zorunda kalacaks\u0131n\u0131z.[\/vc_toggle][vc_toggle title=&#8221;\u0130skan Nedir?&#8221; el_id=&#8221;1457629902886-ddfd3dd7-e7d9&#8243;]\u0130ki t\u00fcr \u0130skan vard\u0131r: General Iskan ve Ki\u015fisel Iskan. Genel \u0130skan; bina i\u00e7in teknik dok\u00fcmanlard\u0131r. Bu belge yerel otorite taraf\u0131ndan verilmi\u015f olup, ta\u015f\u0131nmaz\u0131n binan\u0131n konut ama\u00e7l\u0131 kullan\u0131ld\u0131\u011f\u0131 ve orada kal\u0131c\u0131 olarak ya\u015famaya devam edece\u011fi konusunda gerekli t\u00fcm onaylar\u0131 ald\u0131\u011f\u0131n\u0131 kan\u0131tlam\u0131\u015ft\u0131r. Tapu ile birlikte sahibi taraf\u0131ndan elde edilen daireler i\u00e7in \u00f6zel Iskan ve ayr\u0131ca yeni elektrik ve su kay\u0131tlar\u0131 i\u00e7in gereklidir.[\/vc_toggle][vc_toggle title=&#8221;Scan Group Homes Emlak bizim i\u00e7in ne sunuyor?&#8221; el_id=&#8221;1457629902972-86f661cf-8ee1&#8243;]M\u00fclk\u00fcn\u00fcz\u00fc sat\u0131n al\u0131rken ihtiya\u00e7 duydu\u011funuz t\u00fcm hizmetleri sa\u011fl\u0131yoruz. T\u00fcm belgeleri i\u015fliyoruz ve m\u00fclk\u00fcn\u00fcz\u00fc sat\u0131n almadan \u00f6nce ve sonra size hizmet veriyoruz.[\/vc_toggle][vc_toggle title=&#8221;Sat\u0131n almadan \u00f6nce m\u00fclk\u00fc g\u00f6rebilir miyim?&#8221; el_id=&#8221;1457629903053-d768c4ae-d207&#8243;]Scan Group Homes, m\u00fc\u015fterileri i\u00e7in bir tan\u0131t\u0131m gezileri sunuyor. M\u00fclk\u00fcm\u00fcz\u00fc g\u00f6rebilir ve sizin i\u00e7in uygun olan\u0131 se\u00e7ebilirsiniz.[\/vc_toggle][\/vc_column][\/vc_row][vc_row][vc_column][vc_empty_space][vc_separator color=&#8221;orange&#8221; style=&#8221;shadow&#8221; border_width=&#8221;3&#8243;][vc_column_text]<strong>Burada en \u00f6nemli sorular\u0131 cevaplamaya \u00e7al\u0131\u015ft\u0131k. Sorunuz burada de\u011filse, l\u00fctfen bizimle ileti\u015fime ge\u00e7mekten \u00e7ekinmeyin.<\/strong>[\/vc_column_text][\/vc_column][\/vc_row][vc_row][vc_column]\n<div class=\"wpcf7 no-js\" id=\"wpcf7-f14712-o1\" lang=\"en-US\" dir=\"ltr\">\n<div class=\"screen-reader-response\"><p role=\"status\" aria-live=\"polite\" aria-atomic=\"true\"><\/p> <ul><\/ul><\/div>\n<form action=\"\/tr\/wp-json\/wp\/v2\/pages\/15354#wpcf7-f14712-o1\" method=\"post\" class=\"wpcf7-form init\" aria-label=\"Contact form\" novalidate=\"novalidate\" data-status=\"init\">\n<div style=\"display: none;\">\n<input type=\"hidden\" name=\"_wpcf7\" value=\"14712\" \/>\n<input type=\"hidden\" name=\"_wpcf7_version\" value=\"5.8\" \/>\n<input type=\"hidden\" name=\"_wpcf7_locale\" value=\"en_US\" \/>\n<input type=\"hidden\" name=\"_wpcf7_unit_tag\" value=\"wpcf7-f14712-o1\" \/>\n<input type=\"hidden\" name=\"_wpcf7_container_post\" value=\"0\" \/>\n<input type=\"hidden\" name=\"_wpcf7_posted_data_hash\" value=\"\" \/>\n<input type=\"hidden\" name=\"_wpcf7_recaptcha_response\" value=\"\" \/>\n<\/div>\n<div class=\"form-group\">\n\t<p><label class=\"required\" for=\"yourName\">Your Name<\/label><br \/>\n<span class=\"wpcf7-form-control-wrap\" data-name=\"your-name\"><input size=\"40\" class=\"wpcf7-form-control wpcf7-text wpcf7-validates-as-required form-control\" aria-required=\"true\" aria-invalid=\"false\" value=\"\" type=\"text\" name=\"your-name\" \/><\/span>\n\t<\/p>\n<\/div>\n<div class=\"form-group\">\n\t<p><label class=\"required\" for=\"yourEmail\">Your Email<\/label><br \/>\n<span class=\"wpcf7-form-control-wrap\" data-name=\"your-email\"><input size=\"40\" class=\"wpcf7-form-control wpcf7-email wpcf7-validates-as-required wpcf7-text wpcf7-validates-as-email form-control\" aria-required=\"true\" aria-invalid=\"false\" value=\"\" type=\"email\" name=\"your-email\" \/><\/span>\n\t<\/p>\n<\/div>\n<div class=\"form-group\">\n\t<p><label class=\"required\" for=\"yourPhone\">Your Phone <\/label><br \/>\n<span class=\"wpcf7-form-control-wrap\" data-name=\"tel-179\"><input size=\"40\" class=\"wpcf7-form-control wpcf7-tel wpcf7-validates-as-required wpcf7-text wpcf7-validates-as-tel form-control\" aria-required=\"true\" aria-invalid=\"false\" value=\"\" type=\"tel\" name=\"tel-179\" \/><\/span>\n\t<\/p>\n<\/div>\n<div class=\"form-group\">\n\t<p><label class=\"required\" for=\"yourSubject\">Subject <\/label><br \/>\n<span class=\"wpcf7-form-control-wrap\" data-name=\"your-subject\"><input size=\"40\" class=\"wpcf7-form-control wpcf7-text wpcf7-validates-as-required form-control\" aria-required=\"true\" aria-invalid=\"false\" value=\"\" type=\"text\" name=\"your-subject\" \/><\/span>\n\t<\/p>\n<\/div>\n\n<div class=\"form-group\">\n\t<p><label class=\"required\" for=\"yourMessage\">Your Message <\/label><br \/>\n<span class=\"wpcf7-form-control-wrap\" data-name=\"your-message\"><textarea cols=\"40\" rows=\"10\" class=\"wpcf7-form-control wpcf7-textarea wpcf7-validates-as-required form-control\" aria-required=\"true\" aria-invalid=\"false\" name=\"your-message\"><\/textarea><\/span>\n\t<\/p>\n<\/div>\n\n<div class=\"form-group\">\n\t<p><input class=\"wpcf7-form-control wpcf7-submit has-spinner btn btn-primary btn-lg\" type=\"submit\" value=\"Send\" \/>\n\t<\/p>\n<\/div><p style=\"display: none !important;\"><label>&#916;<textarea name=\"_wpcf7_ak_hp_textarea\" cols=\"45\" rows=\"8\" maxlength=\"100\"><\/textarea><\/label><input type=\"hidden\" id=\"ak_js_1\" name=\"_wpcf7_ak_js\" value=\"169\"\/><script>document.getElementById( \"ak_js_1\" ).setAttribute( \"value\", ( new Date() ).getTime() );<\/script><\/p><div class=\"wpcf7-response-output\" aria-hidden=\"true\"><\/div>\n<\/form>\n<\/div>\n[\/vc_column][\/vc_row]<\/p>\n","protected":false},"excerpt":{"rendered":"<p>[vc_row][vc_column][vc_column_text]M\u00fclk Sat\u0131n Alman\u0131zda Size Yard\u0131mc\u0131 Olacak S\u0131k\u00e7a Sorulan Soru ve Cevaplar\u0131n Listesi:[\/vc_column_text][\/vc_column][\/vc_row][vc_row][vc_column][vc_toggle title=&#8221;M\u00fclk sat\u0131n al\u0131rken herhangi bir k\u0131s\u0131tlama var m\u0131?&#8221; el_id=&#8221;1457563269545-df1d9b94-9d5e&#8221;]M\u00fclkiyet; askeri b\u00f6lge de, tarihi \u00f6nemi olan bir yerde, orman b\u00f6lgelerinde veya birincil tar\u0131m arazilerinde yer alamaz.[\/vc_toggle][vc_toggle title=&#8221;Birden fazla m\u00fclke yat\u0131r\u0131m yapabilir miyim?&#8221; el_id=&#8221;1457563354555-9215d732-d143&#8243;]Evet, sat\u0131n alabilece\u011finiz emlak say\u0131s\u0131nda herhangi bir k\u0131s\u0131tlama yoktur.[\/vc_toggle][vc_toggle title=&#8221;Bir m\u00fclk\u00fcn fiyat\u0131n\u0131 [&hellip;]<\/p>\n","protected":false},"author":1,"featured_media":0,"parent":0,"menu_order":0,"comment_status":"closed","ping_status":"closed","template":"","meta":[],"yoast_head":"<!-- This site is optimized with the Yoast SEO plugin v21.0 - https:\/\/yoast.com\/wordpress\/plugins\/seo\/ -->\n<title>S\u0131k\u00e7a Sorulan Sorular - ScanGroup Homes<\/title>\n<meta name=\"robots\" content=\"index, follow, max-snippet:-1, max-image-preview:large, max-video-preview:-1\" \/>\n<link rel=\"canonical\" href=\"https:\/\/www.scangrouphomes.com\/tr\/faq\/\" \/>\n<meta property=\"og:locale\" content=\"tr_TR\" \/>\n<meta property=\"og:type\" content=\"article\" \/>\n<meta property=\"og:title\" content=\"S\u0131k\u00e7a Sorulan Sorular - ScanGroup Homes\" \/>\n<meta property=\"og:description\" content=\"[vc_row][vc_column][vc_column_text]M\u00fclk Sat\u0131n Alman\u0131zda Size Yard\u0131mc\u0131 Olacak S\u0131k\u00e7a Sorulan Soru ve Cevaplar\u0131n Listesi:[\/vc_column_text][\/vc_column][\/vc_row][vc_row][vc_column][vc_toggle title=&#8221;M\u00fclk sat\u0131n al\u0131rken herhangi bir k\u0131s\u0131tlama var m\u0131?&#8221; el_id=&#8221;1457563269545-df1d9b94-9d5e&#8221;]M\u00fclkiyet; askeri b\u00f6lge de, tarihi \u00f6nemi olan bir yerde, orman b\u00f6lgelerinde veya birincil tar\u0131m arazilerinde yer alamaz.[\/vc_toggle][vc_toggle title=&#8221;Birden fazla m\u00fclke yat\u0131r\u0131m yapabilir miyim?&#8221; el_id=&#8221;1457563354555-9215d732-d143&#8243;]Evet, sat\u0131n alabilece\u011finiz emlak say\u0131s\u0131nda herhangi bir k\u0131s\u0131tlama yoktur.[\/vc_toggle][vc_toggle title=&#8221;Bir m\u00fclk\u00fcn fiyat\u0131n\u0131 [&hellip;]\" \/>\n<meta property=\"og:url\" content=\"https:\/\/www.scangrouphomes.com\/tr\/faq\/\" \/>\n<meta property=\"og:site_name\" content=\"ScanGroup Homes\" \/>\n<meta property=\"article:modified_time\" content=\"2020-02-03T11:31:51+00:00\" \/>\n<meta name=\"twitter:card\" content=\"summary_large_image\" \/>\n<meta name=\"twitter:label1\" content=\"Tahmini okuma s\u00fcresi\" \/>\n\t<meta name=\"twitter:data1\" content=\"6 dakika\" \/>\n<script type=\"application\/ld+json\" class=\"yoast-schema-graph\">{\"@context\":\"https:\/\/schema.org\",\"@graph\":[{\"@type\":\"WebPage\",\"@id\":\"https:\/\/www.scangrouphomes.com\/tr\/faq\/\",\"url\":\"https:\/\/www.scangrouphomes.com\/tr\/faq\/\",\"name\":\"S\u0131k\u00e7a Sorulan Sorular - ScanGroup Homes\",\"isPartOf\":{\"@id\":\"https:\/\/www.scangrouphomes.com\/tr\/#website\"},\"datePublished\":\"2016-03-09T22:42:13+00:00\",\"dateModified\":\"2020-02-03T11:31:51+00:00\",\"breadcrumb\":{\"@id\":\"https:\/\/www.scangrouphomes.com\/tr\/faq\/#breadcrumb\"},\"inLanguage\":\"tr\",\"potentialAction\":[{\"@type\":\"ReadAction\",\"target\":[\"https:\/\/www.scangrouphomes.com\/tr\/faq\/\"]}]},{\"@type\":\"BreadcrumbList\",\"@id\":\"https:\/\/www.scangrouphomes.com\/tr\/faq\/#breadcrumb\",\"itemListElement\":[{\"@type\":\"ListItem\",\"position\":1,\"name\":\"Home\",\"item\":\"https:\/\/www.scangrouphomes.com\/tr\/\"},{\"@type\":\"ListItem\",\"position\":2,\"name\":\"S\u0131k\u00e7a Sorulan Sorular\"}]},{\"@type\":\"WebSite\",\"@id\":\"https:\/\/www.scangrouphomes.com\/tr\/#website\",\"url\":\"https:\/\/www.scangrouphomes.com\/tr\/\",\"name\":\"ScanGroup Homes\",\"description\":\"Property in Alanya Turkey real estate apartments villas buying property Antalya\",\"potentialAction\":[{\"@type\":\"SearchAction\",\"target\":{\"@type\":\"EntryPoint\",\"urlTemplate\":\"https:\/\/www.scangrouphomes.com\/tr\/?s={search_term_string}\"},\"query-input\":\"required name=search_term_string\"}],\"inLanguage\":\"tr\"}]}<\/script>\n<!-- \/ Yoast SEO plugin. -->","yoast_head_json":{"title":"S\u0131k\u00e7a Sorulan Sorular - ScanGroup Homes","robots":{"index":"index","follow":"follow","max-snippet":"max-snippet:-1","max-image-preview":"max-image-preview:large","max-video-preview":"max-video-preview:-1"},"canonical":"https:\/\/www.scangrouphomes.com\/tr\/faq\/","og_locale":"tr_TR","og_type":"article","og_title":"S\u0131k\u00e7a Sorulan Sorular - ScanGroup Homes","og_description":"[vc_row][vc_column][vc_column_text]M\u00fclk Sat\u0131n Alman\u0131zda Size Yard\u0131mc\u0131 Olacak S\u0131k\u00e7a Sorulan Soru ve Cevaplar\u0131n Listesi:[\/vc_column_text][\/vc_column][\/vc_row][vc_row][vc_column][vc_toggle title=&#8221;M\u00fclk sat\u0131n al\u0131rken herhangi bir k\u0131s\u0131tlama var m\u0131?&#8221; el_id=&#8221;1457563269545-df1d9b94-9d5e&#8221;]M\u00fclkiyet; askeri b\u00f6lge de, tarihi \u00f6nemi olan bir yerde, orman b\u00f6lgelerinde veya birincil tar\u0131m arazilerinde yer alamaz.[\/vc_toggle][vc_toggle title=&#8221;Birden fazla m\u00fclke yat\u0131r\u0131m yapabilir miyim?&#8221; el_id=&#8221;1457563354555-9215d732-d143&#8243;]Evet, sat\u0131n alabilece\u011finiz emlak say\u0131s\u0131nda herhangi bir k\u0131s\u0131tlama yoktur.[\/vc_toggle][vc_toggle title=&#8221;Bir m\u00fclk\u00fcn fiyat\u0131n\u0131 [&hellip;]","og_url":"https:\/\/www.scangrouphomes.com\/tr\/faq\/","og_site_name":"ScanGroup Homes","article_modified_time":"2020-02-03T11:31:51+00:00","twitter_card":"summary_large_image","twitter_misc":{"Tahmini okuma s\u00fcresi":"6 dakika"},"schema":{"@context":"https:\/\/schema.org","@graph":[{"@type":"WebPage","@id":"https:\/\/www.scangrouphomes.com\/tr\/faq\/","url":"https:\/\/www.scangrouphomes.com\/tr\/faq\/","name":"S\u0131k\u00e7a Sorulan Sorular - ScanGroup Homes","isPartOf":{"@id":"https:\/\/www.scangrouphomes.com\/tr\/#website"},"datePublished":"2016-03-09T22:42:13+00:00","dateModified":"2020-02-03T11:31:51+00:00","breadcrumb":{"@id":"https:\/\/www.scangrouphomes.com\/tr\/faq\/#breadcrumb"},"inLanguage":"tr","potentialAction":[{"@type":"ReadAction","target":["https:\/\/www.scangrouphomes.com\/tr\/faq\/"]}]},{"@type":"BreadcrumbList","@id":"https:\/\/www.scangrouphomes.com\/tr\/faq\/#breadcrumb","itemListElement":[{"@type":"ListItem","position":1,"name":"Home","item":"https:\/\/www.scangrouphomes.com\/tr\/"},{"@type":"ListItem","position":2,"name":"S\u0131k\u00e7a Sorulan Sorular"}]},{"@type":"WebSite","@id":"https:\/\/www.scangrouphomes.com\/tr\/#website","url":"https:\/\/www.scangrouphomes.com\/tr\/","name":"ScanGroup Homes","description":"Property in Alanya Turkey real estate apartments villas buying property Antalya","potentialAction":[{"@type":"SearchAction","target":{"@type":"EntryPoint","urlTemplate":"https:\/\/www.scangrouphomes.com\/tr\/?s={search_term_string}"},"query-input":"required name=search_term_string"}],"inLanguage":"tr"}]}},"_links":{"self":[{"href":"https:\/\/www.scangrouphomes.com\/tr\/wp-json\/wp\/v2\/pages\/15354"}],"collection":[{"href":"https:\/\/www.scangrouphomes.com\/tr\/wp-json\/wp\/v2\/pages"}],"about":[{"href":"https:\/\/www.scangrouphomes.com\/tr\/wp-json\/wp\/v2\/types\/page"}],"author":[{"embeddable":true,"href":"https:\/\/www.scangrouphomes.com\/tr\/wp-json\/wp\/v2\/users\/1"}],"replies":[{"embeddable":true,"href":"https:\/\/www.scangrouphomes.com\/tr\/wp-json\/wp\/v2\/comments?post=15354"}],"version-history":[{"count":4,"href":"https:\/\/www.scangrouphomes.com\/tr\/wp-json\/wp\/v2\/pages\/15354\/revisions"}],"predecessor-version":[{"id":16129,"href":"https:\/\/www.scangrouphomes.com\/tr\/wp-json\/wp\/v2\/pages\/15354\/revisions\/16129"}],"wp:attachment":[{"href":"https:\/\/www.scangrouphomes.com\/tr\/wp-json\/wp\/v2\/media?parent=15354"}],"curies":[{"name":"wp","href":"https:\/\/api.w.org\/{rel}","templated":true}]}}