{"id":15334,"date":"2019-12-18T10:05:56","date_gmt":"2019-12-18T10:05:56","guid":{"rendered":"https:\/\/sgh.alanya.work\/services\/"},"modified":"2020-02-12T04:15:50","modified_gmt":"2020-02-12T04:15:50","slug":"servisler","status":"publish","type":"page","link":"https:\/\/www.scangrouphomes.com\/tr\/servisler\/","title":{"rendered":"Servisler"},"content":{"rendered":"<p>[vc_row css_animation=&#8221;fadeInUp&#8221; css=&#8221;.vc_custom_1581479423592{background-color: #efefef !important;}&#8221;][vc_column width=&#8221;1\/3&#8243; css=&#8221;.vc_custom_1581478411186{border-radius: 1px !important;}&#8221;][vc_single_image image=&#8221;14818&#8243; img_size=&#8221;full&#8221;][vc_custom_heading text=&#8221;Daire Kontrol&#8221; font_container=&#8221;tag:h2|text_align:center|color:%239b7f51&#8243; use_theme_fonts=&#8221;yes&#8221;][vc_column_text]<\/p>\n<ul>\n<li>Dairenizin ayda bir kez kontrol edilmesi ve havaland\u0131r\u0131lmas\u0131<\/li>\n<li>Geli\u015f ve gidi\u015f vakitlerinizde elektri\u011finizi ve suyunuzu a\u00e7ma veya kapatma<\/li>\n<\/ul>\n<p>[\/vc_column_text][\/vc_column][vc_column width=&#8221;1\/3&#8243;][vc_single_image image=&#8221;14824&#8243; img_size=&#8221;full&#8221;][vc_custom_heading text=&#8221;Daire kiralama&#8221; font_container=&#8221;tag:h2|text_align:center|color:%239b7f51&#8243; use_theme_fonts=&#8221;yes&#8221;][vc_column_text]<\/p>\n<ul>\n<li>Dairenizi sizin i\u00e7in kiralamak<\/li>\n<li>Menfaatiniz g\u00f6z \u00f6n\u00fcnde bulundurularak, yarar\u0131n\u0131za uygun kontrat<\/li>\n<\/ul>\n<p>[\/vc_column_text][\/vc_column][vc_column width=&#8221;1\/3&#8243;][vc_single_image image=&#8221;14830&#8243; img_size=&#8221;370&#215;245&#8243;][vc_custom_heading text=&#8221;\u00d6deme hizmetleri&#8221; font_container=&#8221;tag:h2|text_align:center|color:%239b7f51&#8243; use_theme_fonts=&#8221;yes&#8221;][vc_column_text]<\/p>\n<ul>\n<li>Alanya&#8217;da her ay masraflar\u0131n\u0131z\u0131n do\u011fru \u00f6denmesi<\/li>\n<li>Elektrik, su, telefon, internet, vergi ve sigorta gibi giderler takibi<\/li>\n<\/ul>\n<p>[\/vc_column_text][\/vc_column][\/vc_row][vc_row][vc_column][vc_empty_space height=&#8221;20&#8243;][vc_separator style=&#8221;shadow&#8221; border_width=&#8221;2&#8243;][vc_empty_space height=&#8221;20&#8243;][\/vc_column][\/vc_row][vc_row css_animation=&#8221;fadeInUp&#8221; css=&#8221;.vc_custom_1581479430644{background-color: #efefef !important;}&#8221;][vc_column width=&#8221;1\/3&#8243;][vc_single_image image=&#8221;14836&#8243; img_size=&#8221;370&#215;245&#8243;][vc_custom_heading text=&#8221;Mobilya al\u0131m\u0131&#8221; font_container=&#8221;tag:h2|text_align:center|color:%239b7f51&#8243; use_theme_fonts=&#8221;yes&#8221;][vc_column_text]<\/p>\n<ul>\n<li>Daireniz i\u00e7in mobilya sat\u0131n alma s\u00fcrecinde yard\u0131m<\/li>\n<li>Beyaz e\u015fya ve genel e\u015fya sat\u0131n al\u0131rken yard\u0131m<\/li>\n<li>Mobilya i\u00e7in size g\u00fczel indirimler sunabilecek ortaklar ve f\u0131rsatlar<\/li>\n<\/ul>\n<p>[\/vc_column_text][\/vc_column][vc_column width=&#8221;1\/3&#8243;][vc_single_image image=&#8221;14842&#8243; img_size=&#8221;370&#215;245&#8243;][vc_custom_heading text=&#8221;Online Sistem&#8221; font_container=&#8221;tag:h2|text_align:center|color:%239b7f51&#8243; use_theme_fonts=&#8221;yes&#8221;][vc_column_text]<\/p>\n<ul>\n<li>Tam bir genel bak\u0131\u015fla kendi hesab\u0131n\u0131za eri\u015fim<\/li>\n<li>Hesab\u0131n\u0131za yap\u0131lan t\u00fcm \u00f6demeleri g\u00f6r\u00fcnt\u00fcleyin<\/li>\n<li>Bakiyenize genel bak\u0131\u015f<\/li>\n<\/ul>\n<p>[\/vc_column_text][\/vc_column][vc_column width=&#8221;1\/3&#8243;][vc_single_image image=&#8221;16493&#8243; img_size=&#8221;370&#215;245&#8243;][vc_custom_heading text=&#8221;Terc\u00fcme&#8221; font_container=&#8221;tag:h2|text_align:center|color:%239b7f51&#8243; use_theme_fonts=&#8221;yes&#8221;][vc_column_text]<\/p>\n<ul>\n<li>Resmi ve yeminli terc\u00fcman\u0131m\u0131z taraf\u0131ndan t\u00fcm resmi ve \u00f6zel belgelerinizin terc\u00fcme i\u015flemleri<\/li>\n<\/ul>\n<p>[\/vc_column_text][\/vc_column][\/vc_row][vc_row][vc_column][vc_empty_space height=&#8221;20&#8243;][vc_separator style=&#8221;shadow&#8221; border_width=&#8221;2&#8243;][vc_empty_space height=&#8221;20&#8243;][\/vc_column][\/vc_row][vc_row css_animation=&#8221;fadeInUp&#8221; css=&#8221;.vc_custom_1581479437567{background-color: #efefef !important;}&#8221;][vc_column width=&#8221;1\/3&#8243;][vc_single_image image=&#8221;14866&#8243; img_size=&#8221;370&#215;245&#8243;][vc_custom_heading text=&#8221;Sigorta&#8221; font_container=&#8221;tag:h2|text_align:center|color:%239b7f51&#8243; use_theme_fonts=&#8221;yes&#8221;][vc_column_text]<\/p>\n<ul>\n<li>Alanya&#8217;da dairenizin sigortas\u0131 i\u00e7in yard\u0131m<\/li>\n<li>Sigorta \u015firketi ile sizin ad\u0131n\u0131za ileti\u015fim kurma<\/li>\n<\/ul>\n<p>[\/vc_column_text][\/vc_column][vc_column width=&#8221;1\/3&#8243;][vc_single_image image=&#8221;14872&#8243; img_size=&#8221;370&#215;245&#8243;][vc_custom_heading text=&#8221;Di\u011fer Hizmetler&#8221; font_container=&#8221;tag:h2|text_align:center|color:%239b7f51&#8243; use_theme_fonts=&#8221;yes&#8221;][vc_column_text]<\/p>\n<ul>\n<li>Anahtar saklama<\/li>\n<li>\u0130yi bir fiyata araba kiralama<\/li>\n<li>Gelmeden \u00f6nce dairenizin temizlenmesi<\/li>\n<li>Alanya&#8217;da Oturma \u0130zni Ba\u015fvurusu<\/li>\n<li>Vasiyetname olu\u015fturulmas\u0131<\/li>\n<li>Banka hesab\u0131n\u0131n a\u00e7\u0131lmas\u0131<\/li>\n<\/ul>\n<p>[\/vc_column_text][\/vc_column][vc_column width=&#8221;1\/3&#8243;][vc_single_image image=&#8221;14854&#8243; img_size=&#8221;370&#215;245&#8243;][vc_custom_heading text=&#8221;Teknik hizmetler&#8221; font_container=&#8221;tag:h2|text_align:center|color:%239b7f51&#8243; use_theme_fonts=&#8221;yes&#8221;][vc_column_text]<\/p>\n<ul>\n<li>Dairenizin onar\u0131m ve bak\u0131m\u0131<\/li>\n<li>Marangoz, tesisat\u00e7\u0131 veya elektrik\u00e7iye ihtiya\u00e7lar\u0131 yard\u0131m\u0131<\/li>\n<li>Teknik tesisatlar\u0131n kontrol\u00fc<\/li>\n<li>TV ve internet kurulumu<\/li>\n<li>Televizyon, internet ve di\u011fer konularla ilgili yard\u0131m<\/li>\n<\/ul>\n<p>[\/vc_column_text][\/vc_column][\/vc_row][vc_row][vc_column][vc_empty_space height=&#8221;20&#8243;][vc_separator style=&#8221;shadow&#8221; border_width=&#8221;2&#8243;][vc_empty_space height=&#8221;20&#8243;][\/vc_column][\/vc_row][vc_row css_animation=&#8221;fadeInUp&#8221; css=&#8221;.vc_custom_1581479398188{background-color: #efefef !important;}&#8221;][vc_column width=&#8221;1\/3&#8243;][vc_single_image image=&#8221;14860&#8243; img_size=&#8221;370&#215;245&#8243;][vc_custom_heading text=&#8221;Avukat Noter&#8221; font_container=&#8221;tag:h2|text_align:center|color:%239b7f51&#8243; use_theme_fonts=&#8221;yes&#8221;][vc_column_text]<\/p>\n<ul>\n<li>Yasama prosed\u00fcrleri s\u0131ras\u0131nda gerekli yasal yard\u0131m<\/li>\n<\/ul>\n<p>[\/vc_column_text][\/vc_column][vc_column width=&#8221;1\/3&#8243;][vc_single_image image=&#8221;14884&#8243; img_size=&#8221;370&#215;245&#8243;][vc_custom_heading text=&#8221;Doktor \/ Hastane&#8221; font_container=&#8221;tag:h2|text_align:center|color:%239b7f51&#8243; use_theme_fonts=&#8221;yes&#8221;][vc_column_text]<\/p>\n<ul>\n<li>Gerekirse doktor ve hastane yard\u0131mlar\u0131<\/li>\n<\/ul>\n<p>[\/vc_column_text][\/vc_column][vc_column width=&#8221;1\/3&#8243;][vc_single_image image=&#8221;14878&#8243; img_size=&#8221;370&#215;245&#8243;][vc_custom_heading text=&#8221;Tapu&#8221; font_container=&#8221;tag:h2|text_align:center|color:%239b7f51&#8243; use_theme_fonts=&#8221;yes&#8221;][vc_column_text]<\/p>\n<ul>\n<li>Tapu senedinin (tapu) sizin ad\u0131n\u0131za tespiti<\/li>\n<li>\u0130skan i\u015flemleri<\/li>\n<li>Elektrik ve su abone i\u015flemleri<\/li>\n<\/ul>\n<p>[\/vc_column_text][\/vc_column][\/vc_row][vc_row][vc_column][vc_empty_space height=&#8221;40px&#8221;][vc_separator color=&#8221;orange&#8221; style=&#8221;shadow&#8221; border_width=&#8221;3&#8243;][\/vc_column][\/vc_row][vc_row][vc_column]\n<div class=\"wpcf7 no-js\" id=\"wpcf7-f14712-o1\" lang=\"en-US\" dir=\"ltr\">\n<div class=\"screen-reader-response\"><p role=\"status\" aria-live=\"polite\" aria-atomic=\"true\"><\/p> <ul><\/ul><\/div>\n<form action=\"\/tr\/wp-json\/wp\/v2\/pages\/15334#wpcf7-f14712-o1\" method=\"post\" class=\"wpcf7-form init\" aria-label=\"Contact form\" novalidate=\"novalidate\" data-status=\"init\">\n<div style=\"display: none;\">\n<input type=\"hidden\" name=\"_wpcf7\" value=\"14712\" \/>\n<input type=\"hidden\" name=\"_wpcf7_version\" value=\"5.8\" \/>\n<input type=\"hidden\" name=\"_wpcf7_locale\" value=\"en_US\" \/>\n<input type=\"hidden\" name=\"_wpcf7_unit_tag\" value=\"wpcf7-f14712-o1\" \/>\n<input type=\"hidden\" name=\"_wpcf7_container_post\" value=\"0\" \/>\n<input type=\"hidden\" name=\"_wpcf7_posted_data_hash\" value=\"\" \/>\n<input type=\"hidden\" name=\"_wpcf7_recaptcha_response\" value=\"\" \/>\n<\/div>\n<div class=\"form-group\">\n\t<p><label class=\"required\" for=\"yourName\">Your Name<\/label><br \/>\n<span class=\"wpcf7-form-control-wrap\" data-name=\"your-name\"><input size=\"40\" class=\"wpcf7-form-control wpcf7-text wpcf7-validates-as-required form-control\" aria-required=\"true\" aria-invalid=\"false\" value=\"\" type=\"text\" name=\"your-name\" \/><\/span>\n\t<\/p>\n<\/div>\n<div class=\"form-group\">\n\t<p><label class=\"required\" for=\"yourEmail\">Your Email<\/label><br \/>\n<span class=\"wpcf7-form-control-wrap\" data-name=\"your-email\"><input size=\"40\" class=\"wpcf7-form-control wpcf7-email wpcf7-validates-as-required wpcf7-text wpcf7-validates-as-email form-control\" aria-required=\"true\" aria-invalid=\"false\" value=\"\" type=\"email\" name=\"your-email\" \/><\/span>\n\t<\/p>\n<\/div>\n<div class=\"form-group\">\n\t<p><label class=\"required\" for=\"yourPhone\">Your Phone <\/label><br \/>\n<span class=\"wpcf7-form-control-wrap\" data-name=\"tel-179\"><input size=\"40\" class=\"wpcf7-form-control wpcf7-tel wpcf7-validates-as-required wpcf7-text wpcf7-validates-as-tel form-control\" aria-required=\"true\" aria-invalid=\"false\" value=\"\" type=\"tel\" name=\"tel-179\" \/><\/span>\n\t<\/p>\n<\/div>\n<div class=\"form-group\">\n\t<p><label class=\"required\" for=\"yourSubject\">Subject <\/label><br \/>\n<span class=\"wpcf7-form-control-wrap\" data-name=\"your-subject\"><input size=\"40\" class=\"wpcf7-form-control wpcf7-text wpcf7-validates-as-required form-control\" aria-required=\"true\" aria-invalid=\"false\" value=\"\" type=\"text\" name=\"your-subject\" \/><\/span>\n\t<\/p>\n<\/div>\n\n<div class=\"form-group\">\n\t<p><label class=\"required\" for=\"yourMessage\">Your Message <\/label><br \/>\n<span class=\"wpcf7-form-control-wrap\" data-name=\"your-message\"><textarea cols=\"40\" rows=\"10\" class=\"wpcf7-form-control wpcf7-textarea wpcf7-validates-as-required form-control\" aria-required=\"true\" aria-invalid=\"false\" name=\"your-message\"><\/textarea><\/span>\n\t<\/p>\n<\/div>\n\n<div class=\"form-group\">\n\t<p><input class=\"wpcf7-form-control wpcf7-submit has-spinner btn btn-primary btn-lg\" type=\"submit\" value=\"Send\" \/>\n\t<\/p>\n<\/div><p style=\"display: none !important;\"><label>&#916;<textarea name=\"_wpcf7_ak_hp_textarea\" cols=\"45\" rows=\"8\" maxlength=\"100\"><\/textarea><\/label><input type=\"hidden\" id=\"ak_js_1\" name=\"_wpcf7_ak_js\" value=\"182\"\/><script>document.getElementById( \"ak_js_1\" ).setAttribute( \"value\", ( new Date() ).getTime() );<\/script><\/p><div class=\"wpcf7-response-output\" aria-hidden=\"true\"><\/div>\n<\/form>\n<\/div>\n[\/vc_column][\/vc_row][vc_row][vc_column][vc_separator color=&#8221;orange&#8221; style=&#8221;shadow&#8221; border_width=&#8221;3&#8243;][\/vc_column][\/vc_row][vc_row full_width=&#8221;stretch_row_content_no_spaces&#8221;][vc_column][vc_gmaps link=&#8221;#E-8_JTNDaWZyYW1lJTIwc3JjJTNEJTIyaHR0cHMlM0ElMkYlMkZ3d3cuZ29vZ2xlLmNvbSUyRm1hcHMlMkZlbWJlZCUzRnBiJTNEJTIxMW0xNCUyMTFtOCUyMTFtMyUyMTFkMTI4MjEuOTUxMjM2MjY4MTE2JTIxMmQzMi4wMjkwNTAyJTIxM2QzNi41NDIzNDk0JTIxM20yJTIxMWkxMDI0JTIxMmk3NjglMjE0ZjEzLjElMjEzbTMlMjExbTIlMjExczB4MCUyNTNBMHgzZTNhYzc1YzVlZDE2NGUwJTIxMnNTY2FuZ3JvdXAlMjUyMEhvbWVzJTIxNWUwJTIxM20yJTIxMXN0ciUyMTJzdHIlMjE0djE1NzY2NjAzNjczMzQlMjE1bTIlMjExc3RyJTIxMnN0ciUyMiUyMHdpZHRoJTNEJTIyNjAwJTIyJTIwaGVpZ2h0JTNEJTIyNDUwJTIyJTIwZnJhbWVib3JkZXIlM0QlMjIwJTIyJTIwc3R5bGUlM0QlMjJib3JkZXIlM0EwJTNCJTIyJTIwYWxsb3dmdWxsc2NyZWVuJTNEJTIyJTIyJTNFJTNDJTJGaWZyYW1lJTNF&#8221;][\/vc_column][\/vc_row]<\/p>\n","protected":false},"excerpt":{"rendered":"<p>[vc_row css_animation=&#8221;fadeInUp&#8221; css=&#8221;.vc_custom_1581479423592{background-color: #efefef !important;}&#8221;][vc_column width=&#8221;1\/3&#8243; css=&#8221;.vc_custom_1581478411186{border-radius: 1px !important;}&#8221;][vc_single_image image=&#8221;14818&#8243; img_size=&#8221;full&#8221;][vc_custom_heading text=&#8221;Daire Kontrol&#8221; font_container=&#8221;tag:h2|text_align:center|color:%239b7f51&#8243; use_theme_fonts=&#8221;yes&#8221;][vc_column_text] Dairenizin ayda bir kez kontrol edilmesi ve havaland\u0131r\u0131lmas\u0131 Geli\u015f ve gidi\u015f vakitlerinizde elektri\u011finizi ve suyunuzu a\u00e7ma veya kapatma [\/vc_column_text][\/vc_column][vc_column width=&#8221;1\/3&#8243;][vc_single_image image=&#8221;14824&#8243; img_size=&#8221;full&#8221;][vc_custom_heading text=&#8221;Daire kiralama&#8221; font_container=&#8221;tag:h2|text_align:center|color:%239b7f51&#8243; use_theme_fonts=&#8221;yes&#8221;][vc_column_text] Dairenizi sizin i\u00e7in kiralamak Menfaatiniz g\u00f6z \u00f6n\u00fcnde bulundurularak, yarar\u0131n\u0131za uygun kontrat [\/vc_column_text][\/vc_column][vc_column width=&#8221;1\/3&#8243;][vc_single_image image=&#8221;14830&#8243; [&hellip;]<\/p>\n","protected":false},"author":1,"featured_media":0,"parent":0,"menu_order":0,"comment_status":"closed","ping_status":"closed","template":"template\/template-page.php","meta":[],"yoast_head":"<!-- This site is optimized with the Yoast SEO plugin v21.0 - https:\/\/yoast.com\/wordpress\/plugins\/seo\/ -->\n<title>Servisler - ScanGroup Homes<\/title>\n<meta name=\"robots\" content=\"index, follow, max-snippet:-1, max-image-preview:large, max-video-preview:-1\" \/>\n<link rel=\"canonical\" href=\"https:\/\/www.scangrouphomes.com\/tr\/servisler\/\" \/>\n<meta property=\"og:locale\" content=\"tr_TR\" \/>\n<meta property=\"og:type\" content=\"article\" \/>\n<meta property=\"og:title\" content=\"Servisler - ScanGroup Homes\" \/>\n<meta property=\"og:description\" content=\"[vc_row css_animation=&#8221;fadeInUp&#8221; css=&#8221;.vc_custom_1581479423592{background-color: #efefef !important;}&#8221;][vc_column width=&#8221;1\/3&#8243; css=&#8221;.vc_custom_1581478411186{border-radius: 1px !important;}&#8221;][vc_single_image image=&#8221;14818&#8243; img_size=&#8221;full&#8221;][vc_custom_heading text=&#8221;Daire Kontrol&#8221; font_container=&#8221;tag:h2|text_align:center|color:%239b7f51&#8243; use_theme_fonts=&#8221;yes&#8221;][vc_column_text] Dairenizin ayda bir kez kontrol edilmesi ve havaland\u0131r\u0131lmas\u0131 Geli\u015f ve gidi\u015f vakitlerinizde elektri\u011finizi ve suyunuzu a\u00e7ma veya kapatma [\/vc_column_text][\/vc_column][vc_column width=&#8221;1\/3&#8243;][vc_single_image image=&#8221;14824&#8243; img_size=&#8221;full&#8221;][vc_custom_heading text=&#8221;Daire kiralama&#8221; font_container=&#8221;tag:h2|text_align:center|color:%239b7f51&#8243; use_theme_fonts=&#8221;yes&#8221;][vc_column_text] Dairenizi sizin i\u00e7in kiralamak Menfaatiniz g\u00f6z \u00f6n\u00fcnde bulundurularak, yarar\u0131n\u0131za uygun kontrat [\/vc_column_text][\/vc_column][vc_column width=&#8221;1\/3&#8243;][vc_single_image image=&#8221;14830&#8243; [&hellip;]\" \/>\n<meta property=\"og:url\" content=\"https:\/\/www.scangrouphomes.com\/tr\/servisler\/\" \/>\n<meta property=\"og:site_name\" content=\"ScanGroup Homes\" \/>\n<meta property=\"article:modified_time\" content=\"2020-02-12T04:15:50+00:00\" \/>\n<meta name=\"twitter:card\" content=\"summary_large_image\" \/>\n<meta name=\"twitter:label1\" content=\"Tahmini okuma s\u00fcresi\" \/>\n\t<meta name=\"twitter:data1\" content=\"5 dakika\" \/>\n<script type=\"application\/ld+json\" class=\"yoast-schema-graph\">{\"@context\":\"https:\/\/schema.org\",\"@graph\":[{\"@type\":\"WebPage\",\"@id\":\"https:\/\/www.scangrouphomes.com\/tr\/servisler\/\",\"url\":\"https:\/\/www.scangrouphomes.com\/tr\/servisler\/\",\"name\":\"Servisler - ScanGroup Homes\",\"isPartOf\":{\"@id\":\"https:\/\/www.scangrouphomes.com\/tr\/#website\"},\"datePublished\":\"2019-12-18T10:05:56+00:00\",\"dateModified\":\"2020-02-12T04:15:50+00:00\",\"breadcrumb\":{\"@id\":\"https:\/\/www.scangrouphomes.com\/tr\/servisler\/#breadcrumb\"},\"inLanguage\":\"tr\",\"potentialAction\":[{\"@type\":\"ReadAction\",\"target\":[\"https:\/\/www.scangrouphomes.com\/tr\/servisler\/\"]}]},{\"@type\":\"BreadcrumbList\",\"@id\":\"https:\/\/www.scangrouphomes.com\/tr\/servisler\/#breadcrumb\",\"itemListElement\":[{\"@type\":\"ListItem\",\"position\":1,\"name\":\"Home\",\"item\":\"https:\/\/www.scangrouphomes.com\/tr\/\"},{\"@type\":\"ListItem\",\"position\":2,\"name\":\"Servisler\"}]},{\"@type\":\"WebSite\",\"@id\":\"https:\/\/www.scangrouphomes.com\/tr\/#website\",\"url\":\"https:\/\/www.scangrouphomes.com\/tr\/\",\"name\":\"ScanGroup Homes\",\"description\":\"Property in Alanya Turkey real estate apartments villas buying property Antalya\",\"potentialAction\":[{\"@type\":\"SearchAction\",\"target\":{\"@type\":\"EntryPoint\",\"urlTemplate\":\"https:\/\/www.scangrouphomes.com\/tr\/?s={search_term_string}\"},\"query-input\":\"required name=search_term_string\"}],\"inLanguage\":\"tr\"}]}<\/script>\n<!-- \/ Yoast SEO plugin. -->","yoast_head_json":{"title":"Servisler - ScanGroup Homes","robots":{"index":"index","follow":"follow","max-snippet":"max-snippet:-1","max-image-preview":"max-image-preview:large","max-video-preview":"max-video-preview:-1"},"canonical":"https:\/\/www.scangrouphomes.com\/tr\/servisler\/","og_locale":"tr_TR","og_type":"article","og_title":"Servisler - ScanGroup Homes","og_description":"[vc_row css_animation=&#8221;fadeInUp&#8221; css=&#8221;.vc_custom_1581479423592{background-color: #efefef !important;}&#8221;][vc_column width=&#8221;1\/3&#8243; css=&#8221;.vc_custom_1581478411186{border-radius: 1px !important;}&#8221;][vc_single_image image=&#8221;14818&#8243; img_size=&#8221;full&#8221;][vc_custom_heading text=&#8221;Daire Kontrol&#8221; font_container=&#8221;tag:h2|text_align:center|color:%239b7f51&#8243; use_theme_fonts=&#8221;yes&#8221;][vc_column_text] Dairenizin ayda bir kez kontrol edilmesi ve havaland\u0131r\u0131lmas\u0131 Geli\u015f ve gidi\u015f vakitlerinizde elektri\u011finizi ve suyunuzu a\u00e7ma veya kapatma [\/vc_column_text][\/vc_column][vc_column width=&#8221;1\/3&#8243;][vc_single_image image=&#8221;14824&#8243; img_size=&#8221;full&#8221;][vc_custom_heading text=&#8221;Daire kiralama&#8221; font_container=&#8221;tag:h2|text_align:center|color:%239b7f51&#8243; use_theme_fonts=&#8221;yes&#8221;][vc_column_text] Dairenizi sizin i\u00e7in kiralamak Menfaatiniz g\u00f6z \u00f6n\u00fcnde bulundurularak, yarar\u0131n\u0131za uygun kontrat [\/vc_column_text][\/vc_column][vc_column width=&#8221;1\/3&#8243;][vc_single_image image=&#8221;14830&#8243; [&hellip;]","og_url":"https:\/\/www.scangrouphomes.com\/tr\/servisler\/","og_site_name":"ScanGroup Homes","article_modified_time":"2020-02-12T04:15:50+00:00","twitter_card":"summary_large_image","twitter_misc":{"Tahmini okuma s\u00fcresi":"5 dakika"},"schema":{"@context":"https:\/\/schema.org","@graph":[{"@type":"WebPage","@id":"https:\/\/www.scangrouphomes.com\/tr\/servisler\/","url":"https:\/\/www.scangrouphomes.com\/tr\/servisler\/","name":"Servisler - ScanGroup Homes","isPartOf":{"@id":"https:\/\/www.scangrouphomes.com\/tr\/#website"},"datePublished":"2019-12-18T10:05:56+00:00","dateModified":"2020-02-12T04:15:50+00:00","breadcrumb":{"@id":"https:\/\/www.scangrouphomes.com\/tr\/servisler\/#breadcrumb"},"inLanguage":"tr","potentialAction":[{"@type":"ReadAction","target":["https:\/\/www.scangrouphomes.com\/tr\/servisler\/"]}]},{"@type":"BreadcrumbList","@id":"https:\/\/www.scangrouphomes.com\/tr\/servisler\/#breadcrumb","itemListElement":[{"@type":"ListItem","position":1,"name":"Home","item":"https:\/\/www.scangrouphomes.com\/tr\/"},{"@type":"ListItem","position":2,"name":"Servisler"}]},{"@type":"WebSite","@id":"https:\/\/www.scangrouphomes.com\/tr\/#website","url":"https:\/\/www.scangrouphomes.com\/tr\/","name":"ScanGroup Homes","description":"Property in Alanya Turkey real estate apartments villas buying property Antalya","potentialAction":[{"@type":"SearchAction","target":{"@type":"EntryPoint","urlTemplate":"https:\/\/www.scangrouphomes.com\/tr\/?s={search_term_string}"},"query-input":"required name=search_term_string"}],"inLanguage":"tr"}]}},"_links":{"self":[{"href":"https:\/\/www.scangrouphomes.com\/tr\/wp-json\/wp\/v2\/pages\/15334"}],"collection":[{"href":"https:\/\/www.scangrouphomes.com\/tr\/wp-json\/wp\/v2\/pages"}],"about":[{"href":"https:\/\/www.scangrouphomes.com\/tr\/wp-json\/wp\/v2\/types\/page"}],"author":[{"embeddable":true,"href":"https:\/\/www.scangrouphomes.com\/tr\/wp-json\/wp\/v2\/users\/1"}],"replies":[{"embeddable":true,"href":"https:\/\/www.scangrouphomes.com\/tr\/wp-json\/wp\/v2\/comments?post=15334"}],"version-history":[{"count":6,"href":"https:\/\/www.scangrouphomes.com\/tr\/wp-json\/wp\/v2\/pages\/15334\/revisions"}],"predecessor-version":[{"id":16522,"href":"https:\/\/www.scangrouphomes.com\/tr\/wp-json\/wp\/v2\/pages\/15334\/revisions\/16522"}],"wp:attachment":[{"href":"https:\/\/www.scangrouphomes.com\/tr\/wp-json\/wp\/v2\/media?parent=15334"}],"curies":[{"name":"wp","href":"https:\/\/api.w.org\/{rel}","templated":true}]}}