{"id":16301,"date":"2021-03-17T01:33:15","date_gmt":"2021-03-17T01:33:15","guid":{"rendered":"https:\/\/sgh.alanya.work\/?page_id=16301"},"modified":"2021-03-17T01:33:16","modified_gmt":"2021-03-17T01:33:16","slug":"kostnader-vid-kop","status":"publish","type":"page","link":"https:\/\/www.scangrouphomes.com\/sv\/kostnader-vid-kop\/","title":{"rendered":"Kostnader vid k\u00f6p"},"content":{"rendered":"<p>[vc_row][vc_column][vc_column_text]<\/p>\n<p>Det h\u00e4r \u00e4r de kostnader du m\u00e5ste r\u00e4kna med n\u00e4r du k\u00f6per en fastighet i Turkiet.<\/p>\n<p><strong>FULLMAKTEN<\/strong>:<br \/>\nAtt ge en fullmakt till notarius publicus kostar ca 100 euro (inklusive tolk).<\/p>\n<p><strong>\u00d6VERL\u00c5TELSE SKATT:<\/strong><br \/>\n4% av fastighetens v\u00e4rde som angetts p\u00e5 TAPU kontoret.<br \/>\nDetta betalas vid en av de statliga bankerna vid tidpunkten f\u00f6r \u00f6verl\u00e5telsen (det belopp som anges p\u00e5 TAPU kontoret \u00e4r l\u00e4gre \u00e4n det verkliga v\u00e4rdet p\u00e5 fastigheten och ungef\u00e4r mellan 2000-5000 euro beroende p\u00e5 mark \/ l\u00e4genhetens storlek \/ villa etc).<\/p>\n<p><strong>ISKAN<\/strong>:<br \/>\nErh\u00e5llande av slutrapporten kallad Iskan (endast f\u00f6r nybyggnation): B\u00f6rjar fr\u00e5n 350 euro, beroende p\u00e5 storlek och plats.<br \/>\nAlla byggnader och l\u00e4genheter m\u00e5ste ha en Iskan f\u00f6r vatten- och elabonnementet. Normalt har detta redan gjorts av konstruktionsf\u00f6retaget vid nybyggnation.<\/p>\n<p><strong>ANDRA AVGIFTER:<\/strong><br \/>\nTecknande av elabonnemang: Ny anslutning av elm\u00e4tare: ca 100 Euro (betalas endast en g\u00e5ng).<br \/>\nNamn\u00f6verl\u00e5telse av en befintlig anslutning: ca 30 Euro (betalas endast en g\u00e5ng).<\/p>\n<p>Tecknande av vattenabonnemang: Ny anslutning av vattenm\u00e4tare: ca 60 Euro.<br \/>\nNamn\u00f6verl\u00e5telse av en befintlig anslutning: ca 30 Euro.<br \/>\nFast telefonanslutning: Du kan bara f\u00e5 hemtelefon registrerad om du har uppeh\u00e5llstillst\u00e5nd i Turkiet.<\/p>\n<p><strong>\u00c5RLIGA KOSTNADER MED ATT \u00c4GA EN FASTIGHET I TURKIET:<\/strong><br \/>\nFastighetsskatten i Turkiet (Emlak Vergisi) 0,02% av fastigheten v\u00e4rde som uppgetts av kommunen (betalas f\u00f6re slutet av maj varje \u00e5r). I de flesta fall \u00e4r en \u00e5rliga fastighetsskatten f\u00f6r en 3-rumsl\u00e4genhet i Alanya regionen ca 100 Euro.<br \/>\nElektricitet: Energikostnad per kwh: 0.09 USD (juli 2018 inklusive moms och diverse skatter).<br \/>\nVatten: Vatten kostnaden per m3: 0,88 Euro (inklusive moms och diverse skatter).<br \/>\nTelefon: Kostnad per enhet: 0039 Euro, standard taxa.<br \/>\nM\u00e5nadshyra: 7,20 Euro, standard taxa.<br \/>\nEnhetsperiod (provins): 60 sekunder.<br \/>\nTelefontaxor inklusive moms (18%), exklusive SCT (15%).<\/p>\n<p>Observera att kostnaderna kan f\u00f6r\u00e4ndras!<br \/>\nBes\u00f6k www.turktelekom.com.tr f\u00f6r ytterligare information.<\/p>\n<p>[\/vc_column_text][\/vc_column][\/vc_row][vc_row][vc_column][vc_separator color=&#8221;orange&#8221; style=&#8221;shadow&#8221; border_width=&#8221;3&#8243;][\/vc_column][\/vc_row][vc_row][vc_column]\n<div class=\"wpcf7 no-js\" id=\"wpcf7-f14712-o1\" lang=\"en-US\" dir=\"ltr\">\n<div class=\"screen-reader-response\"><p role=\"status\" aria-live=\"polite\" aria-atomic=\"true\"><\/p> <ul><\/ul><\/div>\n<form action=\"\/sv\/wp-json\/wp\/v2\/pages\/16301#wpcf7-f14712-o1\" method=\"post\" class=\"wpcf7-form init\" aria-label=\"Contact form\" novalidate=\"novalidate\" data-status=\"init\">\n<div style=\"display: none;\">\n<input type=\"hidden\" name=\"_wpcf7\" value=\"14712\" \/>\n<input type=\"hidden\" name=\"_wpcf7_version\" value=\"5.8\" \/>\n<input type=\"hidden\" name=\"_wpcf7_locale\" value=\"en_US\" \/>\n<input type=\"hidden\" name=\"_wpcf7_unit_tag\" value=\"wpcf7-f14712-o1\" \/>\n<input type=\"hidden\" name=\"_wpcf7_container_post\" value=\"0\" \/>\n<input type=\"hidden\" name=\"_wpcf7_posted_data_hash\" value=\"\" \/>\n<input type=\"hidden\" name=\"_wpcf7_recaptcha_response\" value=\"\" \/>\n<\/div>\n<div class=\"form-group\">\n\t<p><label class=\"required\" for=\"yourName\">Your Name<\/label><br \/>\n<span class=\"wpcf7-form-control-wrap\" data-name=\"your-name\"><input size=\"40\" class=\"wpcf7-form-control wpcf7-text wpcf7-validates-as-required form-control\" aria-required=\"true\" aria-invalid=\"false\" value=\"\" type=\"text\" name=\"your-name\" \/><\/span>\n\t<\/p>\n<\/div>\n<div class=\"form-group\">\n\t<p><label class=\"required\" for=\"yourEmail\">Your Email<\/label><br \/>\n<span class=\"wpcf7-form-control-wrap\" data-name=\"your-email\"><input size=\"40\" class=\"wpcf7-form-control wpcf7-email wpcf7-validates-as-required wpcf7-text wpcf7-validates-as-email form-control\" aria-required=\"true\" aria-invalid=\"false\" value=\"\" type=\"email\" name=\"your-email\" \/><\/span>\n\t<\/p>\n<\/div>\n<div class=\"form-group\">\n\t<p><label class=\"required\" for=\"yourPhone\">Your Phone <\/label><br \/>\n<span class=\"wpcf7-form-control-wrap\" data-name=\"tel-179\"><input size=\"40\" class=\"wpcf7-form-control wpcf7-tel wpcf7-validates-as-required wpcf7-text wpcf7-validates-as-tel form-control\" aria-required=\"true\" aria-invalid=\"false\" value=\"\" type=\"tel\" name=\"tel-179\" \/><\/span>\n\t<\/p>\n<\/div>\n<div class=\"form-group\">\n\t<p><label class=\"required\" for=\"yourSubject\">Subject <\/label><br \/>\n<span class=\"wpcf7-form-control-wrap\" data-name=\"your-subject\"><input size=\"40\" class=\"wpcf7-form-control wpcf7-text wpcf7-validates-as-required form-control\" aria-required=\"true\" aria-invalid=\"false\" value=\"\" type=\"text\" name=\"your-subject\" \/><\/span>\n\t<\/p>\n<\/div>\n\n<div class=\"form-group\">\n\t<p><label class=\"required\" for=\"yourMessage\">Your Message <\/label><br \/>\n<span class=\"wpcf7-form-control-wrap\" data-name=\"your-message\"><textarea cols=\"40\" rows=\"10\" class=\"wpcf7-form-control wpcf7-textarea wpcf7-validates-as-required form-control\" aria-required=\"true\" aria-invalid=\"false\" name=\"your-message\"><\/textarea><\/span>\n\t<\/p>\n<\/div>\n\n<div class=\"form-group\">\n\t<p><input class=\"wpcf7-form-control wpcf7-submit has-spinner btn btn-primary btn-lg\" type=\"submit\" value=\"Send\" \/>\n\t<\/p>\n<\/div><p style=\"display: none !important;\"><label>&#916;<textarea name=\"_wpcf7_ak_hp_textarea\" cols=\"45\" rows=\"8\" maxlength=\"100\"><\/textarea><\/label><input type=\"hidden\" id=\"ak_js_1\" name=\"_wpcf7_ak_js\" value=\"8\"\/><script>document.getElementById( \"ak_js_1\" ).setAttribute( \"value\", ( new Date() ).getTime() );<\/script><\/p><div class=\"wpcf7-response-output\" aria-hidden=\"true\"><\/div>\n<\/form>\n<\/div>\n[\/vc_column][\/vc_row][vc_row][vc_column][vc_separator color=&#8221;orange&#8221; style=&#8221;shadow&#8221; border_width=&#8221;3&#8243;]\n        <!--start agents module-->\n        \n            \n        <script type=\"text\/javascript\">\n            jQuery(document).ready(function($){\n                if($(\"#agents-carousel-b0uAf\").length > 0){\n                    var owlAgents = $('#agents-carousel-b0uAf');\n                    owlAgents.owlCarousel({\n                        rtl: false,\n                        loop: true,\n                        dots: false,\n                        slideBy: 1,\n                        autoplay: true,\n                        autoplaySpeed: 700,\n                        nav: false,\n                        responsive:{\n                            0: {\n                                items: 1\n                            },\n                            320: {\n                                items: 1\n                            },\n                            480: {\n                                items: 1\n                            },\n                            768: {\n                                items: 2\n                            },\n                            1000: {\n                                items: 3\n                            },\n                            1280: {\n                                items: 4\n                            }\n                        }\n                    });\n\n                    $('.btn-prev-agents').on('click',function() {\n                        owlAgents.trigger('prev.owl.carousel',[700])\n                    });\n                    $('.btn-next-agents').on('click',function() {\n                        owlAgents.trigger('next.owl.carousel',[700])\n                    });\n\n                }\n            });\n        <\/script>\n\n        <div id=\"agents-carousel-module\" class=\"houzez-module agents-carousel-module\">\n            <div class=\"row\">\n                <div class=\"col-sm-12\">\n                    <div class=\"module-title-nav clearfix\">\n\n                        \n                        <div class=\"module-nav\">\n                            <button\n                                class=\"btn btn-carousel btn-sm btn-prev-agents\">Prev<\/button>\n                            <button\n                                class=\"btn btn-carousel btn-sm btn-next-agents\">Next<\/button>\n                        <\/div>\n                    <\/div>\n                <\/div>\n                <div class=\"col-sm-12\">\n                    <div id=\"agents-carousel-b0uAf\" class=\"agents-carousel slide-animated owl-carousel owl-theme\">\n\n                                                    <div class=\"item\">\n                                <div class=\"agents-block\">\n                                    <figure class=\"auther-thumb\">\n                                        <a href=\"https:\/\/www.scangrouphomes.com\/sv\/agent\/mahmut-kaya\/\"\n                                           class=\"view\">\n                                        <img src=\"https:\/\/i0.wp.com\/www.scangrouphomes.com\/wp-content\/uploads\/2016\/02\/mahmut-kaya-640.jpg?resize=350%2C350&#038;ssl=1\" class=\"img-circle\" width=\"150\"\n                                             height=\"150\" alt=\"Mahmut Kaya\">\n                                        <\/a>\n                                    <\/figure>\n\n                                        <div class=\"web-logo text-center\">\n                                                                                <\/div>\n\n                                    <div class=\"block-body\">\n                                        <p class=\"auther-info\">\n                                            <span class=\"blue\">Mahmut Kaya<\/span>\n                                            <span>Founder &amp; Ceo                                                                                            , Scangrouphomes<\/span>\n                                                                                    <\/p>\n\n                                        <p class=\"description\"><\/p>\n                                        <a href=\"https:\/\/www.scangrouphomes.com\/sv\/agent\/mahmut-kaya\/\"\n                                           class=\"view\">View Profile<\/a>\n                                    <\/div>\n                                <\/div>\n                            <\/div>\n                                                    <div class=\"item\">\n                                <div class=\"agents-block\">\n                                    <figure class=\"auther-thumb\">\n                                        <a href=\"https:\/\/www.scangrouphomes.com\/sv\/agent\/tugba-kaya\/\"\n                                           class=\"view\">\n                                        <img src=\"https:\/\/i0.wp.com\/www.scangrouphomes.com\/wp-content\/uploads\/2021\/04\/tugba-kaya-640.jpg?resize=350%2C350&#038;ssl=1\" class=\"img-circle\" width=\"150\"\n                                             height=\"150\" alt=\"Tugba Kaya\">\n                                        <\/a>\n                                    <\/figure>\n\n                                        <div class=\"web-logo text-center\">\n                                                                                <\/div>\n\n                                    <div class=\"block-body\">\n                                        <p class=\"auther-info\">\n                                            <span class=\"blue\">Tugba Kaya<\/span>\n                                            <span>Office Manager                                                                                            , Scangrouphomes<\/span>\n                                                                                    <\/p>\n\n                                        <p class=\"description\"><\/p>\n                                        <a href=\"https:\/\/www.scangrouphomes.com\/sv\/agent\/tugba-kaya\/\"\n                                           class=\"view\">View Profile<\/a>\n                                    <\/div>\n                                <\/div>\n                            <\/div>\n                                                \n                    <\/div>\n                <\/div>\n            <\/div>\n        <\/div>\n\n            <!--end post agents module-->\n\n\n        [\/vc_column][\/vc_row][vc_row full_width=&#8221;stretch_row_content_no_spaces&#8221;][vc_column][vc_gmaps link=&#8221;#E-8_JTNDaWZyYW1lJTIwc3JjJTNEJTIyaHR0cHMlM0ElMkYlMkZ3d3cuZ29vZ2xlLmNvbSUyRm1hcHMlMkZlbWJlZCUzRnBiJTNEJTIxMW0xNCUyMTFtOCUyMTFtMyUyMTFkMTI4MjEuOTUxMjM2MjY4MTE2JTIxMmQzMi4wMjkwNTAyJTIxM2QzNi41NDIzNDk0JTIxM20yJTIxMWkxMDI0JTIxMmk3NjglMjE0ZjEzLjElMjEzbTMlMjExbTIlMjExczB4MCUyNTNBMHgzZTNhYzc1YzVlZDE2NGUwJTIxMnNTY2FuZ3JvdXAlMjUyMEhvbWVzJTIxNWUwJTIxM20yJTIxMXN0ciUyMTJzdHIlMjE0djE1NzY2NjAzNjczMzQlMjE1bTIlMjExc3RyJTIxMnN0ciUyMiUyMHdpZHRoJTNEJTIyNjAwJTIyJTIwaGVpZ2h0JTNEJTIyNDUwJTIyJTIwZnJhbWVib3JkZXIlM0QlMjIwJTIyJTIwc3R5bGUlM0QlMjJib3JkZXIlM0EwJTNCJTIyJTIwYWxsb3dmdWxsc2NyZWVuJTNEJTIyJTIyJTNFJTNDJTJGaWZyYW1lJTNF&#8221;][\/vc_column][\/vc_row]<\/p>\n","protected":false},"excerpt":{"rendered":"<p>[vc_row][vc_column][vc_column_text] Det h\u00e4r \u00e4r de kostnader du m\u00e5ste r\u00e4kna med n\u00e4r du k\u00f6per en fastighet i Turkiet. FULLMAKTEN: Att ge en fullmakt till notarius publicus kostar ca 100 euro (inklusive tolk). \u00d6VERL\u00c5TELSE SKATT: 4% av fastighetens v\u00e4rde som angetts p\u00e5 TAPU kontoret. Detta betalas vid en av de statliga bankerna vid tidpunkten f\u00f6r \u00f6verl\u00e5telsen (det [&hellip;]<\/p>\n","protected":false},"author":1,"featured_media":0,"parent":0,"menu_order":0,"comment_status":"closed","ping_status":"closed","template":"template\/template-page.php","meta":[],"yoast_head":"<!-- This site is optimized with the Yoast SEO plugin v21.0 - https:\/\/yoast.com\/wordpress\/plugins\/seo\/ -->\n<title>Kostnader vid k\u00f6p - ScanGroup Homes<\/title>\n<meta name=\"robots\" content=\"index, follow, max-snippet:-1, max-image-preview:large, max-video-preview:-1\" \/>\n<link rel=\"canonical\" href=\"https:\/\/www.scangrouphomes.com\/sv\/kostnader-vid-kop\/\" \/>\n<meta property=\"og:locale\" content=\"sv_SE\" \/>\n<meta property=\"og:type\" content=\"article\" \/>\n<meta property=\"og:title\" content=\"Kostnader vid k\u00f6p - ScanGroup Homes\" \/>\n<meta property=\"og:description\" content=\"[vc_row][vc_column][vc_column_text] Det h\u00e4r \u00e4r de kostnader du m\u00e5ste r\u00e4kna med n\u00e4r du k\u00f6per en fastighet i Turkiet. FULLMAKTEN: Att ge en fullmakt till notarius publicus kostar ca 100 euro (inklusive tolk). \u00d6VERL\u00c5TELSE SKATT: 4% av fastighetens v\u00e4rde som angetts p\u00e5 TAPU kontoret. Detta betalas vid en av de statliga bankerna vid tidpunkten f\u00f6r \u00f6verl\u00e5telsen (det [&hellip;]\" \/>\n<meta property=\"og:url\" content=\"https:\/\/www.scangrouphomes.com\/sv\/kostnader-vid-kop\/\" \/>\n<meta property=\"og:site_name\" content=\"ScanGroup Homes\" \/>\n<meta property=\"article:modified_time\" content=\"2021-03-17T01:33:16+00:00\" \/>\n<meta name=\"twitter:card\" content=\"summary_large_image\" \/>\n<meta name=\"twitter:label1\" content=\"Ber\u00e4knad l\u00e4stid\" \/>\n\t<meta name=\"twitter:data1\" content=\"2 minuter\" \/>\n<script type=\"application\/ld+json\" class=\"yoast-schema-graph\">{\"@context\":\"https:\/\/schema.org\",\"@graph\":[{\"@type\":\"WebPage\",\"@id\":\"https:\/\/www.scangrouphomes.com\/sv\/kostnader-vid-kop\/\",\"url\":\"https:\/\/www.scangrouphomes.com\/sv\/kostnader-vid-kop\/\",\"name\":\"Kostnader vid k\u00f6p - ScanGroup Homes\",\"isPartOf\":{\"@id\":\"https:\/\/www.scangrouphomes.com\/sv\/#website\"},\"datePublished\":\"2021-03-17T01:33:15+00:00\",\"dateModified\":\"2021-03-17T01:33:16+00:00\",\"breadcrumb\":{\"@id\":\"https:\/\/www.scangrouphomes.com\/sv\/kostnader-vid-kop\/#breadcrumb\"},\"inLanguage\":\"sv-SE\",\"potentialAction\":[{\"@type\":\"ReadAction\",\"target\":[\"https:\/\/www.scangrouphomes.com\/sv\/kostnader-vid-kop\/\"]}]},{\"@type\":\"BreadcrumbList\",\"@id\":\"https:\/\/www.scangrouphomes.com\/sv\/kostnader-vid-kop\/#breadcrumb\",\"itemListElement\":[{\"@type\":\"ListItem\",\"position\":1,\"name\":\"Home\",\"item\":\"https:\/\/www.scangrouphomes.com\/sv\/\"},{\"@type\":\"ListItem\",\"position\":2,\"name\":\"Kostnader vid k\u00f6p\"}]},{\"@type\":\"WebSite\",\"@id\":\"https:\/\/www.scangrouphomes.com\/sv\/#website\",\"url\":\"https:\/\/www.scangrouphomes.com\/sv\/\",\"name\":\"ScanGroup Homes\",\"description\":\"Property in Alanya Turkey real estate apartments villas buying property Antalya\",\"potentialAction\":[{\"@type\":\"SearchAction\",\"target\":{\"@type\":\"EntryPoint\",\"urlTemplate\":\"https:\/\/www.scangrouphomes.com\/sv\/?s={search_term_string}\"},\"query-input\":\"required name=search_term_string\"}],\"inLanguage\":\"sv-SE\"}]}<\/script>\n<!-- \/ Yoast SEO plugin. -->","yoast_head_json":{"title":"Kostnader vid k\u00f6p - ScanGroup Homes","robots":{"index":"index","follow":"follow","max-snippet":"max-snippet:-1","max-image-preview":"max-image-preview:large","max-video-preview":"max-video-preview:-1"},"canonical":"https:\/\/www.scangrouphomes.com\/sv\/kostnader-vid-kop\/","og_locale":"sv_SE","og_type":"article","og_title":"Kostnader vid k\u00f6p - ScanGroup Homes","og_description":"[vc_row][vc_column][vc_column_text] Det h\u00e4r \u00e4r de kostnader du m\u00e5ste r\u00e4kna med n\u00e4r du k\u00f6per en fastighet i Turkiet. FULLMAKTEN: Att ge en fullmakt till notarius publicus kostar ca 100 euro (inklusive tolk). \u00d6VERL\u00c5TELSE SKATT: 4% av fastighetens v\u00e4rde som angetts p\u00e5 TAPU kontoret. Detta betalas vid en av de statliga bankerna vid tidpunkten f\u00f6r \u00f6verl\u00e5telsen (det [&hellip;]","og_url":"https:\/\/www.scangrouphomes.com\/sv\/kostnader-vid-kop\/","og_site_name":"ScanGroup Homes","article_modified_time":"2021-03-17T01:33:16+00:00","twitter_card":"summary_large_image","twitter_misc":{"Ber\u00e4knad l\u00e4stid":"2 minuter"},"schema":{"@context":"https:\/\/schema.org","@graph":[{"@type":"WebPage","@id":"https:\/\/www.scangrouphomes.com\/sv\/kostnader-vid-kop\/","url":"https:\/\/www.scangrouphomes.com\/sv\/kostnader-vid-kop\/","name":"Kostnader vid k\u00f6p - ScanGroup Homes","isPartOf":{"@id":"https:\/\/www.scangrouphomes.com\/sv\/#website"},"datePublished":"2021-03-17T01:33:15+00:00","dateModified":"2021-03-17T01:33:16+00:00","breadcrumb":{"@id":"https:\/\/www.scangrouphomes.com\/sv\/kostnader-vid-kop\/#breadcrumb"},"inLanguage":"sv-SE","potentialAction":[{"@type":"ReadAction","target":["https:\/\/www.scangrouphomes.com\/sv\/kostnader-vid-kop\/"]}]},{"@type":"BreadcrumbList","@id":"https:\/\/www.scangrouphomes.com\/sv\/kostnader-vid-kop\/#breadcrumb","itemListElement":[{"@type":"ListItem","position":1,"name":"Home","item":"https:\/\/www.scangrouphomes.com\/sv\/"},{"@type":"ListItem","position":2,"name":"Kostnader vid k\u00f6p"}]},{"@type":"WebSite","@id":"https:\/\/www.scangrouphomes.com\/sv\/#website","url":"https:\/\/www.scangrouphomes.com\/sv\/","name":"ScanGroup Homes","description":"Property in Alanya Turkey real estate apartments villas buying property Antalya","potentialAction":[{"@type":"SearchAction","target":{"@type":"EntryPoint","urlTemplate":"https:\/\/www.scangrouphomes.com\/sv\/?s={search_term_string}"},"query-input":"required name=search_term_string"}],"inLanguage":"sv-SE"}]}},"_links":{"self":[{"href":"https:\/\/www.scangrouphomes.com\/sv\/wp-json\/wp\/v2\/pages\/16301"}],"collection":[{"href":"https:\/\/www.scangrouphomes.com\/sv\/wp-json\/wp\/v2\/pages"}],"about":[{"href":"https:\/\/www.scangrouphomes.com\/sv\/wp-json\/wp\/v2\/types\/page"}],"author":[{"embeddable":true,"href":"https:\/\/www.scangrouphomes.com\/sv\/wp-json\/wp\/v2\/users\/1"}],"replies":[{"embeddable":true,"href":"https:\/\/www.scangrouphomes.com\/sv\/wp-json\/wp\/v2\/comments?post=16301"}],"version-history":[{"count":3,"href":"https:\/\/www.scangrouphomes.com\/sv\/wp-json\/wp\/v2\/pages\/16301\/revisions"}],"predecessor-version":[{"id":16321,"href":"https:\/\/www.scangrouphomes.com\/sv\/wp-json\/wp\/v2\/pages\/16301\/revisions\/16321"}],"wp:attachment":[{"href":"https:\/\/www.scangrouphomes.com\/sv\/wp-json\/wp\/v2\/media?parent=16301"}],"curies":[{"name":"wp","href":"https:\/\/api.w.org\/{rel}","templated":true}]}}