{"id":16249,"date":"2021-03-17T01:36:07","date_gmt":"2021-03-17T01:36:07","guid":{"rendered":"https:\/\/sgh.alanya.work\/?page_id=16249"},"modified":"2021-03-17T01:36:08","modified_gmt":"2021-03-17T01:36:08","slug":"lagfart-tapu","status":"publish","type":"page","link":"https:\/\/www.scangrouphomes.com\/sv\/lagfart-tapu\/","title":{"rendered":"Lagfart -TAPU"},"content":{"rendered":"<p>[vc_row][vc_column][vc_column_text]<\/p>\n<p>Tapu \u00e4r lagfart p\u00e5 turkiska och det \u00e4r ett juridiskt dokument som visar att du \u00e4ger alla r\u00e4ttigheter till bostaden. \u00c4garens fullst\u00e4ndiga namn, foto och detaljerad information om bostaden redovisas i det h\u00e4r dokumentet.<\/p>\n<p><strong>VAD BEH\u00d6VER DU G\u00d6RA F\u00d6R ATT F\u00c5 TAPU?<\/strong><br \/>\nDetta officiellt dokument tillhandah\u00e5lls och registreras p\u00e5 fastighetskontoret (Tapu kontoret) p\u00e5 den ort d\u00e4r din bostad \u00e4r. Lagfarten arkiveras h\u00e4r och m\u00e5ste f\u00f6rseglas med en st\u00e4mpel. Samtidigt som du ans\u00f6ker om din lagfart m\u00e5ste du komma personligen (eller din f\u00f6rvaltare med fullmakt) till Land Registry Office (Tapukontoret) med s\u00e4ljaren av fastigheten samt boka en officiell tolk (i de fall du inte talar turkiska). Efter undertecknandet av dessa handlingar \u00e4r ink\u00f6psprocessen av fastigheten i Turkiet klar och du blir \u00e4gare och har alla r\u00e4ttigheter till din egendom i Turkiet.<\/p>\n<p>Scan Group Homes hj\u00e4lper dig med alla n\u00f6dv\u00e4ndiga dokument som beh\u00f6vs f\u00f6r att f\u00e5 ditt TAPU\/Lagfart.<\/p>\n<p>&nbsp;<\/p>\n<p>[\/vc_column_text][\/vc_column][\/vc_row][vc_row][vc_column][vc_separator color=&#8221;orange&#8221; style=&#8221;shadow&#8221; border_width=&#8221;3&#8243;][\/vc_column][\/vc_row][vc_row][vc_column]\n<div class=\"wpcf7 no-js\" id=\"wpcf7-f14712-o1\" lang=\"en-US\" dir=\"ltr\">\n<div class=\"screen-reader-response\"><p role=\"status\" aria-live=\"polite\" aria-atomic=\"true\"><\/p> <ul><\/ul><\/div>\n<form action=\"\/sv\/wp-json\/wp\/v2\/pages\/16249#wpcf7-f14712-o1\" method=\"post\" class=\"wpcf7-form init\" aria-label=\"Contact form\" novalidate=\"novalidate\" data-status=\"init\">\n<div style=\"display: none;\">\n<input type=\"hidden\" name=\"_wpcf7\" value=\"14712\" \/>\n<input type=\"hidden\" name=\"_wpcf7_version\" value=\"5.8\" \/>\n<input type=\"hidden\" name=\"_wpcf7_locale\" value=\"en_US\" \/>\n<input type=\"hidden\" name=\"_wpcf7_unit_tag\" value=\"wpcf7-f14712-o1\" \/>\n<input type=\"hidden\" name=\"_wpcf7_container_post\" value=\"0\" \/>\n<input type=\"hidden\" name=\"_wpcf7_posted_data_hash\" value=\"\" \/>\n<input type=\"hidden\" name=\"_wpcf7_recaptcha_response\" value=\"\" \/>\n<\/div>\n<div class=\"form-group\">\n\t<p><label class=\"required\" for=\"yourName\">Your Name<\/label><br \/>\n<span class=\"wpcf7-form-control-wrap\" data-name=\"your-name\"><input size=\"40\" class=\"wpcf7-form-control wpcf7-text wpcf7-validates-as-required form-control\" aria-required=\"true\" aria-invalid=\"false\" value=\"\" type=\"text\" name=\"your-name\" \/><\/span>\n\t<\/p>\n<\/div>\n<div class=\"form-group\">\n\t<p><label class=\"required\" for=\"yourEmail\">Your Email<\/label><br \/>\n<span class=\"wpcf7-form-control-wrap\" data-name=\"your-email\"><input size=\"40\" class=\"wpcf7-form-control wpcf7-email wpcf7-validates-as-required wpcf7-text wpcf7-validates-as-email form-control\" aria-required=\"true\" aria-invalid=\"false\" value=\"\" type=\"email\" name=\"your-email\" \/><\/span>\n\t<\/p>\n<\/div>\n<div class=\"form-group\">\n\t<p><label class=\"required\" for=\"yourPhone\">Your Phone <\/label><br \/>\n<span class=\"wpcf7-form-control-wrap\" data-name=\"tel-179\"><input size=\"40\" class=\"wpcf7-form-control wpcf7-tel wpcf7-validates-as-required wpcf7-text wpcf7-validates-as-tel form-control\" aria-required=\"true\" aria-invalid=\"false\" value=\"\" type=\"tel\" name=\"tel-179\" \/><\/span>\n\t<\/p>\n<\/div>\n<div class=\"form-group\">\n\t<p><label class=\"required\" for=\"yourSubject\">Subject <\/label><br \/>\n<span class=\"wpcf7-form-control-wrap\" data-name=\"your-subject\"><input size=\"40\" class=\"wpcf7-form-control wpcf7-text wpcf7-validates-as-required form-control\" aria-required=\"true\" aria-invalid=\"false\" value=\"\" type=\"text\" name=\"your-subject\" \/><\/span>\n\t<\/p>\n<\/div>\n\n<div class=\"form-group\">\n\t<p><label class=\"required\" for=\"yourMessage\">Your Message <\/label><br \/>\n<span class=\"wpcf7-form-control-wrap\" data-name=\"your-message\"><textarea cols=\"40\" rows=\"10\" class=\"wpcf7-form-control wpcf7-textarea wpcf7-validates-as-required form-control\" aria-required=\"true\" aria-invalid=\"false\" name=\"your-message\"><\/textarea><\/span>\n\t<\/p>\n<\/div>\n\n<div class=\"form-group\">\n\t<p><input class=\"wpcf7-form-control wpcf7-submit has-spinner btn btn-primary btn-lg\" type=\"submit\" value=\"Send\" \/>\n\t<\/p>\n<\/div><p style=\"display: none !important;\"><label>&#916;<textarea name=\"_wpcf7_ak_hp_textarea\" cols=\"45\" rows=\"8\" maxlength=\"100\"><\/textarea><\/label><input type=\"hidden\" id=\"ak_js_1\" name=\"_wpcf7_ak_js\" value=\"50\"\/><script>document.getElementById( \"ak_js_1\" ).setAttribute( \"value\", ( new Date() ).getTime() );<\/script><\/p><div class=\"wpcf7-response-output\" aria-hidden=\"true\"><\/div>\n<\/form>\n<\/div>\n[\/vc_column][\/vc_row][vc_row][vc_column][vc_separator color=&#8221;orange&#8221; style=&#8221;shadow&#8221; border_width=&#8221;3&#8243;]\n        <!--start agents module-->\n        \n            \n        <script type=\"text\/javascript\">\n            jQuery(document).ready(function($){\n                if($(\"#agents-carousel-fXndE\").length > 0){\n                    var owlAgents = $('#agents-carousel-fXndE');\n                    owlAgents.owlCarousel({\n                        rtl: false,\n                        loop: true,\n                        dots: false,\n                        slideBy: 1,\n                        autoplay: true,\n                        autoplaySpeed: 700,\n                        nav: false,\n                        responsive:{\n                            0: {\n                                items: 1\n                            },\n                            320: {\n                                items: 1\n                            },\n                            480: {\n                                items: 1\n                            },\n                            768: {\n                                items: 2\n                            },\n                            1000: {\n                                items: 3\n                            },\n                            1280: {\n                                items: 4\n                            }\n                        }\n                    });\n\n                    $('.btn-prev-agents').on('click',function() {\n                        owlAgents.trigger('prev.owl.carousel',[700])\n                    });\n                    $('.btn-next-agents').on('click',function() {\n                        owlAgents.trigger('next.owl.carousel',[700])\n                    });\n\n                }\n            });\n        <\/script>\n\n        <div id=\"agents-carousel-module\" class=\"houzez-module agents-carousel-module\">\n            <div class=\"row\">\n                <div class=\"col-sm-12\">\n                    <div class=\"module-title-nav clearfix\">\n\n                        \n                        <div class=\"module-nav\">\n                            <button\n                                class=\"btn btn-carousel btn-sm btn-prev-agents\">Prev<\/button>\n                            <button\n                                class=\"btn btn-carousel btn-sm btn-next-agents\">Next<\/button>\n                        <\/div>\n                    <\/div>\n                <\/div>\n                <div class=\"col-sm-12\">\n                    <div id=\"agents-carousel-fXndE\" class=\"agents-carousel slide-animated owl-carousel owl-theme\">\n\n                                                    <div class=\"item\">\n                                <div class=\"agents-block\">\n                                    <figure class=\"auther-thumb\">\n                                        <a href=\"https:\/\/www.scangrouphomes.com\/sv\/agent\/mahmut-kaya\/\"\n                                           class=\"view\">\n                                        <img src=\"https:\/\/i0.wp.com\/www.scangrouphomes.com\/wp-content\/uploads\/2016\/02\/mahmut-kaya-640.jpg?resize=350%2C350&#038;ssl=1\" class=\"img-circle\" width=\"150\"\n                                             height=\"150\" alt=\"Mahmut Kaya\">\n                                        <\/a>\n                                    <\/figure>\n\n                                        <div class=\"web-logo text-center\">\n                                                                                <\/div>\n\n                                    <div class=\"block-body\">\n                                        <p class=\"auther-info\">\n                                            <span class=\"blue\">Mahmut Kaya<\/span>\n                                            <span>Founder &amp; Ceo                                                                                            , Scangrouphomes<\/span>\n                                                                                    <\/p>\n\n                                        <p class=\"description\"><\/p>\n                                        <a href=\"https:\/\/www.scangrouphomes.com\/sv\/agent\/mahmut-kaya\/\"\n                                           class=\"view\">View Profile<\/a>\n                                    <\/div>\n                                <\/div>\n                            <\/div>\n                                                    <div class=\"item\">\n                                <div class=\"agents-block\">\n                                    <figure class=\"auther-thumb\">\n                                        <a href=\"https:\/\/www.scangrouphomes.com\/sv\/agent\/tugba-kaya\/\"\n                                           class=\"view\">\n                                        <img src=\"https:\/\/i0.wp.com\/www.scangrouphomes.com\/wp-content\/uploads\/2021\/04\/tugba-kaya-640.jpg?resize=350%2C350&#038;ssl=1\" class=\"img-circle\" width=\"150\"\n                                             height=\"150\" alt=\"Tugba Kaya\">\n                                        <\/a>\n                                    <\/figure>\n\n                                        <div class=\"web-logo text-center\">\n                                                                                <\/div>\n\n                                    <div class=\"block-body\">\n                                        <p class=\"auther-info\">\n                                            <span class=\"blue\">Tugba Kaya<\/span>\n                                            <span>Office Manager                                                                                            , Scangrouphomes<\/span>\n                                                                                    <\/p>\n\n                                        <p class=\"description\"><\/p>\n                                        <a href=\"https:\/\/www.scangrouphomes.com\/sv\/agent\/tugba-kaya\/\"\n                                           class=\"view\">View Profile<\/a>\n                                    <\/div>\n                                <\/div>\n                            <\/div>\n                                                \n                    <\/div>\n                <\/div>\n            <\/div>\n        <\/div>\n\n            <!--end post agents module-->\n\n\n        [\/vc_column][\/vc_row][vc_row full_width=&#8221;stretch_row_content_no_spaces&#8221;][vc_column][vc_gmaps link=&#8221;#E-8_JTNDaWZyYW1lJTIwc3JjJTNEJTIyaHR0cHMlM0ElMkYlMkZ3d3cuZ29vZ2xlLmNvbSUyRm1hcHMlMkZlbWJlZCUzRnBiJTNEJTIxMW0xNCUyMTFtOCUyMTFtMyUyMTFkMTI4MjEuOTUxMjM2MjY4MTE2JTIxMmQzMi4wMjkwNTAyJTIxM2QzNi41NDIzNDk0JTIxM20yJTIxMWkxMDI0JTIxMmk3NjglMjE0ZjEzLjElMjEzbTMlMjExbTIlMjExczB4MCUyNTNBMHgzZTNhYzc1YzVlZDE2NGUwJTIxMnNTY2FuZ3JvdXAlMjUyMEhvbWVzJTIxNWUwJTIxM20yJTIxMXN0ciUyMTJzdHIlMjE0djE1NzY2NjAzNjczMzQlMjE1bTIlMjExc3RyJTIxMnN0ciUyMiUyMHdpZHRoJTNEJTIyNjAwJTIyJTIwaGVpZ2h0JTNEJTIyNDUwJTIyJTIwZnJhbWVib3JkZXIlM0QlMjIwJTIyJTIwc3R5bGUlM0QlMjJib3JkZXIlM0EwJTNCJTIyJTIwYWxsb3dmdWxsc2NyZWVuJTNEJTIyJTIyJTNFJTNDJTJGaWZyYW1lJTNF&#8221;][\/vc_column][\/vc_row]<\/p>\n","protected":false},"excerpt":{"rendered":"<p>[vc_row][vc_column][vc_column_text] Tapu \u00e4r lagfart p\u00e5 turkiska och det \u00e4r ett juridiskt dokument som visar att du \u00e4ger alla r\u00e4ttigheter till bostaden. \u00c4garens fullst\u00e4ndiga namn, foto och detaljerad information om bostaden redovisas i det h\u00e4r dokumentet. VAD BEH\u00d6VER DU G\u00d6RA F\u00d6R ATT F\u00c5 TAPU? Detta officiellt dokument tillhandah\u00e5lls och registreras p\u00e5 fastighetskontoret (Tapu kontoret) p\u00e5 den [&hellip;]<\/p>\n","protected":false},"author":1,"featured_media":0,"parent":0,"menu_order":0,"comment_status":"closed","ping_status":"closed","template":"template\/template-page.php","meta":[],"yoast_head":"<!-- This site is optimized with the Yoast SEO plugin v21.0 - https:\/\/yoast.com\/wordpress\/plugins\/seo\/ -->\n<title>Lagfart -TAPU - ScanGroup Homes<\/title>\n<meta name=\"robots\" content=\"index, follow, max-snippet:-1, max-image-preview:large, max-video-preview:-1\" \/>\n<link rel=\"canonical\" href=\"https:\/\/www.scangrouphomes.com\/sv\/lagfart-tapu\/\" \/>\n<meta property=\"og:locale\" content=\"sv_SE\" \/>\n<meta property=\"og:type\" content=\"article\" \/>\n<meta property=\"og:title\" content=\"Lagfart -TAPU - ScanGroup Homes\" \/>\n<meta property=\"og:description\" content=\"[vc_row][vc_column][vc_column_text] Tapu \u00e4r lagfart p\u00e5 turkiska och det \u00e4r ett juridiskt dokument som visar att du \u00e4ger alla r\u00e4ttigheter till bostaden. \u00c4garens fullst\u00e4ndiga namn, foto och detaljerad information om bostaden redovisas i det h\u00e4r dokumentet. VAD BEH\u00d6VER DU G\u00d6RA F\u00d6R ATT F\u00c5 TAPU? Detta officiellt dokument tillhandah\u00e5lls och registreras p\u00e5 fastighetskontoret (Tapu kontoret) p\u00e5 den [&hellip;]\" \/>\n<meta property=\"og:url\" content=\"https:\/\/www.scangrouphomes.com\/sv\/lagfart-tapu\/\" \/>\n<meta property=\"og:site_name\" content=\"ScanGroup Homes\" \/>\n<meta property=\"article:modified_time\" content=\"2021-03-17T01:36:08+00:00\" \/>\n<meta name=\"twitter:card\" content=\"summary_large_image\" \/>\n<meta name=\"twitter:label1\" content=\"Ber\u00e4knad l\u00e4stid\" \/>\n\t<meta name=\"twitter:data1\" content=\"2 minuter\" \/>\n<script type=\"application\/ld+json\" class=\"yoast-schema-graph\">{\"@context\":\"https:\/\/schema.org\",\"@graph\":[{\"@type\":\"WebPage\",\"@id\":\"https:\/\/www.scangrouphomes.com\/sv\/lagfart-tapu\/\",\"url\":\"https:\/\/www.scangrouphomes.com\/sv\/lagfart-tapu\/\",\"name\":\"Lagfart -TAPU - ScanGroup Homes\",\"isPartOf\":{\"@id\":\"https:\/\/www.scangrouphomes.com\/sv\/#website\"},\"datePublished\":\"2021-03-17T01:36:07+00:00\",\"dateModified\":\"2021-03-17T01:36:08+00:00\",\"breadcrumb\":{\"@id\":\"https:\/\/www.scangrouphomes.com\/sv\/lagfart-tapu\/#breadcrumb\"},\"inLanguage\":\"sv-SE\",\"potentialAction\":[{\"@type\":\"ReadAction\",\"target\":[\"https:\/\/www.scangrouphomes.com\/sv\/lagfart-tapu\/\"]}]},{\"@type\":\"BreadcrumbList\",\"@id\":\"https:\/\/www.scangrouphomes.com\/sv\/lagfart-tapu\/#breadcrumb\",\"itemListElement\":[{\"@type\":\"ListItem\",\"position\":1,\"name\":\"Home\",\"item\":\"https:\/\/www.scangrouphomes.com\/sv\/\"},{\"@type\":\"ListItem\",\"position\":2,\"name\":\"Lagfart -TAPU\"}]},{\"@type\":\"WebSite\",\"@id\":\"https:\/\/www.scangrouphomes.com\/sv\/#website\",\"url\":\"https:\/\/www.scangrouphomes.com\/sv\/\",\"name\":\"ScanGroup Homes\",\"description\":\"Property in Alanya Turkey real estate apartments villas buying property Antalya\",\"potentialAction\":[{\"@type\":\"SearchAction\",\"target\":{\"@type\":\"EntryPoint\",\"urlTemplate\":\"https:\/\/www.scangrouphomes.com\/sv\/?s={search_term_string}\"},\"query-input\":\"required name=search_term_string\"}],\"inLanguage\":\"sv-SE\"}]}<\/script>\n<!-- \/ Yoast SEO plugin. -->","yoast_head_json":{"title":"Lagfart -TAPU - ScanGroup Homes","robots":{"index":"index","follow":"follow","max-snippet":"max-snippet:-1","max-image-preview":"max-image-preview:large","max-video-preview":"max-video-preview:-1"},"canonical":"https:\/\/www.scangrouphomes.com\/sv\/lagfart-tapu\/","og_locale":"sv_SE","og_type":"article","og_title":"Lagfart -TAPU - ScanGroup Homes","og_description":"[vc_row][vc_column][vc_column_text] Tapu \u00e4r lagfart p\u00e5 turkiska och det \u00e4r ett juridiskt dokument som visar att du \u00e4ger alla r\u00e4ttigheter till bostaden. \u00c4garens fullst\u00e4ndiga namn, foto och detaljerad information om bostaden redovisas i det h\u00e4r dokumentet. VAD BEH\u00d6VER DU G\u00d6RA F\u00d6R ATT F\u00c5 TAPU? Detta officiellt dokument tillhandah\u00e5lls och registreras p\u00e5 fastighetskontoret (Tapu kontoret) p\u00e5 den [&hellip;]","og_url":"https:\/\/www.scangrouphomes.com\/sv\/lagfart-tapu\/","og_site_name":"ScanGroup Homes","article_modified_time":"2021-03-17T01:36:08+00:00","twitter_card":"summary_large_image","twitter_misc":{"Ber\u00e4knad l\u00e4stid":"2 minuter"},"schema":{"@context":"https:\/\/schema.org","@graph":[{"@type":"WebPage","@id":"https:\/\/www.scangrouphomes.com\/sv\/lagfart-tapu\/","url":"https:\/\/www.scangrouphomes.com\/sv\/lagfart-tapu\/","name":"Lagfart -TAPU - ScanGroup Homes","isPartOf":{"@id":"https:\/\/www.scangrouphomes.com\/sv\/#website"},"datePublished":"2021-03-17T01:36:07+00:00","dateModified":"2021-03-17T01:36:08+00:00","breadcrumb":{"@id":"https:\/\/www.scangrouphomes.com\/sv\/lagfart-tapu\/#breadcrumb"},"inLanguage":"sv-SE","potentialAction":[{"@type":"ReadAction","target":["https:\/\/www.scangrouphomes.com\/sv\/lagfart-tapu\/"]}]},{"@type":"BreadcrumbList","@id":"https:\/\/www.scangrouphomes.com\/sv\/lagfart-tapu\/#breadcrumb","itemListElement":[{"@type":"ListItem","position":1,"name":"Home","item":"https:\/\/www.scangrouphomes.com\/sv\/"},{"@type":"ListItem","position":2,"name":"Lagfart -TAPU"}]},{"@type":"WebSite","@id":"https:\/\/www.scangrouphomes.com\/sv\/#website","url":"https:\/\/www.scangrouphomes.com\/sv\/","name":"ScanGroup Homes","description":"Property in Alanya Turkey real estate apartments villas buying property Antalya","potentialAction":[{"@type":"SearchAction","target":{"@type":"EntryPoint","urlTemplate":"https:\/\/www.scangrouphomes.com\/sv\/?s={search_term_string}"},"query-input":"required name=search_term_string"}],"inLanguage":"sv-SE"}]}},"_links":{"self":[{"href":"https:\/\/www.scangrouphomes.com\/sv\/wp-json\/wp\/v2\/pages\/16249"}],"collection":[{"href":"https:\/\/www.scangrouphomes.com\/sv\/wp-json\/wp\/v2\/pages"}],"about":[{"href":"https:\/\/www.scangrouphomes.com\/sv\/wp-json\/wp\/v2\/types\/page"}],"author":[{"embeddable":true,"href":"https:\/\/www.scangrouphomes.com\/sv\/wp-json\/wp\/v2\/users\/1"}],"replies":[{"embeddable":true,"href":"https:\/\/www.scangrouphomes.com\/sv\/wp-json\/wp\/v2\/comments?post=16249"}],"version-history":[{"count":3,"href":"https:\/\/www.scangrouphomes.com\/sv\/wp-json\/wp\/v2\/pages\/16249\/revisions"}],"predecessor-version":[{"id":16263,"href":"https:\/\/www.scangrouphomes.com\/sv\/wp-json\/wp\/v2\/pages\/16249\/revisions\/16263"}],"wp:attachment":[{"href":"https:\/\/www.scangrouphomes.com\/sv\/wp-json\/wp\/v2\/media?parent=16249"}],"curies":[{"name":"wp","href":"https:\/\/api.w.org\/{rel}","templated":true}]}}