{"id":16202,"date":"2020-02-07T11:23:51","date_gmt":"2020-02-07T11:23:51","guid":{"rendered":"https:\/\/sgh.alanya.work\/?page_id=16202"},"modified":"2020-02-07T11:24:02","modified_gmt":"2020-02-07T11:24:02","slug":"fullmakt","status":"publish","type":"page","link":"https:\/\/www.scangrouphomes.com\/sv\/fullmakt\/","title":{"rendered":"Fullmakt"},"content":{"rendered":"<p>[vc_row][vc_column][vc_column_text]<\/p>\n<p>En fullmakt \u00e4r ett skriftligt dokument som ger tillst\u00e5nd att agera p\u00e5 andras v\u00e4gnar. En fullmakt anv\u00e4nds huvudsakligen i juridiska fr\u00e5gor n\u00e4r en part inte kan delta.<\/p>\n<p>Fullmakten m\u00e5ste undertecknas p\u00e5 notariebyr\u00e5n i Turkiet av b\u00e5da parter &#8211; fullmaktstagaren och fullmaktsgivaren.<br \/>\nUnder tiden du k\u00f6per en fastighet i Turkiet kan du beh\u00f6va att anv\u00e4nda en fullmakt n\u00e4r du inte bor i Turkiet, f\u00f6r att slippa resa s\u00e5 ofta. Scan Group Homes r\u00e5der sina kunder att ge fullmakt till en trov\u00e4rdig person eller till v\u00e5r fastighetsbyr\u00e5 n\u00e4r kunden inte kan komma\/resa f\u00f6r att slutf\u00f6ra k\u00f6psprocessen.<\/p>\n<p><strong>F\u00d6RDELARNA MED FULLMAKT<br \/>\n<\/strong><br \/>\nOm kunden ger fullmakt till oss kan p\u00e5 Scan Group Homes Home fastighetsbyr\u00e5 kan vi hantera allt pappersarbete och f\u00e5 lagfarten (Tapu) fr\u00e5n Tapu kontoret i kundens namn och bespara kunden fr\u00e5n att spendera on\u00f6dig tid och pengar f\u00f6r att resa till Turkiet. Fullmakten beh\u00f6vs p\u00e5 alla officiella kontor och om du inte har n\u00e5gon trov\u00e4rdig person i Turkiet, kommer din fastighetbyr\u00e5 att hj\u00e4lpa dig ocks\u00e5 i den h\u00e4r fr\u00e5gan.<\/p>\n<p><strong>VIKTIGA FAKTA UNDER TILLHANDAH\u00c5LLANDE AV FULLMAKT<\/strong><\/p>\n<p>Detta dokument b\u00f6r endast ges ut vid n\u00f6dv\u00e4ndiga \u00e4renden, som till exempel vid k\u00f6p av en fastighet i Turkiet och det \u00e4r n\u00f6dv\u00e4ndigt f\u00f6r att registrera din egendom och f\u00f6r registering av f\u00f6r vatten- och elabonnemang.<\/p>\n<p>&nbsp;<\/p>\n<p>[\/vc_column_text][\/vc_column][\/vc_row][vc_row][vc_column][vc_separator color=&#8221;orange&#8221; style=&#8221;shadow&#8221; border_width=&#8221;3&#8243;][\/vc_column][\/vc_row][vc_row][vc_column]\n<div class=\"wpcf7 no-js\" id=\"wpcf7-f14712-o1\" lang=\"en-US\" dir=\"ltr\">\n<div class=\"screen-reader-response\"><p role=\"status\" aria-live=\"polite\" aria-atomic=\"true\"><\/p> <ul><\/ul><\/div>\n<form action=\"\/sv\/wp-json\/wp\/v2\/pages\/16202#wpcf7-f14712-o1\" method=\"post\" class=\"wpcf7-form init\" aria-label=\"Contact form\" novalidate=\"novalidate\" data-status=\"init\">\n<div style=\"display: none;\">\n<input type=\"hidden\" name=\"_wpcf7\" value=\"14712\" \/>\n<input type=\"hidden\" name=\"_wpcf7_version\" value=\"5.8\" \/>\n<input type=\"hidden\" name=\"_wpcf7_locale\" value=\"en_US\" \/>\n<input type=\"hidden\" name=\"_wpcf7_unit_tag\" value=\"wpcf7-f14712-o1\" \/>\n<input type=\"hidden\" name=\"_wpcf7_container_post\" value=\"0\" \/>\n<input type=\"hidden\" name=\"_wpcf7_posted_data_hash\" value=\"\" \/>\n<input type=\"hidden\" name=\"_wpcf7_recaptcha_response\" value=\"\" \/>\n<\/div>\n<div class=\"form-group\">\n\t<p><label class=\"required\" for=\"yourName\">Your Name<\/label><br \/>\n<span class=\"wpcf7-form-control-wrap\" data-name=\"your-name\"><input size=\"40\" class=\"wpcf7-form-control wpcf7-text wpcf7-validates-as-required form-control\" aria-required=\"true\" aria-invalid=\"false\" value=\"\" type=\"text\" name=\"your-name\" \/><\/span>\n\t<\/p>\n<\/div>\n<div class=\"form-group\">\n\t<p><label class=\"required\" for=\"yourEmail\">Your Email<\/label><br \/>\n<span class=\"wpcf7-form-control-wrap\" data-name=\"your-email\"><input size=\"40\" class=\"wpcf7-form-control wpcf7-email wpcf7-validates-as-required wpcf7-text wpcf7-validates-as-email form-control\" aria-required=\"true\" aria-invalid=\"false\" value=\"\" type=\"email\" name=\"your-email\" \/><\/span>\n\t<\/p>\n<\/div>\n<div class=\"form-group\">\n\t<p><label class=\"required\" for=\"yourPhone\">Your Phone <\/label><br \/>\n<span class=\"wpcf7-form-control-wrap\" data-name=\"tel-179\"><input size=\"40\" class=\"wpcf7-form-control wpcf7-tel wpcf7-validates-as-required wpcf7-text wpcf7-validates-as-tel form-control\" aria-required=\"true\" aria-invalid=\"false\" value=\"\" type=\"tel\" name=\"tel-179\" \/><\/span>\n\t<\/p>\n<\/div>\n<div class=\"form-group\">\n\t<p><label class=\"required\" for=\"yourSubject\">Subject <\/label><br \/>\n<span class=\"wpcf7-form-control-wrap\" data-name=\"your-subject\"><input size=\"40\" class=\"wpcf7-form-control wpcf7-text wpcf7-validates-as-required form-control\" aria-required=\"true\" aria-invalid=\"false\" value=\"\" type=\"text\" name=\"your-subject\" \/><\/span>\n\t<\/p>\n<\/div>\n\n<div class=\"form-group\">\n\t<p><label class=\"required\" for=\"yourMessage\">Your Message <\/label><br \/>\n<span class=\"wpcf7-form-control-wrap\" data-name=\"your-message\"><textarea cols=\"40\" rows=\"10\" class=\"wpcf7-form-control wpcf7-textarea wpcf7-validates-as-required form-control\" aria-required=\"true\" aria-invalid=\"false\" name=\"your-message\"><\/textarea><\/span>\n\t<\/p>\n<\/div>\n\n<div class=\"form-group\">\n\t<p><input class=\"wpcf7-form-control wpcf7-submit has-spinner btn btn-primary btn-lg\" type=\"submit\" value=\"Send\" \/>\n\t<\/p>\n<\/div><p style=\"display: none !important;\"><label>&#916;<textarea name=\"_wpcf7_ak_hp_textarea\" cols=\"45\" rows=\"8\" maxlength=\"100\"><\/textarea><\/label><input type=\"hidden\" id=\"ak_js_1\" name=\"_wpcf7_ak_js\" value=\"240\"\/><script>document.getElementById( \"ak_js_1\" ).setAttribute( \"value\", ( new Date() ).getTime() );<\/script><\/p><div class=\"wpcf7-response-output\" aria-hidden=\"true\"><\/div>\n<\/form>\n<\/div>\n[\/vc_column][\/vc_row][vc_row][vc_column][vc_separator color=&#8221;orange&#8221; style=&#8221;shadow&#8221; border_width=&#8221;3&#8243;]\n        <!--start agents module-->\n        \n            \n        <script type=\"text\/javascript\">\n            jQuery(document).ready(function($){\n                if($(\"#agents-carousel-MP19o\").length > 0){\n                    var owlAgents = $('#agents-carousel-MP19o');\n                    owlAgents.owlCarousel({\n                        rtl: false,\n                        loop: true,\n                        dots: false,\n                        slideBy: 1,\n                        autoplay: true,\n                        autoplaySpeed: 700,\n                        nav: false,\n                        responsive:{\n                            0: {\n                                items: 1\n                            },\n                            320: {\n                                items: 1\n                            },\n                            480: {\n                                items: 1\n                            },\n                            768: {\n                                items: 2\n                            },\n                            1000: {\n                                items: 3\n                            },\n                            1280: {\n                                items: 4\n                            }\n                        }\n                    });\n\n                    $('.btn-prev-agents').on('click',function() {\n                        owlAgents.trigger('prev.owl.carousel',[700])\n                    });\n                    $('.btn-next-agents').on('click',function() {\n                        owlAgents.trigger('next.owl.carousel',[700])\n                    });\n\n                }\n            });\n        <\/script>\n\n        <div id=\"agents-carousel-module\" class=\"houzez-module agents-carousel-module\">\n            <div class=\"row\">\n                <div class=\"col-sm-12\">\n                    <div class=\"module-title-nav clearfix\">\n\n                        \n                        <div class=\"module-nav\">\n                            <button\n                                class=\"btn btn-carousel btn-sm btn-prev-agents\">Prev<\/button>\n                            <button\n                                class=\"btn btn-carousel btn-sm btn-next-agents\">Next<\/button>\n                        <\/div>\n                    <\/div>\n                <\/div>\n                <div class=\"col-sm-12\">\n                    <div id=\"agents-carousel-MP19o\" class=\"agents-carousel slide-animated owl-carousel owl-theme\">\n\n                                                    <div class=\"item\">\n                                <div class=\"agents-block\">\n                                    <figure class=\"auther-thumb\">\n                                        <a href=\"https:\/\/www.scangrouphomes.com\/sv\/agent\/mahmut-kaya\/\"\n                                           class=\"view\">\n                                        <img src=\"https:\/\/i0.wp.com\/www.scangrouphomes.com\/wp-content\/uploads\/2016\/02\/mahmut-kaya-640.jpg?resize=350%2C350&#038;ssl=1\" class=\"img-circle\" width=\"150\"\n                                             height=\"150\" alt=\"Mahmut Kaya\">\n                                        <\/a>\n                                    <\/figure>\n\n                                        <div class=\"web-logo text-center\">\n                                                                                <\/div>\n\n                                    <div class=\"block-body\">\n                                        <p class=\"auther-info\">\n                                            <span class=\"blue\">Mahmut Kaya<\/span>\n                                            <span>Founder &amp; Ceo                                                                                            , Scangrouphomes<\/span>\n                                                                                    <\/p>\n\n                                        <p class=\"description\"><\/p>\n                                        <a href=\"https:\/\/www.scangrouphomes.com\/sv\/agent\/mahmut-kaya\/\"\n                                           class=\"view\">View Profile<\/a>\n                                    <\/div>\n                                <\/div>\n                            <\/div>\n                                                    <div class=\"item\">\n                                <div class=\"agents-block\">\n                                    <figure class=\"auther-thumb\">\n                                        <a href=\"https:\/\/www.scangrouphomes.com\/sv\/agent\/tugba-kaya\/\"\n                                           class=\"view\">\n                                        <img src=\"https:\/\/i0.wp.com\/www.scangrouphomes.com\/wp-content\/uploads\/2021\/04\/tugba-kaya-640.jpg?resize=350%2C350&#038;ssl=1\" class=\"img-circle\" width=\"150\"\n                                             height=\"150\" alt=\"Tugba Kaya\">\n                                        <\/a>\n                                    <\/figure>\n\n                                        <div class=\"web-logo text-center\">\n                                                                                <\/div>\n\n                                    <div class=\"block-body\">\n                                        <p class=\"auther-info\">\n                                            <span class=\"blue\">Tugba Kaya<\/span>\n                                            <span>Office Manager                                                                                            , Scangrouphomes<\/span>\n                                                                                    <\/p>\n\n                                        <p class=\"description\"><\/p>\n                                        <a href=\"https:\/\/www.scangrouphomes.com\/sv\/agent\/tugba-kaya\/\"\n                                           class=\"view\">View Profile<\/a>\n                                    <\/div>\n                                <\/div>\n                            <\/div>\n                                                \n                    <\/div>\n                <\/div>\n            <\/div>\n        <\/div>\n\n            <!--end post agents module-->\n\n\n        [\/vc_column][\/vc_row][vc_row full_width=&#8221;stretch_row_content_no_spaces&#8221;][vc_column][vc_gmaps link=&#8221;#E-8_JTNDaWZyYW1lJTIwc3JjJTNEJTIyaHR0cHMlM0ElMkYlMkZ3d3cuZ29vZ2xlLmNvbSUyRm1hcHMlMkZlbWJlZCUzRnBiJTNEJTIxMW0xNCUyMTFtOCUyMTFtMyUyMTFkMTI4MjEuOTUxMjM2MjY4MTE2JTIxMmQzMi4wMjkwNTAyJTIxM2QzNi41NDIzNDk0JTIxM20yJTIxMWkxMDI0JTIxMmk3NjglMjE0ZjEzLjElMjEzbTMlMjExbTIlMjExczB4MCUyNTNBMHgzZTNhYzc1YzVlZDE2NGUwJTIxMnNTY2FuZ3JvdXAlMjUyMEhvbWVzJTIxNWUwJTIxM20yJTIxMXN0ciUyMTJzdHIlMjE0djE1NzY2NjAzNjczMzQlMjE1bTIlMjExc3RyJTIxMnN0ciUyMiUyMHdpZHRoJTNEJTIyNjAwJTIyJTIwaGVpZ2h0JTNEJTIyNDUwJTIyJTIwZnJhbWVib3JkZXIlM0QlMjIwJTIyJTIwc3R5bGUlM0QlMjJib3JkZXIlM0EwJTNCJTIyJTIwYWxsb3dmdWxsc2NyZWVuJTNEJTIyJTIyJTNFJTNDJTJGaWZyYW1lJTNF&#8221;][\/vc_column][\/vc_row]<\/p>\n","protected":false},"excerpt":{"rendered":"<p>[vc_row][vc_column][vc_column_text] En fullmakt \u00e4r ett skriftligt dokument som ger tillst\u00e5nd att agera p\u00e5 andras v\u00e4gnar. En fullmakt anv\u00e4nds huvudsakligen i juridiska fr\u00e5gor n\u00e4r en part inte kan delta. Fullmakten m\u00e5ste undertecknas p\u00e5 notariebyr\u00e5n i Turkiet av b\u00e5da parter &#8211; fullmaktstagaren och fullmaktsgivaren. Under tiden du k\u00f6per en fastighet i Turkiet kan du beh\u00f6va att anv\u00e4nda [&hellip;]<\/p>\n","protected":false},"author":1,"featured_media":0,"parent":0,"menu_order":0,"comment_status":"closed","ping_status":"closed","template":"template\/template-page.php","meta":[],"yoast_head":"<!-- This site is optimized with the Yoast SEO plugin v21.0 - https:\/\/yoast.com\/wordpress\/plugins\/seo\/ -->\n<title>Fullmakt - ScanGroup Homes<\/title>\n<meta name=\"robots\" content=\"index, follow, max-snippet:-1, max-image-preview:large, max-video-preview:-1\" \/>\n<link rel=\"canonical\" href=\"https:\/\/www.scangrouphomes.com\/sv\/fullmakt\/\" \/>\n<meta property=\"og:locale\" content=\"sv_SE\" \/>\n<meta property=\"og:type\" content=\"article\" \/>\n<meta property=\"og:title\" content=\"Fullmakt - ScanGroup Homes\" \/>\n<meta property=\"og:description\" content=\"[vc_row][vc_column][vc_column_text] En fullmakt \u00e4r ett skriftligt dokument som ger tillst\u00e5nd att agera p\u00e5 andras v\u00e4gnar. En fullmakt anv\u00e4nds huvudsakligen i juridiska fr\u00e5gor n\u00e4r en part inte kan delta. Fullmakten m\u00e5ste undertecknas p\u00e5 notariebyr\u00e5n i Turkiet av b\u00e5da parter &#8211; fullmaktstagaren och fullmaktsgivaren. Under tiden du k\u00f6per en fastighet i Turkiet kan du beh\u00f6va att anv\u00e4nda [&hellip;]\" \/>\n<meta property=\"og:url\" content=\"https:\/\/www.scangrouphomes.com\/sv\/fullmakt\/\" \/>\n<meta property=\"og:site_name\" content=\"ScanGroup Homes\" \/>\n<meta property=\"article:modified_time\" content=\"2020-02-07T11:24:02+00:00\" \/>\n<meta name=\"twitter:card\" content=\"summary_large_image\" \/>\n<meta name=\"twitter:label1\" content=\"Ber\u00e4knad l\u00e4stid\" \/>\n\t<meta name=\"twitter:data1\" content=\"2 minuter\" \/>\n<script type=\"application\/ld+json\" class=\"yoast-schema-graph\">{\"@context\":\"https:\/\/schema.org\",\"@graph\":[{\"@type\":\"WebPage\",\"@id\":\"https:\/\/www.scangrouphomes.com\/sv\/fullmakt\/\",\"url\":\"https:\/\/www.scangrouphomes.com\/sv\/fullmakt\/\",\"name\":\"Fullmakt - ScanGroup Homes\",\"isPartOf\":{\"@id\":\"https:\/\/www.scangrouphomes.com\/sv\/#website\"},\"datePublished\":\"2020-02-07T11:23:51+00:00\",\"dateModified\":\"2020-02-07T11:24:02+00:00\",\"breadcrumb\":{\"@id\":\"https:\/\/www.scangrouphomes.com\/sv\/fullmakt\/#breadcrumb\"},\"inLanguage\":\"sv-SE\",\"potentialAction\":[{\"@type\":\"ReadAction\",\"target\":[\"https:\/\/www.scangrouphomes.com\/sv\/fullmakt\/\"]}]},{\"@type\":\"BreadcrumbList\",\"@id\":\"https:\/\/www.scangrouphomes.com\/sv\/fullmakt\/#breadcrumb\",\"itemListElement\":[{\"@type\":\"ListItem\",\"position\":1,\"name\":\"Home\",\"item\":\"https:\/\/www.scangrouphomes.com\/sv\/\"},{\"@type\":\"ListItem\",\"position\":2,\"name\":\"Fullmakt\"}]},{\"@type\":\"WebSite\",\"@id\":\"https:\/\/www.scangrouphomes.com\/sv\/#website\",\"url\":\"https:\/\/www.scangrouphomes.com\/sv\/\",\"name\":\"ScanGroup Homes\",\"description\":\"Property in Alanya Turkey real estate apartments villas buying property Antalya\",\"potentialAction\":[{\"@type\":\"SearchAction\",\"target\":{\"@type\":\"EntryPoint\",\"urlTemplate\":\"https:\/\/www.scangrouphomes.com\/sv\/?s={search_term_string}\"},\"query-input\":\"required name=search_term_string\"}],\"inLanguage\":\"sv-SE\"}]}<\/script>\n<!-- \/ Yoast SEO plugin. -->","yoast_head_json":{"title":"Fullmakt - ScanGroup Homes","robots":{"index":"index","follow":"follow","max-snippet":"max-snippet:-1","max-image-preview":"max-image-preview:large","max-video-preview":"max-video-preview:-1"},"canonical":"https:\/\/www.scangrouphomes.com\/sv\/fullmakt\/","og_locale":"sv_SE","og_type":"article","og_title":"Fullmakt - ScanGroup Homes","og_description":"[vc_row][vc_column][vc_column_text] En fullmakt \u00e4r ett skriftligt dokument som ger tillst\u00e5nd att agera p\u00e5 andras v\u00e4gnar. En fullmakt anv\u00e4nds huvudsakligen i juridiska fr\u00e5gor n\u00e4r en part inte kan delta. Fullmakten m\u00e5ste undertecknas p\u00e5 notariebyr\u00e5n i Turkiet av b\u00e5da parter &#8211; fullmaktstagaren och fullmaktsgivaren. Under tiden du k\u00f6per en fastighet i Turkiet kan du beh\u00f6va att anv\u00e4nda [&hellip;]","og_url":"https:\/\/www.scangrouphomes.com\/sv\/fullmakt\/","og_site_name":"ScanGroup Homes","article_modified_time":"2020-02-07T11:24:02+00:00","twitter_card":"summary_large_image","twitter_misc":{"Ber\u00e4knad l\u00e4stid":"2 minuter"},"schema":{"@context":"https:\/\/schema.org","@graph":[{"@type":"WebPage","@id":"https:\/\/www.scangrouphomes.com\/sv\/fullmakt\/","url":"https:\/\/www.scangrouphomes.com\/sv\/fullmakt\/","name":"Fullmakt - ScanGroup Homes","isPartOf":{"@id":"https:\/\/www.scangrouphomes.com\/sv\/#website"},"datePublished":"2020-02-07T11:23:51+00:00","dateModified":"2020-02-07T11:24:02+00:00","breadcrumb":{"@id":"https:\/\/www.scangrouphomes.com\/sv\/fullmakt\/#breadcrumb"},"inLanguage":"sv-SE","potentialAction":[{"@type":"ReadAction","target":["https:\/\/www.scangrouphomes.com\/sv\/fullmakt\/"]}]},{"@type":"BreadcrumbList","@id":"https:\/\/www.scangrouphomes.com\/sv\/fullmakt\/#breadcrumb","itemListElement":[{"@type":"ListItem","position":1,"name":"Home","item":"https:\/\/www.scangrouphomes.com\/sv\/"},{"@type":"ListItem","position":2,"name":"Fullmakt"}]},{"@type":"WebSite","@id":"https:\/\/www.scangrouphomes.com\/sv\/#website","url":"https:\/\/www.scangrouphomes.com\/sv\/","name":"ScanGroup Homes","description":"Property in Alanya Turkey real estate apartments villas buying property Antalya","potentialAction":[{"@type":"SearchAction","target":{"@type":"EntryPoint","urlTemplate":"https:\/\/www.scangrouphomes.com\/sv\/?s={search_term_string}"},"query-input":"required name=search_term_string"}],"inLanguage":"sv-SE"}]}},"_links":{"self":[{"href":"https:\/\/www.scangrouphomes.com\/sv\/wp-json\/wp\/v2\/pages\/16202"}],"collection":[{"href":"https:\/\/www.scangrouphomes.com\/sv\/wp-json\/wp\/v2\/pages"}],"about":[{"href":"https:\/\/www.scangrouphomes.com\/sv\/wp-json\/wp\/v2\/types\/page"}],"author":[{"embeddable":true,"href":"https:\/\/www.scangrouphomes.com\/sv\/wp-json\/wp\/v2\/users\/1"}],"replies":[{"embeddable":true,"href":"https:\/\/www.scangrouphomes.com\/sv\/wp-json\/wp\/v2\/comments?post=16202"}],"version-history":[{"count":4,"href":"https:\/\/www.scangrouphomes.com\/sv\/wp-json\/wp\/v2\/pages\/16202\/revisions"}],"predecessor-version":[{"id":16223,"href":"https:\/\/www.scangrouphomes.com\/sv\/wp-json\/wp\/v2\/pages\/16202\/revisions\/16223"}],"wp:attachment":[{"href":"https:\/\/www.scangrouphomes.com\/sv\/wp-json\/wp\/v2\/media?parent=16202"}],"curies":[{"name":"wp","href":"https:\/\/api.w.org\/{rel}","templated":true}]}}