{"id":16148,"date":"2020-02-03T12:11:09","date_gmt":"2020-02-03T12:11:09","guid":{"rendered":"https:\/\/sgh.alanya.work\/?page_id=16148"},"modified":"2020-02-03T12:11:43","modified_gmt":"2020-02-03T12:11:43","slug":"kopguide","status":"publish","type":"page","link":"https:\/\/www.scangrouphomes.com\/sv\/kopguide\/","title":{"rendered":"K\u00f6pguide"},"content":{"rendered":"<p>[vc_row][vc_column][vc_column_text]<\/p>\n<p><strong>K\u00f6pguide bostad i Turkiet<\/strong><\/p>\n<p>&nbsp;<\/p>\n<p><strong>G\u00d6R DITT K\u00d6P VIA DIN M\u00c4KLARE P\u00c5 SCAN GROUP HOMES.<\/strong><\/p>\n<p>F\u00f6r ett lyckat k\u00f6p \u00e4r det b\u00e4st att du anlitar en v\u00e4letablerad m\u00e4klare som talar &#8221;ditt spr\u00e5k&#8221; och som kan guida dig genom varje steg i k\u00f6pprocessen. Innan du ger dig ut p\u00e5 jakt efter en bostad i Turkiet rekommenderar vi dig att planera noggrant. Det kommer att spara dig tid samt att du undviker eventuella problem.<\/p>\n<p>Att k\u00f6pa bostad f\u00f6r utl\u00e4ndska personer i Turkiet \u00e4r en enkel process. Det \u00e4r v\u00e4ldigt m\u00e5nga som k\u00f6per en bostad i Turkiet f\u00f6r semesterbruk men m\u00e5nga k\u00f6per ocks\u00e5 med syftet att g\u00f6ra en ren investering. Anledningarna till k\u00f6p kan vara m\u00e5nga och variera men n\u00e4r du v\u00e4l har best\u00e4mt dig f\u00f6r att k\u00f6pa \u00e4r det viktigt att du som potentiell k\u00f6pare av en fastighet i Turkiet f\u00f6rst\u00e5r de rutiner och den process som \u00e4r runt omkring.<\/p>\n<p>Att k\u00f6pa en fastighet i ett fr\u00e4mmande land kan bli problematiskt om det inte g\u00f6rs r\u00e4tt fr\u00e5n b\u00f6rjan.<\/p>\n<p>B\u00f6rja med att g\u00f6ra efterforskningar. M\u00e5nga fr\u00e5gor dyker upp och m\u00e5nga beslut m\u00e5ste tas i samband med att k\u00f6pa bostad utomlands. Titta igenom v\u00e5ra olika projekt f\u00f6r att f\u00e5 en uppfattning om vilka egenskaper, f\u00f6rdelar och nackdelar som finns och j\u00e4mf\u00f6r prisskillnader mellan projekten. D\u00e4refter \u00e4r det dags att du tittar \u00f6ver vilken kombination av l\u00e4ge, fastighetstyp och pris som \u00e4r mest l\u00e4mpad f\u00f6r dig.<\/p>\n<p>Det \u00e4r inte bara viktigt att du v\u00e4ljer en seri\u00f6s och professionell fastighetsm\u00e4klare. Det \u00e4r lika viktigt att du ser p\u00e5 referenser och p\u00e5 det byggbolag som st\u00e5r bakom bostaden.<\/p>\n<p>Vi p\u00e5 Scan Group Homes v\u00e4ljer med stor omsorg och noggrannhet ut vilka objekt som vi presenterar och f\u00f6rmedlar \u00e5t v\u00e5ra kunder.<\/p>\n<p><strong>VISNINGSRESA<\/strong><\/p>\n<p>\u00c4ven om du hittar information och bilder p\u00e5 v\u00e5r hemsida s\u00e5 kan det inte j\u00e4mf\u00f6ras med att \u00e5ka p\u00e5 en visningsresa och se din dr\u00f6mbostad med egna \u00f6gon. Vi erbjuder personligt utformade visningsresor speciellt framtagna efter dina \u00f6nskem\u00e5l.<\/p>\n<p><strong>ORGANISERA DIN EKONOMI<\/strong><\/p>\n<p>Om du planerar att k\u00f6pa en bostad medan du \u00e4r i Turkiet rekommenderar vi dig att kontrollera din finansiella status innan du anl\u00e4nder. Oavsett om du planerar att bes\u00f6ka Turkiet f\u00f6r att k\u00f6pa eller bara f\u00f6r att utforska, m\u00e5ste du veta hur din ekonomiska situation ligger till. Att k\u00f6pa en f\u00e4rdig bostad eller en bostad som \u00e4r under uppbyggnadsstadiet betyder som regel olika betalningsm\u00f6jligheter.<\/p>\n<p>En allm\u00e4n regel \u00e4r att betalningsvillkor och ink\u00f6pspris g\u00e5r hand i hand.<\/p>\n<p>Generellt \u00e4r det inte n\u00f6dv\u00e4ndigt att ha tillg\u00e5ng till stora summor av kontanter. I de flesta fall fungerar det med att g\u00f6ra betalningen via banktransfer efter att du har lagt en kontant deposition f\u00f6r att s\u00e4kra ert k\u00f6p. Om du d\u00e4remot r\u00e4knar med att beh\u00f6va tillg\u00e5ng till din k\u00f6pesumma under ditt bes\u00f6k, kontrollera d\u00e5 med din bank innan du reser, hur l\u00e5ng tid det tar att l\u00f6sg\u00f6ra ditt kapital fr\u00e5n ditt konto och g\u00f6ra en eventuell \u00f6verf\u00f6ring till Turkiet. H\u00f6r \u00e4ven efter vad som kr\u00e4vs f\u00f6r att banken skall hj\u00e4lpa dig med detta.<\/p>\n<p>Om du funderar p\u00e5 att g\u00f6ra ditt k\u00f6p med l\u00e5nade pengar, rekommenderar vi att du diskuterar detta med din l\u00e5neutgivare och ber om att f\u00e5 en skriftlig bekr\u00e4ftelse p\u00e5 det belopp du kan l\u00e5na och inom vilken tidsram beloppet kan delas ut.<\/p>\n<p>Det g\u00e5r ocks\u00e5 bra att ta l\u00e5n i en turkisk bank, vi sammarbetar med Denizbank som en av Turkiets ledande banker n\u00e4r det g\u00e4ller bostadsl\u00e5n till utl\u00e4nningar.<\/p>\n<p><strong>Utl\u00e4nningar f\u00e5r k\u00f6pa fastigheter i Turkiet enligt f\u00f6ljande punkter:<\/strong><\/p>\n<ul>\n<li>Fastigheten skall ha en lagfart (TAPU) som \u00e4r registrerad p\u00e5 lagfartskontoret.<\/li>\n<li>Fastigheten m\u00e5ste ligga inom ett godk\u00e4nt omr\u00e5de.<\/li>\n<li>Fastigheten \u00e4r inte bel\u00e4gen inom millit\u00e4r mark.<\/li>\n<li>Marken f\u00e5r ej tillh\u00f6ra skogsf\u00f6rvaltningen.<\/li>\n<\/ul>\n<p>Skandinaviska medborgare kan k\u00f6pa egendom i Turkiet i eget namn. En turkisk lagfart, en s\u00e5 kallad TAPU, \u00e4r den absoluta \u00e4gander\u00e4tten. TAPU visar att fastigheten officiellt har registrerats och \u00e4gandet kan inte ifr\u00e5gas\u00e4ttas. Om du \u00e4r os\u00e4ker p\u00e5 n\u00e5got i samband med dina planer f\u00f6r att k\u00f6pa bostad i Turkiet, kontakta oss s\u00e5 hj\u00e4lper vi dig med den information som du beh\u00f6ver.<\/p>\n<p><strong>K\u00d6PPROCESSEN<\/strong><\/p>\n<p>K\u00f6pprocessen i Turkiet skiljer sig inte avsev\u00e4rt fr\u00e5n europeiska l\u00e4nder. En deposition betalas vid kontraktskrivning och en slutbetalning ges i samband med \u00f6verl\u00e5telse av lagfarten. D\u00e4r emellan dikterar k\u00f6pekontraktet eventuella resterande betalningar. Den enda avvikelsen som finns i den turkiska processen \u00e4r att den skall finnas ett &#8221;milit\u00e4rt godk\u00e4nnande&#8221;. \u00c4ven om detta l\u00e5ter dramatiskt \u00e4r det en enkel standardprocess som vi hanterar \u00e5t er. Vid en eventuell ans\u00f6ka f\u00f6r &#8221;milit\u00e4rt godk\u00e4nnande&#8221;, beviljas detta normalt inom 3 m\u00e5nader, och d\u00e4refter kan man slutf\u00f6ra k\u00f6pprocessen. I de flesta fall, finns redan ett &#8221;milit\u00e4rt godk\u00e4nnande&#8221; klart, och k\u00f6peprocessen kan slutf\u00f6ras p\u00e5 bara n\u00e5gon dag\/vecka beroende p\u00e5 hur snabbt, alla inblandade parter arbetar. En f\u00f6ruts\u00e4ttning f\u00f6r att lagfaten skall f\u00f6ras \u00f6ver p\u00e5 ditt namn, \u00e4r att hela k\u00f6pesumman \u00e4r betald.<\/p>\n<p><strong>KONTRAKTET<\/strong><\/p>\n<p>N\u00e4r du har best\u00e4mt dig f\u00f6r att g\u00e5 vidare med ett k\u00f6p av en bostad kommer ett k\u00f6peavtal att uppr\u00e4ttas och en deposition skall erl\u00e4ggas.<\/p>\n<p>N\u00e4r alla parter har undertecknat kontraktet och betalning av depositionen \u00e4r gjord \u00e4r kontraktet bindande. Depositionssumman varierar fr\u00e5n fastighet till fastighet. Som regel g\u00e4ller att man l\u00e4gger en deposition p\u00e5 max 10% av k\u00f6pesumman.<\/p>\n<p>Om du vid ett senare tillf\u00e4lle vill dra dig ur avtalet f\u00f6rlorar du din deposition. Om s\u00e4ljaren d\u00e4remot skulle dra sig ur avtalet har du r\u00e4tt att \u00e5terf\u00e5 hela den deposition du erlagt. En straffklausul g\u00e4ller vid ett s\u00e5dant tillf\u00e4lle.<\/p>\n<p>Vi hj\u00e4lper dig med att g\u00e5 igenom villkoren i avtalet innan kontraktet undertecknas.<\/p>\n<p>En allm\u00e4n<\/p>\n<p>Det enklaste och mest bekv\u00e4ma s\u00e4ttet f\u00f6r utl\u00e4nningar att k\u00f6pa en bostad i Turkiet \u00e4r att ge en standardfullmakt genom Notarius Publicus. Med ditt godk\u00e4nnande kan din fullmaktshavare underteckna k\u00f6pekontraktet och agera p\u00e5 uppdrag av dig f\u00f6r att slutf\u00f6ra processen. Det inneb\u00e4r att du sj\u00e4lv inte beh\u00f6ver befinna dig p\u00e5 plats i Turkiet under k\u00f6peprocessens g\u00e5ng f\u00f6r att slutf\u00f6ra de olika stadierna kring k\u00f6peprocessen.<br \/>\nOm en bostad skall k\u00f6pas i flera personers namn beh\u00f6ver alla k\u00f6pare n\u00e4rvara alternativt deras fullmaktshavare.<\/p>\n<p><strong>SLUTF\u00d6RANDE<\/strong><\/p>\n<p>Vid slutf\u00f6rande m\u00e5ste b\u00e5de k\u00f6pare och s\u00e4ljare (eller dess fullmaktshavare) m\u00f6tas personligen p\u00e5 det lokala fastighetskontoret f\u00f6r \u00f6verf\u00f6ring av lagfarten. Denna process tar normalt bara n\u00e5gon timme och ett ombud \u00e4r p\u00e5 plats under processen. Utl\u00e4ndska k\u00f6pare \u00e4r skyldiga att ha en officiell \u00f6vers\u00e4ttare n\u00e4rvarande f\u00f6r att intyga registreringen. K\u00f6paren skall enligt lag ha betalat in skatt och avgifter innan lagfarten slutligen undertecknas. N\u00e4r alla parter har signerat, avslutas processen och f\u00f6rs\u00e4ljningen \u00e4r klar. Undertecknande av detta dokument inneb\u00e4r att fastigheten och \u00e4gander\u00e4tten nu har \u00f6verg\u00e5tt till den nya k\u00f6paren och k\u00f6paren blir registrerad i fastighetsregistret. Vid \u00f6verl\u00e5telsen av lagfarten skall hela k\u00f6pesumman vara betald till s\u00e4ljaren.<\/p>\n<p><strong>LAGFART &#8211; TAPU<\/strong><\/p>\n<p>TAPU eller TAPU SENEDI som lagfarten heter p\u00e5 Turkiska \u00e4r ett juridiskt dokument som visar att du har \u00e4gander\u00e4tt till fastigheten. \u00c4garens fullst\u00e4ndiga namn och foto samt detaljerad information finns uppgivet p\u00e5 detta dokument.[\/vc_column_text][\/vc_column][\/vc_row][vc_row][vc_column][vc_separator color=&#8221;orange&#8221; style=&#8221;shadow&#8221; border_width=&#8221;3&#8243;][\/vc_column][\/vc_row][vc_row][vc_column]\n<div class=\"wpcf7 no-js\" id=\"wpcf7-f14712-o1\" lang=\"en-US\" dir=\"ltr\">\n<div class=\"screen-reader-response\"><p role=\"status\" aria-live=\"polite\" aria-atomic=\"true\"><\/p> <ul><\/ul><\/div>\n<form action=\"\/sv\/wp-json\/wp\/v2\/pages\/16148#wpcf7-f14712-o1\" method=\"post\" class=\"wpcf7-form init\" aria-label=\"Contact form\" novalidate=\"novalidate\" data-status=\"init\">\n<div style=\"display: none;\">\n<input type=\"hidden\" name=\"_wpcf7\" value=\"14712\" \/>\n<input type=\"hidden\" name=\"_wpcf7_version\" value=\"5.8\" \/>\n<input type=\"hidden\" name=\"_wpcf7_locale\" value=\"en_US\" \/>\n<input type=\"hidden\" name=\"_wpcf7_unit_tag\" value=\"wpcf7-f14712-o1\" \/>\n<input type=\"hidden\" name=\"_wpcf7_container_post\" value=\"0\" \/>\n<input type=\"hidden\" name=\"_wpcf7_posted_data_hash\" value=\"\" \/>\n<input type=\"hidden\" name=\"_wpcf7_recaptcha_response\" value=\"\" \/>\n<\/div>\n<div class=\"form-group\">\n\t<p><label class=\"required\" for=\"yourName\">Your Name<\/label><br \/>\n<span class=\"wpcf7-form-control-wrap\" data-name=\"your-name\"><input size=\"40\" class=\"wpcf7-form-control wpcf7-text wpcf7-validates-as-required form-control\" aria-required=\"true\" aria-invalid=\"false\" value=\"\" type=\"text\" name=\"your-name\" \/><\/span>\n\t<\/p>\n<\/div>\n<div class=\"form-group\">\n\t<p><label class=\"required\" for=\"yourEmail\">Your Email<\/label><br \/>\n<span class=\"wpcf7-form-control-wrap\" data-name=\"your-email\"><input size=\"40\" class=\"wpcf7-form-control wpcf7-email wpcf7-validates-as-required wpcf7-text wpcf7-validates-as-email form-control\" aria-required=\"true\" aria-invalid=\"false\" value=\"\" type=\"email\" name=\"your-email\" \/><\/span>\n\t<\/p>\n<\/div>\n<div class=\"form-group\">\n\t<p><label class=\"required\" for=\"yourPhone\">Your Phone <\/label><br \/>\n<span class=\"wpcf7-form-control-wrap\" data-name=\"tel-179\"><input size=\"40\" class=\"wpcf7-form-control wpcf7-tel wpcf7-validates-as-required wpcf7-text wpcf7-validates-as-tel form-control\" aria-required=\"true\" aria-invalid=\"false\" value=\"\" type=\"tel\" name=\"tel-179\" \/><\/span>\n\t<\/p>\n<\/div>\n<div class=\"form-group\">\n\t<p><label class=\"required\" for=\"yourSubject\">Subject <\/label><br \/>\n<span class=\"wpcf7-form-control-wrap\" data-name=\"your-subject\"><input size=\"40\" class=\"wpcf7-form-control wpcf7-text wpcf7-validates-as-required form-control\" aria-required=\"true\" aria-invalid=\"false\" value=\"\" type=\"text\" name=\"your-subject\" \/><\/span>\n\t<\/p>\n<\/div>\n\n<div class=\"form-group\">\n\t<p><label class=\"required\" for=\"yourMessage\">Your Message <\/label><br \/>\n<span class=\"wpcf7-form-control-wrap\" data-name=\"your-message\"><textarea cols=\"40\" rows=\"10\" class=\"wpcf7-form-control wpcf7-textarea wpcf7-validates-as-required form-control\" aria-required=\"true\" aria-invalid=\"false\" name=\"your-message\"><\/textarea><\/span>\n\t<\/p>\n<\/div>\n\n<div class=\"form-group\">\n\t<p><input class=\"wpcf7-form-control wpcf7-submit has-spinner btn btn-primary btn-lg\" type=\"submit\" value=\"Send\" \/>\n\t<\/p>\n<\/div><p style=\"display: none !important;\"><label>&#916;<textarea name=\"_wpcf7_ak_hp_textarea\" cols=\"45\" rows=\"8\" maxlength=\"100\"><\/textarea><\/label><input type=\"hidden\" id=\"ak_js_1\" name=\"_wpcf7_ak_js\" value=\"180\"\/><script>document.getElementById( \"ak_js_1\" ).setAttribute( \"value\", ( new Date() ).getTime() );<\/script><\/p><div class=\"wpcf7-response-output\" aria-hidden=\"true\"><\/div>\n<\/form>\n<\/div>\n[\/vc_column][\/vc_row][vc_row][vc_column][vc_separator color=&#8221;orange&#8221; style=&#8221;shadow&#8221; border_width=&#8221;3&#8243;]\n        <!--start agents module-->\n        \n            \n        <script type=\"text\/javascript\">\n            jQuery(document).ready(function($){\n                if($(\"#agents-carousel-bnAEf\").length > 0){\n                    var owlAgents = $('#agents-carousel-bnAEf');\n                    owlAgents.owlCarousel({\n                        rtl: false,\n                        loop: true,\n                        dots: false,\n                        slideBy: 1,\n                        autoplay: true,\n                        autoplaySpeed: 700,\n                        nav: false,\n                        responsive:{\n                            0: {\n                                items: 1\n                            },\n                            320: {\n                                items: 1\n                            },\n                            480: {\n                                items: 1\n                            },\n                            768: {\n                                items: 2\n                            },\n                            1000: {\n                                items: 3\n                            },\n                            1280: {\n                                items: 4\n                            }\n                        }\n                    });\n\n                    $('.btn-prev-agents').on('click',function() {\n                        owlAgents.trigger('prev.owl.carousel',[700])\n                    });\n                    $('.btn-next-agents').on('click',function() {\n                        owlAgents.trigger('next.owl.carousel',[700])\n                    });\n\n                }\n            });\n        <\/script>\n\n        <div id=\"agents-carousel-module\" class=\"houzez-module agents-carousel-module\">\n            <div class=\"row\">\n                <div class=\"col-sm-12\">\n                    <div class=\"module-title-nav clearfix\">\n\n                        \n                        <div class=\"module-nav\">\n                            <button\n                                class=\"btn btn-carousel btn-sm btn-prev-agents\">Prev<\/button>\n                            <button\n                                class=\"btn btn-carousel btn-sm btn-next-agents\">Next<\/button>\n                        <\/div>\n                    <\/div>\n                <\/div>\n                <div class=\"col-sm-12\">\n                    <div id=\"agents-carousel-bnAEf\" class=\"agents-carousel slide-animated owl-carousel owl-theme\">\n\n                                                    <div class=\"item\">\n                                <div class=\"agents-block\">\n                                    <figure class=\"auther-thumb\">\n                                        <a href=\"https:\/\/www.scangrouphomes.com\/sv\/agent\/mahmut-kaya\/\"\n                                           class=\"view\">\n                                        <img src=\"https:\/\/i0.wp.com\/www.scangrouphomes.com\/wp-content\/uploads\/2016\/02\/mahmut-kaya-640.jpg?resize=350%2C350&#038;ssl=1\" class=\"img-circle\" width=\"150\"\n                                             height=\"150\" alt=\"Mahmut Kaya\">\n                                        <\/a>\n                                    <\/figure>\n\n                                        <div class=\"web-logo text-center\">\n                                                                                <\/div>\n\n                                    <div class=\"block-body\">\n                                        <p class=\"auther-info\">\n                                            <span class=\"blue\">Mahmut Kaya<\/span>\n                                            <span>Founder &amp; Ceo                                                                                            , Scangrouphomes<\/span>\n                                                                                    <\/p>\n\n                                        <p class=\"description\"><\/p>\n                                        <a href=\"https:\/\/www.scangrouphomes.com\/sv\/agent\/mahmut-kaya\/\"\n                                           class=\"view\">View Profile<\/a>\n                                    <\/div>\n                                <\/div>\n                            <\/div>\n                                                    <div class=\"item\">\n                                <div class=\"agents-block\">\n                                    <figure class=\"auther-thumb\">\n                                        <a href=\"https:\/\/www.scangrouphomes.com\/sv\/agent\/tugba-kaya\/\"\n                                           class=\"view\">\n                                        <img src=\"https:\/\/i0.wp.com\/www.scangrouphomes.com\/wp-content\/uploads\/2021\/04\/tugba-kaya-640.jpg?resize=350%2C350&#038;ssl=1\" class=\"img-circle\" width=\"150\"\n                                             height=\"150\" alt=\"Tugba Kaya\">\n                                        <\/a>\n                                    <\/figure>\n\n                                        <div class=\"web-logo text-center\">\n                                                                                <\/div>\n\n                                    <div class=\"block-body\">\n                                        <p class=\"auther-info\">\n                                            <span class=\"blue\">Tugba Kaya<\/span>\n                                            <span>Office Manager                                                                                            , Scangrouphomes<\/span>\n                                                                                    <\/p>\n\n                                        <p class=\"description\"><\/p>\n                                        <a href=\"https:\/\/www.scangrouphomes.com\/sv\/agent\/tugba-kaya\/\"\n                                           class=\"view\">View Profile<\/a>\n                                    <\/div>\n                                <\/div>\n                            <\/div>\n                                                \n                    <\/div>\n                <\/div>\n            <\/div>\n        <\/div>\n\n            <!--end post agents module-->\n\n\n        [\/vc_column][\/vc_row][vc_row full_width=&#8221;stretch_row_content_no_spaces&#8221;][vc_column][vc_gmaps link=&#8221;#E-8_JTNDaWZyYW1lJTIwc3JjJTNEJTIyaHR0cHMlM0ElMkYlMkZ3d3cuZ29vZ2xlLmNvbSUyRm1hcHMlMkZlbWJlZCUzRnBiJTNEJTIxMW0xNCUyMTFtOCUyMTFtMyUyMTFkMTI4MjEuOTUxMjM2MjY4MTE2JTIxMmQzMi4wMjkwNTAyJTIxM2QzNi41NDIzNDk0JTIxM20yJTIxMWkxMDI0JTIxMmk3NjglMjE0ZjEzLjElMjEzbTMlMjExbTIlMjExczB4MCUyNTNBMHgzZTNhYzc1YzVlZDE2NGUwJTIxMnNTY2FuZ3JvdXAlMjUyMEhvbWVzJTIxNWUwJTIxM20yJTIxMXN0ciUyMTJzdHIlMjE0djE1NzY2NjAzNjczMzQlMjE1bTIlMjExc3RyJTIxMnN0ciUyMiUyMHdpZHRoJTNEJTIyNjAwJTIyJTIwaGVpZ2h0JTNEJTIyNDUwJTIyJTIwZnJhbWVib3JkZXIlM0QlMjIwJTIyJTIwc3R5bGUlM0QlMjJib3JkZXIlM0EwJTNCJTIyJTIwYWxsb3dmdWxsc2NyZWVuJTNEJTIyJTIyJTNFJTNDJTJGaWZyYW1lJTNF&#8221;][\/vc_column][\/vc_row]<\/p>\n","protected":false},"excerpt":{"rendered":"<p>[vc_row][vc_column][vc_column_text] K\u00f6pguide bostad i Turkiet &nbsp; G\u00d6R DITT K\u00d6P VIA DIN M\u00c4KLARE P\u00c5 SCAN GROUP HOMES. F\u00f6r ett lyckat k\u00f6p \u00e4r det b\u00e4st att du anlitar en v\u00e4letablerad m\u00e4klare som talar &#8221;ditt spr\u00e5k&#8221; och som kan guida dig genom varje steg i k\u00f6pprocessen. Innan du ger dig ut p\u00e5 jakt efter en bostad i Turkiet [&hellip;]<\/p>\n","protected":false},"author":1,"featured_media":0,"parent":0,"menu_order":0,"comment_status":"closed","ping_status":"closed","template":"template\/template-page.php","meta":[],"yoast_head":"<!-- This site is optimized with the Yoast SEO plugin v21.0 - https:\/\/yoast.com\/wordpress\/plugins\/seo\/ -->\n<title>K\u00f6pguide - ScanGroup Homes<\/title>\n<meta name=\"robots\" content=\"index, follow, max-snippet:-1, max-image-preview:large, max-video-preview:-1\" \/>\n<link rel=\"canonical\" href=\"https:\/\/www.scangrouphomes.com\/sv\/kopguide\/\" \/>\n<meta property=\"og:locale\" content=\"sv_SE\" \/>\n<meta property=\"og:type\" content=\"article\" \/>\n<meta property=\"og:title\" content=\"K\u00f6pguide - ScanGroup Homes\" \/>\n<meta property=\"og:description\" content=\"[vc_row][vc_column][vc_column_text] K\u00f6pguide bostad i Turkiet &nbsp; G\u00d6R DITT K\u00d6P VIA DIN M\u00c4KLARE P\u00c5 SCAN GROUP HOMES. F\u00f6r ett lyckat k\u00f6p \u00e4r det b\u00e4st att du anlitar en v\u00e4letablerad m\u00e4klare som talar &#8221;ditt spr\u00e5k&#8221; och som kan guida dig genom varje steg i k\u00f6pprocessen. Innan du ger dig ut p\u00e5 jakt efter en bostad i Turkiet [&hellip;]\" \/>\n<meta property=\"og:url\" content=\"https:\/\/www.scangrouphomes.com\/sv\/kopguide\/\" \/>\n<meta property=\"og:site_name\" content=\"ScanGroup Homes\" \/>\n<meta property=\"article:modified_time\" content=\"2020-02-03T12:11:43+00:00\" \/>\n<meta name=\"twitter:card\" content=\"summary_large_image\" \/>\n<meta name=\"twitter:label1\" content=\"Ber\u00e4knad l\u00e4stid\" \/>\n\t<meta name=\"twitter:data1\" content=\"8 minuter\" \/>\n<script type=\"application\/ld+json\" class=\"yoast-schema-graph\">{\"@context\":\"https:\/\/schema.org\",\"@graph\":[{\"@type\":\"WebPage\",\"@id\":\"https:\/\/www.scangrouphomes.com\/sv\/kopguide\/\",\"url\":\"https:\/\/www.scangrouphomes.com\/sv\/kopguide\/\",\"name\":\"K\u00f6pguide - ScanGroup Homes\",\"isPartOf\":{\"@id\":\"https:\/\/www.scangrouphomes.com\/sv\/#website\"},\"datePublished\":\"2020-02-03T12:11:09+00:00\",\"dateModified\":\"2020-02-03T12:11:43+00:00\",\"breadcrumb\":{\"@id\":\"https:\/\/www.scangrouphomes.com\/sv\/kopguide\/#breadcrumb\"},\"inLanguage\":\"sv-SE\",\"potentialAction\":[{\"@type\":\"ReadAction\",\"target\":[\"https:\/\/www.scangrouphomes.com\/sv\/kopguide\/\"]}]},{\"@type\":\"BreadcrumbList\",\"@id\":\"https:\/\/www.scangrouphomes.com\/sv\/kopguide\/#breadcrumb\",\"itemListElement\":[{\"@type\":\"ListItem\",\"position\":1,\"name\":\"Home\",\"item\":\"https:\/\/www.scangrouphomes.com\/sv\/\"},{\"@type\":\"ListItem\",\"position\":2,\"name\":\"K\u00f6pguide\"}]},{\"@type\":\"WebSite\",\"@id\":\"https:\/\/www.scangrouphomes.com\/sv\/#website\",\"url\":\"https:\/\/www.scangrouphomes.com\/sv\/\",\"name\":\"ScanGroup Homes\",\"description\":\"Property in Alanya Turkey real estate apartments villas buying property Antalya\",\"potentialAction\":[{\"@type\":\"SearchAction\",\"target\":{\"@type\":\"EntryPoint\",\"urlTemplate\":\"https:\/\/www.scangrouphomes.com\/sv\/?s={search_term_string}\"},\"query-input\":\"required name=search_term_string\"}],\"inLanguage\":\"sv-SE\"}]}<\/script>\n<!-- \/ Yoast SEO plugin. -->","yoast_head_json":{"title":"K\u00f6pguide - ScanGroup Homes","robots":{"index":"index","follow":"follow","max-snippet":"max-snippet:-1","max-image-preview":"max-image-preview:large","max-video-preview":"max-video-preview:-1"},"canonical":"https:\/\/www.scangrouphomes.com\/sv\/kopguide\/","og_locale":"sv_SE","og_type":"article","og_title":"K\u00f6pguide - ScanGroup Homes","og_description":"[vc_row][vc_column][vc_column_text] K\u00f6pguide bostad i Turkiet &nbsp; G\u00d6R DITT K\u00d6P VIA DIN M\u00c4KLARE P\u00c5 SCAN GROUP HOMES. F\u00f6r ett lyckat k\u00f6p \u00e4r det b\u00e4st att du anlitar en v\u00e4letablerad m\u00e4klare som talar &#8221;ditt spr\u00e5k&#8221; och som kan guida dig genom varje steg i k\u00f6pprocessen. Innan du ger dig ut p\u00e5 jakt efter en bostad i Turkiet [&hellip;]","og_url":"https:\/\/www.scangrouphomes.com\/sv\/kopguide\/","og_site_name":"ScanGroup Homes","article_modified_time":"2020-02-03T12:11:43+00:00","twitter_card":"summary_large_image","twitter_misc":{"Ber\u00e4knad l\u00e4stid":"8 minuter"},"schema":{"@context":"https:\/\/schema.org","@graph":[{"@type":"WebPage","@id":"https:\/\/www.scangrouphomes.com\/sv\/kopguide\/","url":"https:\/\/www.scangrouphomes.com\/sv\/kopguide\/","name":"K\u00f6pguide - ScanGroup Homes","isPartOf":{"@id":"https:\/\/www.scangrouphomes.com\/sv\/#website"},"datePublished":"2020-02-03T12:11:09+00:00","dateModified":"2020-02-03T12:11:43+00:00","breadcrumb":{"@id":"https:\/\/www.scangrouphomes.com\/sv\/kopguide\/#breadcrumb"},"inLanguage":"sv-SE","potentialAction":[{"@type":"ReadAction","target":["https:\/\/www.scangrouphomes.com\/sv\/kopguide\/"]}]},{"@type":"BreadcrumbList","@id":"https:\/\/www.scangrouphomes.com\/sv\/kopguide\/#breadcrumb","itemListElement":[{"@type":"ListItem","position":1,"name":"Home","item":"https:\/\/www.scangrouphomes.com\/sv\/"},{"@type":"ListItem","position":2,"name":"K\u00f6pguide"}]},{"@type":"WebSite","@id":"https:\/\/www.scangrouphomes.com\/sv\/#website","url":"https:\/\/www.scangrouphomes.com\/sv\/","name":"ScanGroup Homes","description":"Property in Alanya Turkey real estate apartments villas buying property Antalya","potentialAction":[{"@type":"SearchAction","target":{"@type":"EntryPoint","urlTemplate":"https:\/\/www.scangrouphomes.com\/sv\/?s={search_term_string}"},"query-input":"required name=search_term_string"}],"inLanguage":"sv-SE"}]}},"_links":{"self":[{"href":"https:\/\/www.scangrouphomes.com\/sv\/wp-json\/wp\/v2\/pages\/16148"}],"collection":[{"href":"https:\/\/www.scangrouphomes.com\/sv\/wp-json\/wp\/v2\/pages"}],"about":[{"href":"https:\/\/www.scangrouphomes.com\/sv\/wp-json\/wp\/v2\/types\/page"}],"author":[{"embeddable":true,"href":"https:\/\/www.scangrouphomes.com\/sv\/wp-json\/wp\/v2\/users\/1"}],"replies":[{"embeddable":true,"href":"https:\/\/www.scangrouphomes.com\/sv\/wp-json\/wp\/v2\/comments?post=16148"}],"version-history":[{"count":3,"href":"https:\/\/www.scangrouphomes.com\/sv\/wp-json\/wp\/v2\/pages\/16148\/revisions"}],"predecessor-version":[{"id":16163,"href":"https:\/\/www.scangrouphomes.com\/sv\/wp-json\/wp\/v2\/pages\/16148\/revisions\/16163"}],"wp:attachment":[{"href":"https:\/\/www.scangrouphomes.com\/sv\/wp-json\/wp\/v2\/media?parent=16148"}],"curies":[{"name":"wp","href":"https:\/\/api.w.org\/{rel}","templated":true}]}}