{"id":15383,"date":"2020-01-14T01:00:17","date_gmt":"2020-01-14T01:00:17","guid":{"rendered":"https:\/\/sgh.alanya.work\/inspection-trip\/"},"modified":"2020-02-03T10:40:58","modified_gmt":"2020-02-03T10:40:58","slug":"inspektionsresa","status":"publish","type":"page","link":"https:\/\/www.scangrouphomes.com\/sv\/inspektionsresa\/","title":{"rendered":"Inspektionsresa"},"content":{"rendered":"<p>[vc_row][vc_column][vc_column_text]<\/p>\n<p><strong>Visningsresa<\/strong><\/p>\n<p>En visningsresa \u00e4r ett tillf\u00e4lle f\u00f6r dig att samla all information och se bostaden fr\u00e5n v\u00e5r onlineportf\u00f6lj. Scan Group Homes visningsresa \u00e4r utformad enligt dina individuella krav, personliga specifikationer som \u00e4r anpassade till din ekonomiska budget. Vi kommer att ge dig korrekt information om fastigheten du \u00e4r intresserad av inklusive en fastighetsbroschyr, planl\u00f6sningar, prislista och och projektplatsen.<\/p>\n<p><strong>Bokningsdatum<\/strong><\/p>\n<p>Under din vistelse i Turkiet garanterar en representant f\u00f6r Scan Group Homes dig full personlig uppm\u00e4rksamhet, v\u00e4nlig och p\u00e5litlig service, all detaljerad information om ink\u00f6psprocessen p\u00e5 engelska, tyska, slovakiska, svenska, polska, ryska, arabiska eller turkiska spr\u00e5ket, allt f\u00f6r din bekv\u00e4mlighet. V\u00e4nligen meddela oss i f\u00f6rv\u00e4g om dina planerade datum f\u00f6r visningsresa, s\u00e5 att vi kan bekr\u00e4fta att dina bokningspreferenser \u00f6verensst\u00e4mmer med v\u00e5rt schema.<\/p>\n<p><strong>Transfer &#8211; Hotell &#8211; Flygbiljett<\/strong><\/p>\n<p>Scan Group Homes arrangerar din transfer fr\u00e5n flygplatsen Antalya \/ Gazipa\u015fa vid ankomst och transfer vid avresa direkt fr\u00e5n hotellet. Vi erbjuder dig ett hotellrum med halvpension i en bekv\u00e4m och trevlig milj\u00f6. Om du k\u00f6per en fastighet via oss efter att du undertecknat ett k\u00f6pavtal, t\u00e4cker vi kostnaderna f\u00f6r din resa.<\/p>\n<p>* Om du inte k\u00f6per en fastighet via oss p\u00e5 Scan Group Homes under en visningsresa, \u00e4r du skyldig att t\u00e4cka alla kostnader f\u00f6r flyg, transfer och boende.<\/p>\n<p>* Scan Group Homess visningsresa \u00e4r utformad enligt dina individuella krav, personliga specifikationer som \u00e4r anpassade till din ekonomiska budget.<\/p>\n<p><strong>Du \u00e4r v\u00e4lkommen att boka en visningsresa!<\/strong><\/p>\n<p>Turkiet \u00e4r ett underbart land med en stor rikedom av f\u00e4rgstark historia, kultur och erbjuder spektakul\u00e4r utsikt \u00f6ver natur och landsbygd. Vi tror att du kommer att \u00e4lska Medelhavet och skulle vilja njuta av den fantastiska avslappnande livsstilen h\u00e4r p\u00e5 den turkiska rivieran.<\/p>\n<p>[\/vc_column_text][\/vc_column][\/vc_row][vc_row][vc_column][vc_separator color=&#8221;orange&#8221; style=&#8221;shadow&#8221; border_width=&#8221;3&#8243;][\/vc_column][\/vc_row][vc_row][vc_column]\n<div class=\"wpcf7 no-js\" id=\"wpcf7-f14712-o1\" lang=\"en-US\" dir=\"ltr\">\n<div class=\"screen-reader-response\"><p role=\"status\" aria-live=\"polite\" aria-atomic=\"true\"><\/p> <ul><\/ul><\/div>\n<form action=\"\/sv\/wp-json\/wp\/v2\/pages\/15383#wpcf7-f14712-o1\" method=\"post\" class=\"wpcf7-form init\" aria-label=\"Contact form\" novalidate=\"novalidate\" data-status=\"init\">\n<div style=\"display: none;\">\n<input type=\"hidden\" name=\"_wpcf7\" value=\"14712\" \/>\n<input type=\"hidden\" name=\"_wpcf7_version\" value=\"5.8\" \/>\n<input type=\"hidden\" name=\"_wpcf7_locale\" value=\"en_US\" \/>\n<input type=\"hidden\" name=\"_wpcf7_unit_tag\" value=\"wpcf7-f14712-o1\" \/>\n<input type=\"hidden\" name=\"_wpcf7_container_post\" value=\"0\" \/>\n<input type=\"hidden\" name=\"_wpcf7_posted_data_hash\" value=\"\" \/>\n<input type=\"hidden\" name=\"_wpcf7_recaptcha_response\" value=\"\" \/>\n<\/div>\n<div class=\"form-group\">\n\t<p><label class=\"required\" for=\"yourName\">Your Name<\/label><br \/>\n<span class=\"wpcf7-form-control-wrap\" data-name=\"your-name\"><input size=\"40\" class=\"wpcf7-form-control wpcf7-text wpcf7-validates-as-required form-control\" aria-required=\"true\" aria-invalid=\"false\" value=\"\" type=\"text\" name=\"your-name\" \/><\/span>\n\t<\/p>\n<\/div>\n<div class=\"form-group\">\n\t<p><label class=\"required\" for=\"yourEmail\">Your Email<\/label><br \/>\n<span class=\"wpcf7-form-control-wrap\" data-name=\"your-email\"><input size=\"40\" class=\"wpcf7-form-control wpcf7-email wpcf7-validates-as-required wpcf7-text wpcf7-validates-as-email form-control\" aria-required=\"true\" aria-invalid=\"false\" value=\"\" type=\"email\" name=\"your-email\" \/><\/span>\n\t<\/p>\n<\/div>\n<div class=\"form-group\">\n\t<p><label class=\"required\" for=\"yourPhone\">Your Phone <\/label><br \/>\n<span class=\"wpcf7-form-control-wrap\" data-name=\"tel-179\"><input size=\"40\" class=\"wpcf7-form-control wpcf7-tel wpcf7-validates-as-required wpcf7-text wpcf7-validates-as-tel form-control\" aria-required=\"true\" aria-invalid=\"false\" value=\"\" type=\"tel\" name=\"tel-179\" \/><\/span>\n\t<\/p>\n<\/div>\n<div class=\"form-group\">\n\t<p><label class=\"required\" for=\"yourSubject\">Subject <\/label><br \/>\n<span class=\"wpcf7-form-control-wrap\" data-name=\"your-subject\"><input size=\"40\" class=\"wpcf7-form-control wpcf7-text wpcf7-validates-as-required form-control\" aria-required=\"true\" aria-invalid=\"false\" value=\"\" type=\"text\" name=\"your-subject\" \/><\/span>\n\t<\/p>\n<\/div>\n\n<div class=\"form-group\">\n\t<p><label class=\"required\" for=\"yourMessage\">Your Message <\/label><br \/>\n<span class=\"wpcf7-form-control-wrap\" data-name=\"your-message\"><textarea cols=\"40\" rows=\"10\" class=\"wpcf7-form-control wpcf7-textarea wpcf7-validates-as-required form-control\" aria-required=\"true\" aria-invalid=\"false\" name=\"your-message\"><\/textarea><\/span>\n\t<\/p>\n<\/div>\n\n<div class=\"form-group\">\n\t<p><input class=\"wpcf7-form-control wpcf7-submit has-spinner btn btn-primary btn-lg\" type=\"submit\" value=\"Send\" \/>\n\t<\/p>\n<\/div><p style=\"display: none !important;\"><label>&#916;<textarea name=\"_wpcf7_ak_hp_textarea\" cols=\"45\" rows=\"8\" maxlength=\"100\"><\/textarea><\/label><input type=\"hidden\" id=\"ak_js_1\" name=\"_wpcf7_ak_js\" value=\"155\"\/><script>document.getElementById( \"ak_js_1\" ).setAttribute( \"value\", ( new Date() ).getTime() );<\/script><\/p><div class=\"wpcf7-response-output\" aria-hidden=\"true\"><\/div>\n<\/form>\n<\/div>\n[\/vc_column][\/vc_row]<\/p>\n","protected":false},"excerpt":{"rendered":"<p>[vc_row][vc_column][vc_column_text] Visningsresa En visningsresa \u00e4r ett tillf\u00e4lle f\u00f6r dig att samla all information och se bostaden fr\u00e5n v\u00e5r onlineportf\u00f6lj. Scan Group Homes visningsresa \u00e4r utformad enligt dina individuella krav, personliga specifikationer som \u00e4r anpassade till din ekonomiska budget. Vi kommer att ge dig korrekt information om fastigheten du \u00e4r intresserad av inklusive en fastighetsbroschyr, planl\u00f6sningar, [&hellip;]<\/p>\n","protected":false},"author":1,"featured_media":0,"parent":0,"menu_order":0,"comment_status":"closed","ping_status":"closed","template":"template\/template-page.php","meta":[],"yoast_head":"<!-- This site is optimized with the Yoast SEO plugin v21.0 - https:\/\/yoast.com\/wordpress\/plugins\/seo\/ -->\n<title>Inspektionsresa - ScanGroup Homes<\/title>\n<meta name=\"robots\" content=\"index, follow, max-snippet:-1, max-image-preview:large, max-video-preview:-1\" \/>\n<link rel=\"canonical\" href=\"https:\/\/www.scangrouphomes.com\/sv\/inspektionsresa\/\" \/>\n<meta property=\"og:locale\" content=\"sv_SE\" \/>\n<meta property=\"og:type\" content=\"article\" \/>\n<meta property=\"og:title\" content=\"Inspektionsresa - ScanGroup Homes\" \/>\n<meta property=\"og:description\" content=\"[vc_row][vc_column][vc_column_text] Visningsresa En visningsresa \u00e4r ett tillf\u00e4lle f\u00f6r dig att samla all information och se bostaden fr\u00e5n v\u00e5r onlineportf\u00f6lj. Scan Group Homes visningsresa \u00e4r utformad enligt dina individuella krav, personliga specifikationer som \u00e4r anpassade till din ekonomiska budget. Vi kommer att ge dig korrekt information om fastigheten du \u00e4r intresserad av inklusive en fastighetsbroschyr, planl\u00f6sningar, [&hellip;]\" \/>\n<meta property=\"og:url\" content=\"https:\/\/www.scangrouphomes.com\/sv\/inspektionsresa\/\" \/>\n<meta property=\"og:site_name\" content=\"ScanGroup Homes\" \/>\n<meta property=\"article:modified_time\" content=\"2020-02-03T10:40:58+00:00\" \/>\n<meta name=\"twitter:card\" content=\"summary_large_image\" \/>\n<meta name=\"twitter:label1\" content=\"Ber\u00e4knad l\u00e4stid\" \/>\n\t<meta name=\"twitter:data1\" content=\"2 minuter\" \/>\n<script type=\"application\/ld+json\" class=\"yoast-schema-graph\">{\"@context\":\"https:\/\/schema.org\",\"@graph\":[{\"@type\":\"WebPage\",\"@id\":\"https:\/\/www.scangrouphomes.com\/sv\/inspektionsresa\/\",\"url\":\"https:\/\/www.scangrouphomes.com\/sv\/inspektionsresa\/\",\"name\":\"Inspektionsresa - ScanGroup Homes\",\"isPartOf\":{\"@id\":\"https:\/\/www.scangrouphomes.com\/sv\/#website\"},\"datePublished\":\"2020-01-14T01:00:17+00:00\",\"dateModified\":\"2020-02-03T10:40:58+00:00\",\"breadcrumb\":{\"@id\":\"https:\/\/www.scangrouphomes.com\/sv\/inspektionsresa\/#breadcrumb\"},\"inLanguage\":\"sv-SE\",\"potentialAction\":[{\"@type\":\"ReadAction\",\"target\":[\"https:\/\/www.scangrouphomes.com\/sv\/inspektionsresa\/\"]}]},{\"@type\":\"BreadcrumbList\",\"@id\":\"https:\/\/www.scangrouphomes.com\/sv\/inspektionsresa\/#breadcrumb\",\"itemListElement\":[{\"@type\":\"ListItem\",\"position\":1,\"name\":\"Home\",\"item\":\"https:\/\/www.scangrouphomes.com\/sv\/\"},{\"@type\":\"ListItem\",\"position\":2,\"name\":\"Inspektionsresa\"}]},{\"@type\":\"WebSite\",\"@id\":\"https:\/\/www.scangrouphomes.com\/sv\/#website\",\"url\":\"https:\/\/www.scangrouphomes.com\/sv\/\",\"name\":\"ScanGroup Homes\",\"description\":\"Property in Alanya Turkey real estate apartments villas buying property Antalya\",\"potentialAction\":[{\"@type\":\"SearchAction\",\"target\":{\"@type\":\"EntryPoint\",\"urlTemplate\":\"https:\/\/www.scangrouphomes.com\/sv\/?s={search_term_string}\"},\"query-input\":\"required name=search_term_string\"}],\"inLanguage\":\"sv-SE\"}]}<\/script>\n<!-- \/ Yoast SEO plugin. -->","yoast_head_json":{"title":"Inspektionsresa - ScanGroup Homes","robots":{"index":"index","follow":"follow","max-snippet":"max-snippet:-1","max-image-preview":"max-image-preview:large","max-video-preview":"max-video-preview:-1"},"canonical":"https:\/\/www.scangrouphomes.com\/sv\/inspektionsresa\/","og_locale":"sv_SE","og_type":"article","og_title":"Inspektionsresa - ScanGroup Homes","og_description":"[vc_row][vc_column][vc_column_text] Visningsresa En visningsresa \u00e4r ett tillf\u00e4lle f\u00f6r dig att samla all information och se bostaden fr\u00e5n v\u00e5r onlineportf\u00f6lj. Scan Group Homes visningsresa \u00e4r utformad enligt dina individuella krav, personliga specifikationer som \u00e4r anpassade till din ekonomiska budget. Vi kommer att ge dig korrekt information om fastigheten du \u00e4r intresserad av inklusive en fastighetsbroschyr, planl\u00f6sningar, [&hellip;]","og_url":"https:\/\/www.scangrouphomes.com\/sv\/inspektionsresa\/","og_site_name":"ScanGroup Homes","article_modified_time":"2020-02-03T10:40:58+00:00","twitter_card":"summary_large_image","twitter_misc":{"Ber\u00e4knad l\u00e4stid":"2 minuter"},"schema":{"@context":"https:\/\/schema.org","@graph":[{"@type":"WebPage","@id":"https:\/\/www.scangrouphomes.com\/sv\/inspektionsresa\/","url":"https:\/\/www.scangrouphomes.com\/sv\/inspektionsresa\/","name":"Inspektionsresa - ScanGroup Homes","isPartOf":{"@id":"https:\/\/www.scangrouphomes.com\/sv\/#website"},"datePublished":"2020-01-14T01:00:17+00:00","dateModified":"2020-02-03T10:40:58+00:00","breadcrumb":{"@id":"https:\/\/www.scangrouphomes.com\/sv\/inspektionsresa\/#breadcrumb"},"inLanguage":"sv-SE","potentialAction":[{"@type":"ReadAction","target":["https:\/\/www.scangrouphomes.com\/sv\/inspektionsresa\/"]}]},{"@type":"BreadcrumbList","@id":"https:\/\/www.scangrouphomes.com\/sv\/inspektionsresa\/#breadcrumb","itemListElement":[{"@type":"ListItem","position":1,"name":"Home","item":"https:\/\/www.scangrouphomes.com\/sv\/"},{"@type":"ListItem","position":2,"name":"Inspektionsresa"}]},{"@type":"WebSite","@id":"https:\/\/www.scangrouphomes.com\/sv\/#website","url":"https:\/\/www.scangrouphomes.com\/sv\/","name":"ScanGroup Homes","description":"Property in Alanya Turkey real estate apartments villas buying property Antalya","potentialAction":[{"@type":"SearchAction","target":{"@type":"EntryPoint","urlTemplate":"https:\/\/www.scangrouphomes.com\/sv\/?s={search_term_string}"},"query-input":"required name=search_term_string"}],"inLanguage":"sv-SE"}]}},"_links":{"self":[{"href":"https:\/\/www.scangrouphomes.com\/sv\/wp-json\/wp\/v2\/pages\/15383"}],"collection":[{"href":"https:\/\/www.scangrouphomes.com\/sv\/wp-json\/wp\/v2\/pages"}],"about":[{"href":"https:\/\/www.scangrouphomes.com\/sv\/wp-json\/wp\/v2\/types\/page"}],"author":[{"embeddable":true,"href":"https:\/\/www.scangrouphomes.com\/sv\/wp-json\/wp\/v2\/users\/1"}],"replies":[{"embeddable":true,"href":"https:\/\/www.scangrouphomes.com\/sv\/wp-json\/wp\/v2\/comments?post=15383"}],"version-history":[{"count":3,"href":"https:\/\/www.scangrouphomes.com\/sv\/wp-json\/wp\/v2\/pages\/15383\/revisions"}],"predecessor-version":[{"id":16116,"href":"https:\/\/www.scangrouphomes.com\/sv\/wp-json\/wp\/v2\/pages\/15383\/revisions\/16116"}],"wp:attachment":[{"href":"https:\/\/www.scangrouphomes.com\/sv\/wp-json\/wp\/v2\/media?parent=15383"}],"curies":[{"name":"wp","href":"https:\/\/api.w.org\/{rel}","templated":true}]}}