{"id":15343,"date":"2019-12-18T10:58:22","date_gmt":"2019-12-18T10:58:22","guid":{"rendered":"https:\/\/sgh.alanya.work\/buying-property-in-turkey\/"},"modified":"2020-02-03T10:34:41","modified_gmt":"2020-02-03T10:34:41","slug":"kopa-en-fastighet-i-turkiet","status":"publish","type":"page","link":"https:\/\/www.scangrouphomes.com\/sv\/kopa-en-fastighet-i-turkiet\/","title":{"rendered":"K\u00f6pa en fastighet i Turkiet"},"content":{"rendered":"<p>[vc_row][vc_column][vc_column_text]<\/p>\n<p><strong>K\u00d6PA EN FASTIGHET I TURKIET<\/strong><\/p>\n<p><strong>K\u00d6PPROCESSEN<\/strong><\/p>\n<p>Denna process i Turkiet \u00e4r mycket lik den i m\u00e5nga andra europeiska l\u00e4nder. En deposition betalas vid kontraktsskrivning och slutbetalning ges i samband med \u00f6verf\u00f6ringen av lagfarten.<\/p>\n<p><strong>Vilka handlingar beh\u00f6vs?<\/strong><\/p>\n<ul>\n<li>ditt pass samt en passkopia<\/li>\n<li>6 bilder i passfoto storlek<\/li>\n<li>bankkonto i turkisk bank<\/li>\n<li>Turkiskt skattenummer<\/li>\n<li>en statsanst\u00e4lld tillsammans med en notarie publicus som ger oss en eng\u00e5ngs fullmakt s\u00e5 att vi kan slutf\u00f6ra k\u00f6pet f\u00f6r dig om du m\u00e5ste \u00e5ka hem innan allt \u00e4r klart<\/li>\n<\/ul>\n<p><strong><br \/>\nKOSTNADER VID K\u00d6P<\/strong><\/p>\n<ul>\n<li>Fullmakt: ca. 100 Euro<\/li>\n<li>\u00d6vers\u00e4ttare: ca. 50 Euro<\/li>\n<li>Foto: ca. 10 Euro<\/li>\n<li>Transaktionskostnad: 4% av taxeringsv\u00e4rde<\/li>\n<\/ul>\n<p><strong>KONTRAKTET<\/strong><\/p>\n<p>N\u00e4r du har beslutat att g\u00e5 vidare med k\u00f6pet av ditt dr\u00f6mhem kommer ett k\u00f6peavtal uppr\u00e4ttas och en deposition m\u00e5ste betalas.<\/p>\n<p>N\u00e4r alla parter har undertecknat kontraktet och betalningen av depositionen g\u00f6rs, blir avtalet bindande.<\/p>\n<p>Handpenning varierar fr\u00e5n fastighet till fastighet, men som regel betalas en handpenning p\u00e5 upp till 10% av k\u00f6peskillingen.<\/p>\n<p>Om du senare best\u00e4mmer dig f\u00f6r att avbryta ditt kontrakt kommer du att f\u00f6rlora depositionen. Men om s\u00e4ljaren avbryter avtalet har du r\u00e4tt till \u00e5terbetalning av depositionen du betalat samt kan ans\u00f6ka om en vite enligt en vitesklausul.<\/p>\n<p>Vi p\u00e5 Scan Group Homes Fastigheter hj\u00e4lper dig att g\u00e5 igenom avtalsvillkoren innan du undertecknar n\u00e5got.<\/p>\n<p>&nbsp;<\/p>\n<p><strong>SLUTF\u00d6RANDET<\/strong><\/p>\n<p>Vid slutbetalning kommer b\u00e5de k\u00f6pare och s\u00e4ljare (eller den med fullmakt) att tr\u00e4ffas personligen hos den lokala fastighetsm\u00e4klaren f\u00f6r \u00f6verf\u00f6ring av lagfarten. Denna process tar vanligtvis en timme och en representant fr\u00e5n oss \u00e4r n\u00e4rvarande under denna process. Utl\u00e4ndska k\u00f6pare m\u00e5ste ha en officiell \u00f6vers\u00e4ttare n\u00e4rvarande f\u00f6r att certifiera registreringen. K\u00f6paren ska enligt lag betala skatter och avgifter innan den slutliga handling undertecknas. N\u00e4r alla parter har undertecknat kontraktet, avslutas processen och f\u00f6rs\u00e4ljningen \u00e4r klar. Undertecknandet av dokumentet inneb\u00e4r att egendomen och \u00e4gander\u00e4tten nu \u00f6verf\u00f6rts till den nya k\u00f6paren och k\u00f6paren kommer att registreras i fastighetsregistret. Vid \u00f6verl\u00e5telse av lagfarten m\u00e5ste fullt pris ha betalats till s\u00e4ljaren.<\/p>\n<p>[\/vc_column_text][\/vc_column][\/vc_row][vc_row][vc_column][vc_separator color=&#8221;orange&#8221; style=&#8221;shadow&#8221; border_width=&#8221;3&#8243;][\/vc_column][\/vc_row][vc_row][vc_column]\n<div class=\"wpcf7 no-js\" id=\"wpcf7-f14712-o1\" lang=\"en-US\" dir=\"ltr\">\n<div class=\"screen-reader-response\"><p role=\"status\" aria-live=\"polite\" aria-atomic=\"true\"><\/p> <ul><\/ul><\/div>\n<form action=\"\/sv\/wp-json\/wp\/v2\/pages\/15343#wpcf7-f14712-o1\" method=\"post\" class=\"wpcf7-form init\" aria-label=\"Contact form\" novalidate=\"novalidate\" data-status=\"init\">\n<div style=\"display: none;\">\n<input type=\"hidden\" name=\"_wpcf7\" value=\"14712\" \/>\n<input type=\"hidden\" name=\"_wpcf7_version\" value=\"5.8\" \/>\n<input type=\"hidden\" name=\"_wpcf7_locale\" value=\"en_US\" \/>\n<input type=\"hidden\" name=\"_wpcf7_unit_tag\" value=\"wpcf7-f14712-o1\" \/>\n<input type=\"hidden\" name=\"_wpcf7_container_post\" value=\"0\" \/>\n<input type=\"hidden\" name=\"_wpcf7_posted_data_hash\" value=\"\" \/>\n<input type=\"hidden\" name=\"_wpcf7_recaptcha_response\" value=\"\" \/>\n<\/div>\n<div class=\"form-group\">\n\t<p><label class=\"required\" for=\"yourName\">Your Name<\/label><br \/>\n<span class=\"wpcf7-form-control-wrap\" data-name=\"your-name\"><input size=\"40\" class=\"wpcf7-form-control wpcf7-text wpcf7-validates-as-required form-control\" aria-required=\"true\" aria-invalid=\"false\" value=\"\" type=\"text\" name=\"your-name\" \/><\/span>\n\t<\/p>\n<\/div>\n<div class=\"form-group\">\n\t<p><label class=\"required\" for=\"yourEmail\">Your Email<\/label><br \/>\n<span class=\"wpcf7-form-control-wrap\" data-name=\"your-email\"><input size=\"40\" class=\"wpcf7-form-control wpcf7-email wpcf7-validates-as-required wpcf7-text wpcf7-validates-as-email form-control\" aria-required=\"true\" aria-invalid=\"false\" value=\"\" type=\"email\" name=\"your-email\" \/><\/span>\n\t<\/p>\n<\/div>\n<div class=\"form-group\">\n\t<p><label class=\"required\" for=\"yourPhone\">Your Phone <\/label><br \/>\n<span class=\"wpcf7-form-control-wrap\" data-name=\"tel-179\"><input size=\"40\" class=\"wpcf7-form-control wpcf7-tel wpcf7-validates-as-required wpcf7-text wpcf7-validates-as-tel form-control\" aria-required=\"true\" aria-invalid=\"false\" value=\"\" type=\"tel\" name=\"tel-179\" \/><\/span>\n\t<\/p>\n<\/div>\n<div class=\"form-group\">\n\t<p><label class=\"required\" for=\"yourSubject\">Subject <\/label><br \/>\n<span class=\"wpcf7-form-control-wrap\" data-name=\"your-subject\"><input size=\"40\" class=\"wpcf7-form-control wpcf7-text wpcf7-validates-as-required form-control\" aria-required=\"true\" aria-invalid=\"false\" value=\"\" type=\"text\" name=\"your-subject\" \/><\/span>\n\t<\/p>\n<\/div>\n\n<div class=\"form-group\">\n\t<p><label class=\"required\" for=\"yourMessage\">Your Message <\/label><br \/>\n<span class=\"wpcf7-form-control-wrap\" data-name=\"your-message\"><textarea cols=\"40\" rows=\"10\" class=\"wpcf7-form-control wpcf7-textarea wpcf7-validates-as-required form-control\" aria-required=\"true\" aria-invalid=\"false\" name=\"your-message\"><\/textarea><\/span>\n\t<\/p>\n<\/div>\n\n<div class=\"form-group\">\n\t<p><input class=\"wpcf7-form-control wpcf7-submit has-spinner btn btn-primary btn-lg\" type=\"submit\" value=\"Send\" \/>\n\t<\/p>\n<\/div><p style=\"display: none !important;\"><label>&#916;<textarea name=\"_wpcf7_ak_hp_textarea\" cols=\"45\" rows=\"8\" maxlength=\"100\"><\/textarea><\/label><input type=\"hidden\" id=\"ak_js_1\" name=\"_wpcf7_ak_js\" value=\"240\"\/><script>document.getElementById( \"ak_js_1\" ).setAttribute( \"value\", ( new Date() ).getTime() );<\/script><\/p><div class=\"wpcf7-response-output\" aria-hidden=\"true\"><\/div>\n<\/form>\n<\/div>\n[\/vc_column][\/vc_row][vc_row][vc_column][vc_separator color=&#8221;orange&#8221; style=&#8221;shadow&#8221; border_width=&#8221;3&#8243;]\n        <!--start agents module-->\n        \n            \n        <script type=\"text\/javascript\">\n            jQuery(document).ready(function($){\n                if($(\"#agents-carousel-W1ClD\").length > 0){\n                    var owlAgents = $('#agents-carousel-W1ClD');\n                    owlAgents.owlCarousel({\n                        rtl: false,\n                        loop: true,\n                        dots: false,\n                        slideBy: 1,\n                        autoplay: true,\n                        autoplaySpeed: 700,\n                        nav: false,\n                        responsive:{\n                            0: {\n                                items: 1\n                            },\n                            320: {\n                                items: 1\n                            },\n                            480: {\n                                items: 1\n                            },\n                            768: {\n                                items: 2\n                            },\n                            1000: {\n                                items: 3\n                            },\n                            1280: {\n                                items: 4\n                            }\n                        }\n                    });\n\n                    $('.btn-prev-agents').on('click',function() {\n                        owlAgents.trigger('prev.owl.carousel',[700])\n                    });\n                    $('.btn-next-agents').on('click',function() {\n                        owlAgents.trigger('next.owl.carousel',[700])\n                    });\n\n                }\n            });\n        <\/script>\n\n        <div id=\"agents-carousel-module\" class=\"houzez-module agents-carousel-module\">\n            <div class=\"row\">\n                <div class=\"col-sm-12\">\n                    <div class=\"module-title-nav clearfix\">\n\n                        \n                        <div class=\"module-nav\">\n                            <button\n                                class=\"btn btn-carousel btn-sm btn-prev-agents\">Prev<\/button>\n                            <button\n                                class=\"btn btn-carousel btn-sm btn-next-agents\">Next<\/button>\n                        <\/div>\n                    <\/div>\n                <\/div>\n                <div class=\"col-sm-12\">\n                    <div id=\"agents-carousel-W1ClD\" class=\"agents-carousel slide-animated owl-carousel owl-theme\">\n\n                                                    <div class=\"item\">\n                                <div class=\"agents-block\">\n                                    <figure class=\"auther-thumb\">\n                                        <a href=\"https:\/\/www.scangrouphomes.com\/sv\/agent\/mahmut-kaya\/\"\n                                           class=\"view\">\n                                        <img src=\"https:\/\/i0.wp.com\/www.scangrouphomes.com\/wp-content\/uploads\/2016\/02\/mahmut-kaya-640.jpg?resize=350%2C350&#038;ssl=1\" class=\"img-circle\" width=\"150\"\n                                             height=\"150\" alt=\"Mahmut Kaya\">\n                                        <\/a>\n                                    <\/figure>\n\n                                        <div class=\"web-logo text-center\">\n                                                                                <\/div>\n\n                                    <div class=\"block-body\">\n                                        <p class=\"auther-info\">\n                                            <span class=\"blue\">Mahmut Kaya<\/span>\n                                            <span>Founder &amp; Ceo                                                                                            , Scangrouphomes<\/span>\n                                                                                    <\/p>\n\n                                        <p class=\"description\"><\/p>\n                                        <a href=\"https:\/\/www.scangrouphomes.com\/sv\/agent\/mahmut-kaya\/\"\n                                           class=\"view\">View Profile<\/a>\n                                    <\/div>\n                                <\/div>\n                            <\/div>\n                                                    <div class=\"item\">\n                                <div class=\"agents-block\">\n                                    <figure class=\"auther-thumb\">\n                                        <a href=\"https:\/\/www.scangrouphomes.com\/sv\/agent\/tugba-kaya\/\"\n                                           class=\"view\">\n                                        <img src=\"https:\/\/i0.wp.com\/www.scangrouphomes.com\/wp-content\/uploads\/2021\/04\/tugba-kaya-640.jpg?resize=350%2C350&#038;ssl=1\" class=\"img-circle\" width=\"150\"\n                                             height=\"150\" alt=\"Tugba Kaya\">\n                                        <\/a>\n                                    <\/figure>\n\n                                        <div class=\"web-logo text-center\">\n                                                                                <\/div>\n\n                                    <div class=\"block-body\">\n                                        <p class=\"auther-info\">\n                                            <span class=\"blue\">Tugba Kaya<\/span>\n                                            <span>Office Manager                                                                                            , Scangrouphomes<\/span>\n                                                                                    <\/p>\n\n                                        <p class=\"description\"><\/p>\n                                        <a href=\"https:\/\/www.scangrouphomes.com\/sv\/agent\/tugba-kaya\/\"\n                                           class=\"view\">View Profile<\/a>\n                                    <\/div>\n                                <\/div>\n                            <\/div>\n                                                \n                    <\/div>\n                <\/div>\n            <\/div>\n        <\/div>\n\n            <!--end post agents module-->\n\n\n        [\/vc_column][\/vc_row][vc_row full_width=&#8221;stretch_row_content_no_spaces&#8221;][vc_column][vc_gmaps link=&#8221;#E-8_JTNDaWZyYW1lJTIwc3JjJTNEJTIyaHR0cHMlM0ElMkYlMkZ3d3cuZ29vZ2xlLmNvbSUyRm1hcHMlMkZlbWJlZCUzRnBiJTNEJTIxMW0xNCUyMTFtOCUyMTFtMyUyMTFkMTI4MjEuOTUxMjM2MjY4MTE2JTIxMmQzMi4wMjkwNTAyJTIxM2QzNi41NDIzNDk0JTIxM20yJTIxMWkxMDI0JTIxMmk3NjglMjE0ZjEzLjElMjEzbTMlMjExbTIlMjExczB4MCUyNTNBMHgzZTNhYzc1YzVlZDE2NGUwJTIxMnNTY2FuZ3JvdXAlMjUyMEhvbWVzJTIxNWUwJTIxM20yJTIxMXN0ciUyMTJzdHIlMjE0djE1NzY2NjAzNjczMzQlMjE1bTIlMjExc3RyJTIxMnN0ciUyMiUyMHdpZHRoJTNEJTIyNjAwJTIyJTIwaGVpZ2h0JTNEJTIyNDUwJTIyJTIwZnJhbWVib3JkZXIlM0QlMjIwJTIyJTIwc3R5bGUlM0QlMjJib3JkZXIlM0EwJTNCJTIyJTIwYWxsb3dmdWxsc2NyZWVuJTNEJTIyJTIyJTNFJTNDJTJGaWZyYW1lJTNF&#8221;][\/vc_column][\/vc_row]<\/p>\n","protected":false},"excerpt":{"rendered":"<p>[vc_row][vc_column][vc_column_text] K\u00d6PA EN FASTIGHET I TURKIET K\u00d6PPROCESSEN Denna process i Turkiet \u00e4r mycket lik den i m\u00e5nga andra europeiska l\u00e4nder. En deposition betalas vid kontraktsskrivning och slutbetalning ges i samband med \u00f6verf\u00f6ringen av lagfarten. Vilka handlingar beh\u00f6vs? ditt pass samt en passkopia 6 bilder i passfoto storlek bankkonto i turkisk bank Turkiskt skattenummer en statsanst\u00e4lld [&hellip;]<\/p>\n","protected":false},"author":1,"featured_media":0,"parent":0,"menu_order":0,"comment_status":"closed","ping_status":"closed","template":"template\/template-page.php","meta":[],"yoast_head":"<!-- This site is optimized with the Yoast SEO plugin v21.0 - https:\/\/yoast.com\/wordpress\/plugins\/seo\/ -->\n<title>K\u00f6pa en fastighet i Turkiet - ScanGroup Homes<\/title>\n<meta name=\"robots\" content=\"index, follow, max-snippet:-1, max-image-preview:large, max-video-preview:-1\" \/>\n<link rel=\"canonical\" href=\"https:\/\/www.scangrouphomes.com\/sv\/kopa-en-fastighet-i-turkiet\/\" \/>\n<meta property=\"og:locale\" content=\"sv_SE\" \/>\n<meta property=\"og:type\" content=\"article\" \/>\n<meta property=\"og:title\" content=\"K\u00f6pa en fastighet i Turkiet - ScanGroup Homes\" \/>\n<meta property=\"og:description\" content=\"[vc_row][vc_column][vc_column_text] K\u00d6PA EN FASTIGHET I TURKIET K\u00d6PPROCESSEN Denna process i Turkiet \u00e4r mycket lik den i m\u00e5nga andra europeiska l\u00e4nder. En deposition betalas vid kontraktsskrivning och slutbetalning ges i samband med \u00f6verf\u00f6ringen av lagfarten. Vilka handlingar beh\u00f6vs? ditt pass samt en passkopia 6 bilder i passfoto storlek bankkonto i turkisk bank Turkiskt skattenummer en statsanst\u00e4lld [&hellip;]\" \/>\n<meta property=\"og:url\" content=\"https:\/\/www.scangrouphomes.com\/sv\/kopa-en-fastighet-i-turkiet\/\" \/>\n<meta property=\"og:site_name\" content=\"ScanGroup Homes\" \/>\n<meta property=\"article:modified_time\" content=\"2020-02-03T10:34:41+00:00\" \/>\n<meta name=\"twitter:card\" content=\"summary_large_image\" \/>\n<meta name=\"twitter:label1\" content=\"Ber\u00e4knad l\u00e4stid\" \/>\n\t<meta name=\"twitter:data1\" content=\"3 minuter\" \/>\n<script type=\"application\/ld+json\" class=\"yoast-schema-graph\">{\"@context\":\"https:\/\/schema.org\",\"@graph\":[{\"@type\":\"WebPage\",\"@id\":\"https:\/\/www.scangrouphomes.com\/sv\/kopa-en-fastighet-i-turkiet\/\",\"url\":\"https:\/\/www.scangrouphomes.com\/sv\/kopa-en-fastighet-i-turkiet\/\",\"name\":\"K\u00f6pa en fastighet i Turkiet - ScanGroup Homes\",\"isPartOf\":{\"@id\":\"https:\/\/www.scangrouphomes.com\/sv\/#website\"},\"datePublished\":\"2019-12-18T10:58:22+00:00\",\"dateModified\":\"2020-02-03T10:34:41+00:00\",\"breadcrumb\":{\"@id\":\"https:\/\/www.scangrouphomes.com\/sv\/kopa-en-fastighet-i-turkiet\/#breadcrumb\"},\"inLanguage\":\"sv-SE\",\"potentialAction\":[{\"@type\":\"ReadAction\",\"target\":[\"https:\/\/www.scangrouphomes.com\/sv\/kopa-en-fastighet-i-turkiet\/\"]}]},{\"@type\":\"BreadcrumbList\",\"@id\":\"https:\/\/www.scangrouphomes.com\/sv\/kopa-en-fastighet-i-turkiet\/#breadcrumb\",\"itemListElement\":[{\"@type\":\"ListItem\",\"position\":1,\"name\":\"Home\",\"item\":\"https:\/\/www.scangrouphomes.com\/sv\/\"},{\"@type\":\"ListItem\",\"position\":2,\"name\":\"K\u00f6pa en fastighet i Turkiet\"}]},{\"@type\":\"WebSite\",\"@id\":\"https:\/\/www.scangrouphomes.com\/sv\/#website\",\"url\":\"https:\/\/www.scangrouphomes.com\/sv\/\",\"name\":\"ScanGroup Homes\",\"description\":\"Property in Alanya Turkey real estate apartments villas buying property Antalya\",\"potentialAction\":[{\"@type\":\"SearchAction\",\"target\":{\"@type\":\"EntryPoint\",\"urlTemplate\":\"https:\/\/www.scangrouphomes.com\/sv\/?s={search_term_string}\"},\"query-input\":\"required name=search_term_string\"}],\"inLanguage\":\"sv-SE\"}]}<\/script>\n<!-- \/ Yoast SEO plugin. -->","yoast_head_json":{"title":"K\u00f6pa en fastighet i Turkiet - ScanGroup Homes","robots":{"index":"index","follow":"follow","max-snippet":"max-snippet:-1","max-image-preview":"max-image-preview:large","max-video-preview":"max-video-preview:-1"},"canonical":"https:\/\/www.scangrouphomes.com\/sv\/kopa-en-fastighet-i-turkiet\/","og_locale":"sv_SE","og_type":"article","og_title":"K\u00f6pa en fastighet i Turkiet - ScanGroup Homes","og_description":"[vc_row][vc_column][vc_column_text] K\u00d6PA EN FASTIGHET I TURKIET K\u00d6PPROCESSEN Denna process i Turkiet \u00e4r mycket lik den i m\u00e5nga andra europeiska l\u00e4nder. En deposition betalas vid kontraktsskrivning och slutbetalning ges i samband med \u00f6verf\u00f6ringen av lagfarten. Vilka handlingar beh\u00f6vs? ditt pass samt en passkopia 6 bilder i passfoto storlek bankkonto i turkisk bank Turkiskt skattenummer en statsanst\u00e4lld [&hellip;]","og_url":"https:\/\/www.scangrouphomes.com\/sv\/kopa-en-fastighet-i-turkiet\/","og_site_name":"ScanGroup Homes","article_modified_time":"2020-02-03T10:34:41+00:00","twitter_card":"summary_large_image","twitter_misc":{"Ber\u00e4knad l\u00e4stid":"3 minuter"},"schema":{"@context":"https:\/\/schema.org","@graph":[{"@type":"WebPage","@id":"https:\/\/www.scangrouphomes.com\/sv\/kopa-en-fastighet-i-turkiet\/","url":"https:\/\/www.scangrouphomes.com\/sv\/kopa-en-fastighet-i-turkiet\/","name":"K\u00f6pa en fastighet i Turkiet - ScanGroup Homes","isPartOf":{"@id":"https:\/\/www.scangrouphomes.com\/sv\/#website"},"datePublished":"2019-12-18T10:58:22+00:00","dateModified":"2020-02-03T10:34:41+00:00","breadcrumb":{"@id":"https:\/\/www.scangrouphomes.com\/sv\/kopa-en-fastighet-i-turkiet\/#breadcrumb"},"inLanguage":"sv-SE","potentialAction":[{"@type":"ReadAction","target":["https:\/\/www.scangrouphomes.com\/sv\/kopa-en-fastighet-i-turkiet\/"]}]},{"@type":"BreadcrumbList","@id":"https:\/\/www.scangrouphomes.com\/sv\/kopa-en-fastighet-i-turkiet\/#breadcrumb","itemListElement":[{"@type":"ListItem","position":1,"name":"Home","item":"https:\/\/www.scangrouphomes.com\/sv\/"},{"@type":"ListItem","position":2,"name":"K\u00f6pa en fastighet i Turkiet"}]},{"@type":"WebSite","@id":"https:\/\/www.scangrouphomes.com\/sv\/#website","url":"https:\/\/www.scangrouphomes.com\/sv\/","name":"ScanGroup Homes","description":"Property in Alanya Turkey real estate apartments villas buying property Antalya","potentialAction":[{"@type":"SearchAction","target":{"@type":"EntryPoint","urlTemplate":"https:\/\/www.scangrouphomes.com\/sv\/?s={search_term_string}"},"query-input":"required name=search_term_string"}],"inLanguage":"sv-SE"}]}},"_links":{"self":[{"href":"https:\/\/www.scangrouphomes.com\/sv\/wp-json\/wp\/v2\/pages\/15343"}],"collection":[{"href":"https:\/\/www.scangrouphomes.com\/sv\/wp-json\/wp\/v2\/pages"}],"about":[{"href":"https:\/\/www.scangrouphomes.com\/sv\/wp-json\/wp\/v2\/types\/page"}],"author":[{"embeddable":true,"href":"https:\/\/www.scangrouphomes.com\/sv\/wp-json\/wp\/v2\/users\/1"}],"replies":[{"embeddable":true,"href":"https:\/\/www.scangrouphomes.com\/sv\/wp-json\/wp\/v2\/comments?post=15343"}],"version-history":[{"count":4,"href":"https:\/\/www.scangrouphomes.com\/sv\/wp-json\/wp\/v2\/pages\/15343\/revisions"}],"predecessor-version":[{"id":16111,"href":"https:\/\/www.scangrouphomes.com\/sv\/wp-json\/wp\/v2\/pages\/15343\/revisions\/16111"}],"wp:attachment":[{"href":"https:\/\/www.scangrouphomes.com\/sv\/wp-json\/wp\/v2\/media?parent=15343"}],"curies":[{"name":"wp","href":"https:\/\/api.w.org\/{rel}","templated":true}]}}