{"id":15316,"date":"2016-03-10T14:36:36","date_gmt":"2016-03-10T14:36:36","guid":{"rendered":"https:\/\/sgh.alanya.work\/about-us\/"},"modified":"2020-01-14T02:27:32","modified_gmt":"2020-01-14T02:27:32","slug":"om-oss","status":"publish","type":"page","link":"https:\/\/www.scangrouphomes.com\/sv\/om-oss\/","title":{"rendered":"Om Oss"},"content":{"rendered":"<p>[vc_row][vc_column][vc_column_text]<strong>Om oss<\/strong><\/p>\n<p>ScanGroup Homes f\u00f6rmedlar bost\u00e4der i Alanya med omnejd. F\u00f6retaget \u00e4gs till h\u00e4lften av Norska \u00e4garandelar och till h\u00e4lften av Turkiska \u00e4garandelar. \u00c4garna har erfarenhet och ett stort kontaktn\u00e4t inom bygg-, service- och turistbranschen.<\/p>\n<p><strong>V\u00e5rt kontor<\/strong><\/p>\n<p>F\u00f6retagets kontor \u00f6ppnades i mars 2007 och finns bel\u00e4get i Oba, vilket ligger 3km fr\u00e5n Alanya centrum. P\u00e5 kontoret arbetar de tv\u00e5 turkiska \u00e4garna, en kontorschef, en norsk f\u00f6rs\u00e4ljare, en ansvarig f\u00f6r serviceteamet samt ett antal chauff\u00f6rer. F\u00f6retaget har \u00e4ven f\u00f6rs\u00e4ljare och kontaktpersoner i Norge och Sverige.<\/p>\n<p>ScanGroup Homes v\u00e4lkomnar sina kunder till att bes\u00f6ka v\u00e5rt kontor. H\u00e4r kan man f\u00e5 hj\u00e4lp med allt ifr\u00e5n tillg\u00e5ng till internet, fax och kopiator till r\u00e5dgivning, st\u00f6d samt social- och kulturell v\u00e4gledning. M\u00e5ls\u00e4ttningen \u00e4r att alla kunder ska k\u00e4nna att man alltid kan v\u00e4nda sig till f\u00f6retaget f\u00f6r att f\u00e5 hj\u00e4lp. M\u00e5nga kunder bes\u00f6ker \u00e4ven kontoret f\u00f6r att fika och umg\u00e5s med v\u00e5r personal men \u00e4ven andra kunder, d\u00e5 v\u00e4nskapen \u00e4r stor bland v\u00e5ra kunder.<\/p>\n<p><strong>V\u00e5r vision<\/strong><\/p>\n<p>F\u00f6r ScanGroup Homes \u00e4r det inte bara viktigt att f\u00f6rmedla bost\u00e4der efter g\u00e4llande lagstiftning och att erbjuda en behaglig k\u00f6pprocess f\u00f6r sina kunder utan \u00e4ven att finnas till hands f\u00f6r kunder efter genomf\u00f6rt k\u00f6p. Trygghet och s\u00e4kerhet \u00e4r viktigt f\u00f6r oss och det vill vi f\u00f6rmedla till v\u00e5ra kunder. \u00a0Man vill se f\u00f6retagets kunder som samarbetspartners och \u00f6nskar att bygga l\u00e5ngsiktiga relationer f\u00f6r att f\u00e5 m\u00f6jlighet att ge b\u00e4sta m\u00f6jliga service.<\/p>\n<p><strong>V\u00e5rt koncept<\/strong><\/p>\n<p>Finns ett intresse och ekonomiska resurser f\u00f6r att k\u00f6pa en bostad i Alanya s\u00e5 erbjuder vi er en resa ner till oss i Alanya f\u00f6r att ni p\u00e5 b\u00e4sta s\u00e4tt kunna v\u00e4lja den bostad som passar era behov och \u00f6nskem\u00e5l b\u00e4st. Om ett k\u00f6p genomf\u00f6rs under resan finns m\u00f6jlighet att f\u00e5 hj\u00e4lp med att k\u00f6pa m\u00f6bler och husger\u00e5d f\u00f6r att kunna avsluta resan med att bo i den k\u00f6pta bostaden.<\/p>\n<p>&nbsp;<\/p>\n<p><strong>Trygghetspaket<\/strong><\/p>\n<p>ScanGroup Homes erbjuder ett trygghetspaket f\u00f6r att ni ska kunna slappna av och veta att allt r\u00f6rande l\u00e4genheten tas hand om. Vi assisterar med tillsyn, ventilering, iordningst\u00e4llande av bostad samt hj\u00e4lp med betalning av kostnader kring bostaden.[\/vc_column_text][\/vc_column][\/vc_row][vc_row][vc_column][vc_separator color=&#8221;orange&#8221; style=&#8221;shadow&#8221; border_width=&#8221;3&#8243;][\/vc_column][\/vc_row][vc_row][vc_column]\n<div class=\"wpcf7 no-js\" id=\"wpcf7-f14712-o1\" lang=\"en-US\" dir=\"ltr\">\n<div class=\"screen-reader-response\"><p role=\"status\" aria-live=\"polite\" aria-atomic=\"true\"><\/p> <ul><\/ul><\/div>\n<form action=\"\/sv\/wp-json\/wp\/v2\/pages\/15316#wpcf7-f14712-o1\" method=\"post\" class=\"wpcf7-form init\" aria-label=\"Contact form\" novalidate=\"novalidate\" data-status=\"init\">\n<div style=\"display: none;\">\n<input type=\"hidden\" name=\"_wpcf7\" value=\"14712\" \/>\n<input type=\"hidden\" name=\"_wpcf7_version\" value=\"5.8\" \/>\n<input type=\"hidden\" name=\"_wpcf7_locale\" value=\"en_US\" \/>\n<input type=\"hidden\" name=\"_wpcf7_unit_tag\" value=\"wpcf7-f14712-o1\" \/>\n<input type=\"hidden\" name=\"_wpcf7_container_post\" value=\"0\" \/>\n<input type=\"hidden\" name=\"_wpcf7_posted_data_hash\" value=\"\" \/>\n<input type=\"hidden\" name=\"_wpcf7_recaptcha_response\" value=\"\" \/>\n<\/div>\n<div class=\"form-group\">\n\t<p><label class=\"required\" for=\"yourName\">Your Name<\/label><br \/>\n<span class=\"wpcf7-form-control-wrap\" data-name=\"your-name\"><input size=\"40\" class=\"wpcf7-form-control wpcf7-text wpcf7-validates-as-required form-control\" aria-required=\"true\" aria-invalid=\"false\" value=\"\" type=\"text\" name=\"your-name\" \/><\/span>\n\t<\/p>\n<\/div>\n<div class=\"form-group\">\n\t<p><label class=\"required\" for=\"yourEmail\">Your Email<\/label><br \/>\n<span class=\"wpcf7-form-control-wrap\" data-name=\"your-email\"><input size=\"40\" class=\"wpcf7-form-control wpcf7-email wpcf7-validates-as-required wpcf7-text wpcf7-validates-as-email form-control\" aria-required=\"true\" aria-invalid=\"false\" value=\"\" type=\"email\" name=\"your-email\" \/><\/span>\n\t<\/p>\n<\/div>\n<div class=\"form-group\">\n\t<p><label class=\"required\" for=\"yourPhone\">Your Phone <\/label><br \/>\n<span class=\"wpcf7-form-control-wrap\" data-name=\"tel-179\"><input size=\"40\" class=\"wpcf7-form-control wpcf7-tel wpcf7-validates-as-required wpcf7-text wpcf7-validates-as-tel form-control\" aria-required=\"true\" aria-invalid=\"false\" value=\"\" type=\"tel\" name=\"tel-179\" \/><\/span>\n\t<\/p>\n<\/div>\n<div class=\"form-group\">\n\t<p><label class=\"required\" for=\"yourSubject\">Subject <\/label><br \/>\n<span class=\"wpcf7-form-control-wrap\" data-name=\"your-subject\"><input size=\"40\" class=\"wpcf7-form-control wpcf7-text wpcf7-validates-as-required form-control\" aria-required=\"true\" aria-invalid=\"false\" value=\"\" type=\"text\" name=\"your-subject\" \/><\/span>\n\t<\/p>\n<\/div>\n\n<div class=\"form-group\">\n\t<p><label class=\"required\" for=\"yourMessage\">Your Message <\/label><br \/>\n<span class=\"wpcf7-form-control-wrap\" data-name=\"your-message\"><textarea cols=\"40\" rows=\"10\" class=\"wpcf7-form-control wpcf7-textarea wpcf7-validates-as-required form-control\" aria-required=\"true\" aria-invalid=\"false\" name=\"your-message\"><\/textarea><\/span>\n\t<\/p>\n<\/div>\n\n<div class=\"form-group\">\n\t<p><input class=\"wpcf7-form-control wpcf7-submit has-spinner btn btn-primary btn-lg\" type=\"submit\" value=\"Send\" \/>\n\t<\/p>\n<\/div><p style=\"display: none !important;\"><label>&#916;<textarea name=\"_wpcf7_ak_hp_textarea\" cols=\"45\" rows=\"8\" maxlength=\"100\"><\/textarea><\/label><input type=\"hidden\" id=\"ak_js_1\" name=\"_wpcf7_ak_js\" value=\"148\"\/><script>document.getElementById( \"ak_js_1\" ).setAttribute( \"value\", ( new Date() ).getTime() );<\/script><\/p><div class=\"wpcf7-response-output\" aria-hidden=\"true\"><\/div>\n<\/form>\n<\/div>\n[\/vc_column][\/vc_row][vc_row][vc_column][vc_separator color=&#8221;orange&#8221; style=&#8221;shadow&#8221; border_width=&#8221;3&#8243;][\/vc_column][\/vc_row][vc_row full_width=&#8221;stretch_row_content_no_spaces&#8221;][vc_column][vc_gmaps link=&#8221;#E-8_JTNDaWZyYW1lJTIwc3JjJTNEJTIyaHR0cHMlM0ElMkYlMkZ3d3cuZ29vZ2xlLmNvbSUyRm1hcHMlMkZlbWJlZCUzRnBiJTNEJTIxMW0xNCUyMTFtOCUyMTFtMyUyMTFkMTI4MjEuOTUxMjM2MjY4MTE2JTIxMmQzMi4wMjkwNTAyJTIxM2QzNi41NDIzNDk0JTIxM20yJTIxMWkxMDI0JTIxMmk3NjglMjE0ZjEzLjElMjEzbTMlMjExbTIlMjExczB4MCUyNTNBMHgzZTNhYzc1YzVlZDE2NGUwJTIxMnNTY2FuZ3JvdXAlMjUyMEhvbWVzJTIxNWUwJTIxM20yJTIxMXN0ciUyMTJzdHIlMjE0djE1NzY2NjAzNjczMzQlMjE1bTIlMjExc3RyJTIxMnN0ciUyMiUyMHdpZHRoJTNEJTIyNjAwJTIyJTIwaGVpZ2h0JTNEJTIyNDUwJTIyJTIwZnJhbWVib3JkZXIlM0QlMjIwJTIyJTIwc3R5bGUlM0QlMjJib3JkZXIlM0EwJTNCJTIyJTIwYWxsb3dmdWxsc2NyZWVuJTNEJTIyJTIyJTNFJTNDJTJGaWZyYW1lJTNF&#8221;][\/vc_column][\/vc_row]<\/p>\n","protected":false},"excerpt":{"rendered":"<p>[vc_row][vc_column][vc_column_text]Om oss ScanGroup Homes f\u00f6rmedlar bost\u00e4der i Alanya med omnejd. F\u00f6retaget \u00e4gs till h\u00e4lften av Norska \u00e4garandelar och till h\u00e4lften av Turkiska \u00e4garandelar. \u00c4garna har erfarenhet och ett stort kontaktn\u00e4t inom bygg-, service- och turistbranschen. V\u00e5rt kontor F\u00f6retagets kontor \u00f6ppnades i mars 2007 och finns bel\u00e4get i Oba, vilket ligger 3km fr\u00e5n Alanya centrum. P\u00e5 [&hellip;]<\/p>\n","protected":false},"author":1,"featured_media":0,"parent":0,"menu_order":0,"comment_status":"closed","ping_status":"closed","template":"template\/template-page.php","meta":[],"yoast_head":"<!-- This site is optimized with the Yoast SEO plugin v21.0 - https:\/\/yoast.com\/wordpress\/plugins\/seo\/ -->\n<title>Om Oss - ScanGroup Homes<\/title>\n<meta name=\"robots\" content=\"index, follow, max-snippet:-1, max-image-preview:large, max-video-preview:-1\" \/>\n<link rel=\"canonical\" href=\"https:\/\/www.scangrouphomes.com\/sv\/om-oss\/\" \/>\n<meta property=\"og:locale\" content=\"sv_SE\" \/>\n<meta property=\"og:type\" content=\"article\" \/>\n<meta property=\"og:title\" content=\"Om Oss - ScanGroup Homes\" \/>\n<meta property=\"og:description\" content=\"[vc_row][vc_column][vc_column_text]Om oss ScanGroup Homes f\u00f6rmedlar bost\u00e4der i Alanya med omnejd. F\u00f6retaget \u00e4gs till h\u00e4lften av Norska \u00e4garandelar och till h\u00e4lften av Turkiska \u00e4garandelar. \u00c4garna har erfarenhet och ett stort kontaktn\u00e4t inom bygg-, service- och turistbranschen. V\u00e5rt kontor F\u00f6retagets kontor \u00f6ppnades i mars 2007 och finns bel\u00e4get i Oba, vilket ligger 3km fr\u00e5n Alanya centrum. P\u00e5 [&hellip;]\" \/>\n<meta property=\"og:url\" content=\"https:\/\/www.scangrouphomes.com\/sv\/om-oss\/\" \/>\n<meta property=\"og:site_name\" content=\"ScanGroup Homes\" \/>\n<meta property=\"article:modified_time\" content=\"2020-01-14T02:27:32+00:00\" \/>\n<meta name=\"twitter:card\" content=\"summary_large_image\" \/>\n<meta name=\"twitter:label1\" content=\"Ber\u00e4knad l\u00e4stid\" \/>\n\t<meta name=\"twitter:data1\" content=\"3 minuter\" \/>\n<script type=\"application\/ld+json\" class=\"yoast-schema-graph\">{\"@context\":\"https:\/\/schema.org\",\"@graph\":[{\"@type\":\"WebPage\",\"@id\":\"https:\/\/www.scangrouphomes.com\/sv\/om-oss\/\",\"url\":\"https:\/\/www.scangrouphomes.com\/sv\/om-oss\/\",\"name\":\"Om Oss - ScanGroup Homes\",\"isPartOf\":{\"@id\":\"https:\/\/www.scangrouphomes.com\/sv\/#website\"},\"datePublished\":\"2016-03-10T14:36:36+00:00\",\"dateModified\":\"2020-01-14T02:27:32+00:00\",\"breadcrumb\":{\"@id\":\"https:\/\/www.scangrouphomes.com\/sv\/om-oss\/#breadcrumb\"},\"inLanguage\":\"sv-SE\",\"potentialAction\":[{\"@type\":\"ReadAction\",\"target\":[\"https:\/\/www.scangrouphomes.com\/sv\/om-oss\/\"]}]},{\"@type\":\"BreadcrumbList\",\"@id\":\"https:\/\/www.scangrouphomes.com\/sv\/om-oss\/#breadcrumb\",\"itemListElement\":[{\"@type\":\"ListItem\",\"position\":1,\"name\":\"Home\",\"item\":\"https:\/\/www.scangrouphomes.com\/sv\/\"},{\"@type\":\"ListItem\",\"position\":2,\"name\":\"Om Oss\"}]},{\"@type\":\"WebSite\",\"@id\":\"https:\/\/www.scangrouphomes.com\/sv\/#website\",\"url\":\"https:\/\/www.scangrouphomes.com\/sv\/\",\"name\":\"ScanGroup Homes\",\"description\":\"Property in Alanya Turkey real estate apartments villas buying property Antalya\",\"potentialAction\":[{\"@type\":\"SearchAction\",\"target\":{\"@type\":\"EntryPoint\",\"urlTemplate\":\"https:\/\/www.scangrouphomes.com\/sv\/?s={search_term_string}\"},\"query-input\":\"required name=search_term_string\"}],\"inLanguage\":\"sv-SE\"}]}<\/script>\n<!-- \/ Yoast SEO plugin. -->","yoast_head_json":{"title":"Om Oss - ScanGroup Homes","robots":{"index":"index","follow":"follow","max-snippet":"max-snippet:-1","max-image-preview":"max-image-preview:large","max-video-preview":"max-video-preview:-1"},"canonical":"https:\/\/www.scangrouphomes.com\/sv\/om-oss\/","og_locale":"sv_SE","og_type":"article","og_title":"Om Oss - ScanGroup Homes","og_description":"[vc_row][vc_column][vc_column_text]Om oss ScanGroup Homes f\u00f6rmedlar bost\u00e4der i Alanya med omnejd. F\u00f6retaget \u00e4gs till h\u00e4lften av Norska \u00e4garandelar och till h\u00e4lften av Turkiska \u00e4garandelar. \u00c4garna har erfarenhet och ett stort kontaktn\u00e4t inom bygg-, service- och turistbranschen. V\u00e5rt kontor F\u00f6retagets kontor \u00f6ppnades i mars 2007 och finns bel\u00e4get i Oba, vilket ligger 3km fr\u00e5n Alanya centrum. P\u00e5 [&hellip;]","og_url":"https:\/\/www.scangrouphomes.com\/sv\/om-oss\/","og_site_name":"ScanGroup Homes","article_modified_time":"2020-01-14T02:27:32+00:00","twitter_card":"summary_large_image","twitter_misc":{"Ber\u00e4knad l\u00e4stid":"3 minuter"},"schema":{"@context":"https:\/\/schema.org","@graph":[{"@type":"WebPage","@id":"https:\/\/www.scangrouphomes.com\/sv\/om-oss\/","url":"https:\/\/www.scangrouphomes.com\/sv\/om-oss\/","name":"Om Oss - ScanGroup Homes","isPartOf":{"@id":"https:\/\/www.scangrouphomes.com\/sv\/#website"},"datePublished":"2016-03-10T14:36:36+00:00","dateModified":"2020-01-14T02:27:32+00:00","breadcrumb":{"@id":"https:\/\/www.scangrouphomes.com\/sv\/om-oss\/#breadcrumb"},"inLanguage":"sv-SE","potentialAction":[{"@type":"ReadAction","target":["https:\/\/www.scangrouphomes.com\/sv\/om-oss\/"]}]},{"@type":"BreadcrumbList","@id":"https:\/\/www.scangrouphomes.com\/sv\/om-oss\/#breadcrumb","itemListElement":[{"@type":"ListItem","position":1,"name":"Home","item":"https:\/\/www.scangrouphomes.com\/sv\/"},{"@type":"ListItem","position":2,"name":"Om Oss"}]},{"@type":"WebSite","@id":"https:\/\/www.scangrouphomes.com\/sv\/#website","url":"https:\/\/www.scangrouphomes.com\/sv\/","name":"ScanGroup Homes","description":"Property in Alanya Turkey real estate apartments villas buying property Antalya","potentialAction":[{"@type":"SearchAction","target":{"@type":"EntryPoint","urlTemplate":"https:\/\/www.scangrouphomes.com\/sv\/?s={search_term_string}"},"query-input":"required name=search_term_string"}],"inLanguage":"sv-SE"}]}},"_links":{"self":[{"href":"https:\/\/www.scangrouphomes.com\/sv\/wp-json\/wp\/v2\/pages\/15316"}],"collection":[{"href":"https:\/\/www.scangrouphomes.com\/sv\/wp-json\/wp\/v2\/pages"}],"about":[{"href":"https:\/\/www.scangrouphomes.com\/sv\/wp-json\/wp\/v2\/types\/page"}],"author":[{"embeddable":true,"href":"https:\/\/www.scangrouphomes.com\/sv\/wp-json\/wp\/v2\/users\/1"}],"replies":[{"embeddable":true,"href":"https:\/\/www.scangrouphomes.com\/sv\/wp-json\/wp\/v2\/comments?post=15316"}],"version-history":[{"count":2,"href":"https:\/\/www.scangrouphomes.com\/sv\/wp-json\/wp\/v2\/pages\/15316\/revisions"}],"predecessor-version":[{"id":15408,"href":"https:\/\/www.scangrouphomes.com\/sv\/wp-json\/wp\/v2\/pages\/15316\/revisions\/15408"}],"wp:attachment":[{"href":"https:\/\/www.scangrouphomes.com\/sv\/wp-json\/wp\/v2\/media?parent=15316"}],"curies":[{"name":"wp","href":"https:\/\/api.w.org\/{rel}","templated":true}]}}