{"id":16327,"date":"2021-03-17T01:34:24","date_gmt":"2021-03-17T01:34:24","guid":{"rendered":"https:\/\/sgh.alanya.work\/?page_id=16327"},"modified":"2021-03-17T01:34:25","modified_gmt":"2021-03-17T01:34:25","slug":"grunner-for-a-kjope-bolig-i-tyrkia","status":"publish","type":"page","link":"https:\/\/www.scangrouphomes.com\/no\/grunner-for-a-kjope-bolig-i-tyrkia\/","title":{"rendered":"Grunner For \u00e5 Kj\u00f8pe Bolig i Tyrkia"},"content":{"rendered":"<p>[vc_row][vc_column][vc_column_text]<\/p>\n<p>Mange mennesker kommer over sp\u00f8rsm\u00e5let om hvor \u00e5 kj\u00f8pe eiendom. Tyrkia gir deg mange grunner til hvorfor du b\u00f8r bestemme deg for dette vakre landet. S\u00e5 hvorfor skal du kj\u00f8pe eiendom i Tyrkia?<\/p>\n<p>FORDELENE MED \u00c5 KJ\u00d8PE EN EIENDOM I TYRKIA<br \/>\n&#8211; Tyrkisk \u00f8konomi er en av de raskest voksende \u00f8konomiene i verden og eiendomsmarkedet bruker dette faktum<br \/>\n&#8211; prisene p\u00e5 eiendommer til salgs i Tyrkia er lave i forhold til Europeiske land med tilsvarende klima<br \/>\n&#8211; levekostnadene er lave<br \/>\n&#8211; lav eiendomsskatt<br \/>\n&#8211; stor avkastning (utleie av eiendom i Tyrkia med overskudd)<br \/>\n&#8211; perfekt beliggenhet med flyvninger fra Europa \u00e5ret rundt<br \/>\n&#8211; Tyrkia har godt klima med fritidsboliger til salgs for det meste n\u00e6r havet<br \/>\n&#8211; mange historiske steder, vakker natur og kystlandskapet i Middelhavet og Egeerhavet Regionen<\/p>\n<p>\u00c5 EIE BOLIG I TYRKIA HAR EN REKKE FORDELER<br \/>\nUtlendinger er p\u00e5 utkikk etter leiligheter og villaer for salg i Tyrkia for \u00e5 tilbringe ferien eller for \u00e5 ha et hjem i Tyrkia for pensjonisttilv\u00e6relsen. Store avkastningsmuligheter i retur er en av mange grunner til hvorfor investorer har bestemt seg for \u00e5 kj\u00f8pe bolig i Tyrkia. Med sin sterke \u00f8konomiske vekst gir Tyrkia et trygt sted for boligkj\u00f8pere \u00e5 investere pengene sine.<br \/>\nHvorfor er investering i bolig i Tyrkia l\u00f8nnsomt? Det enkle svaret er at Tyrkia er et turistm\u00e5l, og ettersp\u00f8rselen etter bolig for salg eller utleie er derfor h\u00f8y. Hvis du kj\u00f8per bolig i Tyrkia kommer avkastningen etter hvert.<\/p>\n<p>[\/vc_column_text][\/vc_column][\/vc_row][vc_row][vc_column][vc_separator color=&raquo;orange&raquo; style=&raquo;shadow&raquo; border_width=&raquo;3&#8243;][\/vc_column][\/vc_row][vc_row][vc_column]\n<div class=\"wpcf7 no-js\" id=\"wpcf7-f36273-o1\" lang=\"nb-NO\" dir=\"ltr\">\n<div class=\"screen-reader-response\"><p role=\"status\" aria-live=\"polite\" aria-atomic=\"true\"><\/p> <ul><\/ul><\/div>\n<form action=\"\/no\/wp-json\/wp\/v2\/pages\/16327#wpcf7-f36273-o1\" method=\"post\" class=\"wpcf7-form init\" aria-label=\"Kontaktskjema\" novalidate=\"novalidate\" data-status=\"init\">\n<div style=\"display: none;\">\n<input type=\"hidden\" name=\"_wpcf7\" value=\"36273\" \/>\n<input type=\"hidden\" name=\"_wpcf7_version\" value=\"5.8\" \/>\n<input type=\"hidden\" name=\"_wpcf7_locale\" value=\"nb_NO\" \/>\n<input type=\"hidden\" name=\"_wpcf7_unit_tag\" value=\"wpcf7-f36273-o1\" \/>\n<input type=\"hidden\" name=\"_wpcf7_container_post\" value=\"0\" \/>\n<input type=\"hidden\" name=\"_wpcf7_posted_data_hash\" value=\"\" \/>\n<input type=\"hidden\" name=\"_wpcf7_recaptcha_response\" value=\"\" \/>\n<\/div>\n<div class=\"form-group\">\n\t<p><label class=\"required\" for=\"yourName\">Navnet ditt<\/label><br \/>\n<span class=\"wpcf7-form-control-wrap\" data-name=\"your-name\"><input size=\"40\" class=\"wpcf7-form-control wpcf7-text wpcf7-validates-as-required form-control\" aria-required=\"true\" aria-invalid=\"false\" value=\"\" type=\"text\" name=\"your-name\" \/><\/span>\n\t<\/p>\n<\/div>\n<div class=\"form-group\">\n\t<p><label class=\"required\" for=\"yourEmail\">Din epost<\/label><br \/>\n<span class=\"wpcf7-form-control-wrap\" data-name=\"your-email\"><input size=\"40\" class=\"wpcf7-form-control wpcf7-email wpcf7-validates-as-required wpcf7-text wpcf7-validates-as-email form-control\" aria-required=\"true\" aria-invalid=\"false\" value=\"\" type=\"email\" name=\"your-email\" \/><\/span>\n\t<\/p>\n<\/div>\n<div class=\"form-group\">\n\t<p><label class=\"required\" for=\"yourPhone\">Din telefon<\/label><br \/>\n<span class=\"wpcf7-form-control-wrap\" data-name=\"tel-179\"><input size=\"40\" class=\"wpcf7-form-control wpcf7-tel wpcf7-validates-as-required wpcf7-text wpcf7-validates-as-tel form-control\" aria-required=\"true\" aria-invalid=\"false\" value=\"\" type=\"tel\" name=\"tel-179\" \/><\/span>\n\t<\/p>\n<\/div>\n<div class=\"form-group\">\n\t<p><label class=\"required\" for=\"yourSubject\">Emne<\/label><br \/>\n<span class=\"wpcf7-form-control-wrap\" data-name=\"your-subject\"><input size=\"40\" class=\"wpcf7-form-control wpcf7-text wpcf7-validates-as-required form-control\" aria-required=\"true\" aria-invalid=\"false\" value=\"\" type=\"text\" name=\"your-subject\" \/><\/span>\n\t<\/p>\n<\/div>\n<div class=\"form-group\">\n\t<p><label class=\"required\" for=\"yourMessage\">Din beskjed <\/label><br \/>\n<span class=\"wpcf7-form-control-wrap\" data-name=\"your-message\"><textarea cols=\"40\" rows=\"10\" class=\"wpcf7-form-control wpcf7-textarea wpcf7-validates-as-required form-control\" aria-required=\"true\" aria-invalid=\"false\" name=\"your-message\"><\/textarea><\/span>\n\t<\/p>\n<\/div>\n<div class=\"form-group\">\n\t<p><input class=\"wpcf7-form-control wpcf7-submit has-spinner btn btn-primary btn-lg\" type=\"submit\" value=\"Send\" \/>\n\t<\/p>\n<\/div><p style=\"display: none !important;\"><label>&#916;<textarea name=\"_wpcf7_ak_hp_textarea\" cols=\"45\" rows=\"8\" maxlength=\"100\"><\/textarea><\/label><input type=\"hidden\" id=\"ak_js_1\" name=\"_wpcf7_ak_js\" value=\"175\"\/><script>document.getElementById( \"ak_js_1\" ).setAttribute( \"value\", ( new Date() ).getTime() );<\/script><\/p><div class=\"wpcf7-response-output\" aria-hidden=\"true\"><\/div>\n<\/form>\n<\/div>\n[\/vc_column][\/vc_row][vc_row][vc_column][vc_separator color=&raquo;orange&raquo; style=&raquo;shadow&raquo; border_width=&raquo;3&#8243;]\n        <!--start agents module-->\n        \n            \n        <script type=\"text\/javascript\">\n            jQuery(document).ready(function($){\n                if($(\"#agents-carousel-1Z9xQ\").length > 0){\n                    var owlAgents = $('#agents-carousel-1Z9xQ');\n                    owlAgents.owlCarousel({\n                        rtl: false,\n                        loop: true,\n                        dots: false,\n                        slideBy: 1,\n                        autoplay: true,\n                        autoplaySpeed: 700,\n                        nav: false,\n                        responsive:{\n                            0: {\n                                items: 1\n                            },\n                            320: {\n                                items: 1\n                            },\n                            480: {\n                                items: 1\n                            },\n                            768: {\n                                items: 2\n                            },\n                            1000: {\n                                items: 3\n                            },\n                            1280: {\n                                items: 4\n                            }\n                        }\n                    });\n\n                    $('.btn-prev-agents').on('click',function() {\n                        owlAgents.trigger('prev.owl.carousel',[700])\n                    });\n                    $('.btn-next-agents').on('click',function() {\n                        owlAgents.trigger('next.owl.carousel',[700])\n                    });\n\n                }\n            });\n        <\/script>\n\n        <div id=\"agents-carousel-module\" class=\"houzez-module agents-carousel-module\">\n            <div class=\"row\">\n                <div class=\"col-sm-12\">\n                    <div class=\"module-title-nav clearfix\">\n\n                        \n                        <div class=\"module-nav\">\n                            <button\n                                class=\"btn btn-carousel btn-sm btn-prev-agents\">F\u00f8rre<\/button>\n                            <button\n                                class=\"btn btn-carousel btn-sm btn-next-agents\">Neste<\/button>\n                        <\/div>\n                    <\/div>\n                <\/div>\n                <div class=\"col-sm-12\">\n                    <div id=\"agents-carousel-1Z9xQ\" class=\"agents-carousel slide-animated owl-carousel owl-theme\">\n\n                                                    <div class=\"item\">\n                                <div class=\"agents-block\">\n                                    <figure class=\"auther-thumb\">\n                                        <a href=\"https:\/\/www.scangrouphomes.com\/no\/agent\/mahmut-kaya\/\"\n                                           class=\"view\">\n                                        <img src=\"https:\/\/i0.wp.com\/www.scangrouphomes.com\/wp-content\/uploads\/2016\/02\/mahmut-kaya-640.jpg?resize=350%2C350&#038;ssl=1\" class=\"img-circle\" width=\"150\"\n                                             height=\"150\" alt=\"Mahmut Kaya\">\n                                        <\/a>\n                                    <\/figure>\n\n                                        <div class=\"web-logo text-center\">\n                                                                                <\/div>\n\n                                    <div class=\"block-body\">\n                                        <p class=\"auther-info\">\n                                            <span class=\"blue\">Mahmut Kaya<\/span>\n                                            <span>Founder &amp; Ceo                                                                                            , Scangrouphomes<\/span>\n                                                                                    <\/p>\n\n                                        <p class=\"description\"><\/p>\n                                        <a href=\"https:\/\/www.scangrouphomes.com\/no\/agent\/mahmut-kaya\/\"\n                                           class=\"view\">Standardvising<\/a>\n                                    <\/div>\n                                <\/div>\n                            <\/div>\n                                                    <div class=\"item\">\n                                <div class=\"agents-block\">\n                                    <figure class=\"auther-thumb\">\n                                        <a href=\"https:\/\/www.scangrouphomes.com\/no\/agent\/tugba-kaya\/\"\n                                           class=\"view\">\n                                        <img src=\"https:\/\/i0.wp.com\/www.scangrouphomes.com\/wp-content\/uploads\/2021\/04\/tugba-kaya-640.jpg?resize=350%2C350&#038;ssl=1\" class=\"img-circle\" width=\"150\"\n                                             height=\"150\" alt=\"Tu\u011fba Kaya\">\n                                        <\/a>\n                                    <\/figure>\n\n                                        <div class=\"web-logo text-center\">\n                                                                                <\/div>\n\n                                    <div class=\"block-body\">\n                                        <p class=\"auther-info\">\n                                            <span class=\"blue\">Tu\u011fba Kaya<\/span>\n                                            <span>Office Manager                                                                                            , Scangrouphomes<\/span>\n                                                                                    <\/p>\n\n                                        <p class=\"description\"><\/p>\n                                        <a href=\"https:\/\/www.scangrouphomes.com\/no\/agent\/tugba-kaya\/\"\n                                           class=\"view\">Standardvising<\/a>\n                                    <\/div>\n                                <\/div>\n                            <\/div>\n                                                \n                    <\/div>\n                <\/div>\n            <\/div>\n        <\/div>\n\n            <!--end post agents module-->\n\n\n        [\/vc_column][\/vc_row][vc_row full_width=&raquo;stretch_row_content_no_spaces&raquo;][vc_column][vc_gmaps link=&raquo;#E-8_JTNDaWZyYW1lJTIwc3JjJTNEJTIyaHR0cHMlM0ElMkYlMkZ3d3cuZ29vZ2xlLmNvbSUyRm1hcHMlMkZlbWJlZCUzRnBiJTNEJTIxMW0xNCUyMTFtOCUyMTFtMyUyMTFkMTI4MjEuOTUxMjM2MjY4MTE2JTIxMmQzMi4wMjkwNTAyJTIxM2QzNi41NDIzNDk0JTIxM20yJTIxMWkxMDI0JTIxMmk3NjglMjE0ZjEzLjElMjEzbTMlMjExbTIlMjExczB4MCUyNTNBMHgzZTNhYzc1YzVlZDE2NGUwJTIxMnNTY2FuZ3JvdXAlMjUyMEhvbWVzJTIxNWUwJTIxM20yJTIxMXN0ciUyMTJzdHIlMjE0djE1NzY2NjAzNjczMzQlMjE1bTIlMjExc3RyJTIxMnN0ciUyMiUyMHdpZHRoJTNEJTIyNjAwJTIyJTIwaGVpZ2h0JTNEJTIyNDUwJTIyJTIwZnJhbWVib3JkZXIlM0QlMjIwJTIyJTIwc3R5bGUlM0QlMjJib3JkZXIlM0EwJTNCJTIyJTIwYWxsb3dmdWxsc2NyZWVuJTNEJTIyJTIyJTNFJTNDJTJGaWZyYW1lJTNF&raquo;][\/vc_column][\/vc_row]<\/p>\n","protected":false},"excerpt":{"rendered":"<p>[vc_row][vc_column][vc_column_text] Mange mennesker kommer over sp\u00f8rsm\u00e5let om hvor \u00e5 kj\u00f8pe eiendom. Tyrkia gir deg mange grunner til hvorfor du b\u00f8r bestemme deg for dette vakre landet. S\u00e5 hvorfor skal du kj\u00f8pe eiendom i Tyrkia? FORDELENE MED \u00c5 KJ\u00d8PE EN EIENDOM I TYRKIA &#8211; Tyrkisk \u00f8konomi er en av de raskest voksende \u00f8konomiene i verden og [&hellip;]<\/p>\n","protected":false},"author":1,"featured_media":0,"parent":0,"menu_order":0,"comment_status":"closed","ping_status":"closed","template":"template\/template-page.php","meta":[],"yoast_head":"<!-- This site is optimized with the Yoast SEO plugin v21.0 - https:\/\/yoast.com\/wordpress\/plugins\/seo\/ -->\n<title>Grunner For \u00e5 Kj\u00f8pe Bolig i Tyrkia - ScanGroup Homes<\/title>\n<meta name=\"robots\" content=\"index, follow, max-snippet:-1, max-image-preview:large, max-video-preview:-1\" \/>\n<link rel=\"canonical\" href=\"https:\/\/www.scangrouphomes.com\/no\/grunner-for-a-kjope-bolig-i-tyrkia\/\" \/>\n<meta property=\"og:locale\" content=\"nb_NO\" \/>\n<meta property=\"og:type\" content=\"article\" \/>\n<meta property=\"og:title\" content=\"Grunner For \u00e5 Kj\u00f8pe Bolig i Tyrkia - ScanGroup Homes\" \/>\n<meta property=\"og:description\" content=\"[vc_row][vc_column][vc_column_text] Mange mennesker kommer over sp\u00f8rsm\u00e5let om hvor \u00e5 kj\u00f8pe eiendom. Tyrkia gir deg mange grunner til hvorfor du b\u00f8r bestemme deg for dette vakre landet. S\u00e5 hvorfor skal du kj\u00f8pe eiendom i Tyrkia? FORDELENE MED \u00c5 KJ\u00d8PE EN EIENDOM I TYRKIA &#8211; Tyrkisk \u00f8konomi er en av de raskest voksende \u00f8konomiene i verden og [&hellip;]\" \/>\n<meta property=\"og:url\" content=\"https:\/\/www.scangrouphomes.com\/no\/grunner-for-a-kjope-bolig-i-tyrkia\/\" \/>\n<meta property=\"og:site_name\" content=\"ScanGroup Homes\" \/>\n<meta property=\"article:modified_time\" content=\"2021-03-17T01:34:25+00:00\" \/>\n<meta name=\"twitter:card\" content=\"summary_large_image\" \/>\n<meta name=\"twitter:label1\" content=\"Ansl. lesetid\" \/>\n\t<meta name=\"twitter:data1\" content=\"2 minutter\" \/>\n<script type=\"application\/ld+json\" class=\"yoast-schema-graph\">{\"@context\":\"https:\/\/schema.org\",\"@graph\":[{\"@type\":\"WebPage\",\"@id\":\"https:\/\/www.scangrouphomes.com\/no\/grunner-for-a-kjope-bolig-i-tyrkia\/\",\"url\":\"https:\/\/www.scangrouphomes.com\/no\/grunner-for-a-kjope-bolig-i-tyrkia\/\",\"name\":\"Grunner For \u00e5 Kj\u00f8pe Bolig i Tyrkia - ScanGroup Homes\",\"isPartOf\":{\"@id\":\"https:\/\/www.scangrouphomes.com\/no\/#website\"},\"datePublished\":\"2021-03-17T01:34:24+00:00\",\"dateModified\":\"2021-03-17T01:34:25+00:00\",\"breadcrumb\":{\"@id\":\"https:\/\/www.scangrouphomes.com\/no\/grunner-for-a-kjope-bolig-i-tyrkia\/#breadcrumb\"},\"inLanguage\":\"nb-NO\",\"potentialAction\":[{\"@type\":\"ReadAction\",\"target\":[\"https:\/\/www.scangrouphomes.com\/no\/grunner-for-a-kjope-bolig-i-tyrkia\/\"]}]},{\"@type\":\"BreadcrumbList\",\"@id\":\"https:\/\/www.scangrouphomes.com\/no\/grunner-for-a-kjope-bolig-i-tyrkia\/#breadcrumb\",\"itemListElement\":[{\"@type\":\"ListItem\",\"position\":1,\"name\":\"Home\",\"item\":\"https:\/\/www.scangrouphomes.com\/no\/\"},{\"@type\":\"ListItem\",\"position\":2,\"name\":\"Grunner For \u00e5 Kj\u00f8pe Bolig i Tyrkia\"}]},{\"@type\":\"WebSite\",\"@id\":\"https:\/\/www.scangrouphomes.com\/no\/#website\",\"url\":\"https:\/\/www.scangrouphomes.com\/no\/\",\"name\":\"ScanGroup Homes\",\"description\":\"Property in Alanya Turkey real estate apartments villas buying property Antalya\",\"potentialAction\":[{\"@type\":\"SearchAction\",\"target\":{\"@type\":\"EntryPoint\",\"urlTemplate\":\"https:\/\/www.scangrouphomes.com\/no\/?s={search_term_string}\"},\"query-input\":\"required name=search_term_string\"}],\"inLanguage\":\"nb-NO\"}]}<\/script>\n<!-- \/ Yoast SEO plugin. -->","yoast_head_json":{"title":"Grunner For \u00e5 Kj\u00f8pe Bolig i Tyrkia - ScanGroup Homes","robots":{"index":"index","follow":"follow","max-snippet":"max-snippet:-1","max-image-preview":"max-image-preview:large","max-video-preview":"max-video-preview:-1"},"canonical":"https:\/\/www.scangrouphomes.com\/no\/grunner-for-a-kjope-bolig-i-tyrkia\/","og_locale":"nb_NO","og_type":"article","og_title":"Grunner For \u00e5 Kj\u00f8pe Bolig i Tyrkia - ScanGroup Homes","og_description":"[vc_row][vc_column][vc_column_text] Mange mennesker kommer over sp\u00f8rsm\u00e5let om hvor \u00e5 kj\u00f8pe eiendom. Tyrkia gir deg mange grunner til hvorfor du b\u00f8r bestemme deg for dette vakre landet. S\u00e5 hvorfor skal du kj\u00f8pe eiendom i Tyrkia? FORDELENE MED \u00c5 KJ\u00d8PE EN EIENDOM I TYRKIA &#8211; Tyrkisk \u00f8konomi er en av de raskest voksende \u00f8konomiene i verden og [&hellip;]","og_url":"https:\/\/www.scangrouphomes.com\/no\/grunner-for-a-kjope-bolig-i-tyrkia\/","og_site_name":"ScanGroup Homes","article_modified_time":"2021-03-17T01:34:25+00:00","twitter_card":"summary_large_image","twitter_misc":{"Ansl. lesetid":"2 minutter"},"schema":{"@context":"https:\/\/schema.org","@graph":[{"@type":"WebPage","@id":"https:\/\/www.scangrouphomes.com\/no\/grunner-for-a-kjope-bolig-i-tyrkia\/","url":"https:\/\/www.scangrouphomes.com\/no\/grunner-for-a-kjope-bolig-i-tyrkia\/","name":"Grunner For \u00e5 Kj\u00f8pe Bolig i Tyrkia - ScanGroup Homes","isPartOf":{"@id":"https:\/\/www.scangrouphomes.com\/no\/#website"},"datePublished":"2021-03-17T01:34:24+00:00","dateModified":"2021-03-17T01:34:25+00:00","breadcrumb":{"@id":"https:\/\/www.scangrouphomes.com\/no\/grunner-for-a-kjope-bolig-i-tyrkia\/#breadcrumb"},"inLanguage":"nb-NO","potentialAction":[{"@type":"ReadAction","target":["https:\/\/www.scangrouphomes.com\/no\/grunner-for-a-kjope-bolig-i-tyrkia\/"]}]},{"@type":"BreadcrumbList","@id":"https:\/\/www.scangrouphomes.com\/no\/grunner-for-a-kjope-bolig-i-tyrkia\/#breadcrumb","itemListElement":[{"@type":"ListItem","position":1,"name":"Home","item":"https:\/\/www.scangrouphomes.com\/no\/"},{"@type":"ListItem","position":2,"name":"Grunner For \u00e5 Kj\u00f8pe Bolig i Tyrkia"}]},{"@type":"WebSite","@id":"https:\/\/www.scangrouphomes.com\/no\/#website","url":"https:\/\/www.scangrouphomes.com\/no\/","name":"ScanGroup Homes","description":"Property in Alanya Turkey real estate apartments villas buying property Antalya","potentialAction":[{"@type":"SearchAction","target":{"@type":"EntryPoint","urlTemplate":"https:\/\/www.scangrouphomes.com\/no\/?s={search_term_string}"},"query-input":"required name=search_term_string"}],"inLanguage":"nb-NO"}]}},"_links":{"self":[{"href":"https:\/\/www.scangrouphomes.com\/no\/wp-json\/wp\/v2\/pages\/16327"}],"collection":[{"href":"https:\/\/www.scangrouphomes.com\/no\/wp-json\/wp\/v2\/pages"}],"about":[{"href":"https:\/\/www.scangrouphomes.com\/no\/wp-json\/wp\/v2\/types\/page"}],"author":[{"embeddable":true,"href":"https:\/\/www.scangrouphomes.com\/no\/wp-json\/wp\/v2\/users\/1"}],"replies":[{"embeddable":true,"href":"https:\/\/www.scangrouphomes.com\/no\/wp-json\/wp\/v2\/comments?post=16327"}],"version-history":[{"count":3,"href":"https:\/\/www.scangrouphomes.com\/no\/wp-json\/wp\/v2\/pages\/16327\/revisions"}],"predecessor-version":[{"id":16351,"href":"https:\/\/www.scangrouphomes.com\/no\/wp-json\/wp\/v2\/pages\/16327\/revisions\/16351"}],"wp:attachment":[{"href":"https:\/\/www.scangrouphomes.com\/no\/wp-json\/wp\/v2\/media?parent=16327"}],"curies":[{"name":"wp","href":"https:\/\/api.w.org\/{rel}","templated":true}]}}