{"id":16269,"date":"2021-03-17T01:40:06","date_gmt":"2021-03-17T01:40:06","guid":{"rendered":"https:\/\/sgh.alanya.work\/?page_id=16269"},"modified":"2021-03-17T01:40:07","modified_gmt":"2021-03-17T01:40:07","slug":"tyrkisk-statsborgerskap","status":"publish","type":"page","link":"https:\/\/www.scangrouphomes.com\/no\/tyrkisk-statsborgerskap\/","title":{"rendered":"Tyrkisk Statsborgerskap"},"content":{"rendered":"<p>[vc_row][vc_column][vc_column_text]<\/p>\n<p>Hvert \u00e5r er det mange utlendinger som s\u00f8ker om tyrkisk statsborgerskap. For \u00e5 f\u00e5 tyrkisk statsborgerskap, er det flere krav som er n\u00f8dvendig.<\/p>\n<p><strong>M\u00c5TER \u00c5 F\u00c5 TYRKISK STATSBORGERSKAP<\/strong><br \/>\n1. Tyrkisk statsborgerskap ved f\u00f8dsel: n\u00e5r en foreldrene har tyrkisk nasjonalitet, f\u00e5r barnet automatisk tyrkisk statsborgerskap ved f\u00f8dselen n\u00e5r det er f\u00f8dt i Tyrkia.<\/p>\n<p>2. Tyrkisk statsborgerskap etter f\u00f8dselen ved vedtak av myndighetene: a) generell s\u00f8knad<br \/>\nS\u00f8kere til tyrkisk statsborgerskap skal:<br \/>\n&#8211; v\u00e6re i myndig alder, og kan s\u00f8ke i henhold til egen nasjonal lovgivning<br \/>\n&#8211; v\u00e6re bosatt i Tyrkia for 5 \u00e5r uten avbrudd \u2013 en enkel m\u00e5te \u00e5 f\u00e5 en oppholdstillatelse i Tyrkia er \u00e5 eie en eiendom i Tyrkia: visa kan fornyes hvert \u00e5r hvis du kj\u00f8per og eier en eiendom i Tyrkia. Da har du en investering og kan enkelt f\u00e5 en oppholdstillatelse for deg og din familie.<br \/>\n&#8211; bekrefte grunnen for \u00e5 bosette seg i Tyrkia<br \/>\n&#8211; ikke ha sykdommen som utgj\u00f8r et hinder i forhold til offentlige helse<br \/>\n&#8211; v\u00e6re i stand til \u00e5 snakke tyrkisk p\u00e5 tilstrekkelig niv\u00e5<br \/>\n&#8211; ha en inntekt eller jobb til livsopphold i Tyrkia<br \/>\n&#8211; v\u00e6re av god moralsk karakter<br \/>\n&#8211; har ingen handlinger mot nasjonale eller offentlige sikkerhet<br \/>\nSjansene for \u00e5 f\u00e5 tyrkisk statsborgerskap kan v\u00e6re st\u00f8rre hvis du kan bevise at du kan gi et verdifullt bidrag til kultur og samfunn i Tyrkia.<\/p>\n<p>b) eksepsjonell s\u00f8knad<br \/>\nS\u00f8kere kan v\u00e6re kvalifisert for statsborgerskap i Tyrkia ved avgj\u00f8relsen av ministerr\u00e5det. De m\u00e5 s\u00f8rge for at de ikke har noen bemerkninger som utgj\u00f8r en hindring i forhold til den nasjonale sikkerhet og den offentlige orden. Betingelser:<br \/>\n&#8211; utlendinger som har med en industriell plan til Tyrkia eller spesiell tjeneste innen \u00f8konomiske, teknologiske, vitenskapelige, sosiale, kunstneriske, kulturelle eller sportslige felt<br \/>\n&#8211; utlendinger som har statsborgerskap er n\u00f8dvendig<br \/>\n&#8211; folk akseptert som innvandrere<\/p>\n<p>c) s\u00f8knader om gjenervervelse av tyrkisk statsborgerskap<br \/>\nDe som har mistet sitt tyrkiske statsborgerskap kan s\u00f8ke det p\u00e5 nytt. Det er n\u00f8dvendig \u00e5 ha minst 3 \u00e5rs opphold i Tyrkia.<\/p>\n<p>d) s\u00f8knader om tyrkisk statsborgerskap ved ekteskap<br \/>\nDenne m\u00e5ten er en av de enkleste m\u00e5tene \u00e5 f\u00e5 tyrkisk statsborgerskap. Etter 3 \u00e5rs ekteskap med tyrkisk borger, kan utlending s\u00f8ke om statsborgerskap i Tyrkia med f\u00f8lgende krav \u2013 ekteparet m\u00e5 bo sammen, kan ikke ha oppf\u00f8rsel som er mot nasjonal eller offentlig sikkerhet eller enhver handling som kan skade familiegjenforening.<br \/>\nVed generelle s\u00f8knader og s\u00f8knader om tyrkisk statsborgerskap ved ekteskap, vil Ministry of Interior gj\u00f8re et endelig vedtak.etter noen f\u00e5 steg.<\/p>\n<p>Denne teksten inneholder en kortere informasjon om prosessen med \u00e5 skaffe seg tyrkisk statsborgerskap.<\/p>\n<p>[\/vc_column_text][\/vc_column][\/vc_row][vc_row][vc_column][vc_separator color=&raquo;orange&raquo; style=&raquo;shadow&raquo; border_width=&raquo;3&#8243;][\/vc_column][\/vc_row][vc_row][vc_column]\n<div class=\"wpcf7 no-js\" id=\"wpcf7-f36273-o1\" lang=\"nb-NO\" dir=\"ltr\">\n<div class=\"screen-reader-response\"><p role=\"status\" aria-live=\"polite\" aria-atomic=\"true\"><\/p> <ul><\/ul><\/div>\n<form action=\"\/no\/wp-json\/wp\/v2\/pages\/16269#wpcf7-f36273-o1\" method=\"post\" class=\"wpcf7-form init\" aria-label=\"Kontaktskjema\" novalidate=\"novalidate\" data-status=\"init\">\n<div style=\"display: none;\">\n<input type=\"hidden\" name=\"_wpcf7\" value=\"36273\" \/>\n<input type=\"hidden\" name=\"_wpcf7_version\" value=\"5.8\" \/>\n<input type=\"hidden\" name=\"_wpcf7_locale\" value=\"nb_NO\" \/>\n<input type=\"hidden\" name=\"_wpcf7_unit_tag\" value=\"wpcf7-f36273-o1\" \/>\n<input type=\"hidden\" name=\"_wpcf7_container_post\" value=\"0\" \/>\n<input type=\"hidden\" name=\"_wpcf7_posted_data_hash\" value=\"\" \/>\n<input type=\"hidden\" name=\"_wpcf7_recaptcha_response\" value=\"\" \/>\n<\/div>\n<div class=\"form-group\">\n\t<p><label class=\"required\" for=\"yourName\">Navnet ditt<\/label><br \/>\n<span class=\"wpcf7-form-control-wrap\" data-name=\"your-name\"><input size=\"40\" class=\"wpcf7-form-control wpcf7-text wpcf7-validates-as-required form-control\" aria-required=\"true\" aria-invalid=\"false\" value=\"\" type=\"text\" name=\"your-name\" \/><\/span>\n\t<\/p>\n<\/div>\n<div class=\"form-group\">\n\t<p><label class=\"required\" for=\"yourEmail\">Din epost<\/label><br \/>\n<span class=\"wpcf7-form-control-wrap\" data-name=\"your-email\"><input size=\"40\" class=\"wpcf7-form-control wpcf7-email wpcf7-validates-as-required wpcf7-text wpcf7-validates-as-email form-control\" aria-required=\"true\" aria-invalid=\"false\" value=\"\" type=\"email\" name=\"your-email\" \/><\/span>\n\t<\/p>\n<\/div>\n<div class=\"form-group\">\n\t<p><label class=\"required\" for=\"yourPhone\">Din telefon<\/label><br \/>\n<span class=\"wpcf7-form-control-wrap\" data-name=\"tel-179\"><input size=\"40\" class=\"wpcf7-form-control wpcf7-tel wpcf7-validates-as-required wpcf7-text wpcf7-validates-as-tel form-control\" aria-required=\"true\" aria-invalid=\"false\" value=\"\" type=\"tel\" name=\"tel-179\" \/><\/span>\n\t<\/p>\n<\/div>\n<div class=\"form-group\">\n\t<p><label class=\"required\" for=\"yourSubject\">Emne<\/label><br \/>\n<span class=\"wpcf7-form-control-wrap\" data-name=\"your-subject\"><input size=\"40\" class=\"wpcf7-form-control wpcf7-text wpcf7-validates-as-required form-control\" aria-required=\"true\" aria-invalid=\"false\" value=\"\" type=\"text\" name=\"your-subject\" \/><\/span>\n\t<\/p>\n<\/div>\n<div class=\"form-group\">\n\t<p><label class=\"required\" for=\"yourMessage\">Din beskjed <\/label><br \/>\n<span class=\"wpcf7-form-control-wrap\" data-name=\"your-message\"><textarea cols=\"40\" rows=\"10\" class=\"wpcf7-form-control wpcf7-textarea wpcf7-validates-as-required form-control\" aria-required=\"true\" aria-invalid=\"false\" name=\"your-message\"><\/textarea><\/span>\n\t<\/p>\n<\/div>\n<div class=\"form-group\">\n\t<p><input class=\"wpcf7-form-control wpcf7-submit has-spinner btn btn-primary btn-lg\" type=\"submit\" value=\"Send\" \/>\n\t<\/p>\n<\/div><p style=\"display: none !important;\"><label>&#916;<textarea name=\"_wpcf7_ak_hp_textarea\" cols=\"45\" rows=\"8\" maxlength=\"100\"><\/textarea><\/label><input type=\"hidden\" id=\"ak_js_1\" name=\"_wpcf7_ak_js\" value=\"176\"\/><script>document.getElementById( \"ak_js_1\" ).setAttribute( \"value\", ( new Date() ).getTime() );<\/script><\/p><div class=\"wpcf7-response-output\" aria-hidden=\"true\"><\/div>\n<\/form>\n<\/div>\n[\/vc_column][\/vc_row][vc_row][vc_column][vc_separator color=&raquo;orange&raquo; style=&raquo;shadow&raquo; border_width=&raquo;3&#8243;]\n        <!--start agents module-->\n        \n            \n        <script type=\"text\/javascript\">\n            jQuery(document).ready(function($){\n                if($(\"#agents-carousel-YyQ21\").length > 0){\n                    var owlAgents = $('#agents-carousel-YyQ21');\n                    owlAgents.owlCarousel({\n                        rtl: false,\n                        loop: true,\n                        dots: false,\n                        slideBy: 1,\n                        autoplay: true,\n                        autoplaySpeed: 700,\n                        nav: false,\n                        responsive:{\n                            0: {\n                                items: 1\n                            },\n                            320: {\n                                items: 1\n                            },\n                            480: {\n                                items: 1\n                            },\n                            768: {\n                                items: 2\n                            },\n                            1000: {\n                                items: 3\n                            },\n                            1280: {\n                                items: 4\n                            }\n                        }\n                    });\n\n                    $('.btn-prev-agents').on('click',function() {\n                        owlAgents.trigger('prev.owl.carousel',[700])\n                    });\n                    $('.btn-next-agents').on('click',function() {\n                        owlAgents.trigger('next.owl.carousel',[700])\n                    });\n\n                }\n            });\n        <\/script>\n\n        <div id=\"agents-carousel-module\" class=\"houzez-module agents-carousel-module\">\n            <div class=\"row\">\n                <div class=\"col-sm-12\">\n                    <div class=\"module-title-nav clearfix\">\n\n                        \n                        <div class=\"module-nav\">\n                            <button\n                                class=\"btn btn-carousel btn-sm btn-prev-agents\">F\u00f8rre<\/button>\n                            <button\n                                class=\"btn btn-carousel btn-sm btn-next-agents\">Neste<\/button>\n                        <\/div>\n                    <\/div>\n                <\/div>\n                <div class=\"col-sm-12\">\n                    <div id=\"agents-carousel-YyQ21\" class=\"agents-carousel slide-animated owl-carousel owl-theme\">\n\n                                                    <div class=\"item\">\n                                <div class=\"agents-block\">\n                                    <figure class=\"auther-thumb\">\n                                        <a href=\"https:\/\/www.scangrouphomes.com\/no\/agent\/mahmut-kaya\/\"\n                                           class=\"view\">\n                                        <img src=\"https:\/\/i0.wp.com\/www.scangrouphomes.com\/wp-content\/uploads\/2016\/02\/mahmut-kaya-640.jpg?resize=350%2C350&#038;ssl=1\" class=\"img-circle\" width=\"150\"\n                                             height=\"150\" alt=\"Mahmut Kaya\">\n                                        <\/a>\n                                    <\/figure>\n\n                                        <div class=\"web-logo text-center\">\n                                                                                <\/div>\n\n                                    <div class=\"block-body\">\n                                        <p class=\"auther-info\">\n                                            <span class=\"blue\">Mahmut Kaya<\/span>\n                                            <span>Founder &amp; Ceo                                                                                            , Scangrouphomes<\/span>\n                                                                                    <\/p>\n\n                                        <p class=\"description\"><\/p>\n                                        <a href=\"https:\/\/www.scangrouphomes.com\/no\/agent\/mahmut-kaya\/\"\n                                           class=\"view\">Standardvising<\/a>\n                                    <\/div>\n                                <\/div>\n                            <\/div>\n                                                    <div class=\"item\">\n                                <div class=\"agents-block\">\n                                    <figure class=\"auther-thumb\">\n                                        <a href=\"https:\/\/www.scangrouphomes.com\/no\/agent\/tugba-kaya\/\"\n                                           class=\"view\">\n                                        <img src=\"https:\/\/i0.wp.com\/www.scangrouphomes.com\/wp-content\/uploads\/2021\/04\/tugba-kaya-640.jpg?resize=350%2C350&#038;ssl=1\" class=\"img-circle\" width=\"150\"\n                                             height=\"150\" alt=\"Tu\u011fba Kaya\">\n                                        <\/a>\n                                    <\/figure>\n\n                                        <div class=\"web-logo text-center\">\n                                                                                <\/div>\n\n                                    <div class=\"block-body\">\n                                        <p class=\"auther-info\">\n                                            <span class=\"blue\">Tu\u011fba Kaya<\/span>\n                                            <span>Office Manager                                                                                            , Scangrouphomes<\/span>\n                                                                                    <\/p>\n\n                                        <p class=\"description\"><\/p>\n                                        <a href=\"https:\/\/www.scangrouphomes.com\/no\/agent\/tugba-kaya\/\"\n                                           class=\"view\">Standardvising<\/a>\n                                    <\/div>\n                                <\/div>\n                            <\/div>\n                                                \n                    <\/div>\n                <\/div>\n            <\/div>\n        <\/div>\n\n            <!--end post agents module-->\n\n\n        [\/vc_column][\/vc_row][vc_row full_width=&raquo;stretch_row_content_no_spaces&raquo;][vc_column][vc_gmaps link=&raquo;#E-8_JTNDaWZyYW1lJTIwc3JjJTNEJTIyaHR0cHMlM0ElMkYlMkZ3d3cuZ29vZ2xlLmNvbSUyRm1hcHMlMkZlbWJlZCUzRnBiJTNEJTIxMW0xNCUyMTFtOCUyMTFtMyUyMTFkMTI4MjEuOTUxMjM2MjY4MTE2JTIxMmQzMi4wMjkwNTAyJTIxM2QzNi41NDIzNDk0JTIxM20yJTIxMWkxMDI0JTIxMmk3NjglMjE0ZjEzLjElMjEzbTMlMjExbTIlMjExczB4MCUyNTNBMHgzZTNhYzc1YzVlZDE2NGUwJTIxMnNTY2FuZ3JvdXAlMjUyMEhvbWVzJTIxNWUwJTIxM20yJTIxMXN0ciUyMTJzdHIlMjE0djE1NzY2NjAzNjczMzQlMjE1bTIlMjExc3RyJTIxMnN0ciUyMiUyMHdpZHRoJTNEJTIyNjAwJTIyJTIwaGVpZ2h0JTNEJTIyNDUwJTIyJTIwZnJhbWVib3JkZXIlM0QlMjIwJTIyJTIwc3R5bGUlM0QlMjJib3JkZXIlM0EwJTNCJTIyJTIwYWxsb3dmdWxsc2NyZWVuJTNEJTIyJTIyJTNFJTNDJTJGaWZyYW1lJTNF&raquo;][\/vc_column][\/vc_row]<\/p>\n","protected":false},"excerpt":{"rendered":"<p>[vc_row][vc_column][vc_column_text] Hvert \u00e5r er det mange utlendinger som s\u00f8ker om tyrkisk statsborgerskap. For \u00e5 f\u00e5 tyrkisk statsborgerskap, er det flere krav som er n\u00f8dvendig. M\u00c5TER \u00c5 F\u00c5 TYRKISK STATSBORGERSKAP 1. Tyrkisk statsborgerskap ved f\u00f8dsel: n\u00e5r en foreldrene har tyrkisk nasjonalitet, f\u00e5r barnet automatisk tyrkisk statsborgerskap ved f\u00f8dselen n\u00e5r det er f\u00f8dt i Tyrkia. 2. Tyrkisk [&hellip;]<\/p>\n","protected":false},"author":1,"featured_media":0,"parent":0,"menu_order":0,"comment_status":"closed","ping_status":"closed","template":"template\/template-page.php","meta":[],"yoast_head":"<!-- This site is optimized with the Yoast SEO plugin v21.0 - https:\/\/yoast.com\/wordpress\/plugins\/seo\/ -->\n<title>Tyrkisk Statsborgerskap - ScanGroup Homes<\/title>\n<meta name=\"robots\" content=\"index, follow, max-snippet:-1, max-image-preview:large, max-video-preview:-1\" \/>\n<link rel=\"canonical\" href=\"https:\/\/www.scangrouphomes.com\/no\/tyrkisk-statsborgerskap\/\" \/>\n<meta property=\"og:locale\" content=\"nb_NO\" \/>\n<meta property=\"og:type\" content=\"article\" \/>\n<meta property=\"og:title\" content=\"Tyrkisk Statsborgerskap - ScanGroup Homes\" \/>\n<meta property=\"og:description\" content=\"[vc_row][vc_column][vc_column_text] Hvert \u00e5r er det mange utlendinger som s\u00f8ker om tyrkisk statsborgerskap. For \u00e5 f\u00e5 tyrkisk statsborgerskap, er det flere krav som er n\u00f8dvendig. M\u00c5TER \u00c5 F\u00c5 TYRKISK STATSBORGERSKAP 1. Tyrkisk statsborgerskap ved f\u00f8dsel: n\u00e5r en foreldrene har tyrkisk nasjonalitet, f\u00e5r barnet automatisk tyrkisk statsborgerskap ved f\u00f8dselen n\u00e5r det er f\u00f8dt i Tyrkia. 2. Tyrkisk [&hellip;]\" \/>\n<meta property=\"og:url\" content=\"https:\/\/www.scangrouphomes.com\/no\/tyrkisk-statsborgerskap\/\" \/>\n<meta property=\"og:site_name\" content=\"ScanGroup Homes\" \/>\n<meta property=\"article:modified_time\" content=\"2021-03-17T01:40:07+00:00\" \/>\n<meta name=\"twitter:card\" content=\"summary_large_image\" \/>\n<meta name=\"twitter:label1\" content=\"Ansl. lesetid\" \/>\n\t<meta name=\"twitter:data1\" content=\"3 minutter\" \/>\n<script type=\"application\/ld+json\" class=\"yoast-schema-graph\">{\"@context\":\"https:\/\/schema.org\",\"@graph\":[{\"@type\":\"WebPage\",\"@id\":\"https:\/\/www.scangrouphomes.com\/no\/tyrkisk-statsborgerskap\/\",\"url\":\"https:\/\/www.scangrouphomes.com\/no\/tyrkisk-statsborgerskap\/\",\"name\":\"Tyrkisk Statsborgerskap - ScanGroup Homes\",\"isPartOf\":{\"@id\":\"https:\/\/www.scangrouphomes.com\/no\/#website\"},\"datePublished\":\"2021-03-17T01:40:06+00:00\",\"dateModified\":\"2021-03-17T01:40:07+00:00\",\"breadcrumb\":{\"@id\":\"https:\/\/www.scangrouphomes.com\/no\/tyrkisk-statsborgerskap\/#breadcrumb\"},\"inLanguage\":\"nb-NO\",\"potentialAction\":[{\"@type\":\"ReadAction\",\"target\":[\"https:\/\/www.scangrouphomes.com\/no\/tyrkisk-statsborgerskap\/\"]}]},{\"@type\":\"BreadcrumbList\",\"@id\":\"https:\/\/www.scangrouphomes.com\/no\/tyrkisk-statsborgerskap\/#breadcrumb\",\"itemListElement\":[{\"@type\":\"ListItem\",\"position\":1,\"name\":\"Home\",\"item\":\"https:\/\/www.scangrouphomes.com\/no\/\"},{\"@type\":\"ListItem\",\"position\":2,\"name\":\"Tyrkisk Statsborgerskap\"}]},{\"@type\":\"WebSite\",\"@id\":\"https:\/\/www.scangrouphomes.com\/no\/#website\",\"url\":\"https:\/\/www.scangrouphomes.com\/no\/\",\"name\":\"ScanGroup Homes\",\"description\":\"Property in Alanya Turkey real estate apartments villas buying property Antalya\",\"potentialAction\":[{\"@type\":\"SearchAction\",\"target\":{\"@type\":\"EntryPoint\",\"urlTemplate\":\"https:\/\/www.scangrouphomes.com\/no\/?s={search_term_string}\"},\"query-input\":\"required name=search_term_string\"}],\"inLanguage\":\"nb-NO\"}]}<\/script>\n<!-- \/ Yoast SEO plugin. -->","yoast_head_json":{"title":"Tyrkisk Statsborgerskap - ScanGroup Homes","robots":{"index":"index","follow":"follow","max-snippet":"max-snippet:-1","max-image-preview":"max-image-preview:large","max-video-preview":"max-video-preview:-1"},"canonical":"https:\/\/www.scangrouphomes.com\/no\/tyrkisk-statsborgerskap\/","og_locale":"nb_NO","og_type":"article","og_title":"Tyrkisk Statsborgerskap - ScanGroup Homes","og_description":"[vc_row][vc_column][vc_column_text] Hvert \u00e5r er det mange utlendinger som s\u00f8ker om tyrkisk statsborgerskap. For \u00e5 f\u00e5 tyrkisk statsborgerskap, er det flere krav som er n\u00f8dvendig. M\u00c5TER \u00c5 F\u00c5 TYRKISK STATSBORGERSKAP 1. Tyrkisk statsborgerskap ved f\u00f8dsel: n\u00e5r en foreldrene har tyrkisk nasjonalitet, f\u00e5r barnet automatisk tyrkisk statsborgerskap ved f\u00f8dselen n\u00e5r det er f\u00f8dt i Tyrkia. 2. Tyrkisk [&hellip;]","og_url":"https:\/\/www.scangrouphomes.com\/no\/tyrkisk-statsborgerskap\/","og_site_name":"ScanGroup Homes","article_modified_time":"2021-03-17T01:40:07+00:00","twitter_card":"summary_large_image","twitter_misc":{"Ansl. lesetid":"3 minutter"},"schema":{"@context":"https:\/\/schema.org","@graph":[{"@type":"WebPage","@id":"https:\/\/www.scangrouphomes.com\/no\/tyrkisk-statsborgerskap\/","url":"https:\/\/www.scangrouphomes.com\/no\/tyrkisk-statsborgerskap\/","name":"Tyrkisk Statsborgerskap - ScanGroup Homes","isPartOf":{"@id":"https:\/\/www.scangrouphomes.com\/no\/#website"},"datePublished":"2021-03-17T01:40:06+00:00","dateModified":"2021-03-17T01:40:07+00:00","breadcrumb":{"@id":"https:\/\/www.scangrouphomes.com\/no\/tyrkisk-statsborgerskap\/#breadcrumb"},"inLanguage":"nb-NO","potentialAction":[{"@type":"ReadAction","target":["https:\/\/www.scangrouphomes.com\/no\/tyrkisk-statsborgerskap\/"]}]},{"@type":"BreadcrumbList","@id":"https:\/\/www.scangrouphomes.com\/no\/tyrkisk-statsborgerskap\/#breadcrumb","itemListElement":[{"@type":"ListItem","position":1,"name":"Home","item":"https:\/\/www.scangrouphomes.com\/no\/"},{"@type":"ListItem","position":2,"name":"Tyrkisk Statsborgerskap"}]},{"@type":"WebSite","@id":"https:\/\/www.scangrouphomes.com\/no\/#website","url":"https:\/\/www.scangrouphomes.com\/no\/","name":"ScanGroup Homes","description":"Property in Alanya Turkey real estate apartments villas buying property Antalya","potentialAction":[{"@type":"SearchAction","target":{"@type":"EntryPoint","urlTemplate":"https:\/\/www.scangrouphomes.com\/no\/?s={search_term_string}"},"query-input":"required name=search_term_string"}],"inLanguage":"nb-NO"}]}},"_links":{"self":[{"href":"https:\/\/www.scangrouphomes.com\/no\/wp-json\/wp\/v2\/pages\/16269"}],"collection":[{"href":"https:\/\/www.scangrouphomes.com\/no\/wp-json\/wp\/v2\/pages"}],"about":[{"href":"https:\/\/www.scangrouphomes.com\/no\/wp-json\/wp\/v2\/types\/page"}],"author":[{"embeddable":true,"href":"https:\/\/www.scangrouphomes.com\/no\/wp-json\/wp\/v2\/users\/1"}],"replies":[{"embeddable":true,"href":"https:\/\/www.scangrouphomes.com\/no\/wp-json\/wp\/v2\/comments?post=16269"}],"version-history":[{"count":3,"href":"https:\/\/www.scangrouphomes.com\/no\/wp-json\/wp\/v2\/pages\/16269\/revisions"}],"predecessor-version":[{"id":16294,"href":"https:\/\/www.scangrouphomes.com\/no\/wp-json\/wp\/v2\/pages\/16269\/revisions\/16294"}],"wp:attachment":[{"href":"https:\/\/www.scangrouphomes.com\/no\/wp-json\/wp\/v2\/media?parent=16269"}],"curies":[{"name":"wp","href":"https:\/\/api.w.org\/{rel}","templated":true}]}}