{"id":15361,"date":"2019-12-18T11:17:53","date_gmt":"2019-12-18T11:17:53","guid":{"rendered":"https:\/\/sgh.alanya.work\/letting-of-residence\/"},"modified":"2020-02-03T11:55:54","modified_gmt":"2020-02-03T11:55:54","slug":"utleie-av-bolig","status":"publish","type":"page","link":"https:\/\/www.scangrouphomes.com\/no\/utleie-av-bolig\/","title":{"rendered":"Utleie Av Bolig"},"content":{"rendered":"<p>[vc_row][vc_column][vc_column_text]<\/p>\n<p><strong>Oppholdstillatelse &#8211; Tyrkia<\/strong><\/p>\n<p>Utenlandske statsborgere som \u00f8nsker \u00e5 reise inn i Tyrkia, m\u00e5 ha visum (30, 60 eller 90 dager) eller visumfritak. Utlendinger som \u00f8nsker \u00e5 bli lenger (vanligvis 1 \u00e5r) m\u00e5 s\u00f8ke om oppholdstillatelse i Tyrkia.<\/p>\n<p>F\u00f8rst av alt du trenger for \u00e5 fylle ut elektronisk s\u00f8knad med biometriske bilde.<\/p>\n<p><strong>For \u00e5 f\u00e5 en oppholdstillatelse i Tyrkia, trenger du f\u00f8lgende dokumenter:<\/strong><\/p>\n<ul>\n<li>&#8211; S\u00f8knadsskjema for oppholdstillatelse<\/li>\n<li>&#8211; Original og kopi av gyldig pass eller reisedokument (bildeside og side med den siste oppf\u00f8ringen)<\/li>\n<li>&#8211; Fire passfoto<\/li>\n<li>&#8211; En erkl\u00e6ring om \u00f8konomiske ressurser (500 $ per m\u00e5ned eller tilsvarende i annen valuta) og beviset fra tyrkisk bankkonto i ditt navn<\/li>\n<li>&#8211; Gyldig helseforsikring i Tyrkia<\/li>\n<li>&#8211; Et offisielt dokument med adressen din (enten en kopi av signert og notarisert leiekontrakt eller bevis p\u00e5 \u00e5 eie en eiendom i Tyrkia hvor du skal bo)<\/li>\n<\/ul>\n<p><strong>INNLEDENDE S\u00d8KNAD<\/p>\n<p><\/strong><\/p>\n<p>Hvis du s\u00f8ker om oppholdstillatelse for f\u00f8rste gang, m\u00e5 du foreta en reservasjon online f\u00f8r du g\u00e5r til kontoret. Den elektroniske reservasjonen m\u00e5 gj\u00f8res f\u00f8r turistvisumet ditt utl\u00f8per. Deretter m\u00e5 du fylle ut e-ikamet &#8211; online s\u00f8knad p\u00e5 den offisielle nettsiden (www.goc.gov.tr) og ha alle de dokumenter som er nevnt tidligere.<\/p>\n<p>Hvis du s\u00f8ker for f\u00f8rste gang, m\u00e5 du velge &laquo;f\u00f8rste s\u00f8knad&raquo;. Etter \u00e5 ha fylt ut e-ikamet, vil du se bekreftelsessiden med alle detaljer og hvor mye penger du m\u00e5 betale p\u00e5 skattekontoret. Du b\u00f8r skrive ut denne siden hvis mulig, for p\u00e5 skattekontoret kan de be om den.<\/p>\n<p>Etter \u00e5 ha betalt skatten for oppholdstillatelsen, og har utarbeidet alle dokumentene, m\u00e5 du p\u00e5 datoen for din avtale, bes\u00f8ke det lokale kontoret og s\u00f8ke personlig.<\/p>\n<p><strong>FORLENGELSE AV OPPHOLDSTILLATELSE<\/strong><\/p>\n<p>Hvis du er innehaver av nylig s\u00f8kt om oppholdstillatelse, m\u00e5 du f\u00f8lge de fleste av trinnene som er nevnt f\u00f8r. I stedet for \u00e5 foreta en online reservasjon, trenger du bare \u00e5 sende den elektroniske s\u00f8knaden og sende alle dokumentene med postkontor eller bud.[\/vc_column_text][\/vc_column][\/vc_row][vc_row][vc_column][vc_separator color=&raquo;orange&raquo; style=&raquo;shadow&raquo; border_width=&raquo;3&#8243;][\/vc_column][\/vc_row][vc_row][vc_column]\n<div class=\"wpcf7 no-js\" id=\"wpcf7-f36273-o1\" lang=\"nb-NO\" dir=\"ltr\">\n<div class=\"screen-reader-response\"><p role=\"status\" aria-live=\"polite\" aria-atomic=\"true\"><\/p> <ul><\/ul><\/div>\n<form action=\"\/no\/wp-json\/wp\/v2\/pages\/15361#wpcf7-f36273-o1\" method=\"post\" class=\"wpcf7-form init\" aria-label=\"Kontaktskjema\" novalidate=\"novalidate\" data-status=\"init\">\n<div style=\"display: none;\">\n<input type=\"hidden\" name=\"_wpcf7\" value=\"36273\" \/>\n<input type=\"hidden\" name=\"_wpcf7_version\" value=\"5.8\" \/>\n<input type=\"hidden\" name=\"_wpcf7_locale\" value=\"nb_NO\" \/>\n<input type=\"hidden\" name=\"_wpcf7_unit_tag\" value=\"wpcf7-f36273-o1\" \/>\n<input type=\"hidden\" name=\"_wpcf7_container_post\" value=\"0\" \/>\n<input type=\"hidden\" name=\"_wpcf7_posted_data_hash\" value=\"\" \/>\n<input type=\"hidden\" name=\"_wpcf7_recaptcha_response\" value=\"\" \/>\n<\/div>\n<div class=\"form-group\">\n\t<p><label class=\"required\" for=\"yourName\">Navnet ditt<\/label><br \/>\n<span class=\"wpcf7-form-control-wrap\" data-name=\"your-name\"><input size=\"40\" class=\"wpcf7-form-control wpcf7-text wpcf7-validates-as-required form-control\" aria-required=\"true\" aria-invalid=\"false\" value=\"\" type=\"text\" name=\"your-name\" \/><\/span>\n\t<\/p>\n<\/div>\n<div class=\"form-group\">\n\t<p><label class=\"required\" for=\"yourEmail\">Din epost<\/label><br \/>\n<span class=\"wpcf7-form-control-wrap\" data-name=\"your-email\"><input size=\"40\" class=\"wpcf7-form-control wpcf7-email wpcf7-validates-as-required wpcf7-text wpcf7-validates-as-email form-control\" aria-required=\"true\" aria-invalid=\"false\" value=\"\" type=\"email\" name=\"your-email\" \/><\/span>\n\t<\/p>\n<\/div>\n<div class=\"form-group\">\n\t<p><label class=\"required\" for=\"yourPhone\">Din telefon<\/label><br \/>\n<span class=\"wpcf7-form-control-wrap\" data-name=\"tel-179\"><input size=\"40\" class=\"wpcf7-form-control wpcf7-tel wpcf7-validates-as-required wpcf7-text wpcf7-validates-as-tel form-control\" aria-required=\"true\" aria-invalid=\"false\" value=\"\" type=\"tel\" name=\"tel-179\" \/><\/span>\n\t<\/p>\n<\/div>\n<div class=\"form-group\">\n\t<p><label class=\"required\" for=\"yourSubject\">Emne<\/label><br \/>\n<span class=\"wpcf7-form-control-wrap\" data-name=\"your-subject\"><input size=\"40\" class=\"wpcf7-form-control wpcf7-text wpcf7-validates-as-required form-control\" aria-required=\"true\" aria-invalid=\"false\" value=\"\" type=\"text\" name=\"your-subject\" \/><\/span>\n\t<\/p>\n<\/div>\n<div class=\"form-group\">\n\t<p><label class=\"required\" for=\"yourMessage\">Din beskjed <\/label><br \/>\n<span class=\"wpcf7-form-control-wrap\" data-name=\"your-message\"><textarea cols=\"40\" rows=\"10\" class=\"wpcf7-form-control wpcf7-textarea wpcf7-validates-as-required form-control\" aria-required=\"true\" aria-invalid=\"false\" name=\"your-message\"><\/textarea><\/span>\n\t<\/p>\n<\/div>\n<div class=\"form-group\">\n\t<p><input class=\"wpcf7-form-control wpcf7-submit has-spinner btn btn-primary btn-lg\" type=\"submit\" value=\"Send\" \/>\n\t<\/p>\n<\/div><p style=\"display: none !important;\"><label>&#916;<textarea name=\"_wpcf7_ak_hp_textarea\" cols=\"45\" rows=\"8\" maxlength=\"100\"><\/textarea><\/label><input type=\"hidden\" id=\"ak_js_1\" name=\"_wpcf7_ak_js\" value=\"27\"\/><script>document.getElementById( \"ak_js_1\" ).setAttribute( \"value\", ( new Date() ).getTime() );<\/script><\/p><div class=\"wpcf7-response-output\" aria-hidden=\"true\"><\/div>\n<\/form>\n<\/div>\n[\/vc_column][\/vc_row][vc_row][vc_column][vc_separator color=&raquo;orange&raquo; style=&raquo;shadow&raquo; border_width=&raquo;3&#8243;][\/vc_column][\/vc_row][vc_row full_width=&raquo;stretch_row_content_no_spaces&raquo;][vc_column][vc_gmaps link=&raquo;#E-8_JTNDaWZyYW1lJTIwc3JjJTNEJTIyaHR0cHMlM0ElMkYlMkZ3d3cuZ29vZ2xlLmNvbSUyRm1hcHMlMkZlbWJlZCUzRnBiJTNEJTIxMW0xNCUyMTFtOCUyMTFtMyUyMTFkMTI4MjEuOTUxMjM2MjY4MTE2JTIxMmQzMi4wMjkwNTAyJTIxM2QzNi41NDIzNDk0JTIxM20yJTIxMWkxMDI0JTIxMmk3NjglMjE0ZjEzLjElMjEzbTMlMjExbTIlMjExczB4MCUyNTNBMHgzZTNhYzc1YzVlZDE2NGUwJTIxMnNTY2FuZ3JvdXAlMjUyMEhvbWVzJTIxNWUwJTIxM20yJTIxMXN0ciUyMTJzdHIlMjE0djE1NzY2NjAzNjczMzQlMjE1bTIlMjExc3RyJTIxMnN0ciUyMiUyMHdpZHRoJTNEJTIyNjAwJTIyJTIwaGVpZ2h0JTNEJTIyNDUwJTIyJTIwZnJhbWVib3JkZXIlM0QlMjIwJTIyJTIwc3R5bGUlM0QlMjJib3JkZXIlM0EwJTNCJTIyJTIwYWxsb3dmdWxsc2NyZWVuJTNEJTIyJTIyJTNFJTNDJTJGaWZyYW1lJTNF&raquo;][\/vc_column][\/vc_row]<\/p>\n","protected":false},"excerpt":{"rendered":"<p>[vc_row][vc_column][vc_column_text] Oppholdstillatelse &#8211; Tyrkia Utenlandske statsborgere som \u00f8nsker \u00e5 reise inn i Tyrkia, m\u00e5 ha visum (30, 60 eller 90 dager) eller visumfritak. Utlendinger som \u00f8nsker \u00e5 bli lenger (vanligvis 1 \u00e5r) m\u00e5 s\u00f8ke om oppholdstillatelse i Tyrkia. F\u00f8rst av alt du trenger for \u00e5 fylle ut elektronisk s\u00f8knad med biometriske bilde. For \u00e5 f\u00e5 [&hellip;]<\/p>\n","protected":false},"author":1,"featured_media":0,"parent":0,"menu_order":0,"comment_status":"closed","ping_status":"closed","template":"template\/template-page.php","meta":[],"yoast_head":"<!-- This site is optimized with the Yoast SEO plugin v21.0 - https:\/\/yoast.com\/wordpress\/plugins\/seo\/ -->\n<title>Utleie Av Bolig - ScanGroup Homes<\/title>\n<meta name=\"robots\" content=\"index, follow, max-snippet:-1, max-image-preview:large, max-video-preview:-1\" \/>\n<link rel=\"canonical\" href=\"https:\/\/www.scangrouphomes.com\/no\/utleie-av-bolig\/\" \/>\n<meta property=\"og:locale\" content=\"nb_NO\" \/>\n<meta property=\"og:type\" content=\"article\" \/>\n<meta property=\"og:title\" content=\"Utleie Av Bolig - ScanGroup Homes\" \/>\n<meta property=\"og:description\" content=\"[vc_row][vc_column][vc_column_text] Oppholdstillatelse &#8211; Tyrkia Utenlandske statsborgere som \u00f8nsker \u00e5 reise inn i Tyrkia, m\u00e5 ha visum (30, 60 eller 90 dager) eller visumfritak. Utlendinger som \u00f8nsker \u00e5 bli lenger (vanligvis 1 \u00e5r) m\u00e5 s\u00f8ke om oppholdstillatelse i Tyrkia. F\u00f8rst av alt du trenger for \u00e5 fylle ut elektronisk s\u00f8knad med biometriske bilde. For \u00e5 f\u00e5 [&hellip;]\" \/>\n<meta property=\"og:url\" content=\"https:\/\/www.scangrouphomes.com\/no\/utleie-av-bolig\/\" \/>\n<meta property=\"og:site_name\" content=\"ScanGroup Homes\" \/>\n<meta property=\"article:modified_time\" content=\"2020-02-03T11:55:54+00:00\" \/>\n<meta name=\"twitter:card\" content=\"summary_large_image\" \/>\n<meta name=\"twitter:label1\" content=\"Ansl. lesetid\" \/>\n\t<meta name=\"twitter:data1\" content=\"2 minutter\" \/>\n<script type=\"application\/ld+json\" class=\"yoast-schema-graph\">{\"@context\":\"https:\/\/schema.org\",\"@graph\":[{\"@type\":\"WebPage\",\"@id\":\"https:\/\/www.scangrouphomes.com\/no\/utleie-av-bolig\/\",\"url\":\"https:\/\/www.scangrouphomes.com\/no\/utleie-av-bolig\/\",\"name\":\"Utleie Av Bolig - ScanGroup Homes\",\"isPartOf\":{\"@id\":\"https:\/\/www.scangrouphomes.com\/no\/#website\"},\"datePublished\":\"2019-12-18T11:17:53+00:00\",\"dateModified\":\"2020-02-03T11:55:54+00:00\",\"breadcrumb\":{\"@id\":\"https:\/\/www.scangrouphomes.com\/no\/utleie-av-bolig\/#breadcrumb\"},\"inLanguage\":\"nb-NO\",\"potentialAction\":[{\"@type\":\"ReadAction\",\"target\":[\"https:\/\/www.scangrouphomes.com\/no\/utleie-av-bolig\/\"]}]},{\"@type\":\"BreadcrumbList\",\"@id\":\"https:\/\/www.scangrouphomes.com\/no\/utleie-av-bolig\/#breadcrumb\",\"itemListElement\":[{\"@type\":\"ListItem\",\"position\":1,\"name\":\"Home\",\"item\":\"https:\/\/www.scangrouphomes.com\/no\/\"},{\"@type\":\"ListItem\",\"position\":2,\"name\":\"Utleie Av Bolig\"}]},{\"@type\":\"WebSite\",\"@id\":\"https:\/\/www.scangrouphomes.com\/no\/#website\",\"url\":\"https:\/\/www.scangrouphomes.com\/no\/\",\"name\":\"ScanGroup Homes\",\"description\":\"Property in Alanya Turkey real estate apartments villas buying property Antalya\",\"potentialAction\":[{\"@type\":\"SearchAction\",\"target\":{\"@type\":\"EntryPoint\",\"urlTemplate\":\"https:\/\/www.scangrouphomes.com\/no\/?s={search_term_string}\"},\"query-input\":\"required name=search_term_string\"}],\"inLanguage\":\"nb-NO\"}]}<\/script>\n<!-- \/ Yoast SEO plugin. -->","yoast_head_json":{"title":"Utleie Av Bolig - ScanGroup Homes","robots":{"index":"index","follow":"follow","max-snippet":"max-snippet:-1","max-image-preview":"max-image-preview:large","max-video-preview":"max-video-preview:-1"},"canonical":"https:\/\/www.scangrouphomes.com\/no\/utleie-av-bolig\/","og_locale":"nb_NO","og_type":"article","og_title":"Utleie Av Bolig - ScanGroup Homes","og_description":"[vc_row][vc_column][vc_column_text] Oppholdstillatelse &#8211; Tyrkia Utenlandske statsborgere som \u00f8nsker \u00e5 reise inn i Tyrkia, m\u00e5 ha visum (30, 60 eller 90 dager) eller visumfritak. Utlendinger som \u00f8nsker \u00e5 bli lenger (vanligvis 1 \u00e5r) m\u00e5 s\u00f8ke om oppholdstillatelse i Tyrkia. F\u00f8rst av alt du trenger for \u00e5 fylle ut elektronisk s\u00f8knad med biometriske bilde. For \u00e5 f\u00e5 [&hellip;]","og_url":"https:\/\/www.scangrouphomes.com\/no\/utleie-av-bolig\/","og_site_name":"ScanGroup Homes","article_modified_time":"2020-02-03T11:55:54+00:00","twitter_card":"summary_large_image","twitter_misc":{"Ansl. lesetid":"2 minutter"},"schema":{"@context":"https:\/\/schema.org","@graph":[{"@type":"WebPage","@id":"https:\/\/www.scangrouphomes.com\/no\/utleie-av-bolig\/","url":"https:\/\/www.scangrouphomes.com\/no\/utleie-av-bolig\/","name":"Utleie Av Bolig - ScanGroup Homes","isPartOf":{"@id":"https:\/\/www.scangrouphomes.com\/no\/#website"},"datePublished":"2019-12-18T11:17:53+00:00","dateModified":"2020-02-03T11:55:54+00:00","breadcrumb":{"@id":"https:\/\/www.scangrouphomes.com\/no\/utleie-av-bolig\/#breadcrumb"},"inLanguage":"nb-NO","potentialAction":[{"@type":"ReadAction","target":["https:\/\/www.scangrouphomes.com\/no\/utleie-av-bolig\/"]}]},{"@type":"BreadcrumbList","@id":"https:\/\/www.scangrouphomes.com\/no\/utleie-av-bolig\/#breadcrumb","itemListElement":[{"@type":"ListItem","position":1,"name":"Home","item":"https:\/\/www.scangrouphomes.com\/no\/"},{"@type":"ListItem","position":2,"name":"Utleie Av Bolig"}]},{"@type":"WebSite","@id":"https:\/\/www.scangrouphomes.com\/no\/#website","url":"https:\/\/www.scangrouphomes.com\/no\/","name":"ScanGroup Homes","description":"Property in Alanya Turkey real estate apartments villas buying property Antalya","potentialAction":[{"@type":"SearchAction","target":{"@type":"EntryPoint","urlTemplate":"https:\/\/www.scangrouphomes.com\/no\/?s={search_term_string}"},"query-input":"required name=search_term_string"}],"inLanguage":"nb-NO"}]}},"_links":{"self":[{"href":"https:\/\/www.scangrouphomes.com\/no\/wp-json\/wp\/v2\/pages\/15361"}],"collection":[{"href":"https:\/\/www.scangrouphomes.com\/no\/wp-json\/wp\/v2\/pages"}],"about":[{"href":"https:\/\/www.scangrouphomes.com\/no\/wp-json\/wp\/v2\/types\/page"}],"author":[{"embeddable":true,"href":"https:\/\/www.scangrouphomes.com\/no\/wp-json\/wp\/v2\/users\/1"}],"replies":[{"embeddable":true,"href":"https:\/\/www.scangrouphomes.com\/no\/wp-json\/wp\/v2\/comments?post=15361"}],"version-history":[{"count":3,"href":"https:\/\/www.scangrouphomes.com\/no\/wp-json\/wp\/v2\/pages\/15361\/revisions"}],"predecessor-version":[{"id":16141,"href":"https:\/\/www.scangrouphomes.com\/no\/wp-json\/wp\/v2\/pages\/15361\/revisions\/16141"}],"wp:attachment":[{"href":"https:\/\/www.scangrouphomes.com\/no\/wp-json\/wp\/v2\/media?parent=15361"}],"curies":[{"name":"wp","href":"https:\/\/api.w.org\/{rel}","templated":true}]}}