{"id":15351,"date":"2016-03-09T22:42:13","date_gmt":"2016-03-09T22:42:13","guid":{"rendered":"https:\/\/sgh.alanya.work\/faq\/"},"modified":"2020-02-03T11:37:34","modified_gmt":"2020-02-03T11:37:34","slug":"faq","status":"publish","type":"page","link":"https:\/\/www.scangrouphomes.com\/no\/faq\/","title":{"rendered":"Vanlige sp\u00f8rsm\u00e5l"},"content":{"rendered":"<p>[vc_row][vc_column][vc_column_text]<\/p>\n<h1>Vanlige sp\u00f8rsm\u00e5l<\/h1>\n<p>[\/vc_column_text][\/vc_column][\/vc_row][vc_row][vc_column][vc_toggle title=&raquo;Hvordan er den generelle oppfatningen til lokalbefolkingen mot utlendinger? &raquo; el_id=&raquo;1457563269545-df1d9b94-9d5e&raquo;]\u00c5 \u00f8nske alle gjester velkommen er en del av tyrkiske kulturen. Du kan v\u00e6re sikker p\u00e5 at du kommer \u00e5 f\u00f8le deg like bra som i ditt eget land (om ikke mer) hver gang du bes\u00f8ker Tyrkia.[\/vc_toggle][vc_toggle title=&raquo;Er det n\u00f8dvendig \u00e5 l\u00e6re seg det tyrkiske spr\u00e5ket? &raquo; el_id=&raquo;1457563354555-9215d732-d143&#8243;]Det er helt opp til deg om du vil l\u00e6re deg tyrkiske spr\u00e5ket. Det er ikke obligatorisk \u00e5 l\u00e6re seg spr\u00e5ket ettersom folk der vi opererer som regel snakker engelsk, tysk og russisk. Alanya kommune har gratis tyrkisk spr\u00e5kkurs for utlendinger som bor i Alanya. Kurset holdes p\u00e5 engelsk.[\/vc_toggle][vc_toggle title=&raquo;Har plassen dere holder til lett tilgang til fly \u00e5ret rundt? &raquo; el_id=&raquo;1457563413051-53682728-2bbe&raquo;]Den n\u00e6rmeste flyplassen til der vi holder til er Antalya Internasjonale Flyplass som drives \u00e5ret rundt. Det finnes mange fly til og fra store europeiske flyplasser til Antalya \u00e5ret rundt. Den nye flyplassen i Gazipasa er bare 40 minutter unna med transfer.[\/vc_toggle][vc_toggle title=&raquo;Hvordan er helse\/medisinsk behandlig i Tyrkia? &raquo; el_id=&raquo;1457563429532-be0186c3-420b&raquo;]Den tyrkiske helsesektoren i Tyrkia arbeider med tre ulike typer sykehus: Offentlige sykehus, universitetssykehus og private klinikker. Offentlige s\u00e5vel som private sykehus oppfyller internasjonale regler n\u00e5r det gjelder utrustning, kvalitet og spesialkunnskaper. De fleste sykehus har avtale med internasjonale forsikringsselskap.[\/vc_toggle][vc_toggle title=&raquo;Hva er de viktigste tingene \u00e5 tenke p\u00e5 f\u00f8r man kj\u00f8per bolig i Tyrkia? &raquo; el_id=&raquo;1457563467201-44238ad6-6ab7&#8243;]Det finnes ingen juridiske hinder for en utlending \u00e5 kj\u00f8pe bolig, bortsett fra noen f\u00e5 unntak. Det f\u00f8rste du b\u00f8r v\u00e6re medviten om er at om boligen er innenfor 400 meter til et milit\u00e6r omr\u00e5de, kommer du ikke til \u00e5 offesielt eie boligen din (dvs. ingen skj\u00f8te). Derfor sendes alle kj\u00f8p fra utlendinger til milit\u00e6ret for inspeksjon. Vi har gjort full inspeksjon og gjennomf\u00f8rer n\u00f8ye kontroller f\u00f8r boligen er blitt lagt ut for salg p\u00e5 markede. Vil du anvende deg av advokat kan vi gi deg r\u00e5d og en liste over jurister som du kan ansette p\u00e5 din bekostning.[\/vc_toggle][vc_toggle title=&raquo;Hvorfor kreves milliti\u00e6r tillatelse? &raquo; el_id=&raquo;1457564512471-709eb61d-bf0d&raquo;]Milit\u00e6re myndighetene forsikrer at eiendommen ikke ligger i milit\u00e6r barrikade eller i sikkerhetsone. Dette er bare en formalitet.[\/vc_toggle][vc_toggle title=&raquo;Finnes det noen internasjonale banker der dere holder til? &raquo; el_id=&raquo;1457564531199-b634f01b-8551&#8243;]Det finnes mange internasjonale banker her vi holder til. (HSBC, Fortis) men det finnes ogs\u00e5 flere tyrkiske bankkontor i Europa (Is Bank, Garanti, Akbank)[\/vc_toggle][vc_toggle title=&raquo;Hvor lang tid tar det f\u00f8r skj\u00f8ten er klar? &raquo; el_id=&raquo;1457564562142-2e162633-cbce&raquo;]Det tar 2-4 m\u00e5neder for skj\u00f8tet er klart fra den dagen du kj\u00f8per bolig i Tyrkia. Grunnen til det at dette varierer er fordi offisielle papirer fra kj\u00f8pet sendes til milit\u00e6ret for en siste inspeksjon.[\/vc_toggle][vc_toggle title=&raquo;Forsikring?&raquo; el_id=&raquo;1457564629711-31b7e0e4-e20e&raquo;]Du kan skaffe deg hjemmeforsikring i Tyrkia. Her finnes mange store forsikringsselskap. Bygningen er forsikret gjennom konstruksjonsforetaket og som regel er leilighetene forsikret de 2 f\u00f8rste \u00e5rene. S\u00e5 din hjemmeforsikring gjelder ditt innventar.[\/vc_toggle][vc_toggle title=&raquo;Hva gjelder for boligen ved arv? &raquo; el_id=&raquo;1457564632631-80211bdf-2e44&#8243;]S\u00e5vidt du eier ingen andre ting og ingenting skjer med skj\u00f8teeieren arves automatisk boligen til partner eller barn. For \u00e5 gj\u00f8re endringer p\u00e5 skj\u00f8tet m\u00e5 man f\u00e5 rettslig hjelp.[\/vc_toggle][vc_toggle title=&raquo;Kan jeg ta tilbake pengene til mitt eget land om jeg selger min bolig? &raquo; el_id=&raquo;1457564659743-c02f10f0-44cd&raquo;]Ja, det finnes absolutt ingen begrensninger for deg som gj\u00f8r at du ikke kan ta dine penger tilbake til ditt hjemland forutenom gevinstskatt som du kommer til slutt \u00e5 m\u00e5tte betale.[\/vc_toggle][vc_toggle title=&raquo;M\u00e5 jeg betale gevinstskatt om jeg selger min bolig? &raquo; el_id=&raquo;1457564614680-0f2cb9e8-eaaf&raquo;]I f\u00f8lge Tyrkiske regler beh\u00f8ver du ikke betale om du selger din bolig etter minst 5 \u00e5r som eier.[\/vc_toggle][vc_toggle title=&raquo;Hvilke lokale skatter m\u00e5 jeg betale? &laquo;]Det er noen lokale skatter som m\u00e5 betales 2 ganger per \u00e5r men det er minimale sammenlignet med de fleste europeiske byer.[\/vc_toggle][\/vc_column][\/vc_row][vc_row][vc_column][vc_toggle title=&raquo;Kan jeg leie ut min bolig? &raquo; el_id=&raquo;1457629903915-f4fbdb9a-385a&raquo;]Det er mulig. Om du ikke bor permanent i din bolig kan du leie den n\u00e5r du ikke er det. Det er en god inntektskilde. Du kommer dog til \u00e5 m\u00e5tte betale skatt av pengene du f\u00e5r for utleie om du bestemmer deg for \u00e5 leie ut.[\/vc_toggle][vc_toggle title=&raquo;Er noen ekstra konstnader som tilkommer ved kj\u00f8p av bolig? &raquo; el_id=&raquo;1457629903405-ea10c05d-bbf1&#8243;]Foruten om nevnte avgifter kommer ingen andre skjulte avgifter. Prisen du ser er sluttprisen.[\/vc_toggle][vc_toggle title=&raquo;Kan jeg investere i flere enn en bolig? &raquo; el_id=&raquo;1457629903806-1bdd8e50-4baa&raquo;]Ja, det finnes ingen regler for hvor mangen boliger man kan eie i Tyrkia.[\/vc_toggle][vc_toggle title=&raquo;Er det mulig med import av m\u00f8bler? &raquo; el_id=&raquo;1457629903703-423a10ad-bc2a&raquo;]Ja, det er mulig \u00e5 impotere m\u00f8bler men kostnaden for transport, toll og sikkerhet er veldig h\u00f8ye. Derfor er det anbefalt og kj\u00f8pe m\u00f8bler i Tyrkia.[\/vc_toggle][vc_toggle title=&raquo;Hva er ISKAN? &raquo; el_id=&raquo;1457629903502-a0ca9a93-e098&#8243;]ISKAN er et bevis p\u00e5 overflaten\/rom alle boliger m\u00e5 ha. Dette dokumentet gies av kommunen og viser at boligen er godkjent og anvendes som bolig og at man kan bo der permanent. ISKAN kreves ogs\u00e5 for ny registrering av el og vann.[\/vc_toggle][\/vc_column][\/vc_row][vc_row][vc_column][vc_empty_space][vc_separator color=&raquo;orange&raquo; style=&raquo;shadow&raquo; border_width=&raquo;3&#8243;][vc_column_text]<strong>Her har vi fors\u00f8kt \u00e5 gi svar p\u00e5 de mest viktige sp\u00f8rsm\u00e5lene. Om du lurer p\u00e5 noe annet n\u00f8l ikke med \u00e5 kontakte oss!<\/strong>[\/vc_column_text][\/vc_column][\/vc_row][vc_row][vc_column]\n<div class=\"wpcf7 no-js\" id=\"wpcf7-f36273-o1\" lang=\"nb-NO\" dir=\"ltr\">\n<div class=\"screen-reader-response\"><p role=\"status\" aria-live=\"polite\" aria-atomic=\"true\"><\/p> <ul><\/ul><\/div>\n<form action=\"\/no\/wp-json\/wp\/v2\/pages\/15351#wpcf7-f36273-o1\" method=\"post\" class=\"wpcf7-form init\" aria-label=\"Kontaktskjema\" novalidate=\"novalidate\" data-status=\"init\">\n<div style=\"display: none;\">\n<input type=\"hidden\" name=\"_wpcf7\" value=\"36273\" \/>\n<input type=\"hidden\" name=\"_wpcf7_version\" value=\"5.8\" \/>\n<input type=\"hidden\" name=\"_wpcf7_locale\" value=\"nb_NO\" \/>\n<input type=\"hidden\" name=\"_wpcf7_unit_tag\" value=\"wpcf7-f36273-o1\" \/>\n<input type=\"hidden\" name=\"_wpcf7_container_post\" value=\"0\" \/>\n<input type=\"hidden\" name=\"_wpcf7_posted_data_hash\" value=\"\" \/>\n<input type=\"hidden\" name=\"_wpcf7_recaptcha_response\" value=\"\" \/>\n<\/div>\n<div class=\"form-group\">\n\t<p><label class=\"required\" for=\"yourName\">Navnet ditt<\/label><br \/>\n<span class=\"wpcf7-form-control-wrap\" data-name=\"your-name\"><input size=\"40\" class=\"wpcf7-form-control wpcf7-text wpcf7-validates-as-required form-control\" aria-required=\"true\" aria-invalid=\"false\" value=\"\" type=\"text\" name=\"your-name\" \/><\/span>\n\t<\/p>\n<\/div>\n<div class=\"form-group\">\n\t<p><label class=\"required\" for=\"yourEmail\">Din epost<\/label><br \/>\n<span class=\"wpcf7-form-control-wrap\" data-name=\"your-email\"><input size=\"40\" class=\"wpcf7-form-control wpcf7-email wpcf7-validates-as-required wpcf7-text wpcf7-validates-as-email form-control\" aria-required=\"true\" aria-invalid=\"false\" value=\"\" type=\"email\" name=\"your-email\" \/><\/span>\n\t<\/p>\n<\/div>\n<div class=\"form-group\">\n\t<p><label class=\"required\" for=\"yourPhone\">Din telefon<\/label><br \/>\n<span class=\"wpcf7-form-control-wrap\" data-name=\"tel-179\"><input size=\"40\" class=\"wpcf7-form-control wpcf7-tel wpcf7-validates-as-required wpcf7-text wpcf7-validates-as-tel form-control\" aria-required=\"true\" aria-invalid=\"false\" value=\"\" type=\"tel\" name=\"tel-179\" \/><\/span>\n\t<\/p>\n<\/div>\n<div class=\"form-group\">\n\t<p><label class=\"required\" for=\"yourSubject\">Emne<\/label><br \/>\n<span class=\"wpcf7-form-control-wrap\" data-name=\"your-subject\"><input size=\"40\" class=\"wpcf7-form-control wpcf7-text wpcf7-validates-as-required form-control\" aria-required=\"true\" aria-invalid=\"false\" value=\"\" type=\"text\" name=\"your-subject\" \/><\/span>\n\t<\/p>\n<\/div>\n<div class=\"form-group\">\n\t<p><label class=\"required\" for=\"yourMessage\">Din beskjed <\/label><br \/>\n<span class=\"wpcf7-form-control-wrap\" data-name=\"your-message\"><textarea cols=\"40\" rows=\"10\" class=\"wpcf7-form-control wpcf7-textarea wpcf7-validates-as-required form-control\" aria-required=\"true\" aria-invalid=\"false\" name=\"your-message\"><\/textarea><\/span>\n\t<\/p>\n<\/div>\n<div class=\"form-group\">\n\t<p><input class=\"wpcf7-form-control wpcf7-submit has-spinner btn btn-primary btn-lg\" type=\"submit\" value=\"Send\" \/>\n\t<\/p>\n<\/div><p style=\"display: none !important;\"><label>&#916;<textarea name=\"_wpcf7_ak_hp_textarea\" cols=\"45\" rows=\"8\" maxlength=\"100\"><\/textarea><\/label><input type=\"hidden\" id=\"ak_js_1\" name=\"_wpcf7_ak_js\" value=\"73\"\/><script>document.getElementById( \"ak_js_1\" ).setAttribute( \"value\", ( new Date() ).getTime() );<\/script><\/p><div class=\"wpcf7-response-output\" aria-hidden=\"true\"><\/div>\n<\/form>\n<\/div>\n[\/vc_column][\/vc_row]<\/p>\n","protected":false},"excerpt":{"rendered":"<p>[vc_row][vc_column][vc_column_text] Vanlige sp\u00f8rsm\u00e5l [\/vc_column_text][\/vc_column][\/vc_row][vc_row][vc_column][vc_toggle title=&raquo;Hvordan er den generelle oppfatningen til lokalbefolkingen mot utlendinger? &raquo; el_id=&raquo;1457563269545-df1d9b94-9d5e&raquo;]\u00c5 \u00f8nske alle gjester velkommen er en del av tyrkiske kulturen. Du kan v\u00e6re sikker p\u00e5 at du kommer \u00e5 f\u00f8le deg like bra som i ditt eget land (om ikke mer) hver gang du bes\u00f8ker Tyrkia.[\/vc_toggle][vc_toggle title=&raquo;Er det n\u00f8dvendig \u00e5 [&hellip;]<\/p>\n","protected":false},"author":1,"featured_media":0,"parent":0,"menu_order":0,"comment_status":"closed","ping_status":"closed","template":"","meta":[],"yoast_head":"<!-- This site is optimized with the Yoast SEO plugin v21.0 - https:\/\/yoast.com\/wordpress\/plugins\/seo\/ -->\n<title>Vanlige sp\u00f8rsm\u00e5l - ScanGroup Homes<\/title>\n<meta name=\"robots\" content=\"index, follow, max-snippet:-1, max-image-preview:large, max-video-preview:-1\" \/>\n<link rel=\"canonical\" href=\"https:\/\/www.scangrouphomes.com\/no\/faq\/\" \/>\n<meta property=\"og:locale\" content=\"nb_NO\" \/>\n<meta property=\"og:type\" content=\"article\" \/>\n<meta property=\"og:title\" content=\"Vanlige sp\u00f8rsm\u00e5l - ScanGroup Homes\" \/>\n<meta property=\"og:description\" content=\"[vc_row][vc_column][vc_column_text] Vanlige sp\u00f8rsm\u00e5l [\/vc_column_text][\/vc_column][\/vc_row][vc_row][vc_column][vc_toggle title=&raquo;Hvordan er den generelle oppfatningen til lokalbefolkingen mot utlendinger? &raquo; el_id=&raquo;1457563269545-df1d9b94-9d5e&raquo;]\u00c5 \u00f8nske alle gjester velkommen er en del av tyrkiske kulturen. Du kan v\u00e6re sikker p\u00e5 at du kommer \u00e5 f\u00f8le deg like bra som i ditt eget land (om ikke mer) hver gang du bes\u00f8ker Tyrkia.[\/vc_toggle][vc_toggle title=&raquo;Er det n\u00f8dvendig \u00e5 [&hellip;]\" \/>\n<meta property=\"og:url\" content=\"https:\/\/www.scangrouphomes.com\/no\/faq\/\" \/>\n<meta property=\"og:site_name\" content=\"ScanGroup Homes\" \/>\n<meta property=\"article:modified_time\" content=\"2020-02-03T11:37:34+00:00\" \/>\n<meta name=\"twitter:card\" content=\"summary_large_image\" \/>\n<meta name=\"twitter:label1\" content=\"Ansl. lesetid\" \/>\n\t<meta name=\"twitter:data1\" content=\"5 minutter\" \/>\n<script type=\"application\/ld+json\" class=\"yoast-schema-graph\">{\"@context\":\"https:\/\/schema.org\",\"@graph\":[{\"@type\":\"WebPage\",\"@id\":\"https:\/\/www.scangrouphomes.com\/no\/faq\/\",\"url\":\"https:\/\/www.scangrouphomes.com\/no\/faq\/\",\"name\":\"Vanlige sp\u00f8rsm\u00e5l - ScanGroup Homes\",\"isPartOf\":{\"@id\":\"https:\/\/www.scangrouphomes.com\/no\/#website\"},\"datePublished\":\"2016-03-09T22:42:13+00:00\",\"dateModified\":\"2020-02-03T11:37:34+00:00\",\"breadcrumb\":{\"@id\":\"https:\/\/www.scangrouphomes.com\/no\/faq\/#breadcrumb\"},\"inLanguage\":\"nb-NO\",\"potentialAction\":[{\"@type\":\"ReadAction\",\"target\":[\"https:\/\/www.scangrouphomes.com\/no\/faq\/\"]}]},{\"@type\":\"BreadcrumbList\",\"@id\":\"https:\/\/www.scangrouphomes.com\/no\/faq\/#breadcrumb\",\"itemListElement\":[{\"@type\":\"ListItem\",\"position\":1,\"name\":\"Home\",\"item\":\"https:\/\/www.scangrouphomes.com\/no\/\"},{\"@type\":\"ListItem\",\"position\":2,\"name\":\"Vanlige sp\u00f8rsm\u00e5l\"}]},{\"@type\":\"WebSite\",\"@id\":\"https:\/\/www.scangrouphomes.com\/no\/#website\",\"url\":\"https:\/\/www.scangrouphomes.com\/no\/\",\"name\":\"ScanGroup Homes\",\"description\":\"Property in Alanya Turkey real estate apartments villas buying property Antalya\",\"potentialAction\":[{\"@type\":\"SearchAction\",\"target\":{\"@type\":\"EntryPoint\",\"urlTemplate\":\"https:\/\/www.scangrouphomes.com\/no\/?s={search_term_string}\"},\"query-input\":\"required name=search_term_string\"}],\"inLanguage\":\"nb-NO\"}]}<\/script>\n<!-- \/ Yoast SEO plugin. -->","yoast_head_json":{"title":"Vanlige sp\u00f8rsm\u00e5l - ScanGroup Homes","robots":{"index":"index","follow":"follow","max-snippet":"max-snippet:-1","max-image-preview":"max-image-preview:large","max-video-preview":"max-video-preview:-1"},"canonical":"https:\/\/www.scangrouphomes.com\/no\/faq\/","og_locale":"nb_NO","og_type":"article","og_title":"Vanlige sp\u00f8rsm\u00e5l - ScanGroup Homes","og_description":"[vc_row][vc_column][vc_column_text] Vanlige sp\u00f8rsm\u00e5l [\/vc_column_text][\/vc_column][\/vc_row][vc_row][vc_column][vc_toggle title=&raquo;Hvordan er den generelle oppfatningen til lokalbefolkingen mot utlendinger? &raquo; el_id=&raquo;1457563269545-df1d9b94-9d5e&raquo;]\u00c5 \u00f8nske alle gjester velkommen er en del av tyrkiske kulturen. Du kan v\u00e6re sikker p\u00e5 at du kommer \u00e5 f\u00f8le deg like bra som i ditt eget land (om ikke mer) hver gang du bes\u00f8ker Tyrkia.[\/vc_toggle][vc_toggle title=&raquo;Er det n\u00f8dvendig \u00e5 [&hellip;]","og_url":"https:\/\/www.scangrouphomes.com\/no\/faq\/","og_site_name":"ScanGroup Homes","article_modified_time":"2020-02-03T11:37:34+00:00","twitter_card":"summary_large_image","twitter_misc":{"Ansl. lesetid":"5 minutter"},"schema":{"@context":"https:\/\/schema.org","@graph":[{"@type":"WebPage","@id":"https:\/\/www.scangrouphomes.com\/no\/faq\/","url":"https:\/\/www.scangrouphomes.com\/no\/faq\/","name":"Vanlige sp\u00f8rsm\u00e5l - ScanGroup Homes","isPartOf":{"@id":"https:\/\/www.scangrouphomes.com\/no\/#website"},"datePublished":"2016-03-09T22:42:13+00:00","dateModified":"2020-02-03T11:37:34+00:00","breadcrumb":{"@id":"https:\/\/www.scangrouphomes.com\/no\/faq\/#breadcrumb"},"inLanguage":"nb-NO","potentialAction":[{"@type":"ReadAction","target":["https:\/\/www.scangrouphomes.com\/no\/faq\/"]}]},{"@type":"BreadcrumbList","@id":"https:\/\/www.scangrouphomes.com\/no\/faq\/#breadcrumb","itemListElement":[{"@type":"ListItem","position":1,"name":"Home","item":"https:\/\/www.scangrouphomes.com\/no\/"},{"@type":"ListItem","position":2,"name":"Vanlige sp\u00f8rsm\u00e5l"}]},{"@type":"WebSite","@id":"https:\/\/www.scangrouphomes.com\/no\/#website","url":"https:\/\/www.scangrouphomes.com\/no\/","name":"ScanGroup Homes","description":"Property in Alanya Turkey real estate apartments villas buying property Antalya","potentialAction":[{"@type":"SearchAction","target":{"@type":"EntryPoint","urlTemplate":"https:\/\/www.scangrouphomes.com\/no\/?s={search_term_string}"},"query-input":"required name=search_term_string"}],"inLanguage":"nb-NO"}]}},"_links":{"self":[{"href":"https:\/\/www.scangrouphomes.com\/no\/wp-json\/wp\/v2\/pages\/15351"}],"collection":[{"href":"https:\/\/www.scangrouphomes.com\/no\/wp-json\/wp\/v2\/pages"}],"about":[{"href":"https:\/\/www.scangrouphomes.com\/no\/wp-json\/wp\/v2\/types\/page"}],"author":[{"embeddable":true,"href":"https:\/\/www.scangrouphomes.com\/no\/wp-json\/wp\/v2\/users\/1"}],"replies":[{"embeddable":true,"href":"https:\/\/www.scangrouphomes.com\/no\/wp-json\/wp\/v2\/comments?post=15351"}],"version-history":[{"count":4,"href":"https:\/\/www.scangrouphomes.com\/no\/wp-json\/wp\/v2\/pages\/15351\/revisions"}],"predecessor-version":[{"id":16130,"href":"https:\/\/www.scangrouphomes.com\/no\/wp-json\/wp\/v2\/pages\/15351\/revisions\/16130"}],"wp:attachment":[{"href":"https:\/\/www.scangrouphomes.com\/no\/wp-json\/wp\/v2\/media?parent=15351"}],"curies":[{"name":"wp","href":"https:\/\/api.w.org\/{rel}","templated":true}]}}