{"id":15341,"date":"2019-12-18T10:58:22","date_gmt":"2019-12-18T10:58:22","guid":{"rendered":"https:\/\/sgh.alanya.work\/buying-property-in-turkey\/"},"modified":"2020-02-03T10:27:25","modified_gmt":"2020-02-03T10:27:25","slug":"kjope-bolig-i-tyrkia","status":"publish","type":"page","link":"https:\/\/www.scangrouphomes.com\/no\/kjope-bolig-i-tyrkia\/","title":{"rendered":"Kj\u00f8pe Bolig i Tyrkia"},"content":{"rendered":"<p>[vc_row][vc_column][vc_column_text]<strong>Kj\u00f8psprosessen<\/strong><\/p>\n<p>i Tyrkia er meget lik kj\u00f8psprosessen i mange andre europeiske land. Et depositum er betalt ved kontraktsinng\u00e5else, og sluttbetalingen gj\u00f8res i forbindelse med overf\u00f8ringen av skj\u00f8tet.<\/p>\n<p><strong>DOKUMENTER SOM KREVES:<\/strong><\/p>\n<p>Pass og kopi av passet<\/p>\n<p>6 passfoto<\/p>\n<p>Bankkonto i tyrkisk bank<\/p>\n<p>Tyrkisk skattenummer<\/p>\n<p>Fullmektig med en engangs-fullmakt gitt hos notarius slik at vi kan sluttf\u00f8re handelen for deg i tilfelle du m\u00e5 reise hjem f\u00f8r alt er klart<\/p>\n<p>&nbsp;<\/p>\n<p><strong>KOSTNADER SOM TILKOMMER VED KJ\u00d8P<\/strong><\/p>\n<ul>\n<li>Fullmakt: ca. 100 Euro<\/li>\n<li>Oversetter: ca 50 Euro<\/li>\n<li>Foto : ca 10 Euro<\/li>\n<li>Skj\u00f8te kostnad: 4% av takserings verdi<\/li>\n<\/ul>\n<p>&nbsp;<\/p>\n<p><strong>KONTRAKTEN<\/strong><\/p>\n<p>N\u00e5r du har bestemt deg for \u00e5 kj\u00f8pe dr\u00f8mmeboligen din, vil det bli opprettet en kj\u00f8psavtale og du betaler et depositum. N\u00e5r alle parter har signert kontrakten og betalingen av depositumet, blir kontrakten bindende. Innskuddsbel\u00f8pet varierer fra eiendom til eiendom, men som hovedregel setter du et innskudd p\u00e5 opptil 10% av kj\u00f8pesummen. Hvis du senere bestemmer deg for \u00e5 kansellere kontrakten din, mister du innskuddet. Imidlertid, hvis selger trekker seg fra avtalen, har du krav p\u00e5 refusjon av depositumet du betalte, da vil det ogs\u00e5 bli gjeldende en straffeklausul i slike tilfeller. Vi, i Scan Group Homes, hjelper deg \u00e5 gjennomg\u00e5 avtalevilk\u00e5rene f\u00f8r du signerer den.<\/p>\n<p>&nbsp;<\/p>\n<p><strong>FULLF\u00d8RINGEN<\/strong><\/p>\n<p>Ved ferdigstillelse, vil b\u00e5de kj\u00f8per og selger (eller fullmektigen) m\u00f8te personlig p\u00e5 det lokale eiendomsmeglingskontoret for overf\u00f8ring av eiendeler. Denne prosessen tar vanligvis bare en time og en representant er tilstede under prosessen. Utenlandske kj\u00f8pere m\u00e5 ha en offisiell oversetter tilstede. Kj\u00f8per skal ved lov betale skatter og avgifter f\u00f8r det endelige skj\u00f8tet blir signert. N\u00e5r alle parter har signert kontrakten, avsluttes prosessen og salget er fullf\u00f8rt. Signering av dette dokumentet betyr at eiendommen og eierskapet n\u00e5 er overf\u00f8rt til den nye kj\u00f8peren, og kj\u00f8peren vil bli registrert i Eiendomsregisteret. Ved overf\u00f8ring av skj\u00f8te m\u00e5 total salssum ha blitt betalt til selgeren.<\/p>\n<p>&nbsp;<\/p>\n<p><strong>SKJ\u00d8TE: TAPU P\u00c5 TYRKISK<\/strong><\/p>\n<p>Et TAPU er et offesielt dokument som viser at du eier alle rettighetene til boligen. Eierens hele navn og bilde og detaljert informasjon om eiendelene vises p\u00e5 dette dokumentet.[\/vc_column_text][\/vc_column][\/vc_row][vc_row][vc_column][vc_separator color=&raquo;orange&raquo; style=&raquo;shadow&raquo; border_width=&raquo;3&#8243;][\/vc_column][\/vc_row][vc_row][vc_column]\n<div class=\"wpcf7 no-js\" id=\"wpcf7-f36273-o1\" lang=\"nb-NO\" dir=\"ltr\">\n<div class=\"screen-reader-response\"><p role=\"status\" aria-live=\"polite\" aria-atomic=\"true\"><\/p> <ul><\/ul><\/div>\n<form action=\"\/no\/wp-json\/wp\/v2\/pages\/15341#wpcf7-f36273-o1\" method=\"post\" class=\"wpcf7-form init\" aria-label=\"Kontaktskjema\" novalidate=\"novalidate\" data-status=\"init\">\n<div style=\"display: none;\">\n<input type=\"hidden\" name=\"_wpcf7\" value=\"36273\" \/>\n<input type=\"hidden\" name=\"_wpcf7_version\" value=\"5.8\" \/>\n<input type=\"hidden\" name=\"_wpcf7_locale\" value=\"nb_NO\" \/>\n<input type=\"hidden\" name=\"_wpcf7_unit_tag\" value=\"wpcf7-f36273-o1\" \/>\n<input type=\"hidden\" name=\"_wpcf7_container_post\" value=\"0\" \/>\n<input type=\"hidden\" name=\"_wpcf7_posted_data_hash\" value=\"\" \/>\n<input type=\"hidden\" name=\"_wpcf7_recaptcha_response\" value=\"\" \/>\n<\/div>\n<div class=\"form-group\">\n\t<p><label class=\"required\" for=\"yourName\">Navnet ditt<\/label><br \/>\n<span class=\"wpcf7-form-control-wrap\" data-name=\"your-name\"><input size=\"40\" class=\"wpcf7-form-control wpcf7-text wpcf7-validates-as-required form-control\" aria-required=\"true\" aria-invalid=\"false\" value=\"\" type=\"text\" name=\"your-name\" \/><\/span>\n\t<\/p>\n<\/div>\n<div class=\"form-group\">\n\t<p><label class=\"required\" for=\"yourEmail\">Din epost<\/label><br \/>\n<span class=\"wpcf7-form-control-wrap\" data-name=\"your-email\"><input size=\"40\" class=\"wpcf7-form-control wpcf7-email wpcf7-validates-as-required wpcf7-text wpcf7-validates-as-email form-control\" aria-required=\"true\" aria-invalid=\"false\" value=\"\" type=\"email\" name=\"your-email\" \/><\/span>\n\t<\/p>\n<\/div>\n<div class=\"form-group\">\n\t<p><label class=\"required\" for=\"yourPhone\">Din telefon<\/label><br \/>\n<span class=\"wpcf7-form-control-wrap\" data-name=\"tel-179\"><input size=\"40\" class=\"wpcf7-form-control wpcf7-tel wpcf7-validates-as-required wpcf7-text wpcf7-validates-as-tel form-control\" aria-required=\"true\" aria-invalid=\"false\" value=\"\" type=\"tel\" name=\"tel-179\" \/><\/span>\n\t<\/p>\n<\/div>\n<div class=\"form-group\">\n\t<p><label class=\"required\" for=\"yourSubject\">Emne<\/label><br \/>\n<span class=\"wpcf7-form-control-wrap\" data-name=\"your-subject\"><input size=\"40\" class=\"wpcf7-form-control wpcf7-text wpcf7-validates-as-required form-control\" aria-required=\"true\" aria-invalid=\"false\" value=\"\" type=\"text\" name=\"your-subject\" \/><\/span>\n\t<\/p>\n<\/div>\n<div class=\"form-group\">\n\t<p><label class=\"required\" for=\"yourMessage\">Din beskjed <\/label><br \/>\n<span class=\"wpcf7-form-control-wrap\" data-name=\"your-message\"><textarea cols=\"40\" rows=\"10\" class=\"wpcf7-form-control wpcf7-textarea wpcf7-validates-as-required form-control\" aria-required=\"true\" aria-invalid=\"false\" name=\"your-message\"><\/textarea><\/span>\n\t<\/p>\n<\/div>\n<div class=\"form-group\">\n\t<p><input class=\"wpcf7-form-control wpcf7-submit has-spinner btn btn-primary btn-lg\" type=\"submit\" value=\"Send\" \/>\n\t<\/p>\n<\/div><p style=\"display: none !important;\"><label>&#916;<textarea name=\"_wpcf7_ak_hp_textarea\" cols=\"45\" rows=\"8\" maxlength=\"100\"><\/textarea><\/label><input type=\"hidden\" id=\"ak_js_1\" name=\"_wpcf7_ak_js\" value=\"114\"\/><script>document.getElementById( \"ak_js_1\" ).setAttribute( \"value\", ( new Date() ).getTime() );<\/script><\/p><div class=\"wpcf7-response-output\" aria-hidden=\"true\"><\/div>\n<\/form>\n<\/div>\n[\/vc_column][\/vc_row][vc_row][vc_column][vc_separator color=&raquo;orange&raquo; style=&raquo;shadow&raquo; border_width=&raquo;3&#8243;]\n        <!--start agents module-->\n        \n            \n        <script type=\"text\/javascript\">\n            jQuery(document).ready(function($){\n                if($(\"#agents-carousel-zkzmg\").length > 0){\n                    var owlAgents = $('#agents-carousel-zkzmg');\n                    owlAgents.owlCarousel({\n                        rtl: false,\n                        loop: true,\n                        dots: false,\n                        slideBy: 1,\n                        autoplay: true,\n                        autoplaySpeed: 700,\n                        nav: false,\n                        responsive:{\n                            0: {\n                                items: 1\n                            },\n                            320: {\n                                items: 1\n                            },\n                            480: {\n                                items: 1\n                            },\n                            768: {\n                                items: 2\n                            },\n                            1000: {\n                                items: 3\n                            },\n                            1280: {\n                                items: 4\n                            }\n                        }\n                    });\n\n                    $('.btn-prev-agents').on('click',function() {\n                        owlAgents.trigger('prev.owl.carousel',[700])\n                    });\n                    $('.btn-next-agents').on('click',function() {\n                        owlAgents.trigger('next.owl.carousel',[700])\n                    });\n\n                }\n            });\n        <\/script>\n\n        <div id=\"agents-carousel-module\" class=\"houzez-module agents-carousel-module\">\n            <div class=\"row\">\n                <div class=\"col-sm-12\">\n                    <div class=\"module-title-nav clearfix\">\n\n                        \n                        <div class=\"module-nav\">\n                            <button\n                                class=\"btn btn-carousel btn-sm btn-prev-agents\">F\u00f8rre<\/button>\n                            <button\n                                class=\"btn btn-carousel btn-sm btn-next-agents\">Neste<\/button>\n                        <\/div>\n                    <\/div>\n                <\/div>\n                <div class=\"col-sm-12\">\n                    <div id=\"agents-carousel-zkzmg\" class=\"agents-carousel slide-animated owl-carousel owl-theme\">\n\n                                                    <div class=\"item\">\n                                <div class=\"agents-block\">\n                                    <figure class=\"auther-thumb\">\n                                        <a href=\"https:\/\/www.scangrouphomes.com\/no\/agent\/mahmut-kaya\/\"\n                                           class=\"view\">\n                                        <img src=\"https:\/\/i0.wp.com\/www.scangrouphomes.com\/wp-content\/uploads\/2016\/02\/mahmut-kaya-640.jpg?resize=350%2C350&#038;ssl=1\" class=\"img-circle\" width=\"150\"\n                                             height=\"150\" alt=\"Mahmut Kaya\">\n                                        <\/a>\n                                    <\/figure>\n\n                                        <div class=\"web-logo text-center\">\n                                                                                <\/div>\n\n                                    <div class=\"block-body\">\n                                        <p class=\"auther-info\">\n                                            <span class=\"blue\">Mahmut Kaya<\/span>\n                                            <span>Founder &amp; Ceo                                                                                            , Scangrouphomes<\/span>\n                                                                                    <\/p>\n\n                                        <p class=\"description\"><\/p>\n                                        <a href=\"https:\/\/www.scangrouphomes.com\/no\/agent\/mahmut-kaya\/\"\n                                           class=\"view\">Standardvising<\/a>\n                                    <\/div>\n                                <\/div>\n                            <\/div>\n                                                    <div class=\"item\">\n                                <div class=\"agents-block\">\n                                    <figure class=\"auther-thumb\">\n                                        <a href=\"https:\/\/www.scangrouphomes.com\/no\/agent\/tugba-kaya\/\"\n                                           class=\"view\">\n                                        <img src=\"https:\/\/i0.wp.com\/www.scangrouphomes.com\/wp-content\/uploads\/2021\/04\/tugba-kaya-640.jpg?resize=350%2C350&#038;ssl=1\" class=\"img-circle\" width=\"150\"\n                                             height=\"150\" alt=\"Tu\u011fba Kaya\">\n                                        <\/a>\n                                    <\/figure>\n\n                                        <div class=\"web-logo text-center\">\n                                                                                <\/div>\n\n                                    <div class=\"block-body\">\n                                        <p class=\"auther-info\">\n                                            <span class=\"blue\">Tu\u011fba Kaya<\/span>\n                                            <span>Office Manager                                                                                            , Scangrouphomes<\/span>\n                                                                                    <\/p>\n\n                                        <p class=\"description\"><\/p>\n                                        <a href=\"https:\/\/www.scangrouphomes.com\/no\/agent\/tugba-kaya\/\"\n                                           class=\"view\">Standardvising<\/a>\n                                    <\/div>\n                                <\/div>\n                            <\/div>\n                                                \n                    <\/div>\n                <\/div>\n            <\/div>\n        <\/div>\n\n            <!--end post agents module-->\n\n\n        [\/vc_column][\/vc_row][vc_row full_width=&raquo;stretch_row_content_no_spaces&raquo;][vc_column][vc_gmaps link=&raquo;#E-8_JTNDaWZyYW1lJTIwc3JjJTNEJTIyaHR0cHMlM0ElMkYlMkZ3d3cuZ29vZ2xlLmNvbSUyRm1hcHMlMkZlbWJlZCUzRnBiJTNEJTIxMW0xNCUyMTFtOCUyMTFtMyUyMTFkMTI4MjEuOTUxMjM2MjY4MTE2JTIxMmQzMi4wMjkwNTAyJTIxM2QzNi41NDIzNDk0JTIxM20yJTIxMWkxMDI0JTIxMmk3NjglMjE0ZjEzLjElMjEzbTMlMjExbTIlMjExczB4MCUyNTNBMHgzZTNhYzc1YzVlZDE2NGUwJTIxMnNTY2FuZ3JvdXAlMjUyMEhvbWVzJTIxNWUwJTIxM20yJTIxMXN0ciUyMTJzdHIlMjE0djE1NzY2NjAzNjczMzQlMjE1bTIlMjExc3RyJTIxMnN0ciUyMiUyMHdpZHRoJTNEJTIyNjAwJTIyJTIwaGVpZ2h0JTNEJTIyNDUwJTIyJTIwZnJhbWVib3JkZXIlM0QlMjIwJTIyJTIwc3R5bGUlM0QlMjJib3JkZXIlM0EwJTNCJTIyJTIwYWxsb3dmdWxsc2NyZWVuJTNEJTIyJTIyJTNFJTNDJTJGaWZyYW1lJTNF&raquo;][\/vc_column][\/vc_row]<\/p>\n","protected":false},"excerpt":{"rendered":"<p>[vc_row][vc_column][vc_column_text]Kj\u00f8psprosessen i Tyrkia er meget lik kj\u00f8psprosessen i mange andre europeiske land. Et depositum er betalt ved kontraktsinng\u00e5else, og sluttbetalingen gj\u00f8res i forbindelse med overf\u00f8ringen av skj\u00f8tet. DOKUMENTER SOM KREVES: Pass og kopi av passet 6 passfoto Bankkonto i tyrkisk bank Tyrkisk skattenummer Fullmektig med en engangs-fullmakt gitt hos notarius slik at vi kan sluttf\u00f8re [&hellip;]<\/p>\n","protected":false},"author":1,"featured_media":0,"parent":0,"menu_order":0,"comment_status":"closed","ping_status":"closed","template":"template\/template-page.php","meta":[],"yoast_head":"<!-- This site is optimized with the Yoast SEO plugin v21.0 - https:\/\/yoast.com\/wordpress\/plugins\/seo\/ -->\n<title>Kj\u00f8pe Bolig i Tyrkia - ScanGroup Homes<\/title>\n<meta name=\"robots\" content=\"index, follow, max-snippet:-1, max-image-preview:large, max-video-preview:-1\" \/>\n<link rel=\"canonical\" href=\"https:\/\/www.scangrouphomes.com\/no\/kjope-bolig-i-tyrkia\/\" \/>\n<meta property=\"og:locale\" content=\"nb_NO\" \/>\n<meta property=\"og:type\" content=\"article\" \/>\n<meta property=\"og:title\" content=\"Kj\u00f8pe Bolig i Tyrkia - ScanGroup Homes\" \/>\n<meta property=\"og:description\" content=\"[vc_row][vc_column][vc_column_text]Kj\u00f8psprosessen i Tyrkia er meget lik kj\u00f8psprosessen i mange andre europeiske land. Et depositum er betalt ved kontraktsinng\u00e5else, og sluttbetalingen gj\u00f8res i forbindelse med overf\u00f8ringen av skj\u00f8tet. DOKUMENTER SOM KREVES: Pass og kopi av passet 6 passfoto Bankkonto i tyrkisk bank Tyrkisk skattenummer Fullmektig med en engangs-fullmakt gitt hos notarius slik at vi kan sluttf\u00f8re [&hellip;]\" \/>\n<meta property=\"og:url\" content=\"https:\/\/www.scangrouphomes.com\/no\/kjope-bolig-i-tyrkia\/\" \/>\n<meta property=\"og:site_name\" content=\"ScanGroup Homes\" \/>\n<meta property=\"article:modified_time\" content=\"2020-02-03T10:27:25+00:00\" \/>\n<meta name=\"twitter:card\" content=\"summary_large_image\" \/>\n<meta name=\"twitter:label1\" content=\"Ansl. lesetid\" \/>\n\t<meta name=\"twitter:data1\" content=\"3 minutter\" \/>\n<script type=\"application\/ld+json\" class=\"yoast-schema-graph\">{\"@context\":\"https:\/\/schema.org\",\"@graph\":[{\"@type\":\"WebPage\",\"@id\":\"https:\/\/www.scangrouphomes.com\/no\/kjope-bolig-i-tyrkia\/\",\"url\":\"https:\/\/www.scangrouphomes.com\/no\/kjope-bolig-i-tyrkia\/\",\"name\":\"Kj\u00f8pe Bolig i Tyrkia - ScanGroup Homes\",\"isPartOf\":{\"@id\":\"https:\/\/www.scangrouphomes.com\/no\/#website\"},\"datePublished\":\"2019-12-18T10:58:22+00:00\",\"dateModified\":\"2020-02-03T10:27:25+00:00\",\"breadcrumb\":{\"@id\":\"https:\/\/www.scangrouphomes.com\/no\/kjope-bolig-i-tyrkia\/#breadcrumb\"},\"inLanguage\":\"nb-NO\",\"potentialAction\":[{\"@type\":\"ReadAction\",\"target\":[\"https:\/\/www.scangrouphomes.com\/no\/kjope-bolig-i-tyrkia\/\"]}]},{\"@type\":\"BreadcrumbList\",\"@id\":\"https:\/\/www.scangrouphomes.com\/no\/kjope-bolig-i-tyrkia\/#breadcrumb\",\"itemListElement\":[{\"@type\":\"ListItem\",\"position\":1,\"name\":\"Home\",\"item\":\"https:\/\/www.scangrouphomes.com\/no\/\"},{\"@type\":\"ListItem\",\"position\":2,\"name\":\"Kj\u00f8pe Bolig i Tyrkia\"}]},{\"@type\":\"WebSite\",\"@id\":\"https:\/\/www.scangrouphomes.com\/no\/#website\",\"url\":\"https:\/\/www.scangrouphomes.com\/no\/\",\"name\":\"ScanGroup Homes\",\"description\":\"Property in Alanya Turkey real estate apartments villas buying property Antalya\",\"potentialAction\":[{\"@type\":\"SearchAction\",\"target\":{\"@type\":\"EntryPoint\",\"urlTemplate\":\"https:\/\/www.scangrouphomes.com\/no\/?s={search_term_string}\"},\"query-input\":\"required name=search_term_string\"}],\"inLanguage\":\"nb-NO\"}]}<\/script>\n<!-- \/ Yoast SEO plugin. -->","yoast_head_json":{"title":"Kj\u00f8pe Bolig i Tyrkia - ScanGroup Homes","robots":{"index":"index","follow":"follow","max-snippet":"max-snippet:-1","max-image-preview":"max-image-preview:large","max-video-preview":"max-video-preview:-1"},"canonical":"https:\/\/www.scangrouphomes.com\/no\/kjope-bolig-i-tyrkia\/","og_locale":"nb_NO","og_type":"article","og_title":"Kj\u00f8pe Bolig i Tyrkia - ScanGroup Homes","og_description":"[vc_row][vc_column][vc_column_text]Kj\u00f8psprosessen i Tyrkia er meget lik kj\u00f8psprosessen i mange andre europeiske land. Et depositum er betalt ved kontraktsinng\u00e5else, og sluttbetalingen gj\u00f8res i forbindelse med overf\u00f8ringen av skj\u00f8tet. DOKUMENTER SOM KREVES: Pass og kopi av passet 6 passfoto Bankkonto i tyrkisk bank Tyrkisk skattenummer Fullmektig med en engangs-fullmakt gitt hos notarius slik at vi kan sluttf\u00f8re [&hellip;]","og_url":"https:\/\/www.scangrouphomes.com\/no\/kjope-bolig-i-tyrkia\/","og_site_name":"ScanGroup Homes","article_modified_time":"2020-02-03T10:27:25+00:00","twitter_card":"summary_large_image","twitter_misc":{"Ansl. lesetid":"3 minutter"},"schema":{"@context":"https:\/\/schema.org","@graph":[{"@type":"WebPage","@id":"https:\/\/www.scangrouphomes.com\/no\/kjope-bolig-i-tyrkia\/","url":"https:\/\/www.scangrouphomes.com\/no\/kjope-bolig-i-tyrkia\/","name":"Kj\u00f8pe Bolig i Tyrkia - ScanGroup Homes","isPartOf":{"@id":"https:\/\/www.scangrouphomes.com\/no\/#website"},"datePublished":"2019-12-18T10:58:22+00:00","dateModified":"2020-02-03T10:27:25+00:00","breadcrumb":{"@id":"https:\/\/www.scangrouphomes.com\/no\/kjope-bolig-i-tyrkia\/#breadcrumb"},"inLanguage":"nb-NO","potentialAction":[{"@type":"ReadAction","target":["https:\/\/www.scangrouphomes.com\/no\/kjope-bolig-i-tyrkia\/"]}]},{"@type":"BreadcrumbList","@id":"https:\/\/www.scangrouphomes.com\/no\/kjope-bolig-i-tyrkia\/#breadcrumb","itemListElement":[{"@type":"ListItem","position":1,"name":"Home","item":"https:\/\/www.scangrouphomes.com\/no\/"},{"@type":"ListItem","position":2,"name":"Kj\u00f8pe Bolig i Tyrkia"}]},{"@type":"WebSite","@id":"https:\/\/www.scangrouphomes.com\/no\/#website","url":"https:\/\/www.scangrouphomes.com\/no\/","name":"ScanGroup Homes","description":"Property in Alanya Turkey real estate apartments villas buying property Antalya","potentialAction":[{"@type":"SearchAction","target":{"@type":"EntryPoint","urlTemplate":"https:\/\/www.scangrouphomes.com\/no\/?s={search_term_string}"},"query-input":"required name=search_term_string"}],"inLanguage":"nb-NO"}]}},"_links":{"self":[{"href":"https:\/\/www.scangrouphomes.com\/no\/wp-json\/wp\/v2\/pages\/15341"}],"collection":[{"href":"https:\/\/www.scangrouphomes.com\/no\/wp-json\/wp\/v2\/pages"}],"about":[{"href":"https:\/\/www.scangrouphomes.com\/no\/wp-json\/wp\/v2\/types\/page"}],"author":[{"embeddable":true,"href":"https:\/\/www.scangrouphomes.com\/no\/wp-json\/wp\/v2\/users\/1"}],"replies":[{"embeddable":true,"href":"https:\/\/www.scangrouphomes.com\/no\/wp-json\/wp\/v2\/comments?post=15341"}],"version-history":[{"count":4,"href":"https:\/\/www.scangrouphomes.com\/no\/wp-json\/wp\/v2\/pages\/15341\/revisions"}],"predecessor-version":[{"id":16107,"href":"https:\/\/www.scangrouphomes.com\/no\/wp-json\/wp\/v2\/pages\/15341\/revisions\/16107"}],"wp:attachment":[{"href":"https:\/\/www.scangrouphomes.com\/no\/wp-json\/wp\/v2\/media?parent=15341"}],"curies":[{"name":"wp","href":"https:\/\/api.w.org\/{rel}","templated":true}]}}