{"id":15331,"date":"2019-12-18T10:05:56","date_gmt":"2019-12-18T10:05:56","guid":{"rendered":"https:\/\/sgh.alanya.work\/services\/"},"modified":"2020-02-12T03:59:20","modified_gmt":"2020-02-12T03:59:20","slug":"service","status":"publish","type":"page","link":"https:\/\/www.scangrouphomes.com\/no\/service\/","title":{"rendered":"Service"},"content":{"rendered":"<p>[vc_row css_animation=&raquo;fadeInUp&raquo; css=&raquo;.vc_custom_1581479423592{background-color: #efefef !important;}&raquo;][vc_column width=&raquo;1\/3&#8243; css=&raquo;.vc_custom_1581478411186{border-radius: 1px !important;}&raquo;][vc_single_image image=&raquo;14815&#8243; img_size=&raquo;full&raquo;][vc_custom_heading text=&raquo;Sjekk av leilighet<br \/>\n&raquo; font_container=&raquo;tag:h2|text_align:center|color:%239b7f51&#8243; use_theme_fonts=&raquo;yes&raquo;][vc_column_text]<\/p>\n<ul>\n<li>Hver m\u00e5ned blir leiligheten sjekket og luftet<\/li>\n<li>Str\u00f8m og vann blir sl\u00e5tt p\u00e5\/av f\u00f8r ankomst og etter avreise.<strong>\u00a0<\/strong><\/li>\n<\/ul>\n<p>[\/vc_column_text][\/vc_column][vc_column width=&raquo;1\/3&#8243;][vc_single_image image=&raquo;14821&#8243; img_size=&raquo;full&raquo;][vc_custom_heading text=&raquo;Utleie&raquo; font_container=&raquo;tag:h2|text_align:center|color:%239b7f51&#8243; use_theme_fonts=&raquo;yes&raquo;][vc_column_text]<\/p>\n<ul>\n<li>Vi kan leie ut leiligheten din<\/li>\n<li>Vi vil ivareta dine interesser, samt leietakerne, p\u00e5 beste m\u00e5te<\/li>\n<\/ul>\n<p>[\/vc_column_text][\/vc_column][vc_column width=&raquo;1\/3&#8243;][vc_single_image image=&raquo;14827&#8243; img_size=&raquo;370&#215;245&#8243;][vc_custom_heading text=&raquo;Betalingstjenester&raquo; font_container=&raquo;tag:h2|text_align:center|color:%239b7f51&#8243; use_theme_fonts=&raquo;yes&raquo;][vc_column_text]<\/p>\n<ul>\n<li>Proper payment of your expenses in Alanya each month<\/li>\n<li>Expences like electric, water, telephone, internet, taxes and insurance<\/li>\n<\/ul>\n<p>[\/vc_column_text][\/vc_column][\/vc_row][vc_row][vc_column][vc_empty_space height=&raquo;20&#8243;][vc_separator style=&raquo;shadow&raquo; border_width=&raquo;2&#8243;][vc_empty_space height=&raquo;20&#8243;][\/vc_column][\/vc_row][vc_row css_animation=&raquo;fadeInUp&raquo; css=&raquo;.vc_custom_1581479430644{background-color: #efefef !important;}&raquo;][vc_column width=&raquo;1\/3&#8243;][vc_single_image image=&raquo;14833&#8243; img_size=&raquo;370&#215;245&#8243;][vc_custom_heading text=&raquo;Innkj\u00f8p av m\u00f8bler&raquo; font_container=&raquo;tag:h2|text_align:center|color:%239b7f51&#8243; use_theme_fonts=&raquo;yes&raquo;][vc_column_text]<\/p>\n<ul>\n<li>Vi kan bist\u00e5 ved innkj\u00f8p av m\u00f8bler<\/li>\n<li>Assistere ved innkj\u00f8p av hvitevarer og brunevarer<\/li>\n<li>Vi har samarbeids partnere som kan tilby gode rabatter for v\u00e5re kunder<\/li>\n<\/ul>\n<p>[\/vc_column_text][\/vc_column][vc_column width=&raquo;1\/3&#8243;][vc_single_image image=&raquo;14839&#8243; img_size=&raquo;370&#215;245&#8243;][vc_custom_heading text=&raquo;Online System&raquo; font_container=&raquo;tag:h2|text_align:center|color:%239b7f51&#8243; use_theme_fonts=&raquo;yes&raquo;][vc_column_text]<\/p>\n<ul>\n<li>Tilgang til ditt egen konto med full oversikt<\/li>\n<li>Se alle betalinger fra\/til din depositumskonto<\/li>\n<li>Oversikt over balansen p\u00e5 kontoen<\/li>\n<\/ul>\n<p>[\/vc_column_text][\/vc_column][vc_column width=&raquo;1\/3&#8243;][vc_single_image image=&raquo;16490&#8243; img_size=&raquo;370&#215;245&#8243;][vc_custom_heading text=&raquo;Oversettelse&raquo; font_container=&raquo;tag:h2|text_align:center|color:%239b7f51&#8243; use_theme_fonts=&raquo;yes&raquo;][vc_column_text]<\/p>\n<ul>\n<li>Vi kan tilby oversettelse av offisielle og private dokumenter av en offisielt godkjent oversetter<\/li>\n<\/ul>\n<p>[\/vc_column_text][\/vc_column][\/vc_row][vc_row][vc_column][vc_empty_space height=&raquo;20&#8243;][vc_separator style=&raquo;shadow&raquo; border_width=&raquo;2&#8243;][vc_empty_space height=&raquo;20&#8243;][\/vc_column][\/vc_row][vc_row css_animation=&raquo;fadeInUp&raquo; css=&raquo;.vc_custom_1581479437567{background-color: #efefef !important;}&raquo;][vc_column width=&raquo;1\/3&#8243;][vc_single_image image=&raquo;14863&#8243; img_size=&raquo;370&#215;245&#8243;][vc_custom_heading text=&raquo;Forsikring&raquo; font_container=&raquo;tag:h2|text_align:center|color:%239b7f51&#8243; use_theme_fonts=&raquo;yes&raquo;][vc_column_text]<\/p>\n<ul>\n<li>Vi forsikrer eiendommen din<\/li>\n<li>Har kontakt med forsikringselskapet p\u00e5 dine vegne<\/li>\n<li>Ordner med forsikringen hvis uhellet skulle v\u00e6re ut<\/li>\n<\/ul>\n<p>[\/vc_column_text][\/vc_column][vc_column width=&raquo;1\/3&#8243;][vc_single_image image=&raquo;14869&#8243; img_size=&raquo;370&#215;245&#8243;][vc_custom_heading text=&raquo;Andre tjenester vi tilbyr&raquo; font_container=&raquo;tag:h2|text_align:center|color:%239b7f51&#8243; use_theme_fonts=&raquo;yes&raquo;][vc_column_text]<\/p>\n<ul>\n<li>N\u00f8kkeloppbevaring<\/li>\n<li>Leiebil til gode priser<\/li>\n<li>Vask av leiligheten ved ankomst\/avreise<\/li>\n<li>S\u00f8knad om oppholdstillatelse(Ikamet)<\/li>\n<li>Opprette testamente<\/li>\n<li>\u00c5pne bankkonto<\/li>\n<\/ul>\n<p>[\/vc_column_text][\/vc_column][vc_column width=&raquo;1\/3&#8243;][vc_single_image image=&raquo;14851&#8243; img_size=&raquo;370&#215;245&#8243;][vc_custom_heading text=&raquo;Tekniske tjenester&raquo; font_container=&raquo;tag:h2|text_align:center|color:%239b7f51&#8243; use_theme_fonts=&raquo;yes&raquo;][vc_column_text]<\/p>\n<ul>\n<li>Reperasjoner og oppussing av boligen. Pris etter avtale<\/li>\n<li>Assistere ved behov for snekker, r\u00f8rlegger og elektriker<\/li>\n<li>Sjekke tekniske installasjoner<\/li>\n<li>Installasjon av TV og internett<\/li>\n<li>Assistere ved sp\u00f8rsm\u00e5l relatert til TV, internett og mye mer<\/li>\n<\/ul>\n<p>[\/vc_column_text][\/vc_column][\/vc_row][vc_row][vc_column][vc_empty_space height=&raquo;20&#8243;][vc_separator style=&raquo;shadow&raquo; border_width=&raquo;2&#8243;][vc_empty_space height=&raquo;20&#8243;][\/vc_column][\/vc_row][vc_row css_animation=&raquo;fadeInUp&raquo; css=&raquo;.vc_custom_1581479398188{background-color: #efefef !important;}&raquo;][vc_column width=&raquo;1\/3&#8243;][vc_single_image image=&raquo;14857&#8243; img_size=&raquo;370&#215;245&#8243;][vc_custom_heading text=&raquo;Advokat\/notar&raquo; font_container=&raquo;tag:h2|text_align:center|color:%239b7f51&#8243; use_theme_fonts=&raquo;yes&raquo;][vc_column_text]<\/p>\n<ul>\n<li>Skaffe hjelp til lovmessige prosedyrer<\/li>\n<\/ul>\n<p>[\/vc_column_text][\/vc_column][vc_column width=&raquo;1\/3&#8243;][vc_single_image image=&raquo;14881&#8243; img_size=&raquo;370&#215;245&#8243;][vc_custom_heading text=&raquo;Doktor og sykehus&raquo; font_container=&raquo;tag:h2|text_align:center|color:%239b7f51&#8243; use_theme_fonts=&raquo;yes&raquo;][vc_column_text]<\/p>\n<ul>\n<li>Vi er behjelpelig med \u00e5 tilkalle doktor<\/li>\n<\/ul>\n<p>[\/vc_column_text][\/vc_column][vc_column width=&raquo;1\/3&#8243;][vc_single_image image=&raquo;14875&#8243; img_size=&raquo;370&#215;245&#8243;][vc_custom_heading text=&raquo;Skj\u00f8te&raquo; font_container=&raquo;tag:h2|text_align:center|color:%239b7f51&#8243; use_theme_fonts=&raquo;yes&raquo;][vc_column_text]<\/p>\n<ul>\n<li>P\u00e5 dine vegne ordner vi med skj\u00f8te(Tapu)<\/li>\n<li>Vi ordner bo-tillatelse(Iskan)<\/li>\n<li>Vi ordner med abonnement for str\u00f8m og vann<\/li>\n<\/ul>\n<p>[\/vc_column_text][\/vc_column][\/vc_row][vc_row][vc_column][vc_empty_space height=&raquo;40px&raquo;][vc_separator color=&raquo;orange&raquo; style=&raquo;shadow&raquo; border_width=&raquo;3&#8243;][\/vc_column][\/vc_row][vc_row][vc_column]\n<div class=\"wpcf7 no-js\" id=\"wpcf7-f36273-o1\" lang=\"nb-NO\" dir=\"ltr\">\n<div class=\"screen-reader-response\"><p role=\"status\" aria-live=\"polite\" aria-atomic=\"true\"><\/p> <ul><\/ul><\/div>\n<form action=\"\/no\/wp-json\/wp\/v2\/pages\/15331#wpcf7-f36273-o1\" method=\"post\" class=\"wpcf7-form init\" aria-label=\"Kontaktskjema\" novalidate=\"novalidate\" data-status=\"init\">\n<div style=\"display: none;\">\n<input type=\"hidden\" name=\"_wpcf7\" value=\"36273\" \/>\n<input type=\"hidden\" name=\"_wpcf7_version\" value=\"5.8\" \/>\n<input type=\"hidden\" name=\"_wpcf7_locale\" value=\"nb_NO\" \/>\n<input type=\"hidden\" name=\"_wpcf7_unit_tag\" value=\"wpcf7-f36273-o1\" \/>\n<input type=\"hidden\" name=\"_wpcf7_container_post\" value=\"0\" \/>\n<input type=\"hidden\" name=\"_wpcf7_posted_data_hash\" value=\"\" \/>\n<input type=\"hidden\" name=\"_wpcf7_recaptcha_response\" value=\"\" \/>\n<\/div>\n<div class=\"form-group\">\n\t<p><label class=\"required\" for=\"yourName\">Navnet ditt<\/label><br \/>\n<span class=\"wpcf7-form-control-wrap\" data-name=\"your-name\"><input size=\"40\" class=\"wpcf7-form-control wpcf7-text wpcf7-validates-as-required form-control\" aria-required=\"true\" aria-invalid=\"false\" value=\"\" type=\"text\" name=\"your-name\" \/><\/span>\n\t<\/p>\n<\/div>\n<div class=\"form-group\">\n\t<p><label class=\"required\" for=\"yourEmail\">Din epost<\/label><br \/>\n<span class=\"wpcf7-form-control-wrap\" data-name=\"your-email\"><input size=\"40\" class=\"wpcf7-form-control wpcf7-email wpcf7-validates-as-required wpcf7-text wpcf7-validates-as-email form-control\" aria-required=\"true\" aria-invalid=\"false\" value=\"\" type=\"email\" name=\"your-email\" \/><\/span>\n\t<\/p>\n<\/div>\n<div class=\"form-group\">\n\t<p><label class=\"required\" for=\"yourPhone\">Din telefon<\/label><br \/>\n<span class=\"wpcf7-form-control-wrap\" data-name=\"tel-179\"><input size=\"40\" class=\"wpcf7-form-control wpcf7-tel wpcf7-validates-as-required wpcf7-text wpcf7-validates-as-tel form-control\" aria-required=\"true\" aria-invalid=\"false\" value=\"\" type=\"tel\" name=\"tel-179\" \/><\/span>\n\t<\/p>\n<\/div>\n<div class=\"form-group\">\n\t<p><label class=\"required\" for=\"yourSubject\">Emne<\/label><br \/>\n<span class=\"wpcf7-form-control-wrap\" data-name=\"your-subject\"><input size=\"40\" class=\"wpcf7-form-control wpcf7-text wpcf7-validates-as-required form-control\" aria-required=\"true\" aria-invalid=\"false\" value=\"\" type=\"text\" name=\"your-subject\" \/><\/span>\n\t<\/p>\n<\/div>\n<div class=\"form-group\">\n\t<p><label class=\"required\" for=\"yourMessage\">Din beskjed <\/label><br \/>\n<span class=\"wpcf7-form-control-wrap\" data-name=\"your-message\"><textarea cols=\"40\" rows=\"10\" class=\"wpcf7-form-control wpcf7-textarea wpcf7-validates-as-required form-control\" aria-required=\"true\" aria-invalid=\"false\" name=\"your-message\"><\/textarea><\/span>\n\t<\/p>\n<\/div>\n<div class=\"form-group\">\n\t<p><input class=\"wpcf7-form-control wpcf7-submit has-spinner btn btn-primary btn-lg\" type=\"submit\" value=\"Send\" \/>\n\t<\/p>\n<\/div><p style=\"display: none !important;\"><label>&#916;<textarea name=\"_wpcf7_ak_hp_textarea\" cols=\"45\" rows=\"8\" maxlength=\"100\"><\/textarea><\/label><input type=\"hidden\" id=\"ak_js_1\" name=\"_wpcf7_ak_js\" value=\"189\"\/><script>document.getElementById( \"ak_js_1\" ).setAttribute( \"value\", ( new Date() ).getTime() );<\/script><\/p><div class=\"wpcf7-response-output\" aria-hidden=\"true\"><\/div>\n<\/form>\n<\/div>\n[\/vc_column][\/vc_row][vc_row][vc_column][vc_separator color=&raquo;orange&raquo; style=&raquo;shadow&raquo; border_width=&raquo;3&#8243;][\/vc_column][\/vc_row][vc_row full_width=&raquo;stretch_row_content_no_spaces&raquo;][vc_column][vc_gmaps link=&raquo;#E-8_JTNDaWZyYW1lJTIwc3JjJTNEJTIyaHR0cHMlM0ElMkYlMkZ3d3cuZ29vZ2xlLmNvbSUyRm1hcHMlMkZlbWJlZCUzRnBiJTNEJTIxMW0xNCUyMTFtOCUyMTFtMyUyMTFkMTI4MjEuOTUxMjM2MjY4MTE2JTIxMmQzMi4wMjkwNTAyJTIxM2QzNi41NDIzNDk0JTIxM20yJTIxMWkxMDI0JTIxMmk3NjglMjE0ZjEzLjElMjEzbTMlMjExbTIlMjExczB4MCUyNTNBMHgzZTNhYzc1YzVlZDE2NGUwJTIxMnNTY2FuZ3JvdXAlMjUyMEhvbWVzJTIxNWUwJTIxM20yJTIxMXN0ciUyMTJzdHIlMjE0djE1NzY2NjAzNjczMzQlMjE1bTIlMjExc3RyJTIxMnN0ciUyMiUyMHdpZHRoJTNEJTIyNjAwJTIyJTIwaGVpZ2h0JTNEJTIyNDUwJTIyJTIwZnJhbWVib3JkZXIlM0QlMjIwJTIyJTIwc3R5bGUlM0QlMjJib3JkZXIlM0EwJTNCJTIyJTIwYWxsb3dmdWxsc2NyZWVuJTNEJTIyJTIyJTNFJTNDJTJGaWZyYW1lJTNF&raquo;][\/vc_column][\/vc_row]<\/p>\n","protected":false},"excerpt":{"rendered":"<p>[vc_row css_animation=&raquo;fadeInUp&raquo; css=&raquo;.vc_custom_1581479423592{background-color: #efefef !important;}&raquo;][vc_column width=&raquo;1\/3&#8243; css=&raquo;.vc_custom_1581478411186{border-radius: 1px !important;}&raquo;][vc_single_image image=&raquo;14815&#8243; img_size=&raquo;full&raquo;][vc_custom_heading text=&raquo;Sjekk av leilighet &raquo; font_container=&raquo;tag:h2|text_align:center|color:%239b7f51&#8243; use_theme_fonts=&raquo;yes&raquo;][vc_column_text] Hver m\u00e5ned blir leiligheten sjekket og luftet Str\u00f8m og vann blir sl\u00e5tt p\u00e5\/av f\u00f8r ankomst og etter avreise.\u00a0 [\/vc_column_text][\/vc_column][vc_column width=&raquo;1\/3&#8243;][vc_single_image image=&raquo;14821&#8243; img_size=&raquo;full&raquo;][vc_custom_heading text=&raquo;Utleie&raquo; font_container=&raquo;tag:h2|text_align:center|color:%239b7f51&#8243; use_theme_fonts=&raquo;yes&raquo;][vc_column_text] Vi kan leie ut leiligheten din Vi vil ivareta dine interesser, samt leietakerne, [&hellip;]<\/p>\n","protected":false},"author":1,"featured_media":0,"parent":0,"menu_order":0,"comment_status":"closed","ping_status":"closed","template":"template\/template-page.php","meta":[],"yoast_head":"<!-- This site is optimized with the Yoast SEO plugin v21.0 - https:\/\/yoast.com\/wordpress\/plugins\/seo\/ -->\n<title>Service - ScanGroup Homes<\/title>\n<meta name=\"robots\" content=\"index, follow, max-snippet:-1, max-image-preview:large, max-video-preview:-1\" \/>\n<link rel=\"canonical\" href=\"https:\/\/www.scangrouphomes.com\/no\/service\/\" \/>\n<meta property=\"og:locale\" content=\"nb_NO\" \/>\n<meta property=\"og:type\" content=\"article\" \/>\n<meta property=\"og:title\" content=\"Service - ScanGroup Homes\" \/>\n<meta property=\"og:description\" content=\"[vc_row css_animation=&raquo;fadeInUp&raquo; css=&raquo;.vc_custom_1581479423592{background-color: #efefef !important;}&raquo;][vc_column width=&raquo;1\/3&#8243; css=&raquo;.vc_custom_1581478411186{border-radius: 1px !important;}&raquo;][vc_single_image image=&raquo;14815&#8243; img_size=&raquo;full&raquo;][vc_custom_heading text=&raquo;Sjekk av leilighet &raquo; font_container=&raquo;tag:h2|text_align:center|color:%239b7f51&#8243; use_theme_fonts=&raquo;yes&raquo;][vc_column_text] Hver m\u00e5ned blir leiligheten sjekket og luftet Str\u00f8m og vann blir sl\u00e5tt p\u00e5\/av f\u00f8r ankomst og etter avreise.\u00a0 [\/vc_column_text][\/vc_column][vc_column width=&raquo;1\/3&#8243;][vc_single_image image=&raquo;14821&#8243; img_size=&raquo;full&raquo;][vc_custom_heading text=&raquo;Utleie&raquo; font_container=&raquo;tag:h2|text_align:center|color:%239b7f51&#8243; use_theme_fonts=&raquo;yes&raquo;][vc_column_text] Vi kan leie ut leiligheten din Vi vil ivareta dine interesser, samt leietakerne, [&hellip;]\" \/>\n<meta property=\"og:url\" content=\"https:\/\/www.scangrouphomes.com\/no\/service\/\" \/>\n<meta property=\"og:site_name\" content=\"ScanGroup Homes\" \/>\n<meta property=\"article:modified_time\" content=\"2020-02-12T03:59:20+00:00\" \/>\n<meta name=\"twitter:card\" content=\"summary_large_image\" \/>\n<meta name=\"twitter:label1\" content=\"Ansl. lesetid\" \/>\n\t<meta name=\"twitter:data1\" content=\"5 minutter\" \/>\n<script type=\"application\/ld+json\" class=\"yoast-schema-graph\">{\"@context\":\"https:\/\/schema.org\",\"@graph\":[{\"@type\":\"WebPage\",\"@id\":\"https:\/\/www.scangrouphomes.com\/no\/service\/\",\"url\":\"https:\/\/www.scangrouphomes.com\/no\/service\/\",\"name\":\"Service - ScanGroup Homes\",\"isPartOf\":{\"@id\":\"https:\/\/www.scangrouphomes.com\/no\/#website\"},\"datePublished\":\"2019-12-18T10:05:56+00:00\",\"dateModified\":\"2020-02-12T03:59:20+00:00\",\"breadcrumb\":{\"@id\":\"https:\/\/www.scangrouphomes.com\/no\/service\/#breadcrumb\"},\"inLanguage\":\"nb-NO\",\"potentialAction\":[{\"@type\":\"ReadAction\",\"target\":[\"https:\/\/www.scangrouphomes.com\/no\/service\/\"]}]},{\"@type\":\"BreadcrumbList\",\"@id\":\"https:\/\/www.scangrouphomes.com\/no\/service\/#breadcrumb\",\"itemListElement\":[{\"@type\":\"ListItem\",\"position\":1,\"name\":\"Home\",\"item\":\"https:\/\/www.scangrouphomes.com\/no\/\"},{\"@type\":\"ListItem\",\"position\":2,\"name\":\"Service\"}]},{\"@type\":\"WebSite\",\"@id\":\"https:\/\/www.scangrouphomes.com\/no\/#website\",\"url\":\"https:\/\/www.scangrouphomes.com\/no\/\",\"name\":\"ScanGroup Homes\",\"description\":\"Property in Alanya Turkey real estate apartments villas buying property Antalya\",\"potentialAction\":[{\"@type\":\"SearchAction\",\"target\":{\"@type\":\"EntryPoint\",\"urlTemplate\":\"https:\/\/www.scangrouphomes.com\/no\/?s={search_term_string}\"},\"query-input\":\"required name=search_term_string\"}],\"inLanguage\":\"nb-NO\"}]}<\/script>\n<!-- \/ Yoast SEO plugin. -->","yoast_head_json":{"title":"Service - ScanGroup Homes","robots":{"index":"index","follow":"follow","max-snippet":"max-snippet:-1","max-image-preview":"max-image-preview:large","max-video-preview":"max-video-preview:-1"},"canonical":"https:\/\/www.scangrouphomes.com\/no\/service\/","og_locale":"nb_NO","og_type":"article","og_title":"Service - ScanGroup Homes","og_description":"[vc_row css_animation=&raquo;fadeInUp&raquo; css=&raquo;.vc_custom_1581479423592{background-color: #efefef !important;}&raquo;][vc_column width=&raquo;1\/3&#8243; css=&raquo;.vc_custom_1581478411186{border-radius: 1px !important;}&raquo;][vc_single_image image=&raquo;14815&#8243; img_size=&raquo;full&raquo;][vc_custom_heading text=&raquo;Sjekk av leilighet &raquo; font_container=&raquo;tag:h2|text_align:center|color:%239b7f51&#8243; use_theme_fonts=&raquo;yes&raquo;][vc_column_text] Hver m\u00e5ned blir leiligheten sjekket og luftet Str\u00f8m og vann blir sl\u00e5tt p\u00e5\/av f\u00f8r ankomst og etter avreise.\u00a0 [\/vc_column_text][\/vc_column][vc_column width=&raquo;1\/3&#8243;][vc_single_image image=&raquo;14821&#8243; img_size=&raquo;full&raquo;][vc_custom_heading text=&raquo;Utleie&raquo; font_container=&raquo;tag:h2|text_align:center|color:%239b7f51&#8243; use_theme_fonts=&raquo;yes&raquo;][vc_column_text] Vi kan leie ut leiligheten din Vi vil ivareta dine interesser, samt leietakerne, [&hellip;]","og_url":"https:\/\/www.scangrouphomes.com\/no\/service\/","og_site_name":"ScanGroup Homes","article_modified_time":"2020-02-12T03:59:20+00:00","twitter_card":"summary_large_image","twitter_misc":{"Ansl. lesetid":"5 minutter"},"schema":{"@context":"https:\/\/schema.org","@graph":[{"@type":"WebPage","@id":"https:\/\/www.scangrouphomes.com\/no\/service\/","url":"https:\/\/www.scangrouphomes.com\/no\/service\/","name":"Service - ScanGroup Homes","isPartOf":{"@id":"https:\/\/www.scangrouphomes.com\/no\/#website"},"datePublished":"2019-12-18T10:05:56+00:00","dateModified":"2020-02-12T03:59:20+00:00","breadcrumb":{"@id":"https:\/\/www.scangrouphomes.com\/no\/service\/#breadcrumb"},"inLanguage":"nb-NO","potentialAction":[{"@type":"ReadAction","target":["https:\/\/www.scangrouphomes.com\/no\/service\/"]}]},{"@type":"BreadcrumbList","@id":"https:\/\/www.scangrouphomes.com\/no\/service\/#breadcrumb","itemListElement":[{"@type":"ListItem","position":1,"name":"Home","item":"https:\/\/www.scangrouphomes.com\/no\/"},{"@type":"ListItem","position":2,"name":"Service"}]},{"@type":"WebSite","@id":"https:\/\/www.scangrouphomes.com\/no\/#website","url":"https:\/\/www.scangrouphomes.com\/no\/","name":"ScanGroup Homes","description":"Property in Alanya Turkey real estate apartments villas buying property Antalya","potentialAction":[{"@type":"SearchAction","target":{"@type":"EntryPoint","urlTemplate":"https:\/\/www.scangrouphomes.com\/no\/?s={search_term_string}"},"query-input":"required name=search_term_string"}],"inLanguage":"nb-NO"}]}},"_links":{"self":[{"href":"https:\/\/www.scangrouphomes.com\/no\/wp-json\/wp\/v2\/pages\/15331"}],"collection":[{"href":"https:\/\/www.scangrouphomes.com\/no\/wp-json\/wp\/v2\/pages"}],"about":[{"href":"https:\/\/www.scangrouphomes.com\/no\/wp-json\/wp\/v2\/types\/page"}],"author":[{"embeddable":true,"href":"https:\/\/www.scangrouphomes.com\/no\/wp-json\/wp\/v2\/users\/1"}],"replies":[{"embeddable":true,"href":"https:\/\/www.scangrouphomes.com\/no\/wp-json\/wp\/v2\/comments?post=15331"}],"version-history":[{"count":7,"href":"https:\/\/www.scangrouphomes.com\/no\/wp-json\/wp\/v2\/pages\/15331\/revisions"}],"predecessor-version":[{"id":16512,"href":"https:\/\/www.scangrouphomes.com\/no\/wp-json\/wp\/v2\/pages\/15331\/revisions\/16512"}],"wp:attachment":[{"href":"https:\/\/www.scangrouphomes.com\/no\/wp-json\/wp\/v2\/media?parent=15331"}],"curies":[{"name":"wp","href":"https:\/\/api.w.org\/{rel}","templated":true}]}}