{"id":15301,"date":"2020-01-13T01:06:12","date_gmt":"2020-01-13T01:06:12","guid":{"rendered":"https:\/\/sgh.alanya.work\/resale-properties-in-alanya\/"},"modified":"2023-07-20T17:06:59","modified_gmt":"2023-07-20T17:06:59","slug":"videresalg-eiendom-i-alanya","status":"publish","type":"page","link":"https:\/\/www.scangrouphomes.com\/no\/videresalg-eiendom-i-alanya\/","title":{"rendered":"Videresalg Eiendom i Alanya"},"content":{"rendered":"<h1>Videresalg Eiendom i Alanya<\/h1>\n","protected":false},"excerpt":{"rendered":"<p>Videresalg Eiendom i Alanya<\/p>\n","protected":false},"author":1,"featured_media":0,"parent":0,"menu_order":0,"comment_status":"closed","ping_status":"closed","template":"template\/property-listing-template-style2.php","meta":[],"yoast_head":"<!-- This site is optimized with the Yoast SEO plugin v21.0 - https:\/\/yoast.com\/wordpress\/plugins\/seo\/ -->\n<title>Videresalg Eiendom i Alanya - ScanGroup Homes<\/title>\n<meta name=\"description\" content=\"ScanGroup Homes har flere leiligheter til salgs for v\u00e5re kunder som selges fullt m\u00f8blert. Les mer p\u00e5 v\u00e5r hjemmeside www.scangrouphomes.com\" \/>\n<meta name=\"robots\" content=\"index, follow, max-snippet:-1, max-image-preview:large, max-video-preview:-1\" \/>\n<link rel=\"canonical\" href=\"https:\/\/www.scangrouphomes.com\/no\/videresalg-eiendom-i-alanya\/\" \/>\n<meta property=\"og:locale\" content=\"nb_NO\" \/>\n<meta property=\"og:type\" content=\"article\" \/>\n<meta property=\"og:title\" content=\"Videresalg Eiendom i Alanya - ScanGroup Homes\" \/>\n<meta property=\"og:description\" content=\"ScanGroup Homes har flere leiligheter til salgs for v\u00e5re kunder som selges fullt m\u00f8blert. Les mer p\u00e5 v\u00e5r hjemmeside www.scangrouphomes.com\" \/>\n<meta property=\"og:url\" content=\"https:\/\/www.scangrouphomes.com\/no\/videresalg-eiendom-i-alanya\/\" \/>\n<meta property=\"og:site_name\" content=\"ScanGroup Homes\" \/>\n<meta property=\"article:modified_time\" content=\"2023-07-20T17:06:59+00:00\" \/>\n<meta name=\"twitter:card\" content=\"summary_large_image\" \/>\n<script type=\"application\/ld+json\" class=\"yoast-schema-graph\">{\"@context\":\"https:\/\/schema.org\",\"@graph\":[{\"@type\":\"WebPage\",\"@id\":\"https:\/\/www.scangrouphomes.com\/no\/videresalg-eiendom-i-alanya\/\",\"url\":\"https:\/\/www.scangrouphomes.com\/no\/videresalg-eiendom-i-alanya\/\",\"name\":\"Videresalg Eiendom i Alanya - ScanGroup Homes\",\"isPartOf\":{\"@id\":\"https:\/\/www.scangrouphomes.com\/no\/#website\"},\"datePublished\":\"2020-01-13T01:06:12+00:00\",\"dateModified\":\"2023-07-20T17:06:59+00:00\",\"description\":\"ScanGroup Homes har flere leiligheter til salgs for v\u00e5re kunder som selges fullt m\u00f8blert. Les mer p\u00e5 v\u00e5r hjemmeside www.scangrouphomes.com\",\"breadcrumb\":{\"@id\":\"https:\/\/www.scangrouphomes.com\/no\/videresalg-eiendom-i-alanya\/#breadcrumb\"},\"inLanguage\":\"nb-NO\",\"potentialAction\":[{\"@type\":\"ReadAction\",\"target\":[\"https:\/\/www.scangrouphomes.com\/no\/videresalg-eiendom-i-alanya\/\"]}]},{\"@type\":\"BreadcrumbList\",\"@id\":\"https:\/\/www.scangrouphomes.com\/no\/videresalg-eiendom-i-alanya\/#breadcrumb\",\"itemListElement\":[{\"@type\":\"ListItem\",\"position\":1,\"name\":\"Home\",\"item\":\"https:\/\/www.scangrouphomes.com\/no\/\"},{\"@type\":\"ListItem\",\"position\":2,\"name\":\"Videresalg Eiendom i Alanya\"}]},{\"@type\":\"WebSite\",\"@id\":\"https:\/\/www.scangrouphomes.com\/no\/#website\",\"url\":\"https:\/\/www.scangrouphomes.com\/no\/\",\"name\":\"ScanGroup Homes\",\"description\":\"Property in Alanya Turkey real estate apartments villas buying property Antalya\",\"potentialAction\":[{\"@type\":\"SearchAction\",\"target\":{\"@type\":\"EntryPoint\",\"urlTemplate\":\"https:\/\/www.scangrouphomes.com\/no\/?s={search_term_string}\"},\"query-input\":\"required name=search_term_string\"}],\"inLanguage\":\"nb-NO\"}]}<\/script>\n<!-- \/ Yoast SEO plugin. -->","yoast_head_json":{"title":"Videresalg Eiendom i Alanya - ScanGroup Homes","description":"ScanGroup Homes har flere leiligheter til salgs for v\u00e5re kunder som selges fullt m\u00f8blert. Les mer p\u00e5 v\u00e5r hjemmeside www.scangrouphomes.com","robots":{"index":"index","follow":"follow","max-snippet":"max-snippet:-1","max-image-preview":"max-image-preview:large","max-video-preview":"max-video-preview:-1"},"canonical":"https:\/\/www.scangrouphomes.com\/no\/videresalg-eiendom-i-alanya\/","og_locale":"nb_NO","og_type":"article","og_title":"Videresalg Eiendom i Alanya - ScanGroup Homes","og_description":"ScanGroup Homes har flere leiligheter til salgs for v\u00e5re kunder som selges fullt m\u00f8blert. Les mer p\u00e5 v\u00e5r hjemmeside www.scangrouphomes.com","og_url":"https:\/\/www.scangrouphomes.com\/no\/videresalg-eiendom-i-alanya\/","og_site_name":"ScanGroup Homes","article_modified_time":"2023-07-20T17:06:59+00:00","twitter_card":"summary_large_image","schema":{"@context":"https:\/\/schema.org","@graph":[{"@type":"WebPage","@id":"https:\/\/www.scangrouphomes.com\/no\/videresalg-eiendom-i-alanya\/","url":"https:\/\/www.scangrouphomes.com\/no\/videresalg-eiendom-i-alanya\/","name":"Videresalg Eiendom i Alanya - ScanGroup Homes","isPartOf":{"@id":"https:\/\/www.scangrouphomes.com\/no\/#website"},"datePublished":"2020-01-13T01:06:12+00:00","dateModified":"2023-07-20T17:06:59+00:00","description":"ScanGroup Homes har flere leiligheter til salgs for v\u00e5re kunder som selges fullt m\u00f8blert. Les mer p\u00e5 v\u00e5r hjemmeside www.scangrouphomes.com","breadcrumb":{"@id":"https:\/\/www.scangrouphomes.com\/no\/videresalg-eiendom-i-alanya\/#breadcrumb"},"inLanguage":"nb-NO","potentialAction":[{"@type":"ReadAction","target":["https:\/\/www.scangrouphomes.com\/no\/videresalg-eiendom-i-alanya\/"]}]},{"@type":"BreadcrumbList","@id":"https:\/\/www.scangrouphomes.com\/no\/videresalg-eiendom-i-alanya\/#breadcrumb","itemListElement":[{"@type":"ListItem","position":1,"name":"Home","item":"https:\/\/www.scangrouphomes.com\/no\/"},{"@type":"ListItem","position":2,"name":"Videresalg Eiendom i Alanya"}]},{"@type":"WebSite","@id":"https:\/\/www.scangrouphomes.com\/no\/#website","url":"https:\/\/www.scangrouphomes.com\/no\/","name":"ScanGroup Homes","description":"Property in Alanya Turkey real estate apartments villas buying property Antalya","potentialAction":[{"@type":"SearchAction","target":{"@type":"EntryPoint","urlTemplate":"https:\/\/www.scangrouphomes.com\/no\/?s={search_term_string}"},"query-input":"required name=search_term_string"}],"inLanguage":"nb-NO"}]}},"_links":{"self":[{"href":"https:\/\/www.scangrouphomes.com\/no\/wp-json\/wp\/v2\/pages\/15301"}],"collection":[{"href":"https:\/\/www.scangrouphomes.com\/no\/wp-json\/wp\/v2\/pages"}],"about":[{"href":"https:\/\/www.scangrouphomes.com\/no\/wp-json\/wp\/v2\/types\/page"}],"author":[{"embeddable":true,"href":"https:\/\/www.scangrouphomes.com\/no\/wp-json\/wp\/v2\/users\/1"}],"replies":[{"embeddable":true,"href":"https:\/\/www.scangrouphomes.com\/no\/wp-json\/wp\/v2\/comments?post=15301"}],"version-history":[{"count":2,"href":"https:\/\/www.scangrouphomes.com\/no\/wp-json\/wp\/v2\/pages\/15301\/revisions"}],"predecessor-version":[{"id":15465,"href":"https:\/\/www.scangrouphomes.com\/no\/wp-json\/wp\/v2\/pages\/15301\/revisions\/15465"}],"wp:attachment":[{"href":"https:\/\/www.scangrouphomes.com\/no\/wp-json\/wp\/v2\/media?parent=15301"}],"curies":[{"name":"wp","href":"https:\/\/api.w.org\/{rel}","templated":true}]}}