{"id":17068,"date":"2020-01-14T01:00:17","date_gmt":"2020-01-14T01:00:17","guid":{"rendered":"https:\/\/sgh.alanya.work\/inspection-trip\/"},"modified":"2020-02-25T00:51:14","modified_gmt":"2020-02-25T00:51:14","slug":"immobilienreise","status":"publish","type":"page","link":"https:\/\/www.scangrouphomes.com\/de\/immobilienreise\/","title":{"rendered":"Immobilienreise"},"content":{"rendered":"<p>[vc_row][vc_column][vc_column_text]IMMOBILIENREISE: ANTALYA, BODRUM ODER LIEBER ISTANBUL?<br \/>\nAuf einer viert\u00e4gigen Immobilienreise* mit Scan Group Homes lernen Sie Ihre selbst ausgew\u00e4hlten Wunschobjekte und Ihr k\u00fcnftiges Wohnland n\u00e4her kennen. Au\u00dferdem erfahren Sie alles \u00fcber den Ablauf eines Immobilienkaufs in der T\u00fcrkei. Immer an Ihrer Seite: Ihr pers\u00f6nlicher, kompetenter Immobilienmakler.<\/p>\n<p>IMMOBILIENREISE IM \u00dcBERBLICK<br \/>\nSuchen Sie Ihre Traumimmobilie\/n in der T\u00fcrkei aus<br \/>\nIhren kostenlosen Transfer vom Flughafen und Ihre Unterkunft (mindestens 3-Sterne Landeskategorie) fordern<\/p>\n<p>Wichtig! Bitte sprechen Sie zuerst den gew\u00fcnschten Reisetermin mit uns ab und buchen Sie erst nach der Terminbest\u00e4tigung Ihren Flug. Nur so k\u00f6nnen wir gew\u00e4hrleisten, dass Ihre bevorzugten Termine in \u00dcbereinstimmung mit unserem Zeitplan sind und Sie allein unsere volle Aufmerksamkeit erhalten.<\/p>\n<p>Programmablauf<br \/>\n1. Tag<\/p>\n<p>Ankunft: Antalya Flughafen (oder alternativer Flughafen)<br \/>\nFlughafentransfer zum Hotel<br \/>\nAbendessen im Hotel<br \/>\n2. Tag<\/p>\n<p>Fr\u00fchst\u00fcck im Hotel<br \/>\nAbholung zur vereinbarten Uhrzeit: Sie besuchen unser Scan group Homes B\u00fcro in dem wir Sie \u00fcber unsere Immobilien informieren. Entsprechend Ihrer W\u00fcnsche und Vorstellungen, stellen wir eine attraktive Auswahl zusammen. Danach starten wir mit einer Stadtrundfahrt, im Anschluss besichtigen wir Ihre Wunschobjekte.<br \/>\nMittagessen in einem ausgew\u00e4hlten Restaurant<br \/>\nFrisch gest\u00e4rkt, geht es mit der Immobilienbesichtigung weiter<br \/>\nNachdem Sie sich Ihre favorisierten Immobilien in der T\u00fcrkei angeschaut haben, bringen wir Sie zur\u00fcck zum Hotel. Dort klingt bei einem leckeren Abendessen Ihr Tag aus, den Sie in aller Ruhe Revue passieren lassen.<br \/>\n3. Tag<\/p>\n<p>Fr\u00fchst\u00fcck im Hotel.<br \/>\nR\u00fcckmeldung welche\/s der Objekte von besonderem Interesse f\u00fcr Sie sind<br \/>\nMittagessen im ausgew\u00e4hlten Restaurant.<br \/>\nDetaillierte Informationen rund um den Kauf und dessen Abwicklung in der T\u00fcrkei. Weiterhin besteht die M\u00f6glichkeit sich mit einem Vertreter des Bauunternehmens zu treffen. Danach fahren wir Sie in Ihr Hotel zur\u00fcck.<br \/>\nAbendessen und Ausklang des Tages im Hotel.<br \/>\nTag 4<\/p>\n<p>Transfer zum Flughafen<br \/>\nAbflug: z.B. vom Flughafen in Antalya<br \/>\nUmfassende Leistungen<br \/>\nScan Group Homes Immobilienreisen sind individuell nur auf Sie ausgerichtet \u2013 Sie bekommen ausschlie\u00dflich Immobilien gezeigt, die Ihre individuellen Kriterien wirklich erf\u00fcllen und Sie absolut begeistern werden. Unsere Immobilienmakler verf\u00fcgen nicht nur \u00fcber lokale Kenntnisse, sondern beraten Sie kompetent zu allen Aspekten bzw. Fragen zu den Wohnungsangeboten in Alanya, Antalya, Istanbul, usw. Neben der Immobilienbesichtigung f\u00fchren unsere Scan Group Homes Mitarbeiter Sie zu interessanten Pl\u00e4tzen, um Ihnen einen Vorgeschmack auf die dortige Lebensart zu geben.<\/p>\n<p>Die Besichtigungsreisen von Scan Group Homes beinhalten Hin-\/ R\u00fcckfl\u00fcge, Transfers vom\/zum Flughafen in der T\u00fcrkei und drei Hotel\u00fcbernachtungen mit Halbpension. Kaufen Sie eine Immobilie in der T\u00fcrkei, \u00fcbernimmt Scan Group Homes die Aufenthalts- und Flugkosten. Beachten Sie bitte, dass die maximale Reiseteilnehmeranzahl auf zwei Personen beschr\u00e4nkt ist.<\/p>\n<p>Sie w\u00fcrden gerne mehr \u00fcber unsere, nur auf Sie abgestimmte Immobilienreise erfahren oder m\u00f6chten sofort buchen? Z\u00f6gern Sie nicht uns direkt \u00fcber das Kontaktformular oder den Chat anzusprechen.<\/p>\n<p>* Scan Group Homes erstattet Ihre Aufenthalts- und Unterkunftskosten f\u00fcr maximal zwei Personen nur bei Kaufabschluss.<\/p>\n<p>* F\u00fcr den Fall, dass Sie w\u00e4hrend einer Inspektionsreise keine Immobilie \u00fcber Scan Group Homes erwerben, sind Sie verpflichtet, alle Kosten f\u00fcr den Flug, den Transfer und die Unterkunft zu \u00fcbernehmen.[\/vc_column_text][\/vc_column][\/vc_row][vc_row][vc_column][vc_separator color=&#8220;orange&#8220; style=&#8220;shadow&#8220; border_width=&#8220;3&#8243;][\/vc_column][\/vc_row][vc_row][vc_column]\n<div class=\"wpcf7 no-js\" id=\"wpcf7-f14712-o1\" lang=\"en-US\" dir=\"ltr\">\n<div class=\"screen-reader-response\"><p role=\"status\" aria-live=\"polite\" aria-atomic=\"true\"><\/p> <ul><\/ul><\/div>\n<form action=\"\/de\/wp-json\/wp\/v2\/pages\/17068#wpcf7-f14712-o1\" method=\"post\" class=\"wpcf7-form init\" aria-label=\"Contact form\" novalidate=\"novalidate\" data-status=\"init\">\n<div style=\"display: none;\">\n<input type=\"hidden\" name=\"_wpcf7\" value=\"14712\" \/>\n<input type=\"hidden\" name=\"_wpcf7_version\" value=\"5.8\" \/>\n<input type=\"hidden\" name=\"_wpcf7_locale\" value=\"en_US\" \/>\n<input type=\"hidden\" name=\"_wpcf7_unit_tag\" value=\"wpcf7-f14712-o1\" \/>\n<input type=\"hidden\" name=\"_wpcf7_container_post\" value=\"0\" \/>\n<input type=\"hidden\" name=\"_wpcf7_posted_data_hash\" value=\"\" \/>\n<input type=\"hidden\" name=\"_wpcf7_recaptcha_response\" value=\"\" \/>\n<\/div>\n<div class=\"form-group\">\n\t<p><label class=\"required\" for=\"yourName\">Your Name<\/label><br \/>\n<span class=\"wpcf7-form-control-wrap\" data-name=\"your-name\"><input size=\"40\" class=\"wpcf7-form-control wpcf7-text wpcf7-validates-as-required form-control\" aria-required=\"true\" aria-invalid=\"false\" value=\"\" type=\"text\" name=\"your-name\" \/><\/span>\n\t<\/p>\n<\/div>\n<div class=\"form-group\">\n\t<p><label class=\"required\" for=\"yourEmail\">Your Email<\/label><br \/>\n<span class=\"wpcf7-form-control-wrap\" data-name=\"your-email\"><input size=\"40\" class=\"wpcf7-form-control wpcf7-email wpcf7-validates-as-required wpcf7-text wpcf7-validates-as-email form-control\" aria-required=\"true\" aria-invalid=\"false\" value=\"\" type=\"email\" name=\"your-email\" \/><\/span>\n\t<\/p>\n<\/div>\n<div class=\"form-group\">\n\t<p><label class=\"required\" for=\"yourPhone\">Your Phone <\/label><br \/>\n<span class=\"wpcf7-form-control-wrap\" data-name=\"tel-179\"><input size=\"40\" class=\"wpcf7-form-control wpcf7-tel wpcf7-validates-as-required wpcf7-text wpcf7-validates-as-tel form-control\" aria-required=\"true\" aria-invalid=\"false\" value=\"\" type=\"tel\" name=\"tel-179\" \/><\/span>\n\t<\/p>\n<\/div>\n<div class=\"form-group\">\n\t<p><label class=\"required\" for=\"yourSubject\">Subject <\/label><br \/>\n<span class=\"wpcf7-form-control-wrap\" data-name=\"your-subject\"><input size=\"40\" class=\"wpcf7-form-control wpcf7-text wpcf7-validates-as-required form-control\" aria-required=\"true\" aria-invalid=\"false\" value=\"\" type=\"text\" name=\"your-subject\" \/><\/span>\n\t<\/p>\n<\/div>\n\n<div class=\"form-group\">\n\t<p><label class=\"required\" for=\"yourMessage\">Your Message <\/label><br \/>\n<span class=\"wpcf7-form-control-wrap\" data-name=\"your-message\"><textarea cols=\"40\" rows=\"10\" class=\"wpcf7-form-control wpcf7-textarea wpcf7-validates-as-required form-control\" aria-required=\"true\" aria-invalid=\"false\" name=\"your-message\"><\/textarea><\/span>\n\t<\/p>\n<\/div>\n\n<div class=\"form-group\">\n\t<p><input class=\"wpcf7-form-control wpcf7-submit has-spinner btn btn-primary btn-lg\" type=\"submit\" value=\"Send\" \/>\n\t<\/p>\n<\/div><p style=\"display: none !important;\"><label>&#916;<textarea name=\"_wpcf7_ak_hp_textarea\" cols=\"45\" rows=\"8\" maxlength=\"100\"><\/textarea><\/label><input type=\"hidden\" id=\"ak_js_1\" name=\"_wpcf7_ak_js\" value=\"168\"\/><script>document.getElementById( \"ak_js_1\" ).setAttribute( \"value\", ( new Date() ).getTime() );<\/script><\/p><div class=\"wpcf7-response-output\" aria-hidden=\"true\"><\/div>\n<\/form>\n<\/div>\n[\/vc_column][\/vc_row]<\/p>\n","protected":false},"excerpt":{"rendered":"<p>[vc_row][vc_column][vc_column_text]IMMOBILIENREISE: ANTALYA, BODRUM ODER LIEBER ISTANBUL? Auf einer viert\u00e4gigen Immobilienreise* mit Scan Group Homes lernen Sie Ihre selbst ausgew\u00e4hlten Wunschobjekte und Ihr k\u00fcnftiges Wohnland n\u00e4her kennen. Au\u00dferdem erfahren Sie alles \u00fcber den Ablauf eines Immobilienkaufs in der T\u00fcrkei. Immer an Ihrer Seite: Ihr pers\u00f6nlicher, kompetenter Immobilienmakler. IMMOBILIENREISE IM \u00dcBERBLICK Suchen Sie Ihre Traumimmobilie\/n in der [&hellip;]<\/p>\n","protected":false},"author":1,"featured_media":0,"parent":0,"menu_order":0,"comment_status":"closed","ping_status":"closed","template":"template\/template-page.php","meta":[],"yoast_head":"<!-- This site is optimized with the Yoast SEO plugin v21.0 - https:\/\/yoast.com\/wordpress\/plugins\/seo\/ -->\n<title>Immobilienreise - ScanGroup Homes<\/title>\n<meta name=\"robots\" content=\"index, follow, max-snippet:-1, max-image-preview:large, max-video-preview:-1\" \/>\n<link rel=\"canonical\" href=\"https:\/\/www.scangrouphomes.com\/de\/immobilienreise\/\" \/>\n<meta property=\"og:locale\" content=\"de_DE\" \/>\n<meta property=\"og:type\" content=\"article\" \/>\n<meta property=\"og:title\" content=\"Immobilienreise - ScanGroup Homes\" \/>\n<meta property=\"og:description\" content=\"[vc_row][vc_column][vc_column_text]IMMOBILIENREISE: ANTALYA, BODRUM ODER LIEBER ISTANBUL? Auf einer viert\u00e4gigen Immobilienreise* mit Scan Group Homes lernen Sie Ihre selbst ausgew\u00e4hlten Wunschobjekte und Ihr k\u00fcnftiges Wohnland n\u00e4her kennen. Au\u00dferdem erfahren Sie alles \u00fcber den Ablauf eines Immobilienkaufs in der T\u00fcrkei. Immer an Ihrer Seite: Ihr pers\u00f6nlicher, kompetenter Immobilienmakler. IMMOBILIENREISE IM \u00dcBERBLICK Suchen Sie Ihre Traumimmobilie\/n in der [&hellip;]\" \/>\n<meta property=\"og:url\" content=\"https:\/\/www.scangrouphomes.com\/de\/immobilienreise\/\" \/>\n<meta property=\"og:site_name\" content=\"ScanGroup Homes\" \/>\n<meta property=\"article:modified_time\" content=\"2020-02-25T00:51:14+00:00\" \/>\n<meta name=\"twitter:card\" content=\"summary_large_image\" \/>\n<meta name=\"twitter:label1\" content=\"Gesch\u00e4tzte Lesezeit\" \/>\n\t<meta name=\"twitter:data1\" content=\"3\u00a0Minuten\" \/>\n<script type=\"application\/ld+json\" class=\"yoast-schema-graph\">{\"@context\":\"https:\/\/schema.org\",\"@graph\":[{\"@type\":\"WebPage\",\"@id\":\"https:\/\/www.scangrouphomes.com\/de\/immobilienreise\/\",\"url\":\"https:\/\/www.scangrouphomes.com\/de\/immobilienreise\/\",\"name\":\"Immobilienreise - ScanGroup Homes\",\"isPartOf\":{\"@id\":\"https:\/\/www.scangrouphomes.com\/de\/#website\"},\"datePublished\":\"2020-01-14T01:00:17+00:00\",\"dateModified\":\"2020-02-25T00:51:14+00:00\",\"breadcrumb\":{\"@id\":\"https:\/\/www.scangrouphomes.com\/de\/immobilienreise\/#breadcrumb\"},\"inLanguage\":\"de\",\"potentialAction\":[{\"@type\":\"ReadAction\",\"target\":[\"https:\/\/www.scangrouphomes.com\/de\/immobilienreise\/\"]}]},{\"@type\":\"BreadcrumbList\",\"@id\":\"https:\/\/www.scangrouphomes.com\/de\/immobilienreise\/#breadcrumb\",\"itemListElement\":[{\"@type\":\"ListItem\",\"position\":1,\"name\":\"Home\",\"item\":\"https:\/\/www.scangrouphomes.com\/de\/\"},{\"@type\":\"ListItem\",\"position\":2,\"name\":\"Immobilienreise\"}]},{\"@type\":\"WebSite\",\"@id\":\"https:\/\/www.scangrouphomes.com\/de\/#website\",\"url\":\"https:\/\/www.scangrouphomes.com\/de\/\",\"name\":\"ScanGroup Homes\",\"description\":\"Property in Alanya Turkey real estate apartments villas buying property Antalya\",\"potentialAction\":[{\"@type\":\"SearchAction\",\"target\":{\"@type\":\"EntryPoint\",\"urlTemplate\":\"https:\/\/www.scangrouphomes.com\/de\/?s={search_term_string}\"},\"query-input\":\"required name=search_term_string\"}],\"inLanguage\":\"de\"}]}<\/script>\n<!-- \/ Yoast SEO plugin. -->","yoast_head_json":{"title":"Immobilienreise - ScanGroup Homes","robots":{"index":"index","follow":"follow","max-snippet":"max-snippet:-1","max-image-preview":"max-image-preview:large","max-video-preview":"max-video-preview:-1"},"canonical":"https:\/\/www.scangrouphomes.com\/de\/immobilienreise\/","og_locale":"de_DE","og_type":"article","og_title":"Immobilienreise - ScanGroup Homes","og_description":"[vc_row][vc_column][vc_column_text]IMMOBILIENREISE: ANTALYA, BODRUM ODER LIEBER ISTANBUL? Auf einer viert\u00e4gigen Immobilienreise* mit Scan Group Homes lernen Sie Ihre selbst ausgew\u00e4hlten Wunschobjekte und Ihr k\u00fcnftiges Wohnland n\u00e4her kennen. Au\u00dferdem erfahren Sie alles \u00fcber den Ablauf eines Immobilienkaufs in der T\u00fcrkei. Immer an Ihrer Seite: Ihr pers\u00f6nlicher, kompetenter Immobilienmakler. IMMOBILIENREISE IM \u00dcBERBLICK Suchen Sie Ihre Traumimmobilie\/n in der [&hellip;]","og_url":"https:\/\/www.scangrouphomes.com\/de\/immobilienreise\/","og_site_name":"ScanGroup Homes","article_modified_time":"2020-02-25T00:51:14+00:00","twitter_card":"summary_large_image","twitter_misc":{"Gesch\u00e4tzte Lesezeit":"3\u00a0Minuten"},"schema":{"@context":"https:\/\/schema.org","@graph":[{"@type":"WebPage","@id":"https:\/\/www.scangrouphomes.com\/de\/immobilienreise\/","url":"https:\/\/www.scangrouphomes.com\/de\/immobilienreise\/","name":"Immobilienreise - ScanGroup Homes","isPartOf":{"@id":"https:\/\/www.scangrouphomes.com\/de\/#website"},"datePublished":"2020-01-14T01:00:17+00:00","dateModified":"2020-02-25T00:51:14+00:00","breadcrumb":{"@id":"https:\/\/www.scangrouphomes.com\/de\/immobilienreise\/#breadcrumb"},"inLanguage":"de","potentialAction":[{"@type":"ReadAction","target":["https:\/\/www.scangrouphomes.com\/de\/immobilienreise\/"]}]},{"@type":"BreadcrumbList","@id":"https:\/\/www.scangrouphomes.com\/de\/immobilienreise\/#breadcrumb","itemListElement":[{"@type":"ListItem","position":1,"name":"Home","item":"https:\/\/www.scangrouphomes.com\/de\/"},{"@type":"ListItem","position":2,"name":"Immobilienreise"}]},{"@type":"WebSite","@id":"https:\/\/www.scangrouphomes.com\/de\/#website","url":"https:\/\/www.scangrouphomes.com\/de\/","name":"ScanGroup Homes","description":"Property in Alanya Turkey real estate apartments villas buying property Antalya","potentialAction":[{"@type":"SearchAction","target":{"@type":"EntryPoint","urlTemplate":"https:\/\/www.scangrouphomes.com\/de\/?s={search_term_string}"},"query-input":"required name=search_term_string"}],"inLanguage":"de"}]}},"_links":{"self":[{"href":"https:\/\/www.scangrouphomes.com\/de\/wp-json\/wp\/v2\/pages\/17068"}],"collection":[{"href":"https:\/\/www.scangrouphomes.com\/de\/wp-json\/wp\/v2\/pages"}],"about":[{"href":"https:\/\/www.scangrouphomes.com\/de\/wp-json\/wp\/v2\/types\/page"}],"author":[{"embeddable":true,"href":"https:\/\/www.scangrouphomes.com\/de\/wp-json\/wp\/v2\/users\/1"}],"replies":[{"embeddable":true,"href":"https:\/\/www.scangrouphomes.com\/de\/wp-json\/wp\/v2\/comments?post=17068"}],"version-history":[{"count":2,"href":"https:\/\/www.scangrouphomes.com\/de\/wp-json\/wp\/v2\/pages\/17068\/revisions"}],"predecessor-version":[{"id":17118,"href":"https:\/\/www.scangrouphomes.com\/de\/wp-json\/wp\/v2\/pages\/17068\/revisions\/17118"}],"wp:attachment":[{"href":"https:\/\/www.scangrouphomes.com\/de\/wp-json\/wp\/v2\/media?parent=17068"}],"curies":[{"name":"wp","href":"https:\/\/api.w.org\/{rel}","templated":true}]}}