{"id":17063,"date":"2020-02-03T12:02:40","date_gmt":"2020-02-03T12:02:40","guid":{"rendered":"https:\/\/sgh.alanya.work\/buyers-guide\/"},"modified":"2020-02-25T00:28:49","modified_gmt":"2020-02-25T00:28:49","slug":"immobilienkauf","status":"publish","type":"page","link":"https:\/\/www.scangrouphomes.com\/de\/immobilienkauf\/","title":{"rendered":"Immobilienkauf"},"content":{"rendered":"<p>[vc_row][vc_column][vc_column_text]<strong>IMMOBILIEN KAUFEN IN DER T\u00dcRKEI \u2013 EINE WOHL \u00dcBERLEGTE ENTSCHEIDUNG<\/strong><br \/>\nAls Ausl\u00e4nder eine Immobilie in der T\u00fcrkei zu kaufen ist ziemlich einfach. Wer tr\u00e4umt nicht von einem Eigenheim? Die g\u00fcnstigen Wohnungspreise machen das m\u00f6glich, zudem ist das Potential des t\u00fcrkischen Immobilienmarktes \u00e4u\u00dferst verlockend.<\/p>\n<p>Problematisch wird der Immobilienerwerb im Ausland erst, wenn Sie in unprofessionelle H\u00e4nde geraten. Deswegen ist die Wahl des Immobilienb\u00fcros, des Verk\u00e4ufers bzw. der Baufirma \u00e4u\u00dferst wichtig. Lassen Sie sich daf\u00fcr Zeit, holen Sie sich ausreichend Informationen vorab ein.<\/p>\n<p>Bekomme ich die Immobilie wirklich, wenn ich sie kaufe?<br \/>\nWie ist mein Immobilienkauf rechtlich abgesichert?<br \/>\nWie funktioniert das alles? Ich spreche gar kein t\u00fcrkisch.<br \/>\nUnd andere Fragen besch\u00e4ftigen Sie wahrscheinlich derzeit.<\/p>\n<p><strong>MIT SUMMER HOME ZUM HAUSEIGENT\u00dcMER WERDEN<\/strong><br \/>\nSumme Home kennt die anf\u00e4nglichen Sorgen und Zweifel seiner potentiellen Kundschaft, die sich ernsthaft mit einem Immobilienkauf in der T\u00fcrkei befassen. Aus diesem Grund haben wir einen umfassenden Ratgeber zusammengestellt, der Sie \u00fcber alle Einzelheiten rund um den Kauf einer Immobilie in der T\u00fcrkei aufkl\u00e4rt.<\/p>\n<p>Wussten Sie zum Beispiel, dass Sie die t\u00fcrkische Staatsb\u00fcrgerschaft \u00fcber ein Immobilieninvestment erhalten k\u00f6nnen? Klicken Sie einfach auf die Themen, die Sie besonders interessieren und erfahren Sie gleich mehr. Selbstverst\u00e4ndlich d\u00fcrfen Sie uns auch kontaktieren \u2013 ganz unverbindlich.<\/p>\n<p>Unsere Makler verf\u00fcgen \u00fcber jahrelange Erfahrung auf dem t\u00fcrkischen Immobilienmarkt und kennen die aktuellen Gesetze bzw. Bestimmungen bestens. Ebenso k\u00f6nnen wir gemeinsam L\u00f6sungen in Form einer Immobilienfinanzierung erarbeiten, damit Ihr Traum einer eigenen Wohnung in der T\u00fcrkei in Erf\u00fcllung geht.<\/p>\n<p>Sie m\u00f6chten sich Ihre Wunschobjekte live vor Ort anschauen? Kein Problem, wir holen Sie von Ihrem Hotel zu einer Besichtigung ab. Sollten Sie gerade nicht in der T\u00fcrkei sein, dann ist unsere Immobilienreise genau richtig. Lesen Sie hier mehr dar\u00fcber oder nehmen Sie direkt Kontakt mit uns auf.<\/p>\n<p><strong>WIESO SOLLTE ICH \u00dcBER EINEN MAKLER EINE IMMOBILIE IN DER T\u00dcRKEI KAUFEN?<\/strong><br \/>\nUm einen Immobilienkauf in der T\u00fcrkei zu t\u00e4tigen, ist der unkomplizierteste und sicherste Weg einen zertifizierten Makler zu beauftragen. Neben der Entscheidung welchem zertifizierten Immobilienb\u00fcro Sie sich anvertrauen m\u00f6chten, sollten Sie bei neu geplanten Bauprojekten au\u00dferdem Informationen \u00fcber den Bautr\u00e4ger einholen.<\/p>\n<p>Wir von Summer Home bieten ausschlie\u00dflich gepr\u00fcfte Objekte von hoher Qualit\u00e4t an, die keinerlei Probleme beim Kauf und Wiederverkauf bereiten. Au\u00dferdem garantieren wir Ihnen nur Immobilien zu zeigen, die Ihren Vorgaben entsprechen.<\/p>\n<p>Nat\u00fcrlich begleiten wir Sie durch den gesamten Verkaufsprozess von Anfang an bis zum Ende \u2013 Sie m\u00fcssen noch nicht einmal t\u00fcrkisch verstehen, unsere Immobilienmakler sprechen flie\u00dfend deutsch. Selbst nach Ihrem Immobilienkauf in der T\u00fcrkei ist Summer Home f\u00fcr Sie da: Sie k\u00f6nnen sich jederzeit an uns wenden, wenn Sie z.B. Ihre Wohnung vermieten oder wieder verkaufen m\u00f6chten.<\/p>\n<p>Profitieren Sie von unserer jahrelangen Berufserfahrung \u2013 bei Summer Home sind Sie in den allerbesten H\u00e4nden, um eine Immobilie in der T\u00fcrkei zu kaufen oder verkaufen![\/vc_column_text][\/vc_column][\/vc_row][vc_row][vc_column][vc_separator color=&#8220;orange&#8220; style=&#8220;shadow&#8220; border_width=&#8220;3&#8243;][\/vc_column][\/vc_row][vc_row][vc_column]\n<div class=\"wpcf7 no-js\" id=\"wpcf7-f14712-o1\" lang=\"en-US\" dir=\"ltr\">\n<div class=\"screen-reader-response\"><p role=\"status\" aria-live=\"polite\" aria-atomic=\"true\"><\/p> <ul><\/ul><\/div>\n<form action=\"\/de\/wp-json\/wp\/v2\/pages\/17063#wpcf7-f14712-o1\" method=\"post\" class=\"wpcf7-form init\" aria-label=\"Contact form\" novalidate=\"novalidate\" data-status=\"init\">\n<div style=\"display: none;\">\n<input type=\"hidden\" name=\"_wpcf7\" value=\"14712\" \/>\n<input type=\"hidden\" name=\"_wpcf7_version\" value=\"5.8\" \/>\n<input type=\"hidden\" name=\"_wpcf7_locale\" value=\"en_US\" \/>\n<input type=\"hidden\" name=\"_wpcf7_unit_tag\" value=\"wpcf7-f14712-o1\" \/>\n<input type=\"hidden\" name=\"_wpcf7_container_post\" value=\"0\" \/>\n<input type=\"hidden\" name=\"_wpcf7_posted_data_hash\" value=\"\" \/>\n<input type=\"hidden\" name=\"_wpcf7_recaptcha_response\" value=\"\" \/>\n<\/div>\n<div class=\"form-group\">\n\t<p><label class=\"required\" for=\"yourName\">Your Name<\/label><br \/>\n<span class=\"wpcf7-form-control-wrap\" data-name=\"your-name\"><input size=\"40\" class=\"wpcf7-form-control wpcf7-text wpcf7-validates-as-required form-control\" aria-required=\"true\" aria-invalid=\"false\" value=\"\" type=\"text\" name=\"your-name\" \/><\/span>\n\t<\/p>\n<\/div>\n<div class=\"form-group\">\n\t<p><label class=\"required\" for=\"yourEmail\">Your Email<\/label><br \/>\n<span class=\"wpcf7-form-control-wrap\" data-name=\"your-email\"><input size=\"40\" class=\"wpcf7-form-control wpcf7-email wpcf7-validates-as-required wpcf7-text wpcf7-validates-as-email form-control\" aria-required=\"true\" aria-invalid=\"false\" value=\"\" type=\"email\" name=\"your-email\" \/><\/span>\n\t<\/p>\n<\/div>\n<div class=\"form-group\">\n\t<p><label class=\"required\" for=\"yourPhone\">Your Phone <\/label><br \/>\n<span class=\"wpcf7-form-control-wrap\" data-name=\"tel-179\"><input size=\"40\" class=\"wpcf7-form-control wpcf7-tel wpcf7-validates-as-required wpcf7-text wpcf7-validates-as-tel form-control\" aria-required=\"true\" aria-invalid=\"false\" value=\"\" type=\"tel\" name=\"tel-179\" \/><\/span>\n\t<\/p>\n<\/div>\n<div class=\"form-group\">\n\t<p><label class=\"required\" for=\"yourSubject\">Subject <\/label><br \/>\n<span class=\"wpcf7-form-control-wrap\" data-name=\"your-subject\"><input size=\"40\" class=\"wpcf7-form-control wpcf7-text wpcf7-validates-as-required form-control\" aria-required=\"true\" aria-invalid=\"false\" value=\"\" type=\"text\" name=\"your-subject\" \/><\/span>\n\t<\/p>\n<\/div>\n\n<div class=\"form-group\">\n\t<p><label class=\"required\" for=\"yourMessage\">Your Message <\/label><br \/>\n<span class=\"wpcf7-form-control-wrap\" data-name=\"your-message\"><textarea cols=\"40\" rows=\"10\" class=\"wpcf7-form-control wpcf7-textarea wpcf7-validates-as-required form-control\" aria-required=\"true\" aria-invalid=\"false\" name=\"your-message\"><\/textarea><\/span>\n\t<\/p>\n<\/div>\n\n<div class=\"form-group\">\n\t<p><input class=\"wpcf7-form-control wpcf7-submit has-spinner btn btn-primary btn-lg\" type=\"submit\" value=\"Send\" \/>\n\t<\/p>\n<\/div><p style=\"display: none !important;\"><label>&#916;<textarea name=\"_wpcf7_ak_hp_textarea\" cols=\"45\" rows=\"8\" maxlength=\"100\"><\/textarea><\/label><input type=\"hidden\" id=\"ak_js_1\" name=\"_wpcf7_ak_js\" value=\"14\"\/><script>document.getElementById( \"ak_js_1\" ).setAttribute( \"value\", ( new Date() ).getTime() );<\/script><\/p><div class=\"wpcf7-response-output\" aria-hidden=\"true\"><\/div>\n<\/form>\n<\/div>\n[\/vc_column][\/vc_row][vc_row][vc_column][vc_separator color=&#8220;orange&#8220; style=&#8220;shadow&#8220; border_width=&#8220;3&#8243;]\n        <!--start agents module-->\n        \n            \n        <script type=\"text\/javascript\">\n            jQuery(document).ready(function($){\n                if($(\"#agents-carousel-TVnlt\").length > 0){\n                    var owlAgents = $('#agents-carousel-TVnlt');\n                    owlAgents.owlCarousel({\n                        rtl: false,\n                        loop: true,\n                        dots: false,\n                        slideBy: 1,\n                        autoplay: true,\n                        autoplaySpeed: 700,\n                        nav: false,\n                        responsive:{\n                            0: {\n                                items: 1\n                            },\n                            320: {\n                                items: 1\n                            },\n                            480: {\n                                items: 1\n                            },\n                            768: {\n                                items: 2\n                            },\n                            1000: {\n                                items: 3\n                            },\n                            1280: {\n                                items: 4\n                            }\n                        }\n                    });\n\n                    $('.btn-prev-agents').on('click',function() {\n                        owlAgents.trigger('prev.owl.carousel',[700])\n                    });\n                    $('.btn-next-agents').on('click',function() {\n                        owlAgents.trigger('next.owl.carousel',[700])\n                    });\n\n                }\n            });\n        <\/script>\n\n        <div id=\"agents-carousel-module\" class=\"houzez-module agents-carousel-module\">\n            <div class=\"row\">\n                <div class=\"col-sm-12\">\n                    <div class=\"module-title-nav clearfix\">\n\n                        \n                        <div class=\"module-nav\">\n                            <button\n                                class=\"btn btn-carousel btn-sm btn-prev-agents\">Prev<\/button>\n                            <button\n                                class=\"btn btn-carousel btn-sm btn-next-agents\">Next<\/button>\n                        <\/div>\n                    <\/div>\n                <\/div>\n                <div class=\"col-sm-12\">\n                    <div id=\"agents-carousel-TVnlt\" class=\"agents-carousel slide-animated owl-carousel owl-theme\">\n\n                                                    <div class=\"item\">\n                                <div class=\"agents-block\">\n                                    <figure class=\"auther-thumb\">\n                                        <a href=\"https:\/\/www.scangrouphomes.com\/de\/agent\/mahmut-kaya\/\"\n                                           class=\"view\">\n                                        <img src=\"https:\/\/i0.wp.com\/www.scangrouphomes.com\/wp-content\/uploads\/2016\/02\/mahmut-kaya-640.jpg?resize=350%2C350&#038;ssl=1\" class=\"img-circle\" width=\"150\"\n                                             height=\"150\" alt=\"Mahmut Kaya\">\n                                        <\/a>\n                                    <\/figure>\n\n                                        <div class=\"web-logo text-center\">\n                                                                                <\/div>\n\n                                    <div class=\"block-body\">\n                                        <p class=\"auther-info\">\n                                            <span class=\"blue\">Mahmut Kaya<\/span>\n                                            <span>Founder &amp; Ceo                                                                                            , Scangrouphomes<\/span>\n                                                                                    <\/p>\n\n                                        <p class=\"description\"><\/p>\n                                        <a href=\"https:\/\/www.scangrouphomes.com\/de\/agent\/mahmut-kaya\/\"\n                                           class=\"view\">View Profile<\/a>\n                                    <\/div>\n                                <\/div>\n                            <\/div>\n                                                    <div class=\"item\">\n                                <div class=\"agents-block\">\n                                    <figure class=\"auther-thumb\">\n                                        <a href=\"https:\/\/www.scangrouphomes.com\/de\/agent\/tugba-kaya\/\"\n                                           class=\"view\">\n                                        <img src=\"https:\/\/i0.wp.com\/www.scangrouphomes.com\/wp-content\/uploads\/2021\/04\/tugba-kaya-640.jpg?resize=350%2C350&#038;ssl=1\" class=\"img-circle\" width=\"150\"\n                                             height=\"150\" alt=\"Tu\u011fba Kaya\">\n                                        <\/a>\n                                    <\/figure>\n\n                                        <div class=\"web-logo text-center\">\n                                                                                <\/div>\n\n                                    <div class=\"block-body\">\n                                        <p class=\"auther-info\">\n                                            <span class=\"blue\">Tu\u011fba Kaya<\/span>\n                                            <span>Office Manager                                                                                            , Scangrouphomes<\/span>\n                                                                                    <\/p>\n\n                                        <p class=\"description\"><\/p>\n                                        <a href=\"https:\/\/www.scangrouphomes.com\/de\/agent\/tugba-kaya\/\"\n                                           class=\"view\">View Profile<\/a>\n                                    <\/div>\n                                <\/div>\n                            <\/div>\n                                                \n                    <\/div>\n                <\/div>\n            <\/div>\n        <\/div>\n\n            <!--end post agents module-->\n\n\n        [\/vc_column][\/vc_row][vc_row full_width=&#8220;stretch_row_content_no_spaces&#8220;][vc_column][vc_gmaps link=&#8220;#E-8_JTNDaWZyYW1lJTIwc3JjJTNEJTIyaHR0cHMlM0ElMkYlMkZ3d3cuZ29vZ2xlLmNvbSUyRm1hcHMlMkZlbWJlZCUzRnBiJTNEJTIxMW0xNCUyMTFtOCUyMTFtMyUyMTFkMTI4MjEuOTUxMjM2MjY4MTE2JTIxMmQzMi4wMjkwNTAyJTIxM2QzNi41NDIzNDk0JTIxM20yJTIxMWkxMDI0JTIxMmk3NjglMjE0ZjEzLjElMjEzbTMlMjExbTIlMjExczB4MCUyNTNBMHgzZTNhYzc1YzVlZDE2NGUwJTIxMnNTY2FuZ3JvdXAlMjUyMEhvbWVzJTIxNWUwJTIxM20yJTIxMXN0ciUyMTJzdHIlMjE0djE1NzY2NjAzNjczMzQlMjE1bTIlMjExc3RyJTIxMnN0ciUyMiUyMHdpZHRoJTNEJTIyNjAwJTIyJTIwaGVpZ2h0JTNEJTIyNDUwJTIyJTIwZnJhbWVib3JkZXIlM0QlMjIwJTIyJTIwc3R5bGUlM0QlMjJib3JkZXIlM0EwJTNCJTIyJTIwYWxsb3dmdWxsc2NyZWVuJTNEJTIyJTIyJTNFJTNDJTJGaWZyYW1lJTNF&#8220;][\/vc_column][\/vc_row]<\/p>\n","protected":false},"excerpt":{"rendered":"<p>[vc_row][vc_column][vc_column_text]IMMOBILIEN KAUFEN IN DER T\u00dcRKEI \u2013 EINE WOHL \u00dcBERLEGTE ENTSCHEIDUNG Als Ausl\u00e4nder eine Immobilie in der T\u00fcrkei zu kaufen ist ziemlich einfach. Wer tr\u00e4umt nicht von einem Eigenheim? Die g\u00fcnstigen Wohnungspreise machen das m\u00f6glich, zudem ist das Potential des t\u00fcrkischen Immobilienmarktes \u00e4u\u00dferst verlockend. Problematisch wird der Immobilienerwerb im Ausland erst, wenn Sie in unprofessionelle H\u00e4nde [&hellip;]<\/p>\n","protected":false},"author":1,"featured_media":0,"parent":0,"menu_order":0,"comment_status":"closed","ping_status":"closed","template":"template\/template-page.php","meta":[],"yoast_head":"<!-- This site is optimized with the Yoast SEO plugin v21.0 - https:\/\/yoast.com\/wordpress\/plugins\/seo\/ -->\n<title>Immobilienkauf - ScanGroup Homes<\/title>\n<meta name=\"robots\" content=\"index, follow, max-snippet:-1, max-image-preview:large, max-video-preview:-1\" \/>\n<link rel=\"canonical\" href=\"https:\/\/www.scangrouphomes.com\/de\/immobilienkauf\/\" \/>\n<meta property=\"og:locale\" content=\"de_DE\" \/>\n<meta property=\"og:type\" content=\"article\" \/>\n<meta property=\"og:title\" content=\"Immobilienkauf - ScanGroup Homes\" \/>\n<meta property=\"og:description\" content=\"[vc_row][vc_column][vc_column_text]IMMOBILIEN KAUFEN IN DER T\u00dcRKEI \u2013 EINE WOHL \u00dcBERLEGTE ENTSCHEIDUNG Als Ausl\u00e4nder eine Immobilie in der T\u00fcrkei zu kaufen ist ziemlich einfach. Wer tr\u00e4umt nicht von einem Eigenheim? Die g\u00fcnstigen Wohnungspreise machen das m\u00f6glich, zudem ist das Potential des t\u00fcrkischen Immobilienmarktes \u00e4u\u00dferst verlockend. Problematisch wird der Immobilienerwerb im Ausland erst, wenn Sie in unprofessionelle H\u00e4nde [&hellip;]\" \/>\n<meta property=\"og:url\" content=\"https:\/\/www.scangrouphomes.com\/de\/immobilienkauf\/\" \/>\n<meta property=\"og:site_name\" content=\"ScanGroup Homes\" \/>\n<meta property=\"article:modified_time\" content=\"2020-02-25T00:28:49+00:00\" \/>\n<meta name=\"twitter:card\" content=\"summary_large_image\" \/>\n<meta name=\"twitter:label1\" content=\"Gesch\u00e4tzte Lesezeit\" \/>\n\t<meta name=\"twitter:data1\" content=\"3\u00a0Minuten\" \/>\n<script type=\"application\/ld+json\" class=\"yoast-schema-graph\">{\"@context\":\"https:\/\/schema.org\",\"@graph\":[{\"@type\":\"WebPage\",\"@id\":\"https:\/\/www.scangrouphomes.com\/de\/immobilienkauf\/\",\"url\":\"https:\/\/www.scangrouphomes.com\/de\/immobilienkauf\/\",\"name\":\"Immobilienkauf - ScanGroup Homes\",\"isPartOf\":{\"@id\":\"https:\/\/www.scangrouphomes.com\/de\/#website\"},\"datePublished\":\"2020-02-03T12:02:40+00:00\",\"dateModified\":\"2020-02-25T00:28:49+00:00\",\"breadcrumb\":{\"@id\":\"https:\/\/www.scangrouphomes.com\/de\/immobilienkauf\/#breadcrumb\"},\"inLanguage\":\"de\",\"potentialAction\":[{\"@type\":\"ReadAction\",\"target\":[\"https:\/\/www.scangrouphomes.com\/de\/immobilienkauf\/\"]}]},{\"@type\":\"BreadcrumbList\",\"@id\":\"https:\/\/www.scangrouphomes.com\/de\/immobilienkauf\/#breadcrumb\",\"itemListElement\":[{\"@type\":\"ListItem\",\"position\":1,\"name\":\"Home\",\"item\":\"https:\/\/www.scangrouphomes.com\/de\/\"},{\"@type\":\"ListItem\",\"position\":2,\"name\":\"Immobilienkauf\"}]},{\"@type\":\"WebSite\",\"@id\":\"https:\/\/www.scangrouphomes.com\/de\/#website\",\"url\":\"https:\/\/www.scangrouphomes.com\/de\/\",\"name\":\"ScanGroup Homes\",\"description\":\"Property in Alanya Turkey real estate apartments villas buying property Antalya\",\"potentialAction\":[{\"@type\":\"SearchAction\",\"target\":{\"@type\":\"EntryPoint\",\"urlTemplate\":\"https:\/\/www.scangrouphomes.com\/de\/?s={search_term_string}\"},\"query-input\":\"required name=search_term_string\"}],\"inLanguage\":\"de\"}]}<\/script>\n<!-- \/ Yoast SEO plugin. -->","yoast_head_json":{"title":"Immobilienkauf - ScanGroup Homes","robots":{"index":"index","follow":"follow","max-snippet":"max-snippet:-1","max-image-preview":"max-image-preview:large","max-video-preview":"max-video-preview:-1"},"canonical":"https:\/\/www.scangrouphomes.com\/de\/immobilienkauf\/","og_locale":"de_DE","og_type":"article","og_title":"Immobilienkauf - ScanGroup Homes","og_description":"[vc_row][vc_column][vc_column_text]IMMOBILIEN KAUFEN IN DER T\u00dcRKEI \u2013 EINE WOHL \u00dcBERLEGTE ENTSCHEIDUNG Als Ausl\u00e4nder eine Immobilie in der T\u00fcrkei zu kaufen ist ziemlich einfach. Wer tr\u00e4umt nicht von einem Eigenheim? Die g\u00fcnstigen Wohnungspreise machen das m\u00f6glich, zudem ist das Potential des t\u00fcrkischen Immobilienmarktes \u00e4u\u00dferst verlockend. Problematisch wird der Immobilienerwerb im Ausland erst, wenn Sie in unprofessionelle H\u00e4nde [&hellip;]","og_url":"https:\/\/www.scangrouphomes.com\/de\/immobilienkauf\/","og_site_name":"ScanGroup Homes","article_modified_time":"2020-02-25T00:28:49+00:00","twitter_card":"summary_large_image","twitter_misc":{"Gesch\u00e4tzte Lesezeit":"3\u00a0Minuten"},"schema":{"@context":"https:\/\/schema.org","@graph":[{"@type":"WebPage","@id":"https:\/\/www.scangrouphomes.com\/de\/immobilienkauf\/","url":"https:\/\/www.scangrouphomes.com\/de\/immobilienkauf\/","name":"Immobilienkauf - ScanGroup Homes","isPartOf":{"@id":"https:\/\/www.scangrouphomes.com\/de\/#website"},"datePublished":"2020-02-03T12:02:40+00:00","dateModified":"2020-02-25T00:28:49+00:00","breadcrumb":{"@id":"https:\/\/www.scangrouphomes.com\/de\/immobilienkauf\/#breadcrumb"},"inLanguage":"de","potentialAction":[{"@type":"ReadAction","target":["https:\/\/www.scangrouphomes.com\/de\/immobilienkauf\/"]}]},{"@type":"BreadcrumbList","@id":"https:\/\/www.scangrouphomes.com\/de\/immobilienkauf\/#breadcrumb","itemListElement":[{"@type":"ListItem","position":1,"name":"Home","item":"https:\/\/www.scangrouphomes.com\/de\/"},{"@type":"ListItem","position":2,"name":"Immobilienkauf"}]},{"@type":"WebSite","@id":"https:\/\/www.scangrouphomes.com\/de\/#website","url":"https:\/\/www.scangrouphomes.com\/de\/","name":"ScanGroup Homes","description":"Property in Alanya Turkey real estate apartments villas buying property Antalya","potentialAction":[{"@type":"SearchAction","target":{"@type":"EntryPoint","urlTemplate":"https:\/\/www.scangrouphomes.com\/de\/?s={search_term_string}"},"query-input":"required name=search_term_string"}],"inLanguage":"de"}]}},"_links":{"self":[{"href":"https:\/\/www.scangrouphomes.com\/de\/wp-json\/wp\/v2\/pages\/17063"}],"collection":[{"href":"https:\/\/www.scangrouphomes.com\/de\/wp-json\/wp\/v2\/pages"}],"about":[{"href":"https:\/\/www.scangrouphomes.com\/de\/wp-json\/wp\/v2\/types\/page"}],"author":[{"embeddable":true,"href":"https:\/\/www.scangrouphomes.com\/de\/wp-json\/wp\/v2\/users\/1"}],"replies":[{"embeddable":true,"href":"https:\/\/www.scangrouphomes.com\/de\/wp-json\/wp\/v2\/comments?post=17063"}],"version-history":[{"count":2,"href":"https:\/\/www.scangrouphomes.com\/de\/wp-json\/wp\/v2\/pages\/17063\/revisions"}],"predecessor-version":[{"id":17101,"href":"https:\/\/www.scangrouphomes.com\/de\/wp-json\/wp\/v2\/pages\/17063\/revisions\/17101"}],"wp:attachment":[{"href":"https:\/\/www.scangrouphomes.com\/de\/wp-json\/wp\/v2\/media?parent=17063"}],"curies":[{"name":"wp","href":"https:\/\/api.w.org\/{rel}","templated":true}]}}