{"id":17057,"date":"2020-02-06T11:55:12","date_gmt":"2020-02-06T11:55:12","guid":{"rendered":"https:\/\/sgh.alanya.work\/finance-in-turkey\/"},"modified":"2020-02-25T00:45:46","modified_gmt":"2020-02-25T00:45:46","slug":"immobilienfinanzierung-in-der-tuerkei","status":"publish","type":"page","link":"https:\/\/www.scangrouphomes.com\/de\/immobilienfinanzierung-in-der-tuerkei\/","title":{"rendered":"Immobilienfinanzierung in der T\u00fcrkei"},"content":{"rendered":"<p>[vc_row][vc_column][vc_column_text]Europ\u00e4ische Immobilienerwerber k\u00f6nnen in der T\u00fcrkei eine Bankfinanzierung bekommen. Gerne helfen wir Ihnen beim Erstellen Ihres Finanzierungsplans und beraten Sie ausf\u00fchrlich. Kontaktieren Sie uns einfach \u00fcber unseren Chat oder besuchen uns direkt im B\u00fcro.<\/p>\n<p><strong>Deniz Bank<\/strong><br \/>\nfinanziert fertige Immobilien mit bis zu 70 % des Wertgutachtens.<\/p>\n<p>Minimaler Beleihungswert sind 30.000 Euro \u2013 bei Laufzeiten bis zu 10 Jahren.<\/p>\n<p>VORZULEGEN SIND:<\/p>\n<p>Kopie des Eigentumsnachweises (Tapu)<br \/>\nT\u00fcrkische Steuernummer<br \/>\nAntragsformular<br \/>\nKopie vom Reisepass<br \/>\nSchufa-Auszug aus Ihrem Heimatland<br \/>\nEinkommensnachweis der letzten drei Monate<br \/>\nKontoausz\u00fcge der letzten drei Monate<br \/>\nMeldebescheinigung des aktuellen Wohnortes<br \/>\nAnfallende Geb\u00fchren: ca. 1.500 Euro<br \/>\nBankprovision: 1% des Finanzierungsbetrages.<\/p>\n<p><strong>Garanti Bank<\/strong><br \/>\nfinanziert werden fertige Immobilien mit bis zu 65 % des Wertgutachtens \u2013 feste Laufzeiten bis zu 10 Jahre.<\/p>\n<p>VORZULEGEN SIND:<br \/>\nKopie des Eigentumsnachweises (Tapu)<br \/>\nT\u00fcrkische Steuernummer<br \/>\nAntragsformular<br \/>\nKopie vom Reisepass<br \/>\nSchufa-Auszug aus Ihrem Heimatland<br \/>\nEinkommensnachweis der letzten drei Monate<br \/>\nKontoausz\u00fcge der letzten drei Monate<br \/>\nMeldebescheinigung des aktuellen Wohnortes<br \/>\nAnfallende Geb\u00fchren: ca. 1.500 Euro<br \/>\nBankprovision: 1% des Finanzierungsbetrages.[\/vc_column_text][\/vc_column][\/vc_row][vc_row][vc_column][vc_separator color=&#8220;orange&#8220; style=&#8220;shadow&#8220; border_width=&#8220;3&#8243;][\/vc_column][\/vc_row][vc_row][vc_column]\n<div class=\"wpcf7 no-js\" id=\"wpcf7-f14712-o1\" lang=\"en-US\" dir=\"ltr\">\n<div class=\"screen-reader-response\"><p role=\"status\" aria-live=\"polite\" aria-atomic=\"true\"><\/p> <ul><\/ul><\/div>\n<form action=\"\/de\/wp-json\/wp\/v2\/pages\/17057#wpcf7-f14712-o1\" method=\"post\" class=\"wpcf7-form init\" aria-label=\"Contact form\" novalidate=\"novalidate\" data-status=\"init\">\n<div style=\"display: none;\">\n<input type=\"hidden\" name=\"_wpcf7\" value=\"14712\" \/>\n<input type=\"hidden\" name=\"_wpcf7_version\" value=\"5.8\" \/>\n<input type=\"hidden\" name=\"_wpcf7_locale\" value=\"en_US\" \/>\n<input type=\"hidden\" name=\"_wpcf7_unit_tag\" value=\"wpcf7-f14712-o1\" \/>\n<input type=\"hidden\" name=\"_wpcf7_container_post\" value=\"0\" \/>\n<input type=\"hidden\" name=\"_wpcf7_posted_data_hash\" value=\"\" \/>\n<input type=\"hidden\" name=\"_wpcf7_recaptcha_response\" value=\"\" \/>\n<\/div>\n<div class=\"form-group\">\n\t<p><label class=\"required\" for=\"yourName\">Your Name<\/label><br \/>\n<span class=\"wpcf7-form-control-wrap\" data-name=\"your-name\"><input size=\"40\" class=\"wpcf7-form-control wpcf7-text wpcf7-validates-as-required form-control\" aria-required=\"true\" aria-invalid=\"false\" value=\"\" type=\"text\" name=\"your-name\" \/><\/span>\n\t<\/p>\n<\/div>\n<div class=\"form-group\">\n\t<p><label class=\"required\" for=\"yourEmail\">Your Email<\/label><br \/>\n<span class=\"wpcf7-form-control-wrap\" data-name=\"your-email\"><input size=\"40\" class=\"wpcf7-form-control wpcf7-email wpcf7-validates-as-required wpcf7-text wpcf7-validates-as-email form-control\" aria-required=\"true\" aria-invalid=\"false\" value=\"\" type=\"email\" name=\"your-email\" \/><\/span>\n\t<\/p>\n<\/div>\n<div class=\"form-group\">\n\t<p><label class=\"required\" for=\"yourPhone\">Your Phone <\/label><br \/>\n<span class=\"wpcf7-form-control-wrap\" data-name=\"tel-179\"><input size=\"40\" class=\"wpcf7-form-control wpcf7-tel wpcf7-validates-as-required wpcf7-text wpcf7-validates-as-tel form-control\" aria-required=\"true\" aria-invalid=\"false\" value=\"\" type=\"tel\" name=\"tel-179\" \/><\/span>\n\t<\/p>\n<\/div>\n<div class=\"form-group\">\n\t<p><label class=\"required\" for=\"yourSubject\">Subject <\/label><br \/>\n<span class=\"wpcf7-form-control-wrap\" data-name=\"your-subject\"><input size=\"40\" class=\"wpcf7-form-control wpcf7-text wpcf7-validates-as-required form-control\" aria-required=\"true\" aria-invalid=\"false\" value=\"\" type=\"text\" name=\"your-subject\" \/><\/span>\n\t<\/p>\n<\/div>\n\n<div class=\"form-group\">\n\t<p><label class=\"required\" for=\"yourMessage\">Your Message <\/label><br \/>\n<span class=\"wpcf7-form-control-wrap\" data-name=\"your-message\"><textarea cols=\"40\" rows=\"10\" class=\"wpcf7-form-control wpcf7-textarea wpcf7-validates-as-required form-control\" aria-required=\"true\" aria-invalid=\"false\" name=\"your-message\"><\/textarea><\/span>\n\t<\/p>\n<\/div>\n\n<div class=\"form-group\">\n\t<p><input class=\"wpcf7-form-control wpcf7-submit has-spinner btn btn-primary btn-lg\" type=\"submit\" value=\"Send\" \/>\n\t<\/p>\n<\/div><p style=\"display: none !important;\"><label>&#916;<textarea name=\"_wpcf7_ak_hp_textarea\" cols=\"45\" rows=\"8\" maxlength=\"100\"><\/textarea><\/label><input type=\"hidden\" id=\"ak_js_1\" name=\"_wpcf7_ak_js\" value=\"88\"\/><script>document.getElementById( \"ak_js_1\" ).setAttribute( \"value\", ( new Date() ).getTime() );<\/script><\/p><div class=\"wpcf7-response-output\" aria-hidden=\"true\"><\/div>\n<\/form>\n<\/div>\n[\/vc_column][\/vc_row][vc_row][vc_column][vc_separator color=&#8220;orange&#8220; style=&#8220;shadow&#8220; border_width=&#8220;3&#8243;]\n        <!--start agents module-->\n        \n            \n        <script type=\"text\/javascript\">\n            jQuery(document).ready(function($){\n                if($(\"#agents-carousel-XFP0b\").length > 0){\n                    var owlAgents = $('#agents-carousel-XFP0b');\n                    owlAgents.owlCarousel({\n                        rtl: false,\n                        loop: true,\n                        dots: false,\n                        slideBy: 1,\n                        autoplay: true,\n                        autoplaySpeed: 700,\n                        nav: false,\n                        responsive:{\n                            0: {\n                                items: 1\n                            },\n                            320: {\n                                items: 1\n                            },\n                            480: {\n                                items: 1\n                            },\n                            768: {\n                                items: 2\n                            },\n                            1000: {\n                                items: 3\n                            },\n                            1280: {\n                                items: 4\n                            }\n                        }\n                    });\n\n                    $('.btn-prev-agents').on('click',function() {\n                        owlAgents.trigger('prev.owl.carousel',[700])\n                    });\n                    $('.btn-next-agents').on('click',function() {\n                        owlAgents.trigger('next.owl.carousel',[700])\n                    });\n\n                }\n            });\n        <\/script>\n\n        <div id=\"agents-carousel-module\" class=\"houzez-module agents-carousel-module\">\n            <div class=\"row\">\n                <div class=\"col-sm-12\">\n                    <div class=\"module-title-nav clearfix\">\n\n                        \n                        <div class=\"module-nav\">\n                            <button\n                                class=\"btn btn-carousel btn-sm btn-prev-agents\">Prev<\/button>\n                            <button\n                                class=\"btn btn-carousel btn-sm btn-next-agents\">Next<\/button>\n                        <\/div>\n                    <\/div>\n                <\/div>\n                <div class=\"col-sm-12\">\n                    <div id=\"agents-carousel-XFP0b\" class=\"agents-carousel slide-animated owl-carousel owl-theme\">\n\n                                                    <div class=\"item\">\n                                <div class=\"agents-block\">\n                                    <figure class=\"auther-thumb\">\n                                        <a href=\"https:\/\/www.scangrouphomes.com\/de\/agent\/mahmut-kaya\/\"\n                                           class=\"view\">\n                                        <img src=\"https:\/\/i0.wp.com\/www.scangrouphomes.com\/wp-content\/uploads\/2016\/02\/mahmut-kaya-640.jpg?resize=350%2C350&#038;ssl=1\" class=\"img-circle\" width=\"150\"\n                                             height=\"150\" alt=\"Mahmut Kaya\">\n                                        <\/a>\n                                    <\/figure>\n\n                                        <div class=\"web-logo text-center\">\n                                                                                <\/div>\n\n                                    <div class=\"block-body\">\n                                        <p class=\"auther-info\">\n                                            <span class=\"blue\">Mahmut Kaya<\/span>\n                                            <span>Founder &amp; Ceo                                                                                            , Scangrouphomes<\/span>\n                                                                                    <\/p>\n\n                                        <p class=\"description\"><\/p>\n                                        <a href=\"https:\/\/www.scangrouphomes.com\/de\/agent\/mahmut-kaya\/\"\n                                           class=\"view\">View Profile<\/a>\n                                    <\/div>\n                                <\/div>\n                            <\/div>\n                                                    <div class=\"item\">\n                                <div class=\"agents-block\">\n                                    <figure class=\"auther-thumb\">\n                                        <a href=\"https:\/\/www.scangrouphomes.com\/de\/agent\/tugba-kaya\/\"\n                                           class=\"view\">\n                                        <img src=\"https:\/\/i0.wp.com\/www.scangrouphomes.com\/wp-content\/uploads\/2021\/04\/tugba-kaya-640.jpg?resize=350%2C350&#038;ssl=1\" class=\"img-circle\" width=\"150\"\n                                             height=\"150\" alt=\"Tu\u011fba Kaya\">\n                                        <\/a>\n                                    <\/figure>\n\n                                        <div class=\"web-logo text-center\">\n                                                                                <\/div>\n\n                                    <div class=\"block-body\">\n                                        <p class=\"auther-info\">\n                                            <span class=\"blue\">Tu\u011fba Kaya<\/span>\n                                            <span>Office Manager                                                                                            , Scangrouphomes<\/span>\n                                                                                    <\/p>\n\n                                        <p class=\"description\"><\/p>\n                                        <a href=\"https:\/\/www.scangrouphomes.com\/de\/agent\/tugba-kaya\/\"\n                                           class=\"view\">View Profile<\/a>\n                                    <\/div>\n                                <\/div>\n                            <\/div>\n                                                \n                    <\/div>\n                <\/div>\n            <\/div>\n        <\/div>\n\n            <!--end post agents module-->\n\n\n        [\/vc_column][\/vc_row][vc_row full_width=&#8220;stretch_row_content_no_spaces&#8220;][vc_column][vc_gmaps link=&#8220;#E-8_JTNDaWZyYW1lJTIwc3JjJTNEJTIyaHR0cHMlM0ElMkYlMkZ3d3cuZ29vZ2xlLmNvbSUyRm1hcHMlMkZlbWJlZCUzRnBiJTNEJTIxMW0xNCUyMTFtOCUyMTFtMyUyMTFkMTI4MjEuOTUxMjM2MjY4MTE2JTIxMmQzMi4wMjkwNTAyJTIxM2QzNi41NDIzNDk0JTIxM20yJTIxMWkxMDI0JTIxMmk3NjglMjE0ZjEzLjElMjEzbTMlMjExbTIlMjExczB4MCUyNTNBMHgzZTNhYzc1YzVlZDE2NGUwJTIxMnNTY2FuZ3JvdXAlMjUyMEhvbWVzJTIxNWUwJTIxM20yJTIxMXN0ciUyMTJzdHIlMjE0djE1NzY2NjAzNjczMzQlMjE1bTIlMjExc3RyJTIxMnN0ciUyMiUyMHdpZHRoJTNEJTIyNjAwJTIyJTIwaGVpZ2h0JTNEJTIyNDUwJTIyJTIwZnJhbWVib3JkZXIlM0QlMjIwJTIyJTIwc3R5bGUlM0QlMjJib3JkZXIlM0EwJTNCJTIyJTIwYWxsb3dmdWxsc2NyZWVuJTNEJTIyJTIyJTNFJTNDJTJGaWZyYW1lJTNF&#8220;][\/vc_column][\/vc_row]<\/p>\n","protected":false},"excerpt":{"rendered":"<p>[vc_row][vc_column][vc_column_text]Europ\u00e4ische Immobilienerwerber k\u00f6nnen in der T\u00fcrkei eine Bankfinanzierung bekommen. Gerne helfen wir Ihnen beim Erstellen Ihres Finanzierungsplans und beraten Sie ausf\u00fchrlich. Kontaktieren Sie uns einfach \u00fcber unseren Chat oder besuchen uns direkt im B\u00fcro. Deniz Bank finanziert fertige Immobilien mit bis zu 70 % des Wertgutachtens. Minimaler Beleihungswert sind 30.000 Euro \u2013 bei Laufzeiten bis [&hellip;]<\/p>\n","protected":false},"author":1,"featured_media":0,"parent":0,"menu_order":0,"comment_status":"closed","ping_status":"closed","template":"template\/template-page.php","meta":[],"yoast_head":"<!-- This site is optimized with the Yoast SEO plugin v21.0 - https:\/\/yoast.com\/wordpress\/plugins\/seo\/ -->\n<title>Immobilienfinanzierung in der T\u00fcrkei - ScanGroup Homes<\/title>\n<meta name=\"robots\" content=\"index, follow, max-snippet:-1, max-image-preview:large, max-video-preview:-1\" \/>\n<link rel=\"canonical\" href=\"https:\/\/www.scangrouphomes.com\/de\/immobilienfinanzierung-in-der-tuerkei\/\" \/>\n<meta property=\"og:locale\" content=\"de_DE\" \/>\n<meta property=\"og:type\" content=\"article\" \/>\n<meta property=\"og:title\" content=\"Immobilienfinanzierung in der T\u00fcrkei - ScanGroup Homes\" \/>\n<meta property=\"og:description\" content=\"[vc_row][vc_column][vc_column_text]Europ\u00e4ische Immobilienerwerber k\u00f6nnen in der T\u00fcrkei eine Bankfinanzierung bekommen. Gerne helfen wir Ihnen beim Erstellen Ihres Finanzierungsplans und beraten Sie ausf\u00fchrlich. Kontaktieren Sie uns einfach \u00fcber unseren Chat oder besuchen uns direkt im B\u00fcro. Deniz Bank finanziert fertige Immobilien mit bis zu 70 % des Wertgutachtens. Minimaler Beleihungswert sind 30.000 Euro \u2013 bei Laufzeiten bis [&hellip;]\" \/>\n<meta property=\"og:url\" content=\"https:\/\/www.scangrouphomes.com\/de\/immobilienfinanzierung-in-der-tuerkei\/\" \/>\n<meta property=\"og:site_name\" content=\"ScanGroup Homes\" \/>\n<meta property=\"article:modified_time\" content=\"2020-02-25T00:45:46+00:00\" \/>\n<meta name=\"twitter:card\" content=\"summary_large_image\" \/>\n<meta name=\"twitter:label1\" content=\"Gesch\u00e4tzte Lesezeit\" \/>\n\t<meta name=\"twitter:data1\" content=\"1\u00a0Minute\" \/>\n<script type=\"application\/ld+json\" class=\"yoast-schema-graph\">{\"@context\":\"https:\/\/schema.org\",\"@graph\":[{\"@type\":\"WebPage\",\"@id\":\"https:\/\/www.scangrouphomes.com\/de\/immobilienfinanzierung-in-der-tuerkei\/\",\"url\":\"https:\/\/www.scangrouphomes.com\/de\/immobilienfinanzierung-in-der-tuerkei\/\",\"name\":\"Immobilienfinanzierung in der T\u00fcrkei - ScanGroup Homes\",\"isPartOf\":{\"@id\":\"https:\/\/www.scangrouphomes.com\/de\/#website\"},\"datePublished\":\"2020-02-06T11:55:12+00:00\",\"dateModified\":\"2020-02-25T00:45:46+00:00\",\"breadcrumb\":{\"@id\":\"https:\/\/www.scangrouphomes.com\/de\/immobilienfinanzierung-in-der-tuerkei\/#breadcrumb\"},\"inLanguage\":\"de\",\"potentialAction\":[{\"@type\":\"ReadAction\",\"target\":[\"https:\/\/www.scangrouphomes.com\/de\/immobilienfinanzierung-in-der-tuerkei\/\"]}]},{\"@type\":\"BreadcrumbList\",\"@id\":\"https:\/\/www.scangrouphomes.com\/de\/immobilienfinanzierung-in-der-tuerkei\/#breadcrumb\",\"itemListElement\":[{\"@type\":\"ListItem\",\"position\":1,\"name\":\"Home\",\"item\":\"https:\/\/www.scangrouphomes.com\/de\/\"},{\"@type\":\"ListItem\",\"position\":2,\"name\":\"Immobilienfinanzierung in der T\u00fcrkei\"}]},{\"@type\":\"WebSite\",\"@id\":\"https:\/\/www.scangrouphomes.com\/de\/#website\",\"url\":\"https:\/\/www.scangrouphomes.com\/de\/\",\"name\":\"ScanGroup Homes\",\"description\":\"Property in Alanya Turkey real estate apartments villas buying property Antalya\",\"potentialAction\":[{\"@type\":\"SearchAction\",\"target\":{\"@type\":\"EntryPoint\",\"urlTemplate\":\"https:\/\/www.scangrouphomes.com\/de\/?s={search_term_string}\"},\"query-input\":\"required name=search_term_string\"}],\"inLanguage\":\"de\"}]}<\/script>\n<!-- \/ Yoast SEO plugin. -->","yoast_head_json":{"title":"Immobilienfinanzierung in der T\u00fcrkei - ScanGroup Homes","robots":{"index":"index","follow":"follow","max-snippet":"max-snippet:-1","max-image-preview":"max-image-preview:large","max-video-preview":"max-video-preview:-1"},"canonical":"https:\/\/www.scangrouphomes.com\/de\/immobilienfinanzierung-in-der-tuerkei\/","og_locale":"de_DE","og_type":"article","og_title":"Immobilienfinanzierung in der T\u00fcrkei - ScanGroup Homes","og_description":"[vc_row][vc_column][vc_column_text]Europ\u00e4ische Immobilienerwerber k\u00f6nnen in der T\u00fcrkei eine Bankfinanzierung bekommen. Gerne helfen wir Ihnen beim Erstellen Ihres Finanzierungsplans und beraten Sie ausf\u00fchrlich. Kontaktieren Sie uns einfach \u00fcber unseren Chat oder besuchen uns direkt im B\u00fcro. Deniz Bank finanziert fertige Immobilien mit bis zu 70 % des Wertgutachtens. Minimaler Beleihungswert sind 30.000 Euro \u2013 bei Laufzeiten bis [&hellip;]","og_url":"https:\/\/www.scangrouphomes.com\/de\/immobilienfinanzierung-in-der-tuerkei\/","og_site_name":"ScanGroup Homes","article_modified_time":"2020-02-25T00:45:46+00:00","twitter_card":"summary_large_image","twitter_misc":{"Gesch\u00e4tzte Lesezeit":"1\u00a0Minute"},"schema":{"@context":"https:\/\/schema.org","@graph":[{"@type":"WebPage","@id":"https:\/\/www.scangrouphomes.com\/de\/immobilienfinanzierung-in-der-tuerkei\/","url":"https:\/\/www.scangrouphomes.com\/de\/immobilienfinanzierung-in-der-tuerkei\/","name":"Immobilienfinanzierung in der T\u00fcrkei - ScanGroup Homes","isPartOf":{"@id":"https:\/\/www.scangrouphomes.com\/de\/#website"},"datePublished":"2020-02-06T11:55:12+00:00","dateModified":"2020-02-25T00:45:46+00:00","breadcrumb":{"@id":"https:\/\/www.scangrouphomes.com\/de\/immobilienfinanzierung-in-der-tuerkei\/#breadcrumb"},"inLanguage":"de","potentialAction":[{"@type":"ReadAction","target":["https:\/\/www.scangrouphomes.com\/de\/immobilienfinanzierung-in-der-tuerkei\/"]}]},{"@type":"BreadcrumbList","@id":"https:\/\/www.scangrouphomes.com\/de\/immobilienfinanzierung-in-der-tuerkei\/#breadcrumb","itemListElement":[{"@type":"ListItem","position":1,"name":"Home","item":"https:\/\/www.scangrouphomes.com\/de\/"},{"@type":"ListItem","position":2,"name":"Immobilienfinanzierung in der T\u00fcrkei"}]},{"@type":"WebSite","@id":"https:\/\/www.scangrouphomes.com\/de\/#website","url":"https:\/\/www.scangrouphomes.com\/de\/","name":"ScanGroup Homes","description":"Property in Alanya Turkey real estate apartments villas buying property Antalya","potentialAction":[{"@type":"SearchAction","target":{"@type":"EntryPoint","urlTemplate":"https:\/\/www.scangrouphomes.com\/de\/?s={search_term_string}"},"query-input":"required name=search_term_string"}],"inLanguage":"de"}]}},"_links":{"self":[{"href":"https:\/\/www.scangrouphomes.com\/de\/wp-json\/wp\/v2\/pages\/17057"}],"collection":[{"href":"https:\/\/www.scangrouphomes.com\/de\/wp-json\/wp\/v2\/pages"}],"about":[{"href":"https:\/\/www.scangrouphomes.com\/de\/wp-json\/wp\/v2\/types\/page"}],"author":[{"embeddable":true,"href":"https:\/\/www.scangrouphomes.com\/de\/wp-json\/wp\/v2\/users\/1"}],"replies":[{"embeddable":true,"href":"https:\/\/www.scangrouphomes.com\/de\/wp-json\/wp\/v2\/comments?post=17057"}],"version-history":[{"count":3,"href":"https:\/\/www.scangrouphomes.com\/de\/wp-json\/wp\/v2\/pages\/17057\/revisions"}],"predecessor-version":[{"id":17116,"href":"https:\/\/www.scangrouphomes.com\/de\/wp-json\/wp\/v2\/pages\/17057\/revisions\/17116"}],"wp:attachment":[{"href":"https:\/\/www.scangrouphomes.com\/de\/wp-json\/wp\/v2\/media?parent=17057"}],"curies":[{"name":"wp","href":"https:\/\/api.w.org\/{rel}","templated":true}]}}