{"id":17046,"date":"2016-03-09T22:42:13","date_gmt":"2016-03-09T22:42:13","guid":{"rendered":"https:\/\/sgh.alanya.work\/faq\/"},"modified":"2020-02-25T00:43:07","modified_gmt":"2020-02-25T00:43:07","slug":"haeufig-gestellte-fragen","status":"publish","type":"page","link":"https:\/\/www.scangrouphomes.com\/de\/haeufig-gestellte-fragen\/","title":{"rendered":"H\u00e4ufig gestellte Fragen"},"content":{"rendered":"<p>[vc_row][vc_column][vc_column_text]<strong>Welche Unterlagen ben\u00f6tige ich, um eine Immobilie zu erwerben?<\/strong><br \/>\nSie ben\u00f6tigen Ihren Reisepass und sechs Passbilder, mehr nicht.<\/p>\n<p><strong>Was bedeutet 1+1, 2+1, 3+1, usw. in den Wohnungsangeboten?<\/strong><br \/>\nDie Zahlen beziehen sich auf die Raumanzahl der Wohnung. Dabei steht die erste Ziffer f\u00fcr die Zimmer, die zweite kennzeichnet die Anzahl der Wohnbereiche (mit K\u00fcche). Sollte sich die K\u00fcche in einem separaten Raum befinden, wird darauf extra hingewiesen. Ein Beispiel zur Verdeutlichung: 3+1 bedeutet demnach es gibt einen Wohnbereich mit K\u00fcchenzeile sowie drei Zimmer.<\/p>\n<p><strong>Was sollte ich vor dem Hauskauf beachten?<\/strong><br \/>\nDie Immobilie in der T\u00fcrkei darf ich nicht innerhalb einer milit\u00e4rischen Sicherheitszone bzw. eines Sperrgebietes befinden. Eine \u00dcberpr\u00fcfung obliegt der Milit\u00e4rbeh\u00f6rde in Izmir. Ansonsten bestehen keine gesetzlichen Beschr\u00e4nkungen f\u00fcr Ausl\u00e4nder, die Immobilien erwerben m\u00f6chten<br \/>\nUnsere Firma bietet ausschlie\u00dflich Objekte an, die keinerlei Probleme aufwerfen. Nat\u00fcrlich k\u00f6nnen Sie zus\u00e4tzlich einen Rechtsanwalt hinzuziehen, um sich noch sicherer bei Ihrem Immobilienkauf in der T\u00fcrkei zu f\u00fchlen.<\/p>\n<p><strong>Wie kann ich Gewissheit haben, dass mir der Kauf zusteht?<\/strong><br \/>\nAlle unsere Angebote sind vollst\u00e4ndig kontrolliert und von unseren Spezialisten inspiziert. Wir sorgen daf\u00fcr, dass unsere Objekte keine Probleme aufwerfen. Bei all unseren zum Verkauf stehenden Immobilien in der T\u00fcrkei herrscht Sorgfaltspflicht. Nat\u00fcrlich k\u00f6nnen Sie zus\u00e4tzlich einen unabh\u00e4ngigen Anwalt zu Rate ziehen.<\/p>\n<p><strong>Welche Zusatzkosten kommen durch den Erwerb einer Immobilie in der T\u00fcrkei auf mich zu?<\/strong><br \/>\nIn unseren Immobilienangeboten gibt es keinerlei versteckte Kosten. Sie zahlen nur:<\/p>\n<p>den Kaufpreis<br \/>\ndie Kosten der Eigentums\u00fcberschreibung (3,3% vom Kaufpreis)<br \/>\ndie \u00dcberpr\u00fcfungskosten der Milit\u00e4rbeh\u00f6rde (500 Euro)<br \/>\nWieviele Immobilien kann ich in der T\u00fcrkei kaufen? Sie k\u00f6nnen beliebig viele Immobilien erwerben, die Anzahl ist nicht beschr\u00e4nkt.<\/p>\n<p><strong>Wie lange muss ich auf meine Eigentumsurkunde warten?<\/strong><br \/>\nDie \u00dcbergabe der Eigentumsurkunde (Tapu) dauert + \/ &#8211; 2 bis drei Monate. Der Hauptgrund f\u00fcr die Dauer ist die Pr\u00fcfung der offiziellen Papiere durch die Milit\u00e4rbeh\u00f6rde in Izmir.<\/p>\n<p><strong>Welche Steuern kommen auf mich zu?<\/strong><br \/>\nDie Grundbuchsteuer\/ -geb\u00fchr ist beim Erwerb der Immobilie in der T\u00fcrkei f\u00e4llig. Kommunale Steuer \u2013 u. a. die Grundsteuer \u2013 werden j\u00e4hrlich entrichtet. M\u00f6chten Sie Ihre Immobilie vermieten, m\u00fcssen die Mieteinnahmen in der T\u00fcrkei versteuert werden.<\/p>\n<p><strong>Muss ich Steuern zahlen, falls ich einen Gewinn beim Verkauf einer Immobilie in der T\u00fcrkei erwirtschafte?<\/strong><br \/>\nNach t\u00fcrkischem Gesetz m\u00fcssen Sie keine Kapitalertragssteuer bezahlen, wenn Sie Ihre Immobilie nach 5 Jahren Besitz verkaufen.<\/p>\n<p><strong>Kann ich mein Geld in mein Land zur\u00fcckbringen, wenn ich meine Immobilie verkaufe?<\/strong><br \/>\nJa, es gibt absolut keine Einschr\u00e4nkungen, Sie k\u00f6nnen Ihr Geld zur\u00fcck in Ihr Herkunftsland bringen. Ausgenommen hiervon ist die Kapitalertragssteuer, die Sie eventuell noch zu zahlen haben.<\/p>\n<p><strong>Wie ist die Handhabung bei Vererbung?<\/strong><br \/>\nSobald ein ausl\u00e4ndischer Immobilieneigent\u00fcmer verstirbt, geht das Objekt an die Erben.<\/p>\n<p><strong>Arbeitet Scan Group Homes mit internationalen Banken in der T\u00fcrkei zusammen?<\/strong><br \/>\nEs gibt internationale Banken vor Ort (HSBC, Fortis) mit denen wir arbeiten, ebenso t\u00fcrkischen Niederlassungen in Europa (Is Bank, Garanti Bank, Akbank).<\/p>\n<p><strong>Kann ich eine t\u00fcrkische Hypothek auf meine Immobilie aufnehmen?<\/strong><br \/>\nEs ist m\u00f6glich eine Hypothek auf Ihr Eigentum aufzunehmen.<\/p>\n<p><strong>Kann ich meine Wohnung in der T\u00fcrkei versichern?<\/strong><br \/>\nWir arbeiten mit gro\u00dfen, globalen Versicherungsunternehmen wie AXA, Allianz, u.v.m. zusammen. Selbstverst\u00e4ndlich werden wir Ihnen bei der Suche nach den besten Versicherungsangeboten behilflich sein.<\/p>\n<p>[\/vc_column_text][\/vc_column][\/vc_row][vc_row][vc_column][vc_empty_space][vc_separator color=&#8220;orange&#8220; style=&#8220;shadow&#8220; border_width=&#8220;3&#8243;][vc_column_text]<strong>Haben Sie offene Fragen?<\/strong><br \/>\nSie k\u00f6nnen jederzeit mit uns Kontakt aufnehmen \u2013 wir beraten Sie umfassend.[\/vc_column_text][\/vc_column][\/vc_row][vc_row][vc_column]\n<div class=\"wpcf7 no-js\" id=\"wpcf7-f14712-o1\" lang=\"en-US\" dir=\"ltr\">\n<div class=\"screen-reader-response\"><p role=\"status\" aria-live=\"polite\" aria-atomic=\"true\"><\/p> <ul><\/ul><\/div>\n<form action=\"\/de\/wp-json\/wp\/v2\/pages\/17046#wpcf7-f14712-o1\" method=\"post\" class=\"wpcf7-form init\" aria-label=\"Contact form\" novalidate=\"novalidate\" data-status=\"init\">\n<div style=\"display: none;\">\n<input type=\"hidden\" name=\"_wpcf7\" value=\"14712\" \/>\n<input type=\"hidden\" name=\"_wpcf7_version\" value=\"5.8\" \/>\n<input type=\"hidden\" name=\"_wpcf7_locale\" value=\"en_US\" \/>\n<input type=\"hidden\" name=\"_wpcf7_unit_tag\" value=\"wpcf7-f14712-o1\" \/>\n<input type=\"hidden\" name=\"_wpcf7_container_post\" value=\"0\" \/>\n<input type=\"hidden\" name=\"_wpcf7_posted_data_hash\" value=\"\" \/>\n<input type=\"hidden\" name=\"_wpcf7_recaptcha_response\" value=\"\" \/>\n<\/div>\n<div class=\"form-group\">\n\t<p><label class=\"required\" for=\"yourName\">Your Name<\/label><br \/>\n<span class=\"wpcf7-form-control-wrap\" data-name=\"your-name\"><input size=\"40\" class=\"wpcf7-form-control wpcf7-text wpcf7-validates-as-required form-control\" aria-required=\"true\" aria-invalid=\"false\" value=\"\" type=\"text\" name=\"your-name\" \/><\/span>\n\t<\/p>\n<\/div>\n<div class=\"form-group\">\n\t<p><label class=\"required\" for=\"yourEmail\">Your Email<\/label><br \/>\n<span class=\"wpcf7-form-control-wrap\" data-name=\"your-email\"><input size=\"40\" class=\"wpcf7-form-control wpcf7-email wpcf7-validates-as-required wpcf7-text wpcf7-validates-as-email form-control\" aria-required=\"true\" aria-invalid=\"false\" value=\"\" type=\"email\" name=\"your-email\" \/><\/span>\n\t<\/p>\n<\/div>\n<div class=\"form-group\">\n\t<p><label class=\"required\" for=\"yourPhone\">Your Phone <\/label><br \/>\n<span class=\"wpcf7-form-control-wrap\" data-name=\"tel-179\"><input size=\"40\" class=\"wpcf7-form-control wpcf7-tel wpcf7-validates-as-required wpcf7-text wpcf7-validates-as-tel form-control\" aria-required=\"true\" aria-invalid=\"false\" value=\"\" type=\"tel\" name=\"tel-179\" \/><\/span>\n\t<\/p>\n<\/div>\n<div class=\"form-group\">\n\t<p><label class=\"required\" for=\"yourSubject\">Subject <\/label><br \/>\n<span class=\"wpcf7-form-control-wrap\" data-name=\"your-subject\"><input size=\"40\" class=\"wpcf7-form-control wpcf7-text wpcf7-validates-as-required form-control\" aria-required=\"true\" aria-invalid=\"false\" value=\"\" type=\"text\" name=\"your-subject\" \/><\/span>\n\t<\/p>\n<\/div>\n\n<div class=\"form-group\">\n\t<p><label class=\"required\" for=\"yourMessage\">Your Message <\/label><br \/>\n<span class=\"wpcf7-form-control-wrap\" data-name=\"your-message\"><textarea cols=\"40\" rows=\"10\" class=\"wpcf7-form-control wpcf7-textarea wpcf7-validates-as-required form-control\" aria-required=\"true\" aria-invalid=\"false\" name=\"your-message\"><\/textarea><\/span>\n\t<\/p>\n<\/div>\n\n<div class=\"form-group\">\n\t<p><input class=\"wpcf7-form-control wpcf7-submit has-spinner btn btn-primary btn-lg\" type=\"submit\" value=\"Send\" \/>\n\t<\/p>\n<\/div><p style=\"display: none !important;\"><label>&#916;<textarea name=\"_wpcf7_ak_hp_textarea\" cols=\"45\" rows=\"8\" maxlength=\"100\"><\/textarea><\/label><input type=\"hidden\" id=\"ak_js_1\" name=\"_wpcf7_ak_js\" value=\"155\"\/><script>document.getElementById( \"ak_js_1\" ).setAttribute( \"value\", ( new Date() ).getTime() );<\/script><\/p><div class=\"wpcf7-response-output\" aria-hidden=\"true\"><\/div>\n<\/form>\n<\/div>\n[\/vc_column][\/vc_row]<\/p>\n","protected":false},"excerpt":{"rendered":"<p>[vc_row][vc_column][vc_column_text]Welche Unterlagen ben\u00f6tige ich, um eine Immobilie zu erwerben? Sie ben\u00f6tigen Ihren Reisepass und sechs Passbilder, mehr nicht. Was bedeutet 1+1, 2+1, 3+1, usw. in den Wohnungsangeboten? Die Zahlen beziehen sich auf die Raumanzahl der Wohnung. Dabei steht die erste Ziffer f\u00fcr die Zimmer, die zweite kennzeichnet die Anzahl der Wohnbereiche (mit K\u00fcche). Sollte sich [&hellip;]<\/p>\n","protected":false},"author":1,"featured_media":0,"parent":0,"menu_order":0,"comment_status":"closed","ping_status":"closed","template":"","meta":[],"yoast_head":"<!-- This site is optimized with the Yoast SEO plugin v21.0 - https:\/\/yoast.com\/wordpress\/plugins\/seo\/ -->\n<title>H\u00e4ufig gestellte Fragen - ScanGroup Homes<\/title>\n<meta name=\"robots\" content=\"index, follow, max-snippet:-1, max-image-preview:large, max-video-preview:-1\" \/>\n<link rel=\"canonical\" href=\"https:\/\/www.scangrouphomes.com\/de\/haeufig-gestellte-fragen\/\" \/>\n<meta property=\"og:locale\" content=\"de_DE\" \/>\n<meta property=\"og:type\" content=\"article\" \/>\n<meta property=\"og:title\" content=\"H\u00e4ufig gestellte Fragen - ScanGroup Homes\" \/>\n<meta property=\"og:description\" content=\"[vc_row][vc_column][vc_column_text]Welche Unterlagen ben\u00f6tige ich, um eine Immobilie zu erwerben? Sie ben\u00f6tigen Ihren Reisepass und sechs Passbilder, mehr nicht. Was bedeutet 1+1, 2+1, 3+1, usw. in den Wohnungsangeboten? Die Zahlen beziehen sich auf die Raumanzahl der Wohnung. Dabei steht die erste Ziffer f\u00fcr die Zimmer, die zweite kennzeichnet die Anzahl der Wohnbereiche (mit K\u00fcche). Sollte sich [&hellip;]\" \/>\n<meta property=\"og:url\" content=\"https:\/\/www.scangrouphomes.com\/de\/haeufig-gestellte-fragen\/\" \/>\n<meta property=\"og:site_name\" content=\"ScanGroup Homes\" \/>\n<meta property=\"article:modified_time\" content=\"2020-02-25T00:43:07+00:00\" \/>\n<meta name=\"twitter:card\" content=\"summary_large_image\" \/>\n<meta name=\"twitter:label1\" content=\"Gesch\u00e4tzte Lesezeit\" \/>\n\t<meta name=\"twitter:data1\" content=\"3\u00a0Minuten\" \/>\n<script type=\"application\/ld+json\" class=\"yoast-schema-graph\">{\"@context\":\"https:\/\/schema.org\",\"@graph\":[{\"@type\":\"WebPage\",\"@id\":\"https:\/\/www.scangrouphomes.com\/de\/haeufig-gestellte-fragen\/\",\"url\":\"https:\/\/www.scangrouphomes.com\/de\/haeufig-gestellte-fragen\/\",\"name\":\"H\u00e4ufig gestellte Fragen - ScanGroup Homes\",\"isPartOf\":{\"@id\":\"https:\/\/www.scangrouphomes.com\/de\/#website\"},\"datePublished\":\"2016-03-09T22:42:13+00:00\",\"dateModified\":\"2020-02-25T00:43:07+00:00\",\"breadcrumb\":{\"@id\":\"https:\/\/www.scangrouphomes.com\/de\/haeufig-gestellte-fragen\/#breadcrumb\"},\"inLanguage\":\"de\",\"potentialAction\":[{\"@type\":\"ReadAction\",\"target\":[\"https:\/\/www.scangrouphomes.com\/de\/haeufig-gestellte-fragen\/\"]}]},{\"@type\":\"BreadcrumbList\",\"@id\":\"https:\/\/www.scangrouphomes.com\/de\/haeufig-gestellte-fragen\/#breadcrumb\",\"itemListElement\":[{\"@type\":\"ListItem\",\"position\":1,\"name\":\"Home\",\"item\":\"https:\/\/www.scangrouphomes.com\/de\/\"},{\"@type\":\"ListItem\",\"position\":2,\"name\":\"H\u00e4ufig gestellte Fragen\"}]},{\"@type\":\"WebSite\",\"@id\":\"https:\/\/www.scangrouphomes.com\/de\/#website\",\"url\":\"https:\/\/www.scangrouphomes.com\/de\/\",\"name\":\"ScanGroup Homes\",\"description\":\"Property in Alanya Turkey real estate apartments villas buying property Antalya\",\"potentialAction\":[{\"@type\":\"SearchAction\",\"target\":{\"@type\":\"EntryPoint\",\"urlTemplate\":\"https:\/\/www.scangrouphomes.com\/de\/?s={search_term_string}\"},\"query-input\":\"required name=search_term_string\"}],\"inLanguage\":\"de\"}]}<\/script>\n<!-- \/ Yoast SEO plugin. -->","yoast_head_json":{"title":"H\u00e4ufig gestellte Fragen - ScanGroup Homes","robots":{"index":"index","follow":"follow","max-snippet":"max-snippet:-1","max-image-preview":"max-image-preview:large","max-video-preview":"max-video-preview:-1"},"canonical":"https:\/\/www.scangrouphomes.com\/de\/haeufig-gestellte-fragen\/","og_locale":"de_DE","og_type":"article","og_title":"H\u00e4ufig gestellte Fragen - ScanGroup Homes","og_description":"[vc_row][vc_column][vc_column_text]Welche Unterlagen ben\u00f6tige ich, um eine Immobilie zu erwerben? Sie ben\u00f6tigen Ihren Reisepass und sechs Passbilder, mehr nicht. Was bedeutet 1+1, 2+1, 3+1, usw. in den Wohnungsangeboten? Die Zahlen beziehen sich auf die Raumanzahl der Wohnung. Dabei steht die erste Ziffer f\u00fcr die Zimmer, die zweite kennzeichnet die Anzahl der Wohnbereiche (mit K\u00fcche). Sollte sich [&hellip;]","og_url":"https:\/\/www.scangrouphomes.com\/de\/haeufig-gestellte-fragen\/","og_site_name":"ScanGroup Homes","article_modified_time":"2020-02-25T00:43:07+00:00","twitter_card":"summary_large_image","twitter_misc":{"Gesch\u00e4tzte Lesezeit":"3\u00a0Minuten"},"schema":{"@context":"https:\/\/schema.org","@graph":[{"@type":"WebPage","@id":"https:\/\/www.scangrouphomes.com\/de\/haeufig-gestellte-fragen\/","url":"https:\/\/www.scangrouphomes.com\/de\/haeufig-gestellte-fragen\/","name":"H\u00e4ufig gestellte Fragen - ScanGroup Homes","isPartOf":{"@id":"https:\/\/www.scangrouphomes.com\/de\/#website"},"datePublished":"2016-03-09T22:42:13+00:00","dateModified":"2020-02-25T00:43:07+00:00","breadcrumb":{"@id":"https:\/\/www.scangrouphomes.com\/de\/haeufig-gestellte-fragen\/#breadcrumb"},"inLanguage":"de","potentialAction":[{"@type":"ReadAction","target":["https:\/\/www.scangrouphomes.com\/de\/haeufig-gestellte-fragen\/"]}]},{"@type":"BreadcrumbList","@id":"https:\/\/www.scangrouphomes.com\/de\/haeufig-gestellte-fragen\/#breadcrumb","itemListElement":[{"@type":"ListItem","position":1,"name":"Home","item":"https:\/\/www.scangrouphomes.com\/de\/"},{"@type":"ListItem","position":2,"name":"H\u00e4ufig gestellte Fragen"}]},{"@type":"WebSite","@id":"https:\/\/www.scangrouphomes.com\/de\/#website","url":"https:\/\/www.scangrouphomes.com\/de\/","name":"ScanGroup Homes","description":"Property in Alanya Turkey real estate apartments villas buying property Antalya","potentialAction":[{"@type":"SearchAction","target":{"@type":"EntryPoint","urlTemplate":"https:\/\/www.scangrouphomes.com\/de\/?s={search_term_string}"},"query-input":"required name=search_term_string"}],"inLanguage":"de"}]}},"_links":{"self":[{"href":"https:\/\/www.scangrouphomes.com\/de\/wp-json\/wp\/v2\/pages\/17046"}],"collection":[{"href":"https:\/\/www.scangrouphomes.com\/de\/wp-json\/wp\/v2\/pages"}],"about":[{"href":"https:\/\/www.scangrouphomes.com\/de\/wp-json\/wp\/v2\/types\/page"}],"author":[{"embeddable":true,"href":"https:\/\/www.scangrouphomes.com\/de\/wp-json\/wp\/v2\/users\/1"}],"replies":[{"embeddable":true,"href":"https:\/\/www.scangrouphomes.com\/de\/wp-json\/wp\/v2\/comments?post=17046"}],"version-history":[{"count":3,"href":"https:\/\/www.scangrouphomes.com\/de\/wp-json\/wp\/v2\/pages\/17046\/revisions"}],"predecessor-version":[{"id":17114,"href":"https:\/\/www.scangrouphomes.com\/de\/wp-json\/wp\/v2\/pages\/17046\/revisions\/17114"}],"wp:attachment":[{"href":"https:\/\/www.scangrouphomes.com\/de\/wp-json\/wp\/v2\/media?parent=17046"}],"curies":[{"name":"wp","href":"https:\/\/api.w.org\/{rel}","templated":true}]}}